{"id":97,"date":"2021-02-07T17:50:14","date_gmt":"2021-02-07T17:50:14","guid":{"rendered":"http:\/\/dfcmr.noeud.de\/?page_id=97"},"modified":"2022-02-18T11:46:17","modified_gmt":"2022-02-18T10:46:17","slug":"2019-2","status":"publish","type":"page","link":"https:\/\/dfc-freudenberg.de\/fr\/2019-2\/","title":{"rendered":"2019 Im Zeichen von Jeanne d&#8217;Arc"},"content":{"rendered":"\n<p><strong>Orl\u00e9ans an der Loire &#8211; Im Zeichen von Jeanne d&#8217;Arc &#8211; <\/strong><\/p>\n\n\n\n<p>Alle zwei Jahre am Himmelfahrtswochenende findet unser St\u00e4dtepartnerschaftsaustausch in Saint-Arnoult statt. <br>30 Freudenberger, darunter unser B\u00fcrgermeister Roger Henning, machten sich am Donnerstag, den 30. Mai auf die Reise.<br>Eine willkommene Unterbrechung der Busfahrt war in Chalon-en-Champagne. Francine Gallou aus Saint-Arnoult, erwartete uns bereits in ihrer Heimatstadt in Chalon, der Stadt des Champagners.  <br>Nach der Stadtbesichtigung ging es weiter und am Abend trafen wir in Saint-Arnoult ein. Den ersten Abend verbrachten wir in unseren Gastfamilien, die uns wie immer mit franz\u00f6sischer Esskultur verw\u00f6hnten. <br>Am Freitag brachen wir auf nach Orl\u00e9ons, die Stadt der Jeanne d\u2018Arc, bekannt auch unter &#8220;Jungfrau von Orl\u00e9ons&#8221;. Das Leben und Wirken der Heiligen Johanna von Orl\u00e9ans, die 1429 w\u00e4hrend des hundertj\u00e4hrigen Krieges die Stadt befreite, wurde uns von den Stadtf\u00fchrern nahegebracht. Allj\u00e4hrlich findet zu Ehren der Johanna von Orl\u00e9ons ein Festival statt; die Aufbauten und Vorbereitungen waren an vielen Stellen in der Stadt zu sehen. Beeindruckend war die Besichtigung der Kathedrale Sainte-Croix, die im fr\u00fchen 17. Jahrhundert im nachgotischen Stil erbaut wurde und den Hundertj\u00e4hrigen Krieg und die Belagerung Orl\u00e9ans unbeschadet \u00fcberstand.<\/p>\n\n\n\n<figure class=\"wp-block-gallery has-nested-images columns-default is-cropped wp-block-gallery-2 is-layout-flex wp-block-gallery-is-layout-flex\">\n<figure class=\"wp-block-image size-large\"><img loading=\"lazy\" decoding=\"async\" width=\"640\" height=\"480\" data-id=\"737\" src=\"http:\/\/dfcmr.noeud.de\/wp-content\/uploads\/2021\/07\/A-Chalons-en-Champagne-4-Klein.jpg\" alt=\"\" class=\"wp-image-737\" srcset=\"https:\/\/dfc-freudenberg.de\/wp-content\/uploads\/2021\/07\/A-Chalons-en-Champagne-4-Klein.jpg 640w, https:\/\/dfc-freudenberg.de\/wp-content\/uploads\/2021\/07\/A-Chalons-en-Champagne-4-Klein-300x225.jpg 300w\" sizes=\"(max-width: 640px) 100vw, 640px\" \/><figcaption>Ch\u00e2lons en Champagne<\/figcaption><\/figure>\n\n\n\n<figure class=\"wp-block-image size-large\"><img loading=\"lazy\" decoding=\"async\" width=\"640\" height=\"480\" data-id=\"736\" src=\"http:\/\/dfcmr.noeud.de\/wp-content\/uploads\/2021\/07\/P5270268-Klein-1.jpg\" alt=\"\" class=\"wp-image-736\" srcset=\"https:\/\/dfc-freudenberg.de\/wp-content\/uploads\/2021\/07\/P5270268-Klein-1.jpg 640w, https:\/\/dfc-freudenberg.de\/wp-content\/uploads\/2021\/07\/P5270268-Klein-1-300x225.jpg 300w\" sizes=\"(max-width: 640px) 100vw, 640px\" \/><figcaption>Orleans<\/figcaption><\/figure>\n\n\n\n<figure class=\"wp-block-image size-large\"><img loading=\"lazy\" decoding=\"async\" width=\"720\" height=\"480\" data-id=\"729\" src=\"http:\/\/dfcmr.noeud.de\/wp-content\/uploads\/2021\/07\/D-Orleans-23-Klein.jpg\" alt=\"\" class=\"wp-image-729\" srcset=\"https:\/\/dfc-freudenberg.de\/wp-content\/uploads\/2021\/07\/D-Orleans-23-Klein.jpg 720w, https:\/\/dfc-freudenberg.de\/wp-content\/uploads\/2021\/07\/D-Orleans-23-Klein-300x200.jpg 300w\" sizes=\"(max-width: 720px) 100vw, 720px\" \/><figcaption>Parc Floral<\/figcaption><\/figure>\n<\/figure>\n\n\n\n<p> <br>Nach dem franz\u00f6sischen Mittagsmenue in einem Restaurant an der Loire schlenderten wir bei sch\u00f6nstem Sonnenschein durch den &#8220;Parc Floral de la Source&#8221;. Aufgetankt mit vielen Eindr\u00fccken der historischen Stadt ging es zur\u00fcck in unsere vertraute Partnerstadt. <br>Samstags gab es die M\u00f6glichkeit an einem Stadtspaziergang durch Saint-Arnoult teilzunehmen, andere verbrachten den Tag gemeinsam mit ihren Gastgebern, fuhren nach Paris oder sogar bis ans Meer nach Honfleur und Deauville.<\/p>\n\n\n\n<figure class=\"wp-block-gallery has-nested-images columns-default is-cropped wp-block-gallery-3 is-layout-flex wp-block-gallery-is-layout-flex\">\n<figure class=\"wp-block-image size-large\"><img loading=\"lazy\" decoding=\"async\" width=\"640\" height=\"480\" data-id=\"732\" src=\"http:\/\/dfcmr.noeud.de\/wp-content\/uploads\/2021\/07\/F-Visite-Saint-Arnoult-1-Klein.jpg\" alt=\"\" class=\"wp-image-732\" srcset=\"https:\/\/dfc-freudenberg.de\/wp-content\/uploads\/2021\/07\/F-Visite-Saint-Arnoult-1-Klein.jpg 640w, https:\/\/dfc-freudenberg.de\/wp-content\/uploads\/2021\/07\/F-Visite-Saint-Arnoult-1-Klein-300x225.jpg 300w\" sizes=\"(max-width: 640px) 100vw, 640px\" \/><figcaption>in Saint-Arnoult<\/figcaption><\/figure>\n\n\n\n<figure class=\"wp-block-image size-large\"><img loading=\"lazy\" decoding=\"async\" width=\"640\" height=\"480\" data-id=\"726\" src=\"http:\/\/dfcmr.noeud.de\/wp-content\/uploads\/2021\/07\/20190601_115057-Klein.jpg\" alt=\"\" class=\"wp-image-726\" srcset=\"https:\/\/dfc-freudenberg.de\/wp-content\/uploads\/2021\/07\/20190601_115057-Klein.jpg 640w, https:\/\/dfc-freudenberg.de\/wp-content\/uploads\/2021\/07\/20190601_115057-Klein-300x225.jpg 300w\" sizes=\"(max-width: 640px) 100vw, 640px\" \/><figcaption>in Honfleur<\/figcaption><\/figure>\n\n\n\n<figure class=\"wp-block-image size-large\"><img loading=\"lazy\" decoding=\"async\" width=\"640\" height=\"480\" data-id=\"727\" src=\"http:\/\/dfcmr.noeud.de\/wp-content\/uploads\/2021\/07\/20190602_161811-Klein.jpg\" alt=\"\" class=\"wp-image-727\" srcset=\"https:\/\/dfc-freudenberg.de\/wp-content\/uploads\/2021\/07\/20190602_161811-Klein.jpg 640w, https:\/\/dfc-freudenberg.de\/wp-content\/uploads\/2021\/07\/20190602_161811-Klein-300x225.jpg 300w\" sizes=\"(max-width: 640px) 100vw, 640px\" \/><figcaption>am Meer in Deauville<\/figcaption><\/figure>\n<\/figure>\n\n\n\n<p><br>Der Besuch fand seinen Ausklang mit einem festlichen Abendessen und Musik im Festsaal &#8220;Columbier&#8221;. Sonntag fr\u00fch, manche eilten noch schnell auf den Sonntagsmarkt, traten wir die Heimreise an. Wie immer war es ein ausgef\u00fcllter Besuch, Freundschaften wurden aufgefrischt und wiederum lernten wir ein St\u00fcck Kultur von Frankreich kennen. <\/p>\n\n\n\n<p class=\"has-small-font-size\">Text: Reinhild Reuter, Fotos: Martin Reuter<\/p>\n","protected":false},"excerpt":{"rendered":"<p>Orl\u00e9ans an der Loire &#8211; Im Zeichen von Jeanne d&#8217;Arc &#8211; Alle zwei Jahre am Himmelfahrtswochenende findet unser St\u00e4dtepartnerschaftsaustausch in&hellip;<\/p>\n","protected":false},"author":1,"featured_media":0,"parent":0,"menu_order":0,"comment_status":"closed","ping_status":"closed","template":"","meta":{"footnotes":""},"class_list":["post-97","page","type-page","status-publish","hentry"],"translation":{"provider":"WPGlobus","version":"3.0.0","language":"fr","enabled_languages":["en","de","fr"],"languages":{"en":{"title":true,"content":true,"excerpt":false},"de":{"title":false,"content":false,"excerpt":false},"fr":{"title":false,"content":false,"excerpt":false}}},"_links":{"self":[{"href":"https:\/\/dfc-freudenberg.de\/fr\/wp-json\/wp\/v2\/pages\/97"}],"collection":[{"href":"https:\/\/dfc-freudenberg.de\/fr\/wp-json\/wp\/v2\/pages"}],"about":[{"href":"https:\/\/dfc-freudenberg.de\/fr\/wp-json\/wp\/v2\/types\/page"}],"author":[{"embeddable":true,"href":"https:\/\/dfc-freudenberg.de\/fr\/wp-json\/wp\/v2\/users\/1"}],"replies":[{"embeddable":true,"href":"https:\/\/dfc-freudenberg.de\/fr\/wp-json\/wp\/v2\/comments?post=97"}],"version-history":[{"count":11,"href":"https:\/\/dfc-freudenberg.de\/fr\/wp-json\/wp\/v2\/pages\/97\/revisions"}],"predecessor-version":[{"id":1904,"href":"https:\/\/dfc-freudenberg.de\/fr\/wp-json\/wp\/v2\/pages\/97\/revisions\/1904"}],"wp:attachment":[{"href":"https:\/\/dfc-freudenberg.de\/fr\/wp-json\/wp\/v2\/media?parent=97"}],"curies":[{"name":"wp","href":"https:\/\/api.w.org\/{rel}","templated":true}]}}