{"id":84,"date":"2021-02-07T16:58:53","date_gmt":"2021-02-07T16:58:53","guid":{"rendered":"http:\/\/dfcmr.noeud.de\/?page_id=84"},"modified":"2022-02-18T11:47:00","modified_gmt":"2022-02-18T10:47:00","slug":"2018-2","status":"publish","type":"page","link":"https:\/\/dfc-freudenberg.de\/fr\/2018-2\/","title":{"rendered":"2018 Wein &#8211; Kultur &#8211; Sport"},"content":{"rendered":"\n<p><strong>Volles Programm<\/strong> &#8211; <strong>Himmelfahrt Mai 2018<\/strong><\/p>\n\n\n\n<p>Alle zwei Jahre am Himmelfahrtswochenende wiederkehrend besuchen uns unsere Freunde aus Saint-Arnoult zum St\u00e4dtepartnerschaftsaustausch. So auch in diesem Jahr. Diesmal war neben den bekannten Freunden auch eine kleine Abordnung ihres Tischtennisvereins dabei. Ein Programmpunkt des Wochenendes war n\u00e4mlich ein Turnier zwischen den Tischtennisabteilungen aus Freudenberg und Saint-Arnoult. Zuvor gab es jedoch noch eine Reihe interessanter, geselliger und kultureller Aktivit\u00e4ten. <\/p>\n\n\n\n<p>Nach dem Ankunftsabend in ihrer Gastfamilie begann der Freitag  mit der Besichtigung der Martinskapelle in B\u00fcrgstadt, neben dem Bestaunen der Fresken erhielten unsere G\u00e4ste eine hervorragende franz\u00f6sische F\u00fchrung. Der Weg zum Heimatmuseum in der Mittelm\u00fchle war nicht weit und bot bildreiche Informationen \u00fcber den Tabakanbau, den Sandsteinabbau oder die Schifffahrt rund um B\u00fcrgstadt. Nun ging es hinaus in die Natur, einer Weinbergbesichtigung mit kleiner Kostprobe von Familie Stich folgte das anschlie\u00dfende Mittagessen in der H\u00e4ckerstube und nat\u00fcrlich durfte eine Besichtigung der Kellerei nicht fehlen. <\/p>\n\n\n\n<figure class=\"wp-block-gallery has-nested-images columns-default is-cropped wp-block-gallery-2 is-layout-flex wp-block-gallery-is-layout-flex\">\n<figure class=\"wp-block-image size-large\"><img loading=\"lazy\" decoding=\"async\" width=\"640\" height=\"480\" data-id=\"1109\" src=\"http:\/\/dfcmr.noeud.de\/wp-content\/uploads\/2021\/09\/P1120459-Klein.jpg\" alt=\"\" class=\"wp-image-1109\" srcset=\"https:\/\/dfc-freudenberg.de\/wp-content\/uploads\/2021\/09\/P1120459-Klein.jpg 640w, https:\/\/dfc-freudenberg.de\/wp-content\/uploads\/2021\/09\/P1120459-Klein-300x225.jpg 300w\" sizes=\"(max-width: 640px) 100vw, 640px\" \/><figcaption>Im Weinberg<\/figcaption><\/figure>\n\n\n\n<figure class=\"wp-block-image size-large\"><img loading=\"lazy\" decoding=\"async\" width=\"640\" height=\"480\" data-id=\"1357\" src=\"http:\/\/dfcmr.noeud.de\/wp-content\/uploads\/2021\/11\/P5110062-Klein.jpg\" alt=\"\" class=\"wp-image-1357\" srcset=\"https:\/\/dfc-freudenberg.de\/wp-content\/uploads\/2021\/11\/P5110062-Klein.jpg 640w, https:\/\/dfc-freudenberg.de\/wp-content\/uploads\/2021\/11\/P5110062-Klein-300x225.jpg 300w\" sizes=\"(max-width: 640px) 100vw, 640px\" \/><figcaption>In der H\u00e4ckerstube<\/figcaption><\/figure>\n\n\n\n<figure class=\"wp-block-image size-large\"><img loading=\"lazy\" decoding=\"async\" width=\"640\" height=\"480\" data-id=\"1359\" src=\"http:\/\/dfcmr.noeud.de\/wp-content\/uploads\/2021\/11\/P5110089-Klein.jpg\" alt=\"\" class=\"wp-image-1359\" srcset=\"https:\/\/dfc-freudenberg.de\/wp-content\/uploads\/2021\/11\/P5110089-Klein.jpg 640w, https:\/\/dfc-freudenberg.de\/wp-content\/uploads\/2021\/11\/P5110089-Klein-300x225.jpg 300w\" sizes=\"(max-width: 640px) 100vw, 640px\" \/><figcaption>Fr\u00f6hliche Gesichter<\/figcaption><\/figure>\n<\/figure>\n\n\n\n<figure class=\"wp-block-gallery aligncenter has-nested-images columns-default is-cropped wp-block-gallery-3 is-layout-flex wp-block-gallery-is-layout-flex\">\n<figure class=\"wp-block-image size-large\"><img loading=\"lazy\" decoding=\"async\" width=\"854\" height=\"314\" data-id=\"768\" src=\"http:\/\/dfcmr.noeud.de\/wp-content\/uploads\/2021\/07\/P5110058_klein-1024x376-Klein-2.jpg\" alt=\"\" class=\"wp-image-768\" srcset=\"https:\/\/dfc-freudenberg.de\/wp-content\/uploads\/2021\/07\/P5110058_klein-1024x376-Klein-2.jpg 854w, https:\/\/dfc-freudenberg.de\/wp-content\/uploads\/2021\/07\/P5110058_klein-1024x376-Klein-2-300x110.jpg 300w, https:\/\/dfc-freudenberg.de\/wp-content\/uploads\/2021\/07\/P5110058_klein-1024x376-Klein-2-768x282.jpg 768w\" sizes=\"(max-width: 854px) 100vw, 854px\" \/><figcaption>Bei der Weinprobe<\/figcaption><\/figure>\n<\/figure>\n\n\n\n<p>Beschwingt von soviel Wein-Kulturgenuss konnten wir bei sch\u00f6nstem Wetter die Heimfahrt nach Freudenberg auf dem Schiff genie\u00dfen.<\/p>\n\n\n\n<figure class=\"wp-block-gallery has-nested-images columns-default is-cropped wp-block-gallery-4 is-layout-flex wp-block-gallery-is-layout-flex\">\n<figure class=\"wp-block-image size-large\"><img loading=\"lazy\" decoding=\"async\" width=\"640\" height=\"480\" data-id=\"773\" src=\"http:\/\/dfcmr.noeud.de\/wp-content\/uploads\/2021\/07\/P5110127-Klein.jpg\" alt=\"\" class=\"wp-image-773\" srcset=\"https:\/\/dfc-freudenberg.de\/wp-content\/uploads\/2021\/07\/P5110127-Klein.jpg 640w, https:\/\/dfc-freudenberg.de\/wp-content\/uploads\/2021\/07\/P5110127-Klein-300x225.jpg 300w\" sizes=\"(max-width: 640px) 100vw, 640px\" \/><figcaption>Warten auf das Schiff<\/figcaption><\/figure>\n\n\n\n<figure class=\"wp-block-image size-large\"><img loading=\"lazy\" decoding=\"async\" width=\"640\" height=\"480\" data-id=\"770\" src=\"http:\/\/dfcmr.noeud.de\/wp-content\/uploads\/2021\/07\/P5110132-Klein.jpg\" alt=\"\" class=\"wp-image-770\" srcset=\"https:\/\/dfc-freudenberg.de\/wp-content\/uploads\/2021\/07\/P5110132-Klein.jpg 640w, https:\/\/dfc-freudenberg.de\/wp-content\/uploads\/2021\/07\/P5110132-Klein-300x225.jpg 300w\" sizes=\"(max-width: 640px) 100vw, 640px\" \/><figcaption>An Deck<\/figcaption><\/figure>\n\n\n\n<figure class=\"wp-block-image size-large\"><img loading=\"lazy\" decoding=\"async\" width=\"640\" height=\"480\" data-id=\"769\" src=\"http:\/\/dfcmr.noeud.de\/wp-content\/uploads\/2021\/07\/P5110139-Klein-2.jpg\" alt=\"\" class=\"wp-image-769\" srcset=\"https:\/\/dfc-freudenberg.de\/wp-content\/uploads\/2021\/07\/P5110139-Klein-2.jpg 640w, https:\/\/dfc-freudenberg.de\/wp-content\/uploads\/2021\/07\/P5110139-Klein-2-300x225.jpg 300w\" sizes=\"(max-width: 640px) 100vw, 640px\" \/><figcaption>Die B\u00fcrgermeister<\/figcaption><\/figure>\n<\/figure>\n\n\n\n<p>Ein weiterer und besinnlicher Kulturgenuss bot am Samstag der Ausflug ins Kloster Bronnbach. Deutsch-Franz\u00f6sische F\u00fchrungen durch die wundersch\u00f6ne Klosteranlage, Besichtigung des Josephsaals und der Klosterkirche mit abschlie\u00dfendem Orgelspiel waren Genuss pur. <\/p>\n\n\n\n<figure class=\"wp-block-gallery has-nested-images columns-default is-cropped wp-block-gallery-5 is-layout-flex wp-block-gallery-is-layout-flex\">\n<figure class=\"wp-block-image size-large\"><img loading=\"lazy\" decoding=\"async\" width=\"640\" height=\"480\" data-id=\"775\" src=\"http:\/\/dfcmr.noeud.de\/wp-content\/uploads\/2021\/07\/P5120184-Klein.jpg\" alt=\"\" class=\"wp-image-775\" srcset=\"https:\/\/dfc-freudenberg.de\/wp-content\/uploads\/2021\/07\/P5120184-Klein.jpg 640w, https:\/\/dfc-freudenberg.de\/wp-content\/uploads\/2021\/07\/P5120184-Klein-300x225.jpg 300w\" sizes=\"(max-width: 640px) 100vw, 640px\" \/><figcaption>Klosterkirche Bronnbach<\/figcaption><\/figure>\n\n\n\n<figure class=\"wp-block-image size-large\"><img loading=\"lazy\" decoding=\"async\" width=\"640\" height=\"480\" data-id=\"776\" src=\"http:\/\/dfcmr.noeud.de\/wp-content\/uploads\/2021\/07\/P5120170-Klein.jpg\" alt=\"\" class=\"wp-image-776\" srcset=\"https:\/\/dfc-freudenberg.de\/wp-content\/uploads\/2021\/07\/P5120170-Klein.jpg 640w, https:\/\/dfc-freudenberg.de\/wp-content\/uploads\/2021\/07\/P5120170-Klein-300x225.jpg 300w\" sizes=\"(max-width: 640px) 100vw, 640px\" \/><\/figure>\n\n\n\n<figure class=\"wp-block-image size-large\"><img loading=\"lazy\" decoding=\"async\" width=\"640\" height=\"480\" data-id=\"1369\" src=\"http:\/\/dfcmr.noeud.de\/wp-content\/uploads\/2021\/11\/P5120162-Klein.jpg\" alt=\"\" class=\"wp-image-1369\" srcset=\"https:\/\/dfc-freudenberg.de\/wp-content\/uploads\/2021\/11\/P5120162-Klein.jpg 640w, https:\/\/dfc-freudenberg.de\/wp-content\/uploads\/2021\/11\/P5120162-Klein-300x225.jpg 300w\" sizes=\"(max-width: 640px) 100vw, 640px\" \/><figcaption>Im Josephsaal<\/figcaption><\/figure>\n<\/figure>\n\n\n\n<p>Die Turnhalle f\u00fcllte sich am Nachmittag mit spielbegeisterten Tischtennisspielern und Spielerinnen aus beiden St\u00e4dten um in einem Turnier gegeneinander anzutreten. Angefeuert von zahlreichen Zuschauern zeigten auch die beiden B\u00fcrgermeister Jean-Claude Husson und Roger Henning ihr K\u00f6nnen. Der Siegerpokal ging knapp an die Spieler aus Saint-Arnoult, dem Freudenberger Tischtennisverein wurde f\u00fcr die Organisation und die Ausrichtung des Turniers herzlich gedankt.<\/p>\n\n\n\n<figure class=\"wp-block-gallery has-nested-images columns-default is-cropped wp-block-gallery-6 is-layout-flex wp-block-gallery-is-layout-flex\">\n<figure class=\"wp-block-image size-large\"><img loading=\"lazy\" decoding=\"async\" width=\"640\" height=\"480\" data-id=\"1365\" src=\"http:\/\/dfcmr.noeud.de\/wp-content\/uploads\/2021\/11\/P5120304-Klein.jpg\" alt=\"\" class=\"wp-image-1365\" srcset=\"https:\/\/dfc-freudenberg.de\/wp-content\/uploads\/2021\/11\/P5120304-Klein.jpg 640w, https:\/\/dfc-freudenberg.de\/wp-content\/uploads\/2021\/11\/P5120304-Klein-300x225.jpg 300w\" sizes=\"(max-width: 640px) 100vw, 640px\" \/><figcaption>Das Spiel beginnt<\/figcaption><\/figure>\n\n\n\n<figure class=\"wp-block-image size-large\"><img loading=\"lazy\" decoding=\"async\" width=\"640\" height=\"480\" data-id=\"1374\" src=\"http:\/\/dfcmr.noeud.de\/wp-content\/uploads\/2021\/11\/P5120234-Klein.jpg\" alt=\"\" class=\"wp-image-1374\" srcset=\"https:\/\/dfc-freudenberg.de\/wp-content\/uploads\/2021\/11\/P5120234-Klein.jpg 640w, https:\/\/dfc-freudenberg.de\/wp-content\/uploads\/2021\/11\/P5120234-Klein-300x225.jpg 300w\" sizes=\"(max-width: 640px) 100vw, 640px\" \/><figcaption>Spannung<\/figcaption><\/figure>\n\n\n\n<figure class=\"wp-block-image size-large\"><img loading=\"lazy\" decoding=\"async\" width=\"640\" height=\"480\" data-id=\"779\" src=\"http:\/\/dfcmr.noeud.de\/wp-content\/uploads\/2021\/07\/P5120251-Klein.jpg\" alt=\"\" class=\"wp-image-779\" srcset=\"https:\/\/dfc-freudenberg.de\/wp-content\/uploads\/2021\/07\/P5120251-Klein.jpg 640w, https:\/\/dfc-freudenberg.de\/wp-content\/uploads\/2021\/07\/P5120251-Klein-300x225.jpg 300w\" sizes=\"(max-width: 640px) 100vw, 640px\" \/><figcaption>B\u00fcrgermeisterduell<\/figcaption><\/figure>\n\n\n\n<figure class=\"wp-block-image size-large\"><img loading=\"lazy\" decoding=\"async\" width=\"640\" height=\"480\" data-id=\"1368\" src=\"http:\/\/dfcmr.noeud.de\/wp-content\/uploads\/2021\/11\/P5120327-Klein.jpg\" alt=\"\" class=\"wp-image-1368\" srcset=\"https:\/\/dfc-freudenberg.de\/wp-content\/uploads\/2021\/11\/P5120327-Klein.jpg 640w, https:\/\/dfc-freudenberg.de\/wp-content\/uploads\/2021\/11\/P5120327-Klein-300x225.jpg 300w\" sizes=\"(max-width: 640px) 100vw, 640px\" \/><figcaption>Siegerehrung<\/figcaption><\/figure>\n\n\n\n<figure class=\"wp-block-image size-large\"><img loading=\"lazy\" decoding=\"async\" width=\"640\" height=\"480\" data-id=\"1367\" src=\"http:\/\/dfcmr.noeud.de\/wp-content\/uploads\/2021\/11\/P5120328-Klein.jpg\" alt=\"\" class=\"wp-image-1367\" srcset=\"https:\/\/dfc-freudenberg.de\/wp-content\/uploads\/2021\/11\/P5120328-Klein.jpg 640w, https:\/\/dfc-freudenberg.de\/wp-content\/uploads\/2021\/11\/P5120328-Klein-300x225.jpg 300w\" sizes=\"(max-width: 640px) 100vw, 640px\" \/><figcaption>Lob und Dank<\/figcaption><\/figure>\n\n\n\n<figure class=\"wp-block-image size-large\"><img loading=\"lazy\" decoding=\"async\" width=\"640\" height=\"480\" data-id=\"1366\" src=\"http:\/\/dfcmr.noeud.de\/wp-content\/uploads\/2021\/11\/P5120330-Klein-1.jpg\" alt=\"\" class=\"wp-image-1366\" srcset=\"https:\/\/dfc-freudenberg.de\/wp-content\/uploads\/2021\/11\/P5120330-Klein-1.jpg 640w, https:\/\/dfc-freudenberg.de\/wp-content\/uploads\/2021\/11\/P5120330-Klein-1-300x225.jpg 300w\" sizes=\"(max-width: 640px) 100vw, 640px\" \/><figcaption>Zwei tolle Teams<\/figcaption><\/figure>\n<\/figure>\n\n\n\n<p>Beim traditionellen Galaabend im Caf\u00e9 Badesee wurde Freudenberg als &#8220;Fairtrade&#8221; Stadt vorgestellt, die Verleihung des Titels  bedingt, dass auf kommunaler Ebene gezielt f\u00fcr fairen Handel eingetreten wird. <br>Mit Musik und gutem Essen dauerte der fr\u00f6hliche Abend bis in die fr\u00fchen Morgenstunden, sodass mancher etwas m\u00fcde die R\u00fcckreise in die Heimatstadt antreten musste. <\/p>\n\n\n\n<figure class=\"wp-block-gallery has-nested-images columns-default is-cropped wp-block-gallery-7 is-layout-flex wp-block-gallery-is-layout-flex\">\n<figure class=\"wp-block-image size-large\"><img loading=\"lazy\" decoding=\"async\" width=\"640\" height=\"480\" data-id=\"1362\" src=\"http:\/\/dfcmr.noeud.de\/wp-content\/uploads\/2021\/11\/P5120370-Klein.jpg\" alt=\"\" class=\"wp-image-1362\" srcset=\"https:\/\/dfc-freudenberg.de\/wp-content\/uploads\/2021\/11\/P5120370-Klein.jpg 640w, https:\/\/dfc-freudenberg.de\/wp-content\/uploads\/2021\/11\/P5120370-Klein-300x225.jpg 300w\" sizes=\"(max-width: 640px) 100vw, 640px\" \/><figcaption>Galaabend<\/figcaption><\/figure>\n\n\n\n<figure class=\"wp-block-image size-large\"><img loading=\"lazy\" decoding=\"async\" width=\"640\" height=\"480\" data-id=\"1361\" src=\"http:\/\/dfcmr.noeud.de\/wp-content\/uploads\/2021\/11\/P5120343-Klein.jpg\" alt=\"\" class=\"wp-image-1361\" srcset=\"https:\/\/dfc-freudenberg.de\/wp-content\/uploads\/2021\/11\/P5120343-Klein.jpg 640w, https:\/\/dfc-freudenberg.de\/wp-content\/uploads\/2021\/11\/P5120343-Klein-300x225.jpg 300w\" sizes=\"(max-width: 640px) 100vw, 640px\" \/><figcaption>Ausgelassene Stimmung&#8230;..<\/figcaption><\/figure>\n\n\n\n<figure class=\"wp-block-image size-large\"><img loading=\"lazy\" decoding=\"async\" width=\"640\" height=\"480\" data-id=\"1363\" src=\"http:\/\/dfcmr.noeud.de\/wp-content\/uploads\/2021\/11\/P5120360-Klein.jpg\" alt=\"\" class=\"wp-image-1363\" srcset=\"https:\/\/dfc-freudenberg.de\/wp-content\/uploads\/2021\/11\/P5120360-Klein.jpg 640w, https:\/\/dfc-freudenberg.de\/wp-content\/uploads\/2021\/11\/P5120360-Klein-300x225.jpg 300w\" sizes=\"(max-width: 640px) 100vw, 640px\" \/><figcaption>&#8230;..angefeuert von der S\u00e4ngerin<\/figcaption><\/figure>\n<\/figure>\n\n\n\n<p><\/p>\n\n\n\n<p class=\"has-small-font-size\">Text Reinhild Reuter, Fotos: Martin Reuter<\/p>\n","protected":false},"excerpt":{"rendered":"<p>Volles Programm &#8211; Himmelfahrt Mai 2018 Alle zwei Jahre am Himmelfahrtswochenende wiederkehrend besuchen uns unsere Freunde aus Saint-Arnoult zum St\u00e4dtepartnerschaftsaustausch.&hellip;<\/p>\n","protected":false},"author":1,"featured_media":0,"parent":0,"menu_order":0,"comment_status":"closed","ping_status":"closed","template":"","meta":{"footnotes":""},"class_list":["post-84","page","type-page","status-publish","hentry"],"translation":{"provider":"WPGlobus","version":"3.0.0","language":"fr","enabled_languages":["en","de","fr"],"languages":{"en":{"title":true,"content":true,"excerpt":false},"de":{"title":false,"content":false,"excerpt":false},"fr":{"title":false,"content":false,"excerpt":false}}},"_links":{"self":[{"href":"https:\/\/dfc-freudenberg.de\/fr\/wp-json\/wp\/v2\/pages\/84"}],"collection":[{"href":"https:\/\/dfc-freudenberg.de\/fr\/wp-json\/wp\/v2\/pages"}],"about":[{"href":"https:\/\/dfc-freudenberg.de\/fr\/wp-json\/wp\/v2\/types\/page"}],"author":[{"embeddable":true,"href":"https:\/\/dfc-freudenberg.de\/fr\/wp-json\/wp\/v2\/users\/1"}],"replies":[{"embeddable":true,"href":"https:\/\/dfc-freudenberg.de\/fr\/wp-json\/wp\/v2\/comments?post=84"}],"version-history":[{"count":28,"href":"https:\/\/dfc-freudenberg.de\/fr\/wp-json\/wp\/v2\/pages\/84\/revisions"}],"predecessor-version":[{"id":1905,"href":"https:\/\/dfc-freudenberg.de\/fr\/wp-json\/wp\/v2\/pages\/84\/revisions\/1905"}],"wp:attachment":[{"href":"https:\/\/dfc-freudenberg.de\/fr\/wp-json\/wp\/v2\/media?parent=84"}],"curies":[{"name":"wp","href":"https:\/\/api.w.org\/{rel}","templated":true}]}}