{"id":473,"date":"2021-06-08T08:42:36","date_gmt":"2021-06-08T08:42:36","guid":{"rendered":"http:\/\/dfcmr.noeud.de\/?page_id=473"},"modified":"2022-02-18T12:01:24","modified_gmt":"2022-02-18T11:01:24","slug":"2019-sandstein-und-schifffahrt","status":"publish","type":"page","link":"https:\/\/dfc-freudenberg.de\/fr\/2019-sandstein-und-schifffahrt\/","title":{"rendered":"2019 Sandstein und Schifffahrt"},"content":{"rendered":"\n<p>Viele Erinnerungen wurden bei unserem diesj\u00e4hrigen Vereinsausflug nach Collenberg wachgerufen. Am Sonntag, 29. September besuchten wir das Museum im Venanzehaus in Reistenhausen. Dort besichtigten wir die Ausstellung \u00fcber die Geschichte des Sandsteinabbaus im s\u00fcdlichen Spessart und die Entwicklung der Mainschifffahrt. Viele Teilnehmer f\u00fchlten sich zur\u00fcckversetzt in Kindheitstage, bot die Ausstellung viele Fotografien und Erkl\u00e4rungen \u00fcber den Buntsandstein des S\u00fcdspessarts, den Abbau und die gef\u00e4hrliche Arbeit in den Steinbr\u00fcchen. Transportiert wurde der abgebaute Sandstein von den Lastschiffen \u00fcber den Main bis zum Rhein, zum Beispiel nach Mainz. Der Mainzer Dom ist aus unserem Sandstein gebaut und selbst in Berlin gibt es eine Br\u00fccke (Moltkebr\u00fccke) aus rotem Sandstein aus unserer Region. Viele erinnerten sich wie die Schiffe fr\u00fcher den Main entlang schipperten, fast jeder Ort hatte Anlegestellen und einen Schiffermast.&nbsp;Die Steinbr\u00fcche und der Fluss sind pr\u00e4gend f\u00fcr unsere Heimatregion. Zur abschlie\u00dfenden St\u00e4rkung fanden wir uns im Restaurant &#8220;Zur alten Eisenbahn&#8221; ein und lie\u00dfen den interessanten Nachmittag gesellig ausklingen.<\/p>\n\n\n\n<figure class=\"wp-block-gallery has-nested-images columns-default is-cropped wp-block-gallery-2 is-layout-flex wp-block-gallery-is-layout-flex\">\n<figure class=\"wp-block-image size-large is-style-default\"><img loading=\"lazy\" decoding=\"async\" width=\"720\" height=\"480\" data-id=\"1395\" src=\"http:\/\/dfcmr.noeud.de\/wp-content\/uploads\/2021\/11\/P1070839-Klein.jpg\" alt=\"\" class=\"wp-image-1395\" srcset=\"https:\/\/dfc-freudenberg.de\/wp-content\/uploads\/2021\/11\/P1070839-Klein.jpg 720w, https:\/\/dfc-freudenberg.de\/wp-content\/uploads\/2021\/11\/P1070839-Klein-300x200.jpg 300w\" sizes=\"(max-width: 720px) 100vw, 720px\" \/><\/figure>\n\n\n\n<figure class=\"wp-block-image size-large is-style-default\"><img loading=\"lazy\" decoding=\"async\" width=\"720\" height=\"480\" data-id=\"1401\" src=\"http:\/\/dfcmr.noeud.de\/wp-content\/uploads\/2021\/11\/P1070894-Klein.jpg\" alt=\"\" class=\"wp-image-1401\" srcset=\"https:\/\/dfc-freudenberg.de\/wp-content\/uploads\/2021\/11\/P1070894-Klein.jpg 720w, https:\/\/dfc-freudenberg.de\/wp-content\/uploads\/2021\/11\/P1070894-Klein-300x200.jpg 300w\" sizes=\"(max-width: 720px) 100vw, 720px\" \/><\/figure>\n\n\n\n<figure class=\"wp-block-image size-large is-style-default\"><img loading=\"lazy\" decoding=\"async\" width=\"720\" height=\"480\" data-id=\"1402\" src=\"http:\/\/dfcmr.noeud.de\/wp-content\/uploads\/2021\/11\/P1070985-Klein.jpg\" alt=\"\" class=\"wp-image-1402\" srcset=\"https:\/\/dfc-freudenberg.de\/wp-content\/uploads\/2021\/11\/P1070985-Klein.jpg 720w, https:\/\/dfc-freudenberg.de\/wp-content\/uploads\/2021\/11\/P1070985-Klein-300x200.jpg 300w\" sizes=\"(max-width: 720px) 100vw, 720px\" \/><\/figure>\n<\/figure>\n\n\n\n<p class=\"has-small-font-size\">Text: Reinhild Reuter, Fotos: Margarete Z\u00e4ngerlein<\/p>\n","protected":false},"excerpt":{"rendered":"<p>Viele Erinnerungen wurden bei unserem diesj\u00e4hrigen Vereinsausflug nach Collenberg wachgerufen. Am Sonntag, 29. September besuchten wir das Museum im Venanzehaus&hellip;<\/p>\n","protected":false},"author":1,"featured_media":0,"parent":0,"menu_order":0,"comment_status":"closed","ping_status":"closed","template":"","meta":{"footnotes":""},"class_list":["post-473","page","type-page","status-publish","hentry"],"translation":{"provider":"WPGlobus","version":"3.0.0","language":"fr","enabled_languages":["en","de","fr"],"languages":{"en":{"title":true,"content":true,"excerpt":false},"de":{"title":false,"content":false,"excerpt":false},"fr":{"title":false,"content":false,"excerpt":false}}},"_links":{"self":[{"href":"https:\/\/dfc-freudenberg.de\/fr\/wp-json\/wp\/v2\/pages\/473"}],"collection":[{"href":"https:\/\/dfc-freudenberg.de\/fr\/wp-json\/wp\/v2\/pages"}],"about":[{"href":"https:\/\/dfc-freudenberg.de\/fr\/wp-json\/wp\/v2\/types\/page"}],"author":[{"embeddable":true,"href":"https:\/\/dfc-freudenberg.de\/fr\/wp-json\/wp\/v2\/users\/1"}],"replies":[{"embeddable":true,"href":"https:\/\/dfc-freudenberg.de\/fr\/wp-json\/wp\/v2\/comments?post=473"}],"version-history":[{"count":9,"href":"https:\/\/dfc-freudenberg.de\/fr\/wp-json\/wp\/v2\/pages\/473\/revisions"}],"predecessor-version":[{"id":1914,"href":"https:\/\/dfc-freudenberg.de\/fr\/wp-json\/wp\/v2\/pages\/473\/revisions\/1914"}],"wp:attachment":[{"href":"https:\/\/dfc-freudenberg.de\/fr\/wp-json\/wp\/v2\/media?parent=473"}],"curies":[{"name":"wp","href":"https:\/\/api.w.org\/{rel}","templated":true}]}}