{"id":386,"date":"2021-05-29T08:16:17","date_gmt":"2021-05-29T08:16:17","guid":{"rendered":"http:\/\/dfcmr.noeud.de\/?page_id=386"},"modified":"2022-02-18T12:11:34","modified_gmt":"2022-02-18T11:11:34","slug":"2017-3","status":"publish","type":"page","link":"https:\/\/dfc-freudenberg.de\/fr\/2017-3\/","title":{"rendered":"2017 Zeichen der Deutsch-Franz\u00f6sischen Freundschaft"},"content":{"rendered":"\n<p><strong>Geliebte Feinde &#8211; die Deutschen und die Franzosen<\/strong><\/p>\n\n\n\n<p>Zum 54. mal j\u00e4hrte sich dieses Jahr die Unterzeichnung des \u00c9lys\u00e9e-Vertrages am 22. Januar. Aus diesem Anlass wurde in Freudenberg an diesem Tag die von unserem Altb\u00fcrgermeister Heinz Hofmann gestiftete Freundschaftsfahne gehisst und zum Zeichen der Partnerschaft gleichzeitig auch in Saint-Arnoult.<\/p>\n\n\n\n<p>Die Mitglieder des Deutsch-Franz\u00f6sischen Clubs trafen sich im Anschluss im Sitzungssaal des Rathauses, um einen interessanten Film \u00fcber das deutsch-Franz\u00f6sische Verh\u00e4ltnis anzuschauen. Schon der Titel &#8220;Geliebte Feinde &#8211; die Deutschen und die Franzosen&#8221; machte neugierig. Beginnend mit dem Zweiten Weltkrieg schilderte die Reportage sehr kurzweilig die Entwicklung in beiden L\u00e4ndern bis heute.<\/p>\n\n\n\n<p>Zum Abschluss wurde mit einem Glas Sekt auf die deutsch-franz\u00f6sische Freundschaft anzusto\u00dfen und nat\u00fcrlich blieb noch gen\u00fcgend Zeit, um sich \u00fcber die Bedeutung l\u00e4nder\u00fcbergreifender Verbindungen und Europa auszutauschen.<\/p>\n\n\n\n<figure class=\"wp-block-gallery has-nested-images columns-default is-cropped wp-block-gallery-2 is-layout-flex wp-block-gallery-is-layout-flex\">\n<figure class=\"wp-block-image size-large is-style-default\"><img loading=\"lazy\" decoding=\"async\" width=\"795\" height=\"480\" data-id=\"696\" src=\"http:\/\/dfcmr.noeud.de\/wp-content\/uploads\/2021\/07\/freundschaftstag2017b-Klein.jpg\" alt=\"\" class=\"wp-image-696\" srcset=\"https:\/\/dfc-freudenberg.de\/wp-content\/uploads\/2021\/07\/freundschaftstag2017b-Klein.jpg 795w, https:\/\/dfc-freudenberg.de\/wp-content\/uploads\/2021\/07\/freundschaftstag2017b-Klein-300x181.jpg 300w, https:\/\/dfc-freudenberg.de\/wp-content\/uploads\/2021\/07\/freundschaftstag2017b-Klein-768x464.jpg 768w\" sizes=\"(max-width: 795px) 100vw, 795px\" \/><\/figure>\n\n\n\n<figure class=\"wp-block-image size-large is-style-default\"><img loading=\"lazy\" decoding=\"async\" width=\"640\" height=\"480\" data-id=\"698\" src=\"http:\/\/dfcmr.noeud.de\/wp-content\/uploads\/2021\/07\/20170122_111123-Klein.jpg\" alt=\"\" class=\"wp-image-698\" srcset=\"https:\/\/dfc-freudenberg.de\/wp-content\/uploads\/2021\/07\/20170122_111123-Klein.jpg 640w, https:\/\/dfc-freudenberg.de\/wp-content\/uploads\/2021\/07\/20170122_111123-Klein-300x225.jpg 300w\" sizes=\"(max-width: 640px) 100vw, 640px\" \/><\/figure>\n<\/figure>\n\n\n\n<p class=\"has-small-font-size\">Fotos und Text: DFC<\/p>\n","protected":false},"excerpt":{"rendered":"<p>Geliebte Feinde &#8211; die Deutschen und die Franzosen Zum 54. mal j\u00e4hrte sich dieses Jahr die Unterzeichnung des \u00c9lys\u00e9e-Vertrages am&hellip;<\/p>\n","protected":false},"author":1,"featured_media":0,"parent":0,"menu_order":0,"comment_status":"closed","ping_status":"closed","template":"","meta":{"footnotes":""},"class_list":["post-386","page","type-page","status-publish","hentry"],"translation":{"provider":"WPGlobus","version":"3.0.0","language":"fr","enabled_languages":["en","de","fr"],"languages":{"en":{"title":true,"content":true,"excerpt":false},"de":{"title":false,"content":false,"excerpt":false},"fr":{"title":false,"content":false,"excerpt":false}}},"_links":{"self":[{"href":"https:\/\/dfc-freudenberg.de\/fr\/wp-json\/wp\/v2\/pages\/386"}],"collection":[{"href":"https:\/\/dfc-freudenberg.de\/fr\/wp-json\/wp\/v2\/pages"}],"about":[{"href":"https:\/\/dfc-freudenberg.de\/fr\/wp-json\/wp\/v2\/types\/page"}],"author":[{"embeddable":true,"href":"https:\/\/dfc-freudenberg.de\/fr\/wp-json\/wp\/v2\/users\/1"}],"replies":[{"embeddable":true,"href":"https:\/\/dfc-freudenberg.de\/fr\/wp-json\/wp\/v2\/comments?post=386"}],"version-history":[{"count":12,"href":"https:\/\/dfc-freudenberg.de\/fr\/wp-json\/wp\/v2\/pages\/386\/revisions"}],"predecessor-version":[{"id":1919,"href":"https:\/\/dfc-freudenberg.de\/fr\/wp-json\/wp\/v2\/pages\/386\/revisions\/1919"}],"wp:attachment":[{"href":"https:\/\/dfc-freudenberg.de\/fr\/wp-json\/wp\/v2\/media?parent=386"}],"curies":[{"name":"wp","href":"https:\/\/api.w.org\/{rel}","templated":true}]}}