{"id":360,"date":"2021-05-28T17:14:48","date_gmt":"2021-05-28T17:14:48","guid":{"rendered":"http:\/\/dfcmr.noeud.de\/?page_id=360"},"modified":"2023-02-02T14:26:29","modified_gmt":"2023-02-02T13:26:29","slug":"2020-4","status":"publish","type":"page","link":"https:\/\/dfc-freudenberg.de\/fr\/2020-4\/","title":{"rendered":"2020 Auf dem Europa-Kulturweg"},"content":{"rendered":"\n<p><strong>Wandern und Wein auf dem Europ\u00e4ischen Kulturwanderweg<\/strong><\/p>\n\n\n\n<p>Am Sonntag, 27. September trafen sich Mitglieder und Freunde des DFC zum Herbstausflug um auf dem Europ\u00e4ischen Kulturwanderweg zu wandern. Treffpunkt war am Bahnhof Klingenberg-Trennfurt. Von da aus ging es unter sachkundiger F\u00fchrung von Dr. Gerrit Himmelsbach, Vorsitzender des Spessartbunds, zun\u00e4chst \u00fcber die Mainbr\u00fccke. Die ca. 2-st\u00fcndige Tour begann mit der Besichtigung des hinter dem alten Rathaus liegenden Rosengartens, der 1791 im franz\u00f6sischen Stil angelegt und von der Stadt Klingenberg nach dem Resterwerb des Gel\u00e4ndes in die heutige Form gebracht wurde. <\/p>\n\n\n\n<figure class=\"wp-block-gallery has-nested-images columns-default is-cropped wp-block-gallery-2 is-layout-flex wp-block-gallery-is-layout-flex\">\n<figure class=\"wp-block-image size-large is-style-default\"><img loading=\"lazy\" decoding=\"async\" width=\"721\" height=\"480\" data-id=\"675\" src=\"http:\/\/dfcmr.noeud.de\/wp-content\/uploads\/2021\/07\/P1390091-Klein.jpg\" alt=\"\" class=\"wp-image-675\" srcset=\"https:\/\/dfc-freudenberg.de\/wp-content\/uploads\/2021\/07\/P1390091-Klein.jpg 721w, https:\/\/dfc-freudenberg.de\/wp-content\/uploads\/2021\/07\/P1390091-Klein-300x200.jpg 300w\" sizes=\"(max-width: 721px) 100vw, 721px\" \/><\/figure>\n\n\n\n<figure class=\"wp-block-image size-large is-style-default\"><img loading=\"lazy\" decoding=\"async\" width=\"480\" height=\"721\" data-id=\"669\" src=\"http:\/\/dfcmr.noeud.de\/wp-content\/uploads\/2021\/07\/P1390082-Klein.jpg\" alt=\"\" class=\"wp-image-669\" srcset=\"https:\/\/dfc-freudenberg.de\/wp-content\/uploads\/2021\/07\/P1390082-Klein.jpg 480w, https:\/\/dfc-freudenberg.de\/wp-content\/uploads\/2021\/07\/P1390082-Klein-200x300.jpg 200w\" sizes=\"(max-width: 480px) 100vw, 480px\" \/><\/figure>\n\n\n\n<figure class=\"wp-block-image size-large is-style-default\"><img loading=\"lazy\" decoding=\"async\" width=\"720\" height=\"480\" data-id=\"1104\" src=\"http:\/\/dfcmr.noeud.de\/wp-content\/uploads\/2021\/09\/P1390080-Klein-1.jpg\" alt=\"\" class=\"wp-image-1104\" srcset=\"https:\/\/dfc-freudenberg.de\/wp-content\/uploads\/2021\/09\/P1390080-Klein-1.jpg 720w, https:\/\/dfc-freudenberg.de\/wp-content\/uploads\/2021\/09\/P1390080-Klein-1-300x200.jpg 300w\" sizes=\"(max-width: 720px) 100vw, 720px\" \/><\/figure>\n<\/figure>\n\n\n\n<p>Weiter ging es bergan durch die Seltenbachschlucht, sie ist vor zwei Millionen Jahren entstanden und z\u00e4hlt zu Bayerns sch\u00f6nsten Geotopen und mit Gl\u00fcck lassen sich dort Feuersalamander entdecken. <\/p>\n\n\n\n<figure class=\"wp-block-gallery has-nested-images columns-default is-cropped wp-block-gallery-3 is-layout-flex wp-block-gallery-is-layout-flex\">\n<figure class=\"wp-block-image size-large is-style-default\"><img loading=\"lazy\" decoding=\"async\" width=\"721\" height=\"480\" data-id=\"670\" src=\"http:\/\/dfcmr.noeud.de\/wp-content\/uploads\/2021\/07\/P1390106-Klein.jpg\" alt=\"\" class=\"wp-image-670\" srcset=\"https:\/\/dfc-freudenberg.de\/wp-content\/uploads\/2021\/07\/P1390106-Klein.jpg 721w, https:\/\/dfc-freudenberg.de\/wp-content\/uploads\/2021\/07\/P1390106-Klein-300x200.jpg 300w\" sizes=\"(max-width: 721px) 100vw, 721px\" \/><\/figure>\n\n\n\n<figure class=\"wp-block-image size-large is-style-default\"><img loading=\"lazy\" decoding=\"async\" width=\"480\" height=\"721\" data-id=\"671\" src=\"http:\/\/dfcmr.noeud.de\/wp-content\/uploads\/2021\/07\/P1390119-Klein.jpg\" alt=\"\" class=\"wp-image-671\" srcset=\"https:\/\/dfc-freudenberg.de\/wp-content\/uploads\/2021\/07\/P1390119-Klein.jpg 480w, https:\/\/dfc-freudenberg.de\/wp-content\/uploads\/2021\/07\/P1390119-Klein-200x300.jpg 200w\" sizes=\"(max-width: 480px) 100vw, 480px\" \/><\/figure>\n\n\n\n<figure class=\"wp-block-image size-large is-style-default\"><img loading=\"lazy\" decoding=\"async\" width=\"480\" height=\"721\" data-id=\"673\" src=\"http:\/\/dfcmr.noeud.de\/wp-content\/uploads\/2021\/07\/P1390129-Klein.jpg\" alt=\"\" class=\"wp-image-673\" srcset=\"https:\/\/dfc-freudenberg.de\/wp-content\/uploads\/2021\/07\/P1390129-Klein.jpg 480w, https:\/\/dfc-freudenberg.de\/wp-content\/uploads\/2021\/07\/P1390129-Klein-200x300.jpg 200w\" sizes=\"(max-width: 480px) 100vw, 480px\" \/><\/figure>\n<\/figure>\n\n\n\n<figure class=\"wp-block-gallery has-nested-images columns-default is-cropped wp-block-gallery-4 is-layout-flex wp-block-gallery-is-layout-flex\">\n<figure class=\"wp-block-image size-large is-style-default\"><img loading=\"lazy\" decoding=\"async\" width=\"721\" height=\"480\" data-id=\"1019\" src=\"http:\/\/dfcmr.noeud.de\/wp-content\/uploads\/2021\/09\/P1390120-Klein.jpg\" alt=\"\" class=\"wp-image-1019\" srcset=\"https:\/\/dfc-freudenberg.de\/wp-content\/uploads\/2021\/09\/P1390120-Klein.jpg 721w, https:\/\/dfc-freudenberg.de\/wp-content\/uploads\/2021\/09\/P1390120-Klein-300x200.jpg 300w\" sizes=\"(max-width: 721px) 100vw, 721px\" \/><\/figure>\n\n\n\n<figure class=\"wp-block-image size-large is-style-default\"><img loading=\"lazy\" decoding=\"async\" width=\"721\" height=\"480\" data-id=\"1021\" src=\"http:\/\/dfcmr.noeud.de\/wp-content\/uploads\/2021\/09\/P1390171-Klein.jpg\" alt=\"\" class=\"wp-image-1021\" srcset=\"https:\/\/dfc-freudenberg.de\/wp-content\/uploads\/2021\/09\/P1390171-Klein.jpg 721w, https:\/\/dfc-freudenberg.de\/wp-content\/uploads\/2021\/09\/P1390171-Klein-300x200.jpg 300w\" sizes=\"(max-width: 721px) 100vw, 721px\" \/><\/figure>\n\n\n\n<figure class=\"wp-block-image size-large is-style-default\"><img loading=\"lazy\" decoding=\"async\" width=\"1024\" height=\"683\" data-id=\"1022\" src=\"http:\/\/dfcmr.noeud.de\/wp-content\/uploads\/2021\/09\/P1390043.jpg\" alt=\"\" class=\"wp-image-1022\" srcset=\"https:\/\/dfc-freudenberg.de\/wp-content\/uploads\/2021\/09\/P1390043.jpg 1024w, https:\/\/dfc-freudenberg.de\/wp-content\/uploads\/2021\/09\/P1390043-300x200.jpg 300w, https:\/\/dfc-freudenberg.de\/wp-content\/uploads\/2021\/09\/P1390043-768x512.jpg 768w\" sizes=\"(max-width: 1024px) 100vw, 1024px\" \/><\/figure>\n<\/figure>\n\n\n\n<p>Einen weiteren Stopp machten wir an der an der Greifvogelstation und am Tonbergwerk, das f\u00fcr Klingenberg jahrzehntelang wirtschaftlichen Wohlstand brachte, 2011 aber geschlossen werden musste. Zur\u00fcck \u00fcber die Klingenburg und Abstieg durch den Weinberg konnten wir abschlie\u00dfend gem\u00fctlich den Klingenberger Wein und manches Schmankerl in einer H\u00e4ckerwirtschaft genie\u00dfen. Neben interessanten Informationen \u00fcber den Kulturwanderweg bot der Nachmittag wundersch\u00f6ne Ausblicke in die herrliche Herbstlandschaft &#8211; und das direkt bei uns um die Ecke.<\/p>\n\n\n\n<figure class=\"wp-block-gallery aligncenter has-nested-images columns-default is-cropped wp-block-gallery-5 is-layout-flex wp-block-gallery-is-layout-flex\"><\/figure>\n\n\n\n<p class=\"has-small-font-size\">Text: Reinhild Reuter, Fotos: Margarete Z\u00e4ngerlein<\/p>\n","protected":false},"excerpt":{"rendered":"<p>Wandern und Wein auf dem Europ\u00e4ischen Kulturwanderweg Am Sonntag, 27. September trafen sich Mitglieder und Freunde des DFC zum Herbstausflug&hellip;<\/p>\n","protected":false},"author":1,"featured_media":0,"parent":0,"menu_order":0,"comment_status":"closed","ping_status":"closed","template":"","meta":{"footnotes":""},"class_list":["post-360","page","type-page","status-publish","hentry"],"translation":{"provider":"WPGlobus","version":"3.0.0","language":"fr","enabled_languages":["en","de","fr"],"languages":{"en":{"title":true,"content":true,"excerpt":false},"de":{"title":false,"content":false,"excerpt":false},"fr":{"title":false,"content":false,"excerpt":false}}},"_links":{"self":[{"href":"https:\/\/dfc-freudenberg.de\/fr\/wp-json\/wp\/v2\/pages\/360"}],"collection":[{"href":"https:\/\/dfc-freudenberg.de\/fr\/wp-json\/wp\/v2\/pages"}],"about":[{"href":"https:\/\/dfc-freudenberg.de\/fr\/wp-json\/wp\/v2\/types\/page"}],"author":[{"embeddable":true,"href":"https:\/\/dfc-freudenberg.de\/fr\/wp-json\/wp\/v2\/users\/1"}],"replies":[{"embeddable":true,"href":"https:\/\/dfc-freudenberg.de\/fr\/wp-json\/wp\/v2\/comments?post=360"}],"version-history":[{"count":12,"href":"https:\/\/dfc-freudenberg.de\/fr\/wp-json\/wp\/v2\/pages\/360\/revisions"}],"predecessor-version":[{"id":1913,"href":"https:\/\/dfc-freudenberg.de\/fr\/wp-json\/wp\/v2\/pages\/360\/revisions\/1913"}],"wp:attachment":[{"href":"https:\/\/dfc-freudenberg.de\/fr\/wp-json\/wp\/v2\/media?parent=360"}],"curies":[{"name":"wp","href":"https:\/\/api.w.org\/{rel}","templated":true}]}}