{"id":342,"date":"2021-05-28T09:49:23","date_gmt":"2021-05-28T09:49:23","guid":{"rendered":"http:\/\/dfcmr.noeud.de\/?page_id=342"},"modified":"2023-02-02T14:32:41","modified_gmt":"2023-02-02T13:32:41","slug":"2019-2-2","status":"publish","type":"page","link":"https:\/\/dfc-freudenberg.de\/fr\/2019-2-2\/","title":{"rendered":"2019 Filmabend"},"content":{"rendered":"\n<p><strong>Freundschaftstag 2019<\/strong> <strong>&#8211; Filmabend mit Podiumsdiskussion &#8211;<\/strong><\/p>\n\n\n\n<p>Seit einigen Jahren f\u00fchrt der DFC zum Jahrestag der Unterzeichnung des \u00c9lys\u00e9e-Vertrages am 22. Januar 1963 Veranstaltungen zum Thema Deutsch-Franz\u00f6sische-Freundschaft durch. Zeitgleich finden in unserer Partnerstadt Saint Arnoult die gleichen Aktionen statt.<\/p>\n\n\n\n<p>In diesem Jahr lud der Verein zum Filmklassiker \u201eIm Westen nichts Neues\u201c nach dem Roman von Erich Maria Remarque ein. Der Antikriegsfilm, der an das Kriegsende des ersten Weltkrieges 1918 und die Verhandlungen zum Versailler Vertrag 1919 erinnern sollte, behandelte ein schweres Thema.<\/p>\n\n\n\n<p>\u00dcber 50 Interessierte G\u00e4ste, darunter auch zahlreiche Mitglieder des DFC Miltenberg, fanden sich am Sp\u00e4tnachmittag im Bernhardsaal ein. Der eindr\u00fcckliche Film fesselte die Zuschauer und alle waren gespannt auf die anschlie\u00dfende Podiumsdiskussion mit Prof. Joachim Maier, Herr Heinrich Almritter und B\u00fcrgermeister Roger Henning.<\/p>\n\n\n\n<p>\u201eAus Jahrhunderte w\u00e4hrender Feindschaft kann tiefe Freundschaft entstehen \u2013 das ist die Botschaft des Elys\u00e9e-Vertrages, dessen Erneuerung \u00fcbermorgen feierlich verk\u00fcndet werden wird. Welche Ihrer vielen Begegnungen mit dem Franz\u00f6sischen sind Ihnen besonders stark in Erinnerung geblieben?\u201c Mit dieser Eingangsfrage er\u00f6ffnete Martin Reuter die anschlie\u00dfende sehr pers\u00f6nliche und lebhafte Diskussion. Alle drei Podiumsg\u00e4ste konnten von sehr pers\u00f6nlichen und pr\u00e4genden Erfahrungen berichten.<\/p>\n\n\n\n<p>Prof. Maier h\u00f6rte als junger Mensch den Kriegserinnerungen seines Gro\u00dfvaters zu und spannte den Bogen bis zu seinem Enkel, der die deutsche und franz\u00f6sische Nationalit\u00e4t innehat. Das gegenseitige Kennenlernen, der Austausch, gemeinsame Erlebnisse und miteinander feiern seien wichtige Pfeiler um die St\u00e4dtepartnerschaften mit Leben zu f\u00fcllen betonte Herr Almritter. Erst der \u201eFace-to-face-Kontakt\u201c erm\u00f6gliche Freundschaft. B\u00fcrgermeister Henning, der mit Amtsantritt Schirmherr der St\u00e4dtepartnerschaft Freudenberg &#8211; Saint Arnoult wurde erinnert an den \u00fcber 50-j\u00e4hrigen Frieden und dass der europ\u00e4ische Gedanke f\u00fcr die junge Generation am Leben gehalten werden m\u00fcsse. St\u00e4dtepartnerschaften seien eine Grundlage, mit Leben gef\u00fcllt werden k\u00f6nnen sie nur von den B\u00fcrgern und engagierten Partnerschaftsvereinen.<\/p>\n\n\n\n<p>Die Beteiligung an Begegnungen, der Sch\u00fcleraustausch, die Aktivierung junger Menschen insgesamt, ist leider ein m\u00fchsames Unterfangen geworden &#8211; nicht nur bei uns. Offen blieb die Frage ob es Gleichg\u00fcltigkeit, der R\u00fcckzug ins Private, das mediale \u00dcberangebot oder die Selbstverst\u00e4ndlichkeit des Erreichten ist, welche das schwindende Engagement der B\u00fcrger und der jungen Menschen begr\u00fcnden. Mit den Worten \u201einteressiert euch f\u00fcr Europa\u201c schloss der Vorsitzende Robert Kern die anregende Veranstaltung.<\/p>\n\n\n\n<div class=\"wp-block-columns is-layout-flex wp-container-core-columns-is-layout-1 wp-block-columns-is-layout-flex\">\n<div class=\"wp-block-column is-layout-flow wp-block-column-is-layout-flow\" style=\"flex-basis:100%\"><div class=\"wp-block-image\">\n<figure class=\"aligncenter size-large is-resized\"><img loading=\"lazy\" decoding=\"async\" src=\"http:\/\/dfcmr.noeud.de\/wp-content\/uploads\/2021\/07\/20190120_182051-Klein.jpg\" alt=\"\" class=\"wp-image-693\" width=\"382\" height=\"287\" srcset=\"https:\/\/dfc-freudenberg.de\/wp-content\/uploads\/2021\/07\/20190120_182051-Klein.jpg 640w, https:\/\/dfc-freudenberg.de\/wp-content\/uploads\/2021\/07\/20190120_182051-Klein-300x225.jpg 300w\" sizes=\"(max-width: 382px) 100vw, 382px\" \/><\/figure><\/div>\n\n\n<p class=\"has-small-font-size\">Text und Foto: Reinhild Reuter<\/p>\n<\/div>\n<\/div>\n\n\n\n<p><\/p>\n","protected":false},"excerpt":{"rendered":"<p>Freundschaftstag 2019 &#8211; Filmabend mit Podiumsdiskussion &#8211; Seit einigen Jahren f\u00fchrt der DFC zum Jahrestag der Unterzeichnung des \u00c9lys\u00e9e-Vertrages am&hellip;<\/p>\n","protected":false},"author":1,"featured_media":0,"parent":0,"menu_order":0,"comment_status":"closed","ping_status":"closed","template":"","meta":{"footnotes":""},"class_list":["post-342","page","type-page","status-publish","hentry"],"translation":{"provider":"WPGlobus","version":"3.0.0","language":"fr","enabled_languages":["en","de","fr"],"languages":{"en":{"title":true,"content":true,"excerpt":false},"de":{"title":false,"content":false,"excerpt":false},"fr":{"title":false,"content":false,"excerpt":false}}},"_links":{"self":[{"href":"https:\/\/dfc-freudenberg.de\/fr\/wp-json\/wp\/v2\/pages\/342"}],"collection":[{"href":"https:\/\/dfc-freudenberg.de\/fr\/wp-json\/wp\/v2\/pages"}],"about":[{"href":"https:\/\/dfc-freudenberg.de\/fr\/wp-json\/wp\/v2\/types\/page"}],"author":[{"embeddable":true,"href":"https:\/\/dfc-freudenberg.de\/fr\/wp-json\/wp\/v2\/users\/1"}],"replies":[{"embeddable":true,"href":"https:\/\/dfc-freudenberg.de\/fr\/wp-json\/wp\/v2\/comments?post=342"}],"version-history":[{"count":9,"href":"https:\/\/dfc-freudenberg.de\/fr\/wp-json\/wp\/v2\/pages\/342\/revisions"}],"predecessor-version":[{"id":2172,"href":"https:\/\/dfc-freudenberg.de\/fr\/wp-json\/wp\/v2\/pages\/342\/revisions\/2172"}],"wp:attachment":[{"href":"https:\/\/dfc-freudenberg.de\/fr\/wp-json\/wp\/v2\/media?parent=342"}],"curies":[{"name":"wp","href":"https:\/\/api.w.org\/{rel}","templated":true}]}}