{"id":340,"date":"2021-05-28T09:48:53","date_gmt":"2021-05-28T09:48:53","guid":{"rendered":"http:\/\/dfcmr.noeud.de\/?page_id=340"},"modified":"2023-02-02T14:29:55","modified_gmt":"2023-02-02T13:29:55","slug":"2020-3","status":"publish","type":"page","link":"https:\/\/dfc-freudenberg.de\/fr\/2020-3\/","title":{"rendered":"2020 Autorenlesung"},"content":{"rendered":"\n<p><strong>Autorenlesung Sonja Richter &#8211; &#8220;Jenseits der Gr\u00e4ben&#8221;<\/strong><\/p>\n\n\n\n<p>Eine Anfrage der Autorin Sonja Richter veranlasste den Verein am 18. Januar2020 anl\u00e4sslich des Deutsch-Franz\u00f6sischen Freundschaftstages eine \u00f6ffentliche Lesung zu veranstalten. \u201eJenseits der Gr\u00e4ben. Ein deutsch-franz\u00f6sisches Drama von Krieg und Frieden\u201c, ist eine Doppelbiografie, die Frau Richter gemeinsam mit dem in Paris lebenden Autor Fran\u00e7ois Leroux verfasst hat und einen ganz pers\u00f6nlichen und zugleich deutsch-franz\u00f6sischen Blick auf den Ersten Weltkrieg und seine Folgen bietet.<\/p>\n\n\n\n<p>Zum Inhalt: Es begann im Herbst 2007, als der Rentner Fran\u00e7ois Leroux aus Paris einen Brief aus Deutschland erh\u00e4lt. Die Post kommt aus Frankfurt am Main. Ein Helmut Richter sucht Nachfahren eines Hauptmanns Vacquier, um ihnen ein Zigarrenetui und zwei Marienmedaillen zur\u00fcckzugeben.<br>Das ist der Anlass f\u00fcr Fran\u00e7ois Leroux und Sonja Richter, Helmut Richters Tochter, der Lebensgeschichte der jeweiligen Gro\u00dfv\u00e4ter nachzusp\u00fcren.<br>Die Autoren beschreiben in ihrem Werk einen ganz pers\u00f6nlichen und zugleich deutsch-franz\u00f6sischen Blick auf den Ersten Weltkrieg und seine Folgen: Dramatische Zeiten von Krieg und Frieden, so lautet der Untertitel des Buches.<\/p>\n\n\n\n<p>Zahlreiche Besucher lauschten der bewegenden und sehr pers\u00f6nlichen Geschichte der Autorin, die am Ende der Verastaltung ihr signiertes Buch anbot.<\/p>\n\n\n\n<p class=\"has-small-font-size\">Text: DFC<\/p>\n\n\n\n<p><br><br><\/p>\n","protected":false},"excerpt":{"rendered":"<p>Autorenlesung Sonja Richter &#8211; &#8220;Jenseits der Gr\u00e4ben&#8221; Eine Anfrage der Autorin Sonja Richter veranlasste den Verein am 18. Januar2020 anl\u00e4sslich&hellip;<\/p>\n","protected":false},"author":1,"featured_media":0,"parent":0,"menu_order":0,"comment_status":"closed","ping_status":"closed","template":"","meta":{"footnotes":""},"class_list":["post-340","page","type-page","status-publish","hentry"],"translation":{"provider":"WPGlobus","version":"3.0.0","language":"fr","enabled_languages":["en","de","fr"],"languages":{"en":{"title":true,"content":true,"excerpt":false},"de":{"title":false,"content":false,"excerpt":false},"fr":{"title":false,"content":false,"excerpt":false}}},"_links":{"self":[{"href":"https:\/\/dfc-freudenberg.de\/fr\/wp-json\/wp\/v2\/pages\/340"}],"collection":[{"href":"https:\/\/dfc-freudenberg.de\/fr\/wp-json\/wp\/v2\/pages"}],"about":[{"href":"https:\/\/dfc-freudenberg.de\/fr\/wp-json\/wp\/v2\/types\/page"}],"author":[{"embeddable":true,"href":"https:\/\/dfc-freudenberg.de\/fr\/wp-json\/wp\/v2\/users\/1"}],"replies":[{"embeddable":true,"href":"https:\/\/dfc-freudenberg.de\/fr\/wp-json\/wp\/v2\/comments?post=340"}],"version-history":[{"count":8,"href":"https:\/\/dfc-freudenberg.de\/fr\/wp-json\/wp\/v2\/pages\/340\/revisions"}],"predecessor-version":[{"id":1694,"href":"https:\/\/dfc-freudenberg.de\/fr\/wp-json\/wp\/v2\/pages\/340\/revisions\/1694"}],"wp:attachment":[{"href":"https:\/\/dfc-freudenberg.de\/fr\/wp-json\/wp\/v2\/media?parent=340"}],"curies":[{"name":"wp","href":"https:\/\/api.w.org\/{rel}","templated":true}]}}