{"id":337,"date":"2021-05-28T09:47:19","date_gmt":"2021-05-28T09:47:19","guid":{"rendered":"http:\/\/dfcmr.noeud.de\/?page_id=337"},"modified":"2023-02-02T14:31:55","modified_gmt":"2023-02-02T13:31:55","slug":"2021-2","status":"publish","type":"page","link":"https:\/\/dfc-freudenberg.de\/fr\/2021-2\/","title":{"rendered":"2021 Neue Wege &#8211; Videokonferenz"},"content":{"rendered":"\n<p><strong>Deutsch-Franz\u00f6sischer Club geht neue Wege <\/strong>&#8211; <strong>Videokonferenz zum Deutsch-Franz\u00f6sischen Freundschaftstag<\/strong><\/p>\n\n\n\n<p>Bereits seit einigen Jahren feiert der Deutsch-Franz\u00f6sische Club Freudenberg den Feundschaftstag am 22. Januar, zusammen mit den franz\u00f6sischen Freunden aus Saint-Arnoult-en-Yvelines. Fast ist es schon eine Tradition, dass auf beiden Seiten an diesem Tag eine Veranstaltung stattfindet und die Fahnen gehisst werden.<\/p>\n\n\n\n<p>Der 22. Januar 2021 ist der 58. Jahrestag des Elys\u00e9e-Vertrages, der als Grundstein der deutsch-franz\u00f6sischen Freundschaft gilt. An dieses Ereignis wird bei den Veranstaltungen in Freudenberg und nat\u00fcrlich auch in der Partner\u00adstadt Saint-Arnoult-en-Yvelines erinnert. Aufgrund der aktuellen Situation fand am vergangenen Freitag eine Videokonferenz zwischen Deutschen und Franzosen statt. \u00dcber zwei Dutzend Teilnehmer nahmen am Freitagabend an dieser Konferenz teil. Zuerst gab es ein gro\u00dfes \u201eHallo\u201c bzw. \u201eBonsoir\u201c, denn die Freunde hatten sich nun schon lange nicht gesehen. Der geplante Besuch der Franzosen in Freudenberg im Mai 2020 musste aus Gr\u00fcnden der Pandemie schweren Herzens abgesagt werden. Nach der Begr\u00fc\u00dfung durch G\u00e9rard Gallou, dem Vorsitzenden des franz\u00f6sischen Partnerschaftsvereins und seiner deutschen Kollegin Elli Beck, stellte sich der neue B\u00fcrgermeister von Saint Arnoult, Monsieur Sylvain Guignard vor. Herr Roger Henning, Freudenbergs B\u00fcrgermeister, richtete seine Gru\u00dfworte an Monsieur Guignard und an alle Mitglieder beider Vereine. Als Abschluss der Konferenz erhoben alle ihr Glas auf die deutsch-franz\u00f6sische Freund\u00adschaft. Nat\u00fcrlich hoffen nun die Deutschen wie auch die Franzosen, auf ein \u201eechtes\u201c Treffen mit vielen franz\u00f6\u00adsischen K\u00fcsschen im Mai 2021 in Freudenberg. <\/p>\n\n\n\n<figure class=\"wp-block-gallery has-nested-images columns-default is-cropped wp-block-gallery-2 is-layout-flex wp-block-gallery-is-layout-flex\">\n<figure class=\"wp-block-image size-large is-style-default\"><img loading=\"lazy\" decoding=\"async\" width=\"640\" height=\"480\" data-id=\"686\" src=\"http:\/\/dfcmr.noeud.de\/wp-content\/uploads\/2021\/07\/IMG_20210124_135010-Klein.jpg\" alt=\"\" class=\"wp-image-686\" srcset=\"https:\/\/dfc-freudenberg.de\/wp-content\/uploads\/2021\/07\/IMG_20210124_135010-Klein.jpg 640w, https:\/\/dfc-freudenberg.de\/wp-content\/uploads\/2021\/07\/IMG_20210124_135010-Klein-300x225.jpg 300w\" sizes=\"(max-width: 640px) 100vw, 640px\" \/><\/figure>\n\n\n\n<figure class=\"wp-block-image size-large is-style-default\"><img loading=\"lazy\" decoding=\"async\" width=\"480\" height=\"640\" data-id=\"687\" src=\"http:\/\/dfcmr.noeud.de\/wp-content\/uploads\/2021\/07\/IMG-20210122-WA0007-Klein.jpg\" alt=\"\" class=\"wp-image-687\" srcset=\"https:\/\/dfc-freudenberg.de\/wp-content\/uploads\/2021\/07\/IMG-20210122-WA0007-Klein.jpg 480w, https:\/\/dfc-freudenberg.de\/wp-content\/uploads\/2021\/07\/IMG-20210122-WA0007-Klein-225x300.jpg 225w\" sizes=\"(max-width: 480px) 100vw, 480px\" \/><\/figure>\n<\/figure>\n\n\n\n<p class=\"has-small-font-size\">Text: Karin Turba-Hildenbrand, Fotos: DFC<\/p>\n\n\n\n<p><\/p>\n","protected":false},"excerpt":{"rendered":"<p>Deutsch-Franz\u00f6sischer Club geht neue Wege &#8211; Videokonferenz zum Deutsch-Franz\u00f6sischen Freundschaftstag Bereits seit einigen Jahren feiert der Deutsch-Franz\u00f6sische Club Freudenberg den&hellip;<\/p>\n","protected":false},"author":1,"featured_media":0,"parent":0,"menu_order":0,"comment_status":"closed","ping_status":"closed","template":"","meta":{"footnotes":""},"class_list":["post-337","page","type-page","status-publish","hentry"],"translation":{"provider":"WPGlobus","version":"3.0.0","language":"fr","enabled_languages":["en","de","fr"],"languages":{"en":{"title":true,"content":true,"excerpt":false},"de":{"title":false,"content":false,"excerpt":false},"fr":{"title":false,"content":false,"excerpt":false}}},"_links":{"self":[{"href":"https:\/\/dfc-freudenberg.de\/fr\/wp-json\/wp\/v2\/pages\/337"}],"collection":[{"href":"https:\/\/dfc-freudenberg.de\/fr\/wp-json\/wp\/v2\/pages"}],"about":[{"href":"https:\/\/dfc-freudenberg.de\/fr\/wp-json\/wp\/v2\/types\/page"}],"author":[{"embeddable":true,"href":"https:\/\/dfc-freudenberg.de\/fr\/wp-json\/wp\/v2\/users\/1"}],"replies":[{"embeddable":true,"href":"https:\/\/dfc-freudenberg.de\/fr\/wp-json\/wp\/v2\/comments?post=337"}],"version-history":[{"count":9,"href":"https:\/\/dfc-freudenberg.de\/fr\/wp-json\/wp\/v2\/pages\/337\/revisions"}],"predecessor-version":[{"id":1918,"href":"https:\/\/dfc-freudenberg.de\/fr\/wp-json\/wp\/v2\/pages\/337\/revisions\/1918"}],"wp:attachment":[{"href":"https:\/\/dfc-freudenberg.de\/fr\/wp-json\/wp\/v2\/media?parent=337"}],"curies":[{"name":"wp","href":"https:\/\/api.w.org\/{rel}","templated":true}]}}