{"id":332,"date":"2021-05-26T08:36:05","date_gmt":"2021-05-26T08:36:05","guid":{"rendered":"http:\/\/dfcmr.noeud.de\/?page_id=332"},"modified":"2022-02-18T12:17:14","modified_gmt":"2022-02-18T11:17:14","slug":"der-boule-platz","status":"publish","type":"page","link":"https:\/\/dfc-freudenberg.de\/fr\/der-boule-platz\/","title":{"rendered":"Der Boule-Platz"},"content":{"rendered":"\n<p>Im wundersch\u00f6n angelegten Main-Vorland von Freudenberg entstand neben vielen anderen Gestaltungselementen auch ein neuer Boule-Platz. Der Deutsch-Franz\u00f6sische Club mit seinem Vorsitzenden Jakob Lang hat sich bereit erkl\u00e4rt, die Patenschaft f\u00fcr die Anlage zu \u00fcbernehmen. Die offizielle Er\u00f6ffnung fand am Sonntag, den 10. Mai 2009 durch B\u00fcrgermeister Heinz Hofmann statt. Vor zahlreichen interessierten Zuh\u00f6rern wies er auf die wichtige Rolle der Mainanlagen als Begegnungsst\u00e4tte f\u00fcr die Bewohner und G\u00e4ste der Stadt hin.<\/p>\n\n\n\n<p>&#8220;Besondere Pl\u00e4tze, die zum Treffpunkt f\u00fcr Jung und Alt werden, erh\u00f6hen die Attraktivit\u00e4t einer Stadt.&#8221; Weiter betonte er, der Boule-Platz sei &#8220;ein Treffpunkt, der zum Verweilen und zur Nutzung einl\u00e4dt.&#8221; Dann schritt B\u00fcrgermeister Hofmann zum ersten offiziellen Wurf mit einem Boule-Set, das eigens aus diesem Anlass von Francoise Poussineau, seiner Amtskollegin in Saint-Arnoult nach Freudenberg \u00fcbersandt worden war.<\/p>\n\n\n\n<figure class=\"wp-block-gallery has-nested-images columns-default is-cropped wp-block-gallery-2 is-layout-flex wp-block-gallery-is-layout-flex\">\n<figure class=\"wp-block-image size-large is-style-default\"><img loading=\"lazy\" decoding=\"async\" width=\"522\" height=\"480\" data-id=\"707\" src=\"http:\/\/dfcmr.noeud.de\/wp-content\/uploads\/2021\/07\/tafel_bouleplatz-Klein-1.jpg\" alt=\"\" class=\"wp-image-707\" srcset=\"https:\/\/dfc-freudenberg.de\/wp-content\/uploads\/2021\/07\/tafel_bouleplatz-Klein-1.jpg 522w, https:\/\/dfc-freudenberg.de\/wp-content\/uploads\/2021\/07\/tafel_bouleplatz-Klein-1-300x276.jpg 300w\" sizes=\"(max-width: 522px) 100vw, 522px\" \/><\/figure>\n\n\n\n<figure class=\"wp-block-image size-large is-style-default\"><img loading=\"lazy\" decoding=\"async\" width=\"640\" height=\"480\" data-id=\"703\" src=\"http:\/\/dfcmr.noeud.de\/wp-content\/uploads\/2021\/07\/boule_erster_wurf-Klein.jpg\" alt=\"\" class=\"wp-image-703\" srcset=\"https:\/\/dfc-freudenberg.de\/wp-content\/uploads\/2021\/07\/boule_erster_wurf-Klein.jpg 640w, https:\/\/dfc-freudenberg.de\/wp-content\/uploads\/2021\/07\/boule_erster_wurf-Klein-300x225.jpg 300w\" sizes=\"(max-width: 640px) 100vw, 640px\" \/><\/figure>\n\n\n\n<figure class=\"wp-block-image size-large is-style-default\"><img loading=\"lazy\" decoding=\"async\" width=\"640\" height=\"480\" data-id=\"704\" src=\"http:\/\/dfcmr.noeud.de\/wp-content\/uploads\/2021\/07\/boule_spiel-Klein.jpg\" alt=\"\" class=\"wp-image-704\" srcset=\"https:\/\/dfc-freudenberg.de\/wp-content\/uploads\/2021\/07\/boule_spiel-Klein.jpg 640w, https:\/\/dfc-freudenberg.de\/wp-content\/uploads\/2021\/07\/boule_spiel-Klein-300x225.jpg 300w\" sizes=\"(max-width: 640px) 100vw, 640px\" \/><\/figure>\n<\/figure>\n\n\n\n<p>Jakob Lang gab eine kurze Einf\u00fchrung in die Regeln des Spiels und lud die G\u00e4ste zum Mitspielen und zu einem kleinen Fest mit franz\u00f6sischem Flammkuchen und Wein ein.<\/p>\n\n\n\n<p><strong>Regle du jeu de Petanque (Spielregeln &#8211; Boule\/Petanque)<\/strong><\/p>\n\n\n\n<p>Petanque ist ein spannender Spielsport. \u00dcberwiegt das Spiel, hei\u00dft&#8217;s Boule (Buhl), \u00fcberwiegt der Sport, hei\u00dft&#8217;s Petanque (Petank).<br>Frankreich, das Ursprungsland dieser s\u00fcchtig machenden Freizeitbesch\u00e4ftigung, ist ohne Boulepl\u00e4tze und dem Klicken der Kugeln nicht vorstellbar. Man sagt, es gibt mehr Boulekugeln als Zahnb\u00fcrsten bei unseren franz\u00f6sischen Nachbarn. Petanque wird von 2 Mannschaften gespielt, allerdings in verschiedenen Formationsvarianten: * Tete \u00e0 tete: 2 EinzelspielerInnen mit jeweils 3 Kugeln * Doublette: 2 Mannschaften mit jeweils zwei SpielerInnen; jede(r) hat 3 Kugeln * Triplette: 2 Mannschaften mit je drei SpielerInnen und jeweils 2 Kugeln. Bei einer Triplette &#8211; oder Doublettepartie sind also immer 12 Kugeln am Spiel beteiligt.<\/p>\n\n\n\n<p>Grunds\u00e4tzlich kann auf jedem Grund gespielt werden. Sehr weicher Boden macht das Spiel &#8211; und das will schon was hei\u00dfen &#8211; uninteressanter. Ein glatter, fester Boden macht das Spiel unkalkulierbar und zuf\u00e4lliger. Ideal sind Parkwege, Aschenpl\u00e4tze und halt &#8220;Boulepl\u00e4tze&#8221;.<\/p>\n\n\n\n<p>Es wird gelost, welche Mannschaft beginnt. Der Besitz der Zielkugel ist f\u00fcr die Taktik des Spiels von nicht unerheblicher Bedeutung. Ein Spieler der beginnenden Mannschaft zieht einen Kreis von ca. 50 cm Durchmesser. Er stellt sich in den Kreis und wirft das &#8220;Schweinchen&#8221; &#8211; die Zielkugel hat viele Namen &#8211; auf eine Entfernung von 6-1o Metern.<br>Das Schweinchen sollte ca. 1m von Hindernissen entfernt liegen. Dann versucht er, seine erste Kugel m\u00f6glichst nah am Schweinchen zu platzieren.<br>Nun ist in jedem Fall die andere Mannschaft an der Reihe; und zwar solange, bis sie eine Kugel n\u00e4her an die Zielkugel gespielt hat oder bis alle Kugeln &#8220;verspielt&#8221; sind. Dann ist wieder das erste Team dran. Man darf die Kugel des Gegners auch &#8220;wegschie\u00dfen&#8221;. Dies ist sinnvoll, wenn diese Kugel sehr nah am &#8220;Schweinchen&#8221; liegt. Allerdings sollten aus taktischen Gr\u00fcnden nicht alle Kugeln &#8220;verballert&#8221; werden.<br>Die Lage der Zielkugel kann sich w\u00e4hrend des Spiels ver\u00e4ndern. Von Profis wird das &#8220;Spielen&#8221; der &#8220;Sau&#8221; &#8211; so wird die Zielkugel auch genannt &#8211; hin und wieder &#8211; meist als letzte Rettung &#8211; auch absichtlich versucht.<br>Wenn alle Kugeln gespielt sind, werden die Punkte gez\u00e4hlt. Die Mannschaft, die der Zielkugel ( Schweinchen, Sau, Cochonnet) am n\u00e4chsten liegt, erh\u00e4lt einen Punkt.<br>Ist die zweite Kugel auch besser platziert als die beste Gegenkugel bekommt sie zwei Punkte. Bei Doublette und Triplette sind somit in einer Aufnahme &#8211; so nennt man einen Spielabschnitt mit gespielten 12 Kugeln &#8211; gegebenenfalls bis zu 6 Punkten zu gewinnen.<br>Der Gewinner der Aufnahme wirft das Schweinchen in etwa an der Stelle wo es gelegen hat. Die n\u00e4chste Aufnahme hat damit begonnen.<br>Das Spiel ist gewonnen, wenn eine Mannschaft 13 Punkte hat. Im &#8220;schlimmsten&#8221; Falle sind dazu 25 Aufnahmen n\u00f6tig. Es steht dann 13:12 . Und eine Mannschaft ist ma\u00dflos traurig; die andere ma\u00dflos gl\u00fccklich.<\/p>\n\n\n\n<p class=\"has-small-font-size\">Text und Fotos: DFC<\/p>\n\n\n\n<p><\/p>\n","protected":false},"excerpt":{"rendered":"<p>Im wundersch\u00f6n angelegten Main-Vorland von Freudenberg entstand neben vielen anderen Gestaltungselementen auch ein neuer Boule-Platz. Der Deutsch-Franz\u00f6sische Club mit seinem&hellip;<\/p>\n","protected":false},"author":1,"featured_media":0,"parent":0,"menu_order":0,"comment_status":"closed","ping_status":"closed","template":"","meta":{"footnotes":""},"class_list":["post-332","page","type-page","status-publish","hentry"],"translation":{"provider":"WPGlobus","version":"3.0.0","language":"fr","enabled_languages":["en","de","fr"],"languages":{"en":{"title":true,"content":true,"excerpt":false},"de":{"title":false,"content":false,"excerpt":false},"fr":{"title":false,"content":false,"excerpt":false}}},"_links":{"self":[{"href":"https:\/\/dfc-freudenberg.de\/fr\/wp-json\/wp\/v2\/pages\/332"}],"collection":[{"href":"https:\/\/dfc-freudenberg.de\/fr\/wp-json\/wp\/v2\/pages"}],"about":[{"href":"https:\/\/dfc-freudenberg.de\/fr\/wp-json\/wp\/v2\/types\/page"}],"author":[{"embeddable":true,"href":"https:\/\/dfc-freudenberg.de\/fr\/wp-json\/wp\/v2\/users\/1"}],"replies":[{"embeddable":true,"href":"https:\/\/dfc-freudenberg.de\/fr\/wp-json\/wp\/v2\/comments?post=332"}],"version-history":[{"count":7,"href":"https:\/\/dfc-freudenberg.de\/fr\/wp-json\/wp\/v2\/pages\/332\/revisions"}],"predecessor-version":[{"id":1923,"href":"https:\/\/dfc-freudenberg.de\/fr\/wp-json\/wp\/v2\/pages\/332\/revisions\/1923"}],"wp:attachment":[{"href":"https:\/\/dfc-freudenberg.de\/fr\/wp-json\/wp\/v2\/media?parent=332"}],"curies":[{"name":"wp","href":"https:\/\/api.w.org\/{rel}","templated":true}]}}