{"id":302,"date":"2021-05-25T13:42:33","date_gmt":"2021-05-25T13:42:33","guid":{"rendered":"http:\/\/dfcmr.noeud.de\/?page_id=302"},"modified":"2022-02-18T12:19:21","modified_gmt":"2022-02-18T11:19:21","slug":"ferienspiele-2017","status":"publish","type":"page","link":"https:\/\/dfc-freudenberg.de\/fr\/ferienspiele-2017\/","title":{"rendered":"Ferienspiele &#8211; Franz\u00f6sisch Kochen f\u00fcr Kinder"},"content":{"rendered":"\n<p>Seit 1996 bietet der Deutsch-Franz\u00f6sische Club in den Sommerferien &#8220;Franz\u00f6sisch Kochen f\u00fcr Kinder&#8221; an. Die Idee dazu hatten Bernd Schr\u00f6ter und Gabi W\u00f6rner, allen bekannt als Lehrer der Grund- und Hauptschule Freudenberg und damals Vorstandsmitglieder im Verein. Seither ist dieses Ferienprogramm f\u00fcr Kinder sehr beliebt und immer ausgebucht. Jedesmal kochen die Kinder Rezepte aus einer bestimmten Region in Frankreich nach. So lernen die Kinder wie man in Frankreich isst, welche Speisenfolge es gibt und nat\u00fcrlich auch was f\u00fcr die jeweilige Region typisch ist. Gabi W\u00f6rner, federf\u00fchrend f\u00fcr die Durchf\u00fchrung, bereitet die Treffen vor, gestaltet Heftchen mit Landeskunde und Rezepten und l\u00e4sst sich immer wieder neue Themen einfallen. Neben dem Kochen und Essen k\u00f6nnen die Kinder basteln, r\u00e4tseln, ausmalen und franz\u00f6sische W\u00f6rter lernen. <br>Und am Schluss hei\u00dft es dann au revoir!<\/p>\n\n\n\n<p><\/p>\n\n\n\n<p><\/p>\n","protected":false},"excerpt":{"rendered":"<p>Seit 1996 bietet der Deutsch-Franz\u00f6sische Club in den Sommerferien &#8220;Franz\u00f6sisch Kochen f\u00fcr Kinder&#8221; an. Die Idee dazu hatten Bernd Schr\u00f6ter&hellip;<\/p>\n","protected":false},"author":1,"featured_media":0,"parent":0,"menu_order":0,"comment_status":"closed","ping_status":"closed","template":"","meta":{"footnotes":""},"class_list":["post-302","page","type-page","status-publish","hentry"],"translation":{"provider":"WPGlobus","version":"3.0.0","language":"fr","enabled_languages":["en","de","fr"],"languages":{"en":{"title":true,"content":true,"excerpt":false},"de":{"title":false,"content":false,"excerpt":false},"fr":{"title":false,"content":false,"excerpt":false}}},"_links":{"self":[{"href":"https:\/\/dfc-freudenberg.de\/fr\/wp-json\/wp\/v2\/pages\/302"}],"collection":[{"href":"https:\/\/dfc-freudenberg.de\/fr\/wp-json\/wp\/v2\/pages"}],"about":[{"href":"https:\/\/dfc-freudenberg.de\/fr\/wp-json\/wp\/v2\/types\/page"}],"author":[{"embeddable":true,"href":"https:\/\/dfc-freudenberg.de\/fr\/wp-json\/wp\/v2\/users\/1"}],"replies":[{"embeddable":true,"href":"https:\/\/dfc-freudenberg.de\/fr\/wp-json\/wp\/v2\/comments?post=302"}],"version-history":[{"count":6,"href":"https:\/\/dfc-freudenberg.de\/fr\/wp-json\/wp\/v2\/pages\/302\/revisions"}],"predecessor-version":[{"id":1577,"href":"https:\/\/dfc-freudenberg.de\/fr\/wp-json\/wp\/v2\/pages\/302\/revisions\/1577"}],"wp:attachment":[{"href":"https:\/\/dfc-freudenberg.de\/fr\/wp-json\/wp\/v2\/media?parent=302"}],"curies":[{"name":"wp","href":"https:\/\/api.w.org\/{rel}","templated":true}]}}