{"id":299,"date":"2021-05-25T13:39:59","date_gmt":"2021-05-25T13:39:59","guid":{"rendered":"http:\/\/dfcmr.noeud.de\/?page_id=299"},"modified":"2022-02-18T12:18:48","modified_gmt":"2022-02-18T11:18:48","slug":"jugendarbeit","status":"publish","type":"page","link":"https:\/\/dfc-freudenberg.de\/fr\/jugendarbeit\/","title":{"rendered":"Jugendarbeit"},"content":{"rendered":"\n<p>Von Beginn unserer Vereinsgr\u00fcndung an ist es uns ein gro\u00dfes Anliegen, die Kinder und Jugendlichen anzusprechen und f\u00fcr den Austausch mit Saint-Arnoult und Frankreich zu begeistern. Vielf\u00e4ltige Angebote, angefangen von Zeltlagern, dem Aufbau eines Grundschulprojektes, gegenseitigen Besuchen der Kinder in Gastfamilien &#8211; alleine oder in Begleitung der Eltern oder Gro\u00dfeltern,  Sch\u00fcleraustausche und nicht zu vergessen, die seit 1995 angebotenen Kinderferienspiele mit Franz\u00f6sisch Kochen f\u00fcr Kinder, haben wir im Programm.<\/p>\n","protected":false},"excerpt":{"rendered":"<p>Von Beginn unserer Vereinsgr\u00fcndung an ist es uns ein gro\u00dfes Anliegen, die Kinder und Jugendlichen anzusprechen und f\u00fcr den Austausch&hellip;<\/p>\n","protected":false},"author":1,"featured_media":0,"parent":0,"menu_order":0,"comment_status":"closed","ping_status":"closed","template":"","meta":{"footnotes":""},"class_list":["post-299","page","type-page","status-publish","hentry"],"translation":{"provider":"WPGlobus","version":"3.0.0","language":"fr","enabled_languages":["en","de","fr"],"languages":{"en":{"title":true,"content":true,"excerpt":false},"de":{"title":false,"content":false,"excerpt":false},"fr":{"title":false,"content":false,"excerpt":false}}},"_links":{"self":[{"href":"https:\/\/dfc-freudenberg.de\/fr\/wp-json\/wp\/v2\/pages\/299"}],"collection":[{"href":"https:\/\/dfc-freudenberg.de\/fr\/wp-json\/wp\/v2\/pages"}],"about":[{"href":"https:\/\/dfc-freudenberg.de\/fr\/wp-json\/wp\/v2\/types\/page"}],"author":[{"embeddable":true,"href":"https:\/\/dfc-freudenberg.de\/fr\/wp-json\/wp\/v2\/users\/1"}],"replies":[{"embeddable":true,"href":"https:\/\/dfc-freudenberg.de\/fr\/wp-json\/wp\/v2\/comments?post=299"}],"version-history":[{"count":4,"href":"https:\/\/dfc-freudenberg.de\/fr\/wp-json\/wp\/v2\/pages\/299\/revisions"}],"predecessor-version":[{"id":1707,"href":"https:\/\/dfc-freudenberg.de\/fr\/wp-json\/wp\/v2\/pages\/299\/revisions\/1707"}],"wp:attachment":[{"href":"https:\/\/dfc-freudenberg.de\/fr\/wp-json\/wp\/v2\/media?parent=299"}],"curies":[{"name":"wp","href":"https:\/\/api.w.org\/{rel}","templated":true}]}}