{"id":279,"date":"2021-05-25T12:46:05","date_gmt":"2021-05-25T12:46:05","guid":{"rendered":"http:\/\/dfcmr.noeud.de\/?page_id=279"},"modified":"2022-02-18T12:04:54","modified_gmt":"2022-02-18T11:04:54","slug":"ausflug-zur-anderen-mainseite","status":"publish","type":"page","link":"https:\/\/dfc-freudenberg.de\/fr\/ausflug-zur-anderen-mainseite\/","title":{"rendered":"2016 Auf der anderen Mainseite"},"content":{"rendered":"\n<p><strong><u>Eisenhammer Hasloch<\/u><\/strong><\/p>\n\n\n\n<p>Unser diesj\u00e4hriger Herbstausflug f\u00fchrte uns am 23. Oktober 2016 ins benachbarte \u201eAusland\u201c nach Hasloch, also nach Bayern. Rund drei\u00dfig Interessierte, darunter einige Mitglieder des befreundeten DFC Miltenberg, besuchten dort das Hammermuseum der Firma Kurtz Ersa.<\/p>\n\n\n\n<p>Zuerst gab es eine sehr interessante und anschauliche F\u00fchrung durch die Ausstellung in der Kohlenscheuer, mit einem \u00dcberblick \u00fcber die Entwicklung der Firma in den letzten 235 Jahren. Es folgte die Besichtigung des Eisenhammers und nat\u00fcrlich durfte die Schmiede-Vorf\u00fchrung durch den Freudenberger Schmied Otto Haamann nicht fehlen. Neben der Schmiedekunst und vielen technischen Details gab Otto Haamann auch die eine oder andere Anekdote zum Besten.<\/p>\n\n\n\n<p>Mit viel Wissen rund um den Kurtz Ersa Konzern und dem Eisenhammer best\u00fcckt, ging es dann weiter zur Kartause Gr\u00fcnau zum Mittagessen. Fangfrische Forellen und andere Spezialit\u00e4ten wurden hier serviert. Die Wanderer unter uns hatten Gl\u00fcck, denn es kam sogar ein wenig Sonne zum Vorschein. Ein sch\u00f6ner Sonntag.<\/p>\n\n\n\n<figure class=\"wp-block-gallery has-nested-images columns-default is-cropped wp-block-gallery-2 is-layout-flex wp-block-gallery-is-layout-flex\">\n<figure class=\"wp-block-image size-large is-style-default\"><img loading=\"lazy\" decoding=\"async\" width=\"853\" height=\"480\" data-id=\"681\" src=\"http:\/\/dfcmr.noeud.de\/wp-content\/uploads\/2021\/07\/herbst2016_1-Klein.jpg\" alt=\"\" class=\"wp-image-681\" srcset=\"https:\/\/dfc-freudenberg.de\/wp-content\/uploads\/2021\/07\/herbst2016_1-Klein.jpg 853w, https:\/\/dfc-freudenberg.de\/wp-content\/uploads\/2021\/07\/herbst2016_1-Klein-300x169.jpg 300w, https:\/\/dfc-freudenberg.de\/wp-content\/uploads\/2021\/07\/herbst2016_1-Klein-768x432.jpg 768w\" sizes=\"(max-width: 853px) 100vw, 853px\" \/><\/figure>\n\n\n\n<figure class=\"wp-block-image size-large is-style-default\"><img loading=\"lazy\" decoding=\"async\" width=\"853\" height=\"480\" data-id=\"684\" src=\"http:\/\/dfcmr.noeud.de\/wp-content\/uploads\/2021\/07\/herbst2016_3-Klein.jpg\" alt=\"\" class=\"wp-image-684\" srcset=\"https:\/\/dfc-freudenberg.de\/wp-content\/uploads\/2021\/07\/herbst2016_3-Klein.jpg 853w, https:\/\/dfc-freudenberg.de\/wp-content\/uploads\/2021\/07\/herbst2016_3-Klein-300x169.jpg 300w, https:\/\/dfc-freudenberg.de\/wp-content\/uploads\/2021\/07\/herbst2016_3-Klein-768x432.jpg 768w\" sizes=\"(max-width: 853px) 100vw, 853px\" \/><\/figure>\n<\/figure>\n\n\n\n<p class=\"has-small-font-size\">Text und Bilder: DFC<\/p>\n","protected":false},"excerpt":{"rendered":"<p>Eisenhammer Hasloch Unser diesj\u00e4hriger Herbstausflug f\u00fchrte uns am 23. Oktober 2016 ins benachbarte \u201eAusland\u201c nach Hasloch, also nach Bayern. Rund&hellip;<\/p>\n","protected":false},"author":1,"featured_media":0,"parent":0,"menu_order":0,"comment_status":"closed","ping_status":"closed","template":"","meta":{"footnotes":""},"class_list":["post-279","page","type-page","status-publish","hentry"],"translation":{"provider":"WPGlobus","version":"3.0.0","language":"fr","enabled_languages":["en","de","fr"],"languages":{"en":{"title":true,"content":true,"excerpt":false},"de":{"title":false,"content":false,"excerpt":false},"fr":{"title":false,"content":false,"excerpt":false}}},"_links":{"self":[{"href":"https:\/\/dfc-freudenberg.de\/fr\/wp-json\/wp\/v2\/pages\/279"}],"collection":[{"href":"https:\/\/dfc-freudenberg.de\/fr\/wp-json\/wp\/v2\/pages"}],"about":[{"href":"https:\/\/dfc-freudenberg.de\/fr\/wp-json\/wp\/v2\/types\/page"}],"author":[{"embeddable":true,"href":"https:\/\/dfc-freudenberg.de\/fr\/wp-json\/wp\/v2\/users\/1"}],"replies":[{"embeddable":true,"href":"https:\/\/dfc-freudenberg.de\/fr\/wp-json\/wp\/v2\/comments?post=279"}],"version-history":[{"count":7,"href":"https:\/\/dfc-freudenberg.de\/fr\/wp-json\/wp\/v2\/pages\/279\/revisions"}],"predecessor-version":[{"id":1916,"href":"https:\/\/dfc-freudenberg.de\/fr\/wp-json\/wp\/v2\/pages\/279\/revisions\/1916"}],"wp:attachment":[{"href":"https:\/\/dfc-freudenberg.de\/fr\/wp-json\/wp\/v2\/media?parent=279"}],"curies":[{"name":"wp","href":"https:\/\/api.w.org\/{rel}","templated":true}]}}