{"id":2609,"date":"2024-09-27T15:47:22","date_gmt":"2024-09-27T13:47:22","guid":{"rendered":"https:\/\/dfc-freudenberg.de\/?page_id=2609"},"modified":"2024-09-27T16:02:47","modified_gmt":"2024-09-27T14:02:47","slug":"rose-des-friedens-symbol-fur-frieden-und-freundschaft","status":"publish","type":"page","link":"https:\/\/dfc-freudenberg.de\/fr\/rose-des-friedens-symbol-fur-frieden-und-freundschaft\/","title":{"rendered":"Rose des Friedens &#8211; Symbol f\u00fcr Frieden und Freundschaft"},"content":{"rendered":"\n<p><\/p>\n\n\n\n<p><strong>Pflanzaktionen in den Stadtteilen<\/strong><\/p>\n\n\n\n<p>In den Freudenberger Stadtteilen Boxtal und Rauenberg wurden die ersten beiden von sechs \u201e<strong>Rosen des Friedens<\/strong>\u201c durch den Deutsch-Franz\u00f6sischen Club Freudenberg (DFC) gepflanzt. Diese besonderen Rosen, die als Zeichen der deutsch-franz\u00f6sischen Freundschaft und des Friedens stehen, wurden im Rahmen zweier Veranstaltungen eingesetzt, an denen zahlreiche G\u00e4ste teilnahmen.<br><strong><br>Pflanzaktion in Boxtal am 9. September<\/strong><br>Am Montag, den 9. September 2024, fand die erste Pflanzaktion in Boxtal statt. Am Gemeindezentrum versammelten sich 25 G\u00e4ste, darunter Stadtr\u00e4te, Ortschaftsr\u00e4te, Mitglieder des DFC und B\u00fcrger, um die Zeremonie zu feiern. Ortschaftsrat Rolf D\u00f6hner begr\u00fc\u00dfte die Anwesenden. Er zeigte sich erfreut, dass die erste Rose im Stadtteil Boxtal ihren Platz finden durfte.<br>Im Anschluss \u00fcbergab er das Wort an die 1. Vorsitzende des DFC, Elisabeth Huba-Mang, die die Geschichte der Rose erl\u00e4uterte. Urspr\u00fcnglich unter dem Namen \u201e<strong>Madame Antoine Meilland<\/strong>\u201c bekannt, wurde die Rose 1935 in der Partnerstadt Saint-Arnoult-en-Yvelines gez\u00fcchtet und sp\u00e4ter als \u201e<strong>Peace-Rose<\/strong>\u201c weltweit verbreitet, um den Wunsch nach Frieden zu symbolisieren. Ihren bedeutendsten Auftritt hatte sie 1945 bei der Gr\u00fcndungsversammlung der <strong>Vereinten Nationen<\/strong>, bei der jedem Delegationschef eine Rose mit der Botschaft \u00fcberreicht wurde: &#8220;M\u00f6ge die Rose &#8216;Peace&#8217; die Bem\u00fchungen der Menschheit um einen gerechten und dauerhaften Frieden unterst\u00fctzen.&#8221; <\/p>\n\n\n\n<p>Der DFC erhielt bei ihrem St\u00e4dtebesuch in Saint-Arnoult im Mai dieses Jahres sechs Rosen von seinen franz\u00f6sischen Freunden und entschied sich, diese in den Stadtteilen Freudenbergs als Zeichen der Freundschaft und des Friedens zu pflanzen.<br>Rolf D\u00f6hner hob pers\u00f6nlich das Pflanzloch f\u00fcr die Rose am Gemeindezentrum f\u00fcr die Rose aus.<br>Nachdem die Rose in die Erde gesetzt und das dreisprachige Schild aufgestellt wurde, bedankte sich der DFC bei Waltraud Geier, die sich zuk\u00fcnftig um das Wohl der Rose in Boxtal k\u00fcmmern wird. Anschlie\u00dfend lud der Club die Anwesenden zu einem Umtrunk und geselligen Beisammensein ein.<\/p>\n\n\n\n<p><strong>Pflanzaktion in Rauenberg am 11. September<\/strong><br>Nur zwei Tage sp\u00e4ter, am Mittwoch, den 11. September 2024, wurde im Freudenberger Stadtteil Rauenberg die zweite \u201eRose des Friedens\u201c offiziell gefeiert. Dieses Mal fand die Zeremonie in der Kurve Raubachstra\u00dfe statt, wo die Rose ihren Platz erhielt. Ortsvorsteherin Margarethe Schmitt begr\u00fc\u00dfte die rund 40 Anwesenden, darunter den Rauenberger Ortschaftsrat, ihren Amtskollegen aus Boxtal, Rolf D\u00f6hner, ihren Vorg\u00e4nger Siebert Wei\u00df sowie die Stadtr\u00e4te Lena Brand und Peter Eckert.<br>Auch in Rauenberg erl\u00e4uterte die 1. Vorsitzende des DFC, Elisabeth Huba-Mang, die Geschichte der Rose und betonte deren Bedeutung als Symbol f\u00fcr den Frieden. Gemeinsam mit Ortsvorsteherin Schmitt setzte sie das offizielle Hinweisschild neben die frisch gepflanzte Rose. Magda Bauer wird sich zuk\u00fcnftig um das Wohlergehen der Rose in Rauenberg k\u00fcmmern.<br>Nach der Pflanzung versammelten sich die Teilnehmer im Rathaus zu einem gem\u00fctlichen Beisammensein, um die gelungene Aktion zu feiern.<\/p>\n\n\n\n<p><strong>Weitere Pflanzungen geplant<\/strong><br>Die offiziellen Einweihungen der weiteren Rosen in den Stadtteilen Wessental, Ebenheid und Freudenberg durch DFC werden in den kommenden Wochen folgen. Der DFC m\u00f6chte damit nicht nur ein Zeichen der deutsch-franz\u00f6sischen Freundschaft setzen, sondern auch den Wunsch nach Frieden f\u00fcr kommende Generationen zum Ausdruck bringen.<br>Diese beiden ersten Pflanzaktionen markieren den Beginn einer bedeutsamen Initiative, die in jedem Stadtteil Freudenbergs sichtbare Zeichen f\u00fcr Frieden und Freundschaft setzen wird.<\/p>\n\n\n\n<p class=\"has-small-font-size\">Bericht Michael Reising<\/p>\n","protected":false},"excerpt":{"rendered":"<p>Pflanzaktionen in den Stadtteilen In den Freudenberger Stadtteilen Boxtal und Rauenberg wurden die ersten beiden von sechs \u201eRosen des Friedens\u201c&hellip;<\/p>\n","protected":false},"author":1,"featured_media":0,"parent":0,"menu_order":0,"comment_status":"closed","ping_status":"closed","template":"","meta":{"footnotes":""},"class_list":["post-2609","page","type-page","status-publish","hentry"],"translation":{"provider":"WPGlobus","version":"3.0.0","language":"fr","enabled_languages":["en","de","fr"],"languages":{"en":{"title":true,"content":true,"excerpt":false},"de":{"title":false,"content":false,"excerpt":false},"fr":{"title":false,"content":false,"excerpt":false}}},"_links":{"self":[{"href":"https:\/\/dfc-freudenberg.de\/fr\/wp-json\/wp\/v2\/pages\/2609"}],"collection":[{"href":"https:\/\/dfc-freudenberg.de\/fr\/wp-json\/wp\/v2\/pages"}],"about":[{"href":"https:\/\/dfc-freudenberg.de\/fr\/wp-json\/wp\/v2\/types\/page"}],"author":[{"embeddable":true,"href":"https:\/\/dfc-freudenberg.de\/fr\/wp-json\/wp\/v2\/users\/1"}],"replies":[{"embeddable":true,"href":"https:\/\/dfc-freudenberg.de\/fr\/wp-json\/wp\/v2\/comments?post=2609"}],"version-history":[{"count":4,"href":"https:\/\/dfc-freudenberg.de\/fr\/wp-json\/wp\/v2\/pages\/2609\/revisions"}],"predecessor-version":[{"id":2615,"href":"https:\/\/dfc-freudenberg.de\/fr\/wp-json\/wp\/v2\/pages\/2609\/revisions\/2615"}],"wp:attachment":[{"href":"https:\/\/dfc-freudenberg.de\/fr\/wp-json\/wp\/v2\/media?parent=2609"}],"curies":[{"name":"wp","href":"https:\/\/api.w.org\/{rel}","templated":true}]}}