{"id":258,"date":"2021-05-25T10:53:14","date_gmt":"2021-05-25T10:53:14","guid":{"rendered":"http:\/\/dfcmr.noeud.de\/?page_id=258"},"modified":"2022-02-18T11:52:54","modified_gmt":"2022-02-18T10:52:54","slug":"2016-2","status":"publish","type":"page","link":"https:\/\/dfc-freudenberg.de\/fr\/2016-2\/","title":{"rendered":"2016 Wiege der Deutschen Demokratie"},"content":{"rendered":"\n<p><strong>Besuch des Comit\u00e9 de Jumelage aus Saint-Arnoult in Freudenberg vom 5.-8. Mai <\/strong><\/p>\n\n\n\n<p><strong>Merci beaucoup de votre hospitalit\u00e9!<\/strong><br><strong>Es lebe die deutsch-franz\u00f6sische Freundschaft &#8211; es lebe Europa!<\/strong><\/p>\n\n\n\n<p>Mit diesem Satz beendete B\u00fcrgermeister Jean-Claude Husson seine Rede am<br>6. Mai 2016 in der Frankfurter Paulskirche.<\/p>\n\n\n\n<p>Die Paulskirche hatte der Deutsch-Franz\u00f6sische Club Freudenberg (DFC) in diesem Jahr ausgew\u00e4hlt, um mit den franz\u00f6sischen Freunden aus Saint-Arnoult-en-Yvelines die St\u00e4dtepartnerschaft zu feiern und somit den europ\u00e4ischen Gedanken zu bekr\u00e4ftigen.<\/p>\n\n\n\n<p>Ein besonderes Anliegen war es dem DFC, den Freunden aus Frankreich die Wiege der deutschen Demokratie vorzustellen. Vor nunmehr 167 Jahren wurde die erste demokratische Verfassung f\u00fcr Deutschland hier geboren. Das Mekka der deutschen Demokratie nannte B\u00fcrgermeister Jean-Claude Husson die Paulskirche in seiner Rede.<\/p>\n\n\n\n<p>Sein deutscher Amtskollege B\u00fcrgermeister Roger Henning zitierte Max von Gagern: \u201eKeine Macht wird ersetzen, was in den Augen der Nation als freier Ausdruck ihrer Selbstbestimmung bereits gewurzelt hat.\u201c Und fuhr fort: \u201eDie 1944 durch Bomben zerst\u00f6rte Paulskirche wurde nach dem Krieg als eines der ersten Geb\u00e4ude in Frankfurt wiederaufgebaut. Sie gilt als nationales Symbol f\u00fcr die Freiheit und den Geburtsort der Demokratie.\u201c<\/p>\n\n\n\n<figure class=\"wp-block-gallery has-nested-images columns-default is-cropped wp-block-gallery-2 is-layout-flex wp-block-gallery-is-layout-flex\">\n<figure class=\"wp-block-image size-large is-style-default\"><img loading=\"lazy\" decoding=\"async\" width=\"480\" height=\"640\" data-id=\"744\" src=\"http:\/\/dfcmr.noeud.de\/wp-content\/uploads\/2021\/07\/besuch2016_8-Klein.jpg\" alt=\"\" class=\"wp-image-744\" srcset=\"https:\/\/dfc-freudenberg.de\/wp-content\/uploads\/2021\/07\/besuch2016_8-Klein.jpg 480w, https:\/\/dfc-freudenberg.de\/wp-content\/uploads\/2021\/07\/besuch2016_8-Klein-225x300.jpg 225w\" sizes=\"(max-width: 480px) 100vw, 480px\" \/><\/figure>\n\n\n\n<figure class=\"wp-block-image size-large is-style-default\"><img loading=\"lazy\" decoding=\"async\" width=\"640\" height=\"480\" data-id=\"742\" src=\"http:\/\/dfcmr.noeud.de\/wp-content\/uploads\/2021\/07\/P5061377-Klein.jpg\" alt=\"\" class=\"wp-image-742\" srcset=\"https:\/\/dfc-freudenberg.de\/wp-content\/uploads\/2021\/07\/P5061377-Klein.jpg 640w, https:\/\/dfc-freudenberg.de\/wp-content\/uploads\/2021\/07\/P5061377-Klein-300x225.jpg 300w\" sizes=\"(max-width: 640px) 100vw, 640px\" \/><\/figure>\n\n\n\n<figure class=\"wp-block-image size-large is-style-default\"><img loading=\"lazy\" decoding=\"async\" width=\"640\" height=\"480\" data-id=\"743\" src=\"http:\/\/dfcmr.noeud.de\/wp-content\/uploads\/2021\/07\/P5061365-Klein.jpg\" alt=\"\" class=\"wp-image-743\" srcset=\"https:\/\/dfc-freudenberg.de\/wp-content\/uploads\/2021\/07\/P5061365-Klein.jpg 640w, https:\/\/dfc-freudenberg.de\/wp-content\/uploads\/2021\/07\/P5061365-Klein-300x225.jpg 300w\" sizes=\"(max-width: 640px) 100vw, 640px\" \/><\/figure>\n<\/figure>\n\n\n\n<p>F\u00fcr ein verl\u00e4ngertes Wochenende verweilten die Franzosen in Freudenberg. Wie immer war an diesen besonderen Tagen einiges in Freudenberg geboten. Dem offiziellen Teil in der Paulskirche ging eine Stadtf\u00fchrung in Frankfurt vom R\u00f6merberg \u00fcber den Eisernen Steg zum Dom voraus.<\/p>\n\n\n\n<p>Am Samstag besuchten die Freudenberger mit ihren G\u00e4sten die Stadtteile Boxtal, Rauenberg, Ebenheid und Wessental, wo sie allerorts herzlich begr\u00fc\u00dft und empfangen wurden. \u00dcberall wurde eine kleine \u201eOrtsrunde\u201c gedreht und die Ortsvorsteher und ihr Team erl\u00e4uterten die jeweilige Chronik auf Deutsch und auf Franz\u00f6sisch. Nat\u00fcrlich durfte die eine oder andere Anekdote nicht fehlen. Auch f\u00fcr die Bewirtung sorgten die Stadtteile bestens. In Wessental endete die Tour durch die Stadtteile. Rund um das \u201eBackh\u00e4usle\u201c verw\u00f6hnten Ortsvorsteher Roland Hildenbrand und sein Team die Deutschen und die Franzosen mit leckerem Flammkuchen und bereiteten allen einige unvergessliche Stunden. Gut gest\u00e4rkt und bester Laune ging es dann bei strahlendem Sonnenschein zur\u00fcck nach Freudenberg.<\/p>\n\n\n\n<figure class=\"wp-block-gallery has-nested-images columns-default is-cropped wp-block-gallery-3 is-layout-flex wp-block-gallery-is-layout-flex\">\n<figure class=\"wp-block-image size-large is-style-default\"><img loading=\"lazy\" decoding=\"async\" width=\"640\" height=\"480\" data-id=\"748\" src=\"http:\/\/dfcmr.noeud.de\/wp-content\/uploads\/2021\/07\/besuch2016_19-Klein.jpg\" alt=\"\" class=\"wp-image-748\" srcset=\"https:\/\/dfc-freudenberg.de\/wp-content\/uploads\/2021\/07\/besuch2016_19-Klein.jpg 640w, https:\/\/dfc-freudenberg.de\/wp-content\/uploads\/2021\/07\/besuch2016_19-Klein-300x225.jpg 300w\" sizes=\"(max-width: 640px) 100vw, 640px\" \/><\/figure>\n\n\n\n<figure class=\"wp-block-image size-large is-style-default\"><img loading=\"lazy\" decoding=\"async\" width=\"790\" height=\"480\" data-id=\"745\" src=\"http:\/\/dfcmr.noeud.de\/wp-content\/uploads\/2021\/07\/besuch2016_33-Klein.jpg\" alt=\"\" class=\"wp-image-745\" srcset=\"https:\/\/dfc-freudenberg.de\/wp-content\/uploads\/2021\/07\/besuch2016_33-Klein.jpg 790w, https:\/\/dfc-freudenberg.de\/wp-content\/uploads\/2021\/07\/besuch2016_33-Klein-300x182.jpg 300w, https:\/\/dfc-freudenberg.de\/wp-content\/uploads\/2021\/07\/besuch2016_33-Klein-768x467.jpg 768w\" sizes=\"(max-width: 790px) 100vw, 790px\" \/><\/figure>\n\n\n\n<figure class=\"wp-block-image size-large is-style-default\"><img loading=\"lazy\" decoding=\"async\" width=\"699\" height=\"480\" data-id=\"749\" src=\"http:\/\/dfcmr.noeud.de\/wp-content\/uploads\/2021\/07\/besuch2016_27-Klein.jpg\" alt=\"\" class=\"wp-image-749\" srcset=\"https:\/\/dfc-freudenberg.de\/wp-content\/uploads\/2021\/07\/besuch2016_27-Klein.jpg 699w, https:\/\/dfc-freudenberg.de\/wp-content\/uploads\/2021\/07\/besuch2016_27-Klein-300x206.jpg 300w\" sizes=\"(max-width: 699px) 100vw, 699px\" \/><\/figure>\n<\/figure>\n\n\n\n<p>Den Abschluss des Besuchs bildete der Interkulturelle Abend in der Turnhalle. Bei gutem Essen und gutem Wein traf man sich zum geselligen Beisammensein, das durch ein kleines, aber feines Programm abgerundet wurde.<\/p>\n\n\n\n<figure class=\"wp-block-gallery has-nested-images columns-default is-cropped wp-block-gallery-4 is-layout-flex wp-block-gallery-is-layout-flex\">\n<figure class=\"wp-block-image size-large is-style-default\"><img loading=\"lazy\" decoding=\"async\" width=\"640\" height=\"480\" data-id=\"752\" src=\"http:\/\/dfcmr.noeud.de\/wp-content\/uploads\/2021\/07\/P5071592-Klein.jpg\" alt=\"\" class=\"wp-image-752\" srcset=\"https:\/\/dfc-freudenberg.de\/wp-content\/uploads\/2021\/07\/P5071592-Klein.jpg 640w, https:\/\/dfc-freudenberg.de\/wp-content\/uploads\/2021\/07\/P5071592-Klein-300x225.jpg 300w\" sizes=\"(max-width: 640px) 100vw, 640px\" \/><\/figure>\n\n\n\n<figure class=\"wp-block-image size-large is-style-default\"><img loading=\"lazy\" decoding=\"async\" width=\"640\" height=\"480\" data-id=\"753\" src=\"http:\/\/dfcmr.noeud.de\/wp-content\/uploads\/2021\/07\/P5071600-Klein.jpg\" alt=\"\" class=\"wp-image-753\" srcset=\"https:\/\/dfc-freudenberg.de\/wp-content\/uploads\/2021\/07\/P5071600-Klein.jpg 640w, https:\/\/dfc-freudenberg.de\/wp-content\/uploads\/2021\/07\/P5071600-Klein-300x225.jpg 300w\" sizes=\"(max-width: 640px) 100vw, 640px\" \/><\/figure>\n\n\n\n<figure class=\"wp-block-image size-large is-style-default\"><img loading=\"lazy\" decoding=\"async\" width=\"662\" height=\"480\" data-id=\"754\" src=\"http:\/\/dfcmr.noeud.de\/wp-content\/uploads\/2021\/07\/besuch2016_39-Klein.jpg\" alt=\"\" class=\"wp-image-754\" srcset=\"https:\/\/dfc-freudenberg.de\/wp-content\/uploads\/2021\/07\/besuch2016_39-Klein.jpg 662w, https:\/\/dfc-freudenberg.de\/wp-content\/uploads\/2021\/07\/besuch2016_39-Klein-300x218.jpg 300w\" sizes=\"(max-width: 662px) 100vw, 662px\" \/><\/figure>\n<\/figure>\n\n\n\n<p><strong>Au revoir 2017 in Saint-Arnoult!<\/strong><\/p>\n\n\n\n<p class=\"has-small-font-size\">Text: Karin Turba-Hildenbrand, Bilder: Ralf Kern, Martin Reuter<\/p>\n","protected":false},"excerpt":{"rendered":"<p>Besuch des Comit\u00e9 de Jumelage aus Saint-Arnoult in Freudenberg vom 5.-8. Mai Merci beaucoup de votre hospitalit\u00e9!Es lebe die deutsch-franz\u00f6sische&hellip;<\/p>\n","protected":false},"author":1,"featured_media":0,"parent":0,"menu_order":0,"comment_status":"closed","ping_status":"closed","template":"","meta":{"footnotes":""},"class_list":["post-258","page","type-page","status-publish","hentry"],"translation":{"provider":"WPGlobus","version":"3.0.0","language":"fr","enabled_languages":["en","de","fr"],"languages":{"en":{"title":true,"content":true,"excerpt":false},"de":{"title":false,"content":false,"excerpt":false},"fr":{"title":false,"content":false,"excerpt":false}}},"_links":{"self":[{"href":"https:\/\/dfc-freudenberg.de\/fr\/wp-json\/wp\/v2\/pages\/258"}],"collection":[{"href":"https:\/\/dfc-freudenberg.de\/fr\/wp-json\/wp\/v2\/pages"}],"about":[{"href":"https:\/\/dfc-freudenberg.de\/fr\/wp-json\/wp\/v2\/types\/page"}],"author":[{"embeddable":true,"href":"https:\/\/dfc-freudenberg.de\/fr\/wp-json\/wp\/v2\/users\/1"}],"replies":[{"embeddable":true,"href":"https:\/\/dfc-freudenberg.de\/fr\/wp-json\/wp\/v2\/comments?post=258"}],"version-history":[{"count":10,"href":"https:\/\/dfc-freudenberg.de\/fr\/wp-json\/wp\/v2\/pages\/258\/revisions"}],"predecessor-version":[{"id":2625,"href":"https:\/\/dfc-freudenberg.de\/fr\/wp-json\/wp\/v2\/pages\/258\/revisions\/2625"}],"wp:attachment":[{"href":"https:\/\/dfc-freudenberg.de\/fr\/wp-json\/wp\/v2\/media?parent=258"}],"curies":[{"name":"wp","href":"https:\/\/api.w.org\/{rel}","templated":true}]}}