{"id":256,"date":"2021-05-25T10:52:58","date_gmt":"2021-05-25T10:52:58","guid":{"rendered":"http:\/\/dfcmr.noeud.de\/?page_id=256"},"modified":"2022-02-18T11:52:16","modified_gmt":"2022-02-18T10:52:16","slug":"2017-2","status":"publish","type":"page","link":"https:\/\/dfc-freudenberg.de\/fr\/2017-2\/","title":{"rendered":"2017 Wo Freundschaft ist w\u00e4chst Frieden"},"content":{"rendered":"\n<p><strong>Zu Gast bei unseren Freunden in Saint-Arnoult<\/strong> <strong>vom 25. bis 28. Mai 2017<\/strong> &#8211; <strong>St\u00e4dtepartnerschaft als Fundament f\u00fcr ein friedliches Europa<\/strong><\/p>\n\n\n\n<p>Es ist zu einer liebgewonnen Tradition geworden, dass sich die Delegationen von Freudenberg und Saint-Arnoult-en-Yvelines an Christi Himmelfahrt abwechselnd in der&nbsp;jeweiligen Partnerstadt treffen. Besonders gut hatte es diesmal der Wettergott mit dem Deutsch-Franz\u00f6sischen Club gemeint, der dieses Jahr mit&nbsp;B\u00fcrgermeister Roger Henning und einer Gruppe Jugendlicher bei herrlichem Sonnenschein nach Saint-Arnoult reiste.<\/p>\n\n\n\n<figure class=\"wp-block-gallery has-nested-images columns-default wp-block-gallery-2 is-layout-flex wp-block-gallery-is-layout-flex\">\n<figure class=\"wp-block-image size-full\"><img loading=\"lazy\" decoding=\"async\" width=\"800\" height=\"600\" data-id=\"574\" src=\"http:\/\/dfcmr.noeud.de\/wp-content\/uploads\/2021\/07\/mai2017_4-1.jpg\" alt=\"\" class=\"wp-image-574\" srcset=\"https:\/\/dfc-freudenberg.de\/wp-content\/uploads\/2021\/07\/mai2017_4-1.jpg 800w, https:\/\/dfc-freudenberg.de\/wp-content\/uploads\/2021\/07\/mai2017_4-1-300x225.jpg 300w, https:\/\/dfc-freudenberg.de\/wp-content\/uploads\/2021\/07\/mai2017_4-1-768x576.jpg 768w\" sizes=\"(max-width: 800px) 100vw, 800px\" \/><figcaption> Schn\u00e4psle vom B\u00fcrgermeister und Apfelwein vom Vorstand<\/figcaption><\/figure>\n\n\n\n<figure class=\"wp-block-image size-full\"><img loading=\"lazy\" decoding=\"async\" width=\"640\" height=\"480\" data-id=\"633\" src=\"http:\/\/dfcmr.noeud.de\/wp-content\/uploads\/2021\/07\/P5250023-Klein.jpg\" alt=\"\" class=\"wp-image-633\" srcset=\"https:\/\/dfc-freudenberg.de\/wp-content\/uploads\/2021\/07\/P5250023-Klein.jpg 640w, https:\/\/dfc-freudenberg.de\/wp-content\/uploads\/2021\/07\/P5250023-Klein-300x225.jpg 300w\" sizes=\"(max-width: 640px) 100vw, 640px\" \/><figcaption>Picknick auf der Reise<\/figcaption><\/figure>\n<\/figure>\n\n\n\n<p style=\"font-size:10px\"><\/p>\n\n\n\n<p>Beim Zwischenstopp in Verdun, dem Schauplatz der Schlacht um Verdun im Ersten Weltkrieg, zeigten sich die Frankreichfahrer sehr beeindruckt und&nbsp; tief bewegt von&nbsp;den Gedenkst\u00e4tten des Krieges.<\/p>\n\n\n\n<figure class=\"wp-block-gallery has-nested-images columns-3 is-cropped wp-block-gallery-3 is-layout-flex wp-block-gallery-is-layout-flex\">\n<figure class=\"wp-block-image size-large\"><img loading=\"lazy\" decoding=\"async\" width=\"800\" height=\"455\" data-id=\"618\" src=\"http:\/\/dfcmr.noeud.de\/wp-content\/uploads\/2021\/07\/P1020591.jpg\" alt=\"\" class=\"wp-image-618\" srcset=\"https:\/\/dfc-freudenberg.de\/wp-content\/uploads\/2021\/07\/P1020591.jpg 800w, https:\/\/dfc-freudenberg.de\/wp-content\/uploads\/2021\/07\/P1020591-300x171.jpg 300w, https:\/\/dfc-freudenberg.de\/wp-content\/uploads\/2021\/07\/P1020591-768x437.jpg 768w\" sizes=\"(max-width: 800px) 100vw, 800px\" \/><\/figure>\n\n\n\n<figure class=\"wp-block-image size-large\"><img loading=\"lazy\" decoding=\"async\" width=\"480\" height=\"640\" data-id=\"621\" src=\"http:\/\/dfcmr.noeud.de\/wp-content\/uploads\/2021\/07\/P1020612-Klein-1.jpg\" alt=\"\" class=\"wp-image-621\" srcset=\"https:\/\/dfc-freudenberg.de\/wp-content\/uploads\/2021\/07\/P1020612-Klein-1.jpg 480w, https:\/\/dfc-freudenberg.de\/wp-content\/uploads\/2021\/07\/P1020612-Klein-1-225x300.jpg 225w\" sizes=\"(max-width: 480px) 100vw, 480px\" \/><\/figure>\n\n\n\n<figure class=\"wp-block-image size-large\"><img loading=\"lazy\" decoding=\"async\" width=\"640\" height=\"480\" data-id=\"625\" src=\"http:\/\/dfcmr.noeud.de\/wp-content\/uploads\/2021\/07\/P5250040-Klein-1.jpg\" alt=\"\" class=\"wp-image-625\" srcset=\"https:\/\/dfc-freudenberg.de\/wp-content\/uploads\/2021\/07\/P5250040-Klein-1.jpg 640w, https:\/\/dfc-freudenberg.de\/wp-content\/uploads\/2021\/07\/P5250040-Klein-1-300x225.jpg 300w\" sizes=\"(max-width: 640px) 100vw, 640px\" \/><\/figure>\n<\/figure>\n\n\n\n<figure class=\"wp-block-gallery has-nested-images columns-2 is-cropped wp-block-gallery-4 is-layout-flex wp-block-gallery-is-layout-flex\">\n<figure class=\"wp-block-image size-large\"><img loading=\"lazy\" decoding=\"async\" width=\"640\" height=\"480\" data-id=\"623\" src=\"http:\/\/dfcmr.noeud.de\/wp-content\/uploads\/2021\/07\/P5250038-Klein-2.jpg\" alt=\"\" class=\"wp-image-623\" srcset=\"https:\/\/dfc-freudenberg.de\/wp-content\/uploads\/2021\/07\/P5250038-Klein-2.jpg 640w, https:\/\/dfc-freudenberg.de\/wp-content\/uploads\/2021\/07\/P5250038-Klein-2-300x225.jpg 300w\" sizes=\"(max-width: 640px) 100vw, 640px\" \/><\/figure>\n\n\n\n<figure class=\"wp-block-image size-large\"><img loading=\"lazy\" decoding=\"async\" width=\"640\" height=\"480\" data-id=\"622\" src=\"http:\/\/dfcmr.noeud.de\/wp-content\/uploads\/2021\/07\/P5250054-Klein-3.jpg\" alt=\"\" class=\"wp-image-622\" srcset=\"https:\/\/dfc-freudenberg.de\/wp-content\/uploads\/2021\/07\/P5250054-Klein-3.jpg 640w, https:\/\/dfc-freudenberg.de\/wp-content\/uploads\/2021\/07\/P5250054-Klein-3-300x225.jpg 300w\" sizes=\"(max-width: 640px) 100vw, 640px\" \/><\/figure>\n<\/figure>\n\n\n\n<p>Gro\u00df war dann das \u201e<em>Hallo<\/em>\u201c oder besser \u201e<em>Bonjour<\/em>\u201c,&nbsp; als die Freudenberger gegen Abend in Saint-Arnoult eintrafen. Bei der sehr herzlichen Begr\u00fc\u00dfung gab es viele&nbsp;Umarmungen und gro\u00dfe Wiedersehensfreude, denn viele Deutsche und Franzosen kennen sich bereits \u00fcber einige Jahre.<\/p>\n\n\n\n<p>Unter Federf\u00fchrung von Francine und G\u00e9rard Gallou, hatte das Comit\u00e9 de Jumelage am Freitag dieses ausgezeichnete Programm zusammengestellt: <br>Zun\u00e4chst tauchten wir in Chateaudun in die &#8220;Grotte de Foulon&#8221; mit  ihren pr\u00e4historischen Funden und weltweit einzigartigen&nbsp; geologischen Sch\u00e4tzen ein.<\/p>\n\n\n\n<figure class=\"wp-block-gallery has-nested-images columns-default is-cropped wp-block-gallery-5 is-layout-flex wp-block-gallery-is-layout-flex\">\n<figure class=\"wp-block-image size-large\"><img loading=\"lazy\" decoding=\"async\" width=\"640\" height=\"480\" data-id=\"596\" src=\"http:\/\/dfcmr.noeud.de\/wp-content\/uploads\/2021\/07\/P5260079-Klein.jpg\" alt=\"\" class=\"wp-image-596\" srcset=\"https:\/\/dfc-freudenberg.de\/wp-content\/uploads\/2021\/07\/P5260079-Klein.jpg 640w, https:\/\/dfc-freudenberg.de\/wp-content\/uploads\/2021\/07\/P5260079-Klein-300x225.jpg 300w\" sizes=\"(max-width: 640px) 100vw, 640px\" \/><\/figure>\n\n\n\n<figure class=\"wp-block-image size-large\"><img loading=\"lazy\" decoding=\"async\" width=\"640\" height=\"480\" data-id=\"597\" src=\"http:\/\/dfcmr.noeud.de\/wp-content\/uploads\/2021\/07\/P5260089-Klein.jpg\" alt=\"\" class=\"wp-image-597\" srcset=\"https:\/\/dfc-freudenberg.de\/wp-content\/uploads\/2021\/07\/P5260089-Klein.jpg 640w, https:\/\/dfc-freudenberg.de\/wp-content\/uploads\/2021\/07\/P5260089-Klein-300x225.jpg 300w\" sizes=\"(max-width: 640px) 100vw, 640px\" \/><\/figure>\n\n\n\n<figure class=\"wp-block-image size-large\"><img loading=\"lazy\" decoding=\"async\" width=\"640\" height=\"480\" data-id=\"626\" src=\"http:\/\/dfcmr.noeud.de\/wp-content\/uploads\/2021\/07\/P5260123-Klein-2.jpg\" alt=\"\" class=\"wp-image-626\" srcset=\"https:\/\/dfc-freudenberg.de\/wp-content\/uploads\/2021\/07\/P5260123-Klein-2.jpg 640w, https:\/\/dfc-freudenberg.de\/wp-content\/uploads\/2021\/07\/P5260123-Klein-2-300x225.jpg 300w\" sizes=\"(max-width: 640px) 100vw, 640px\" \/><\/figure>\n<\/figure>\n\n\n\n<p>Nach dem Mittagessen in der Grotte wurden einige Windm\u00fchlen aus dem <br>17. Jahrhundert&nbsp;besichtigt. 1840 erfand dann Pierre Th\u00e9ophile Berton ein System, mit einem Mechanismus in der M\u00fchle: die bisher benutzten Stoffe an den Fl\u00fcgeln wurden durch Klappplatten&nbsp;ersetzt.&nbsp;So wurde die Arbeit des M\u00fcllers vereinfacht aber auch gesichert.<\/p>\n\n\n\n<figure class=\"wp-block-gallery has-nested-images columns-default is-cropped wp-block-gallery-6 is-layout-flex wp-block-gallery-is-layout-flex\">\n<figure class=\"wp-block-image size-large\"><img loading=\"lazy\" decoding=\"async\" width=\"600\" height=\"800\" data-id=\"578\" src=\"http:\/\/dfcmr.noeud.de\/wp-content\/uploads\/2021\/07\/mai2017_12-1.jpg\" alt=\"\" class=\"wp-image-578\" srcset=\"https:\/\/dfc-freudenberg.de\/wp-content\/uploads\/2021\/07\/mai2017_12-1.jpg 600w, https:\/\/dfc-freudenberg.de\/wp-content\/uploads\/2021\/07\/mai2017_12-1-225x300.jpg 225w\" sizes=\"(max-width: 600px) 100vw, 600px\" \/><\/figure>\n\n\n\n<figure class=\"wp-block-image size-large\"><img loading=\"lazy\" decoding=\"async\" width=\"640\" height=\"480\" data-id=\"595\" src=\"http:\/\/dfcmr.noeud.de\/wp-content\/uploads\/2021\/07\/P5260062-Klein.jpg\" alt=\"\" class=\"wp-image-595\" srcset=\"https:\/\/dfc-freudenberg.de\/wp-content\/uploads\/2021\/07\/P5260062-Klein.jpg 640w, https:\/\/dfc-freudenberg.de\/wp-content\/uploads\/2021\/07\/P5260062-Klein-300x225.jpg 300w\" sizes=\"(max-width: 640px) 100vw, 640px\" \/><\/figure>\n\n\n\n<figure class=\"wp-block-image size-large\"><img loading=\"lazy\" decoding=\"async\" width=\"640\" height=\"480\" data-id=\"609\" src=\"http:\/\/dfcmr.noeud.de\/wp-content\/uploads\/2021\/07\/P5260227-Klein.jpg\" alt=\"\" class=\"wp-image-609\" srcset=\"https:\/\/dfc-freudenberg.de\/wp-content\/uploads\/2021\/07\/P5260227-Klein.jpg 640w, https:\/\/dfc-freudenberg.de\/wp-content\/uploads\/2021\/07\/P5260227-Klein-300x225.jpg 300w\" sizes=\"(max-width: 640px) 100vw, 640px\" \/><\/figure>\n<\/figure>\n\n\n\n<p>H\u00f6hepunkt des Tages war die Bootstour in den Kan\u00e4len der Loire in der Stadt Bonneval auch \u201eKleinvenedig der Beauce\u201c genannt. Die Beauce ist eine d\u00fcnnbesiedelte&nbsp;franz\u00f6sische B\u00f6rdenlandschaft und wird auch als \u201eKornkammer von Paris\u201c bezeichnet.<\/p>\n\n\n\n<figure class=\"wp-block-gallery has-nested-images columns-default is-cropped wp-block-gallery-7 is-layout-flex wp-block-gallery-is-layout-flex\">\n<figure class=\"wp-block-image size-large\"><img loading=\"lazy\" decoding=\"async\" width=\"640\" height=\"480\" data-id=\"629\" src=\"http:\/\/dfcmr.noeud.de\/wp-content\/uploads\/2021\/07\/P1020649-Klein.jpg\" alt=\"\" class=\"wp-image-629\" srcset=\"https:\/\/dfc-freudenberg.de\/wp-content\/uploads\/2021\/07\/P1020649-Klein.jpg 640w, https:\/\/dfc-freudenberg.de\/wp-content\/uploads\/2021\/07\/P1020649-Klein-300x225.jpg 300w\" sizes=\"(max-width: 640px) 100vw, 640px\" \/><\/figure>\n\n\n\n<figure class=\"wp-block-image size-large\"><img loading=\"lazy\" decoding=\"async\" width=\"800\" height=\"600\" data-id=\"580\" src=\"http:\/\/dfcmr.noeud.de\/wp-content\/uploads\/2021\/07\/mai2017_17.jpg\" alt=\"\" class=\"wp-image-580\" srcset=\"https:\/\/dfc-freudenberg.de\/wp-content\/uploads\/2021\/07\/mai2017_17.jpg 800w, https:\/\/dfc-freudenberg.de\/wp-content\/uploads\/2021\/07\/mai2017_17-300x225.jpg 300w, https:\/\/dfc-freudenberg.de\/wp-content\/uploads\/2021\/07\/mai2017_17-768x576.jpg 768w\" sizes=\"(max-width: 800px) 100vw, 800px\" \/><\/figure>\n\n\n\n<figure class=\"wp-block-image size-large\"><img loading=\"lazy\" decoding=\"async\" width=\"640\" height=\"480\" data-id=\"615\" src=\"http:\/\/dfcmr.noeud.de\/wp-content\/uploads\/2021\/07\/P5260201-Klein-1.jpg\" alt=\"\" class=\"wp-image-615\" srcset=\"https:\/\/dfc-freudenberg.de\/wp-content\/uploads\/2021\/07\/P5260201-Klein-1.jpg 640w, https:\/\/dfc-freudenberg.de\/wp-content\/uploads\/2021\/07\/P5260201-Klein-1-300x225.jpg 300w\" sizes=\"(max-width: 640px) 100vw, 640px\" \/><\/figure>\n\n\n\n<figure class=\"wp-block-image size-large\"><img loading=\"lazy\" decoding=\"async\" width=\"640\" height=\"480\" data-id=\"616\" src=\"http:\/\/dfcmr.noeud.de\/wp-content\/uploads\/2021\/07\/P5260195-Klein-2.jpg\" alt=\"\" class=\"wp-image-616\" srcset=\"https:\/\/dfc-freudenberg.de\/wp-content\/uploads\/2021\/07\/P5260195-Klein-2.jpg 640w, https:\/\/dfc-freudenberg.de\/wp-content\/uploads\/2021\/07\/P5260195-Klein-2-300x225.jpg 300w\" sizes=\"(max-width: 640px) 100vw, 640px\" \/><\/figure>\n\n\n\n<figure class=\"wp-block-image size-large\"><img loading=\"lazy\" decoding=\"async\" width=\"640\" height=\"480\" data-id=\"631\" src=\"http:\/\/dfcmr.noeud.de\/wp-content\/uploads\/2021\/07\/P1020660-Klein-1.jpg\" alt=\"\" class=\"wp-image-631\" srcset=\"https:\/\/dfc-freudenberg.de\/wp-content\/uploads\/2021\/07\/P1020660-Klein-1.jpg 640w, https:\/\/dfc-freudenberg.de\/wp-content\/uploads\/2021\/07\/P1020660-Klein-1-300x225.jpg 300w\" sizes=\"(max-width: 640px) 100vw, 640px\" \/><\/figure>\n\n\n\n<figure class=\"wp-block-image size-large\"><img loading=\"lazy\" decoding=\"async\" width=\"640\" height=\"480\" data-id=\"632\" src=\"http:\/\/dfcmr.noeud.de\/wp-content\/uploads\/2021\/07\/P5260168-Klein-1.jpg\" alt=\"\" class=\"wp-image-632\" srcset=\"https:\/\/dfc-freudenberg.de\/wp-content\/uploads\/2021\/07\/P5260168-Klein-1.jpg 640w, https:\/\/dfc-freudenberg.de\/wp-content\/uploads\/2021\/07\/P5260168-Klein-1-300x225.jpg 300w\" sizes=\"(max-width: 640px) 100vw, 640px\" \/><\/figure>\n<\/figure>\n\n\n\n<p>Den Samstag verbrachten die deutschen G\u00e4ste mit ihren franz\u00f6sischen Gastfamilien.&nbsp; Die Unternehmungen reichten von Mittelaltermarkt \u00fcber Kirmes und Flohmarkt bis hin&nbsp;zur Stippvisite in Paris oder einem Ausflug in die Umgebung, wie zum Beispiel nach Chartres. Nach einer Rundfahrt entlang der Sehensw\u00fcrdigkeiten von Chartres durch enge&nbsp;G\u00e4sschen und am Ufer des Fl\u00fcsschens l`Eure, vorbei an den Kirchen und der Kathedrale NOTRE DAME wurde auch der restaurierte Innenraum der Kathedrale besucht. Sehenswert war auch eine Initiative der Stadt Chartres: LES FRESQUES DE BEL AIR. Hier wurden&nbsp;die Fassaden einer gro\u00dfen Wohnanlage mit Kunstwerken zu&nbsp;verschiedensten Themen bemalt.<\/p>\n\n\n\n<figure class=\"wp-block-gallery has-nested-images columns-default is-cropped wp-block-gallery-8 is-layout-flex wp-block-gallery-is-layout-flex\">\n<figure class=\"wp-block-image size-large\"><img loading=\"lazy\" decoding=\"async\" width=\"480\" height=\"640\" data-id=\"642\" src=\"http:\/\/dfcmr.noeud.de\/wp-content\/uploads\/2021\/07\/mai2017_23-Klein.jpg\" alt=\"\" class=\"wp-image-642\" srcset=\"https:\/\/dfc-freudenberg.de\/wp-content\/uploads\/2021\/07\/mai2017_23-Klein.jpg 480w, https:\/\/dfc-freudenberg.de\/wp-content\/uploads\/2021\/07\/mai2017_23-Klein-225x300.jpg 225w\" sizes=\"(max-width: 480px) 100vw, 480px\" \/><\/figure>\n\n\n\n<figure class=\"wp-block-image size-large\"><img loading=\"lazy\" decoding=\"async\" width=\"640\" height=\"480\" data-id=\"646\" src=\"http:\/\/dfcmr.noeud.de\/wp-content\/uploads\/2021\/07\/P5270263-Klein-4.jpg\" alt=\"\" class=\"wp-image-646\" srcset=\"https:\/\/dfc-freudenberg.de\/wp-content\/uploads\/2021\/07\/P5270263-Klein-4.jpg 640w, https:\/\/dfc-freudenberg.de\/wp-content\/uploads\/2021\/07\/P5270263-Klein-4-300x225.jpg 300w\" sizes=\"(max-width: 640px) 100vw, 640px\" \/><\/figure>\n\n\n\n<figure class=\"wp-block-image size-large\"><img loading=\"lazy\" decoding=\"async\" width=\"640\" height=\"480\" data-id=\"643\" src=\"http:\/\/dfcmr.noeud.de\/wp-content\/uploads\/2021\/07\/mai2017_30-Klein-2.jpg\" alt=\"\" class=\"wp-image-643\" srcset=\"https:\/\/dfc-freudenberg.de\/wp-content\/uploads\/2021\/07\/mai2017_30-Klein-2.jpg 640w, https:\/\/dfc-freudenberg.de\/wp-content\/uploads\/2021\/07\/mai2017_30-Klein-2-300x225.jpg 300w\" sizes=\"(max-width: 640px) 100vw, 640px\" \/><\/figure>\n<\/figure>\n\n\n\n<p>Traditionell fand am Samstag der Gala-Abend statt. Selbst tropische Temperaturen im Festsaal \u201eColombier\u201c konnten Deutsche und Franzosen nicht daran hindern,  gemeinsam ausgiebig zu feiern.<\/p>\n\n\n\n<p>Der franz\u00f6sische B\u00fcrgermeister Jean-Claude Husson begr\u00fc\u00dfte die G\u00e4ste sehr herzlich und w\u00fcnschte einen sch\u00f6nen Abend. Eine besondere Ehre wurde&nbsp;B\u00fcrgermeister Roger Henning zuteil, so erkl\u00e4rte Jean-Claude Husson, denn beide besuchten zusammen die Bibliothek&nbsp; im \u201eMaison Triolet-Aragon\u201c , die alte M\u00fchle des&nbsp;Ehepaars Elsa Triolet und Louis Aragon in Saint Arnoult. Diese Bibliothek mit ihren \u00fcber 30.000 B\u00fcchern ist eigentlich ausschlie\u00dflich f\u00fcr Wissenschaftler zug\u00e4nglich.<\/p>\n\n\n\n<p>In seiner Rede zitierte B\u00fcrgermeister Roger Henning den fr\u00fcheren deutschen Au\u00dfenminister Hans-Dietrich Genscher, der die B\u00fcrgerinnen und B\u00fcrger, die sich in&nbsp;St\u00e4dtepartnerschaften engagieren, &nbsp;als Botschafter \u201eehrenhalber\u201c bezeichnete. \u00dcber den Besuch in Verdun sagte Herr Henning, dass ihn besonders bewegt hat,&nbsp;wie viele hunderttausende dort in nur 10 Monaten&nbsp; starben und dass die Schlacht von Verdun nun zum Sinnbild des menschenverachtenden Stellungskrieges des&nbsp;Ersten Weltkrieges geworden ist. In diesem Krieg gab es keine wahren Sieger, so Henning, nur Frauen, Kinder und Familien, die Ihre V\u00e4ter und S\u00f6hne verloren haben. \u201eDamit es zu so etwas schrecklichem zwischen unseren L\u00e4nder nie wieder kommt \u2013 auch dazu dient unsere St\u00e4dtepartnerschaft! \u201c so Henning w\u00f6rtlich. &nbsp;&nbsp;&nbsp;&nbsp;&nbsp;&nbsp;&nbsp;&nbsp;&nbsp;&nbsp;&nbsp;&nbsp;&nbsp;&nbsp;&nbsp;&nbsp;&nbsp;&nbsp;&nbsp;&nbsp;&nbsp;&nbsp;&nbsp;&nbsp;&nbsp;&nbsp;&nbsp;&nbsp;&nbsp;&nbsp;&nbsp;&nbsp;&nbsp;&nbsp;&nbsp;&nbsp;&nbsp;&nbsp;&nbsp;&nbsp;&nbsp;&nbsp;&nbsp;&nbsp;&nbsp;&nbsp;&nbsp;&nbsp;&nbsp;&nbsp; Mit einem Zitat&nbsp; von Richard von Weizs\u00e4cker &nbsp;\u201e Wo Begegnung ist, w\u00e4chst Verst\u00e4ndnis.&nbsp; Wo Verst\u00e4ndnis ist, w\u00e4chst Freundschaft. Wo Freundschaft ist, w\u00e4chst der Frieden.\u201c beendete der B\u00fcrgermeister seine Rede.&nbsp; Er bedankte sich bei den Gastgebern und w\u00fcnschte abschlie\u00dfend ein vereintes friedliches Europa.<\/p>\n\n\n\n<figure class=\"wp-block-gallery has-nested-images columns-default is-cropped wp-block-gallery-9 is-layout-flex wp-block-gallery-is-layout-flex\">\n<figure class=\"wp-block-image size-large\"><img loading=\"lazy\" decoding=\"async\" width=\"480\" height=\"763\" data-id=\"653\" src=\"http:\/\/dfcmr.noeud.de\/wp-content\/uploads\/2021\/07\/Kopie-Buergermeister-Klein-1.jpg\" alt=\"\" class=\"wp-image-653\" srcset=\"https:\/\/dfc-freudenberg.de\/wp-content\/uploads\/2021\/07\/Kopie-Buergermeister-Klein-1.jpg 480w, https:\/\/dfc-freudenberg.de\/wp-content\/uploads\/2021\/07\/Kopie-Buergermeister-Klein-1-189x300.jpg 189w\" sizes=\"(max-width: 480px) 100vw, 480px\" \/><\/figure>\n\n\n\n<figure class=\"wp-block-image size-large\"><img loading=\"lazy\" decoding=\"async\" width=\"480\" height=\"640\" data-id=\"654\" src=\"http:\/\/dfcmr.noeud.de\/wp-content\/uploads\/2021\/07\/P1020718-Klein-1.jpg\" alt=\"\" class=\"wp-image-654\" srcset=\"https:\/\/dfc-freudenberg.de\/wp-content\/uploads\/2021\/07\/P1020718-Klein-1.jpg 480w, https:\/\/dfc-freudenberg.de\/wp-content\/uploads\/2021\/07\/P1020718-Klein-1-225x300.jpg 225w\" sizes=\"(max-width: 480px) 100vw, 480px\" \/><\/figure>\n\n\n\n<figure class=\"wp-block-image size-large\"><img loading=\"lazy\" decoding=\"async\" width=\"652\" height=\"480\" data-id=\"655\" src=\"http:\/\/dfcmr.noeud.de\/wp-content\/uploads\/2021\/07\/P1020742-Klein-1.jpg\" alt=\"\" class=\"wp-image-655\" srcset=\"https:\/\/dfc-freudenberg.de\/wp-content\/uploads\/2021\/07\/P1020742-Klein-1.jpg 652w, https:\/\/dfc-freudenberg.de\/wp-content\/uploads\/2021\/07\/P1020742-Klein-1-300x221.jpg 300w\" sizes=\"(max-width: 652px) 100vw, 652px\" \/><\/figure>\n<\/figure>\n\n\n\n<p>Erstmalig wurde dann der Freudenberger \u201eRevolutions-Wein\u201c ausgeschenkt, den der Burgschauspielverein dieses Jahr anl\u00e4sslich der Auff\u00fchrung des Theaterst\u00fcckes&nbsp;\u201eAdam Lux \u2013 frei leben oder sterben\u201c kreiert hat. Robert Kern, der Vorsitzende des Deutsch-Franz\u00f6sischen Clubs lud die franz\u00f6sischen Gastfamilien zum&nbsp;Besuch der Burgfestspiele im Sommer nach Freudenberg ein.<\/p>\n\n\n\n<p>Am Sonntagmorgen gab es nach dem gemeinsamen Fr\u00fchst\u00fcck bei Kaffee und Croissants sehr viele K\u00fcsschen und manch einer hatte dann doch eine Tr\u00e4ne in den Augen,&nbsp;denn der Abschied fiel sehr schwer. Anl\u00e4sslich des franz\u00f6sischen Muttertags erhielten alle M\u00fctter von Francine Gallou ein kleines Pr\u00e4sent. So kam es,&nbsp;dass Busfahrer J\u00fcrgen erst durch mehrmaliges Hupen die Abfahrt erreichen konnte und es hie\u00df endg\u00fcltig \u201e<em>au revoir<\/em>\u201c:<\/p>\n\n\n\n<figure class=\"wp-block-gallery aligncenter has-nested-images columns-default is-cropped wp-block-gallery-10 is-layout-flex wp-block-gallery-is-layout-flex\">\n<figure class=\"wp-block-image size-large\"><img loading=\"lazy\" decoding=\"async\" width=\"640\" height=\"480\" data-id=\"656\" src=\"http:\/\/dfcmr.noeud.de\/wp-content\/uploads\/2021\/07\/P1020769-Klein.jpg\" alt=\"\" class=\"wp-image-656\" srcset=\"https:\/\/dfc-freudenberg.de\/wp-content\/uploads\/2021\/07\/P1020769-Klein.jpg 640w, https:\/\/dfc-freudenberg.de\/wp-content\/uploads\/2021\/07\/P1020769-Klein-300x225.jpg 300w\" sizes=\"(max-width: 640px) 100vw, 640px\" \/><\/figure>\n<\/figure>\n\n\n\n<p class=\"has-text-align-center\"><strong>Auf Wiedersehen in Freudenberg 2018!&nbsp;&nbsp;&nbsp;<\/strong><\/p>\n\n\n\n<p class=\"has-small-font-size\">Text: Karin Turba-Hildenbrand, Bilder: Ralf Kern, Martin Reuter<\/p>\n","protected":false},"excerpt":{"rendered":"<p>Zu Gast bei unseren Freunden in Saint-Arnoult vom 25. bis 28. Mai 2017 &#8211; St\u00e4dtepartnerschaft als Fundament f\u00fcr ein friedliches&hellip;<\/p>\n","protected":false},"author":1,"featured_media":0,"parent":0,"menu_order":0,"comment_status":"closed","ping_status":"closed","template":"","meta":{"footnotes":""},"class_list":["post-256","page","type-page","status-publish","hentry"],"translation":{"provider":"WPGlobus","version":"3.0.0","language":"fr","enabled_languages":["en","de","fr"],"languages":{"en":{"title":true,"content":true,"excerpt":false},"de":{"title":false,"content":false,"excerpt":false},"fr":{"title":false,"content":false,"excerpt":false}}},"_links":{"self":[{"href":"https:\/\/dfc-freudenberg.de\/fr\/wp-json\/wp\/v2\/pages\/256"}],"collection":[{"href":"https:\/\/dfc-freudenberg.de\/fr\/wp-json\/wp\/v2\/pages"}],"about":[{"href":"https:\/\/dfc-freudenberg.de\/fr\/wp-json\/wp\/v2\/types\/page"}],"author":[{"embeddable":true,"href":"https:\/\/dfc-freudenberg.de\/fr\/wp-json\/wp\/v2\/users\/1"}],"replies":[{"embeddable":true,"href":"https:\/\/dfc-freudenberg.de\/fr\/wp-json\/wp\/v2\/comments?post=256"}],"version-history":[{"count":29,"href":"https:\/\/dfc-freudenberg.de\/fr\/wp-json\/wp\/v2\/pages\/256\/revisions"}],"predecessor-version":[{"id":1908,"href":"https:\/\/dfc-freudenberg.de\/fr\/wp-json\/wp\/v2\/pages\/256\/revisions\/1908"}],"wp:attachment":[{"href":"https:\/\/dfc-freudenberg.de\/fr\/wp-json\/wp\/v2\/media?parent=256"}],"curies":[{"name":"wp","href":"https:\/\/api.w.org\/{rel}","templated":true}]}}