{"id":2513,"date":"2024-06-25T15:30:00","date_gmt":"2024-06-25T13:30:00","guid":{"rendered":"https:\/\/dfc-freudenberg.de\/?page_id=2513"},"modified":"2024-09-27T16:52:52","modified_gmt":"2024-09-27T14:52:52","slug":"2024-eine-unvergessliche-reise-in-die-partnerstadt","status":"publish","type":"page","link":"https:\/\/dfc-freudenberg.de\/fr\/2024-eine-unvergessliche-reise-in-die-partnerstadt\/","title":{"rendered":"2024 Eine unvergessliche Reise in die Partnerstadt"},"content":{"rendered":"\n<p><\/p>\n\n\n\n<p><strong>Deutsch-Franz\u00f6sischer Club Freudenberg erlebt unvergessliche Reise in seine Partnerstadt Saint-Arnoult-en-Yvelines<\/strong><\/p>\n\n\n\n<p>Vom 9. bis zum 12. Mai 2024 begab sich der Deutsch-Franz\u00f6sische Club Freudenberg e.V. auf eine Reise nach Saint-Arnoult-en-Yvelines. Anlass war der j\u00e4hrlich im Austausch stattfindende St\u00e4dtebesuch. In diesem Jahr stand der Besuch zus\u00e4tzlich unter dem Motto \u201e30 Jahre St\u00e4dtepartnerschaft\u201c. Mit gro\u00dfer Vorfreude starteten 36 Mitglieder des Clubs, darunter sieben Kinder, am fr\u00fchen Morgen in Freudenberg ihre Fahrt.<\/p>\n\n\n\n<p>Nach einer erlebnisreichen Fahrt mit einem Zwischenstopp an der majest\u00e4tischen Kathedrale \u201eNotre-Dame de Reims\u201c erreichte die Gruppe am sp\u00e4ten Nachmittag Saint-Arnoult, wo sie herzlich von ihren franz\u00f6sischen Freunden am \u201eSalle le Colombier\u201c empfangen wurden. Nach dem obligatorischen Begr\u00fc\u00dfungssekt wurden die Teilnehmer auf ihre Gastgeber verteilt und verbrachten den Abend mit ihren Gastfamilien.<\/p>\n\n\n\n<figure class=\"wp-block-gallery has-nested-images columns-default is-cropped wp-block-gallery-2 is-layout-flex wp-block-gallery-is-layout-flex\">\n<figure class=\"wp-block-image size-large\"><img loading=\"lazy\" decoding=\"async\" width=\"360\" height=\"480\" data-id=\"2521\" src=\"https:\/\/dfc-freudenberg.de\/wp-content\/uploads\/2024\/06\/QIGI8297-Klein.jpg\" alt=\"\" class=\"wp-image-2521\" srcset=\"https:\/\/dfc-freudenberg.de\/wp-content\/uploads\/2024\/06\/QIGI8297-Klein.jpg 360w, https:\/\/dfc-freudenberg.de\/wp-content\/uploads\/2024\/06\/QIGI8297-Klein-225x300.jpg 225w\" sizes=\"(max-width: 360px) 100vw, 360px\" \/><figcaption>Franz\u00f6sisch-Deutsche Vers\u00f6hnung 1962 in der Kathedrale in Reims<\/figcaption><\/figure>\n\n\n\n<figure class=\"wp-block-image size-large\"><img loading=\"lazy\" decoding=\"async\" width=\"270\" height=\"480\" data-id=\"2525\" src=\"https:\/\/dfc-freudenberg.de\/wp-content\/uploads\/2024\/06\/JYNH4214-Klein-1.jpg\" alt=\"\" class=\"wp-image-2525\" srcset=\"https:\/\/dfc-freudenberg.de\/wp-content\/uploads\/2024\/06\/JYNH4214-Klein-1.jpg 270w, https:\/\/dfc-freudenberg.de\/wp-content\/uploads\/2024\/06\/JYNH4214-Klein-1-169x300.jpg 169w\" sizes=\"(max-width: 270px) 100vw, 270px\" \/><figcaption>Saint-Arnoult gr\u00fc\u00dft seine G\u00e4ste<\/figcaption><\/figure>\n<\/figure>\n\n\n\n<p><\/p>\n\n\n\n<p>Der Freitag stand ganz im Zeichen von Saint-Arnoult. Mit einem ausgiebigen selbst hergestellten&nbsp; Mittagsbuffet, begleitet von k\u00f6stlichem Fassbier aus der Region, begann der gemeinsame Teil des Tages. Am Nachmittag konnten die Freudenberger G\u00e4ste bei einem Rundgang durch die Stadt Altes und Neues entdecken. Spontan lud der Saint-Arnoulter K\u00fcnstler Lemoine Laurent die Gruppe in sein Atelier ein.<\/p>\n\n\n\n<p>Am Samstag erkundete die Gruppe gemeinsam mit den franz\u00f6sischen Freunden die faszinierende Stadt Paris. Vormittags besuchte sie die ber\u00fchmten Passagen Verdeau, Jouffroy und Panoramas. Am Nachmittag genossen sie bei strahlendem Sonnenschein den Jardin des Plantes und die Galerie de Pal\u00e9ontologie. Bei einer kleinen Stadtrundfahrt konnte man die Vorbereitungen f\u00fcr die olympischen Spiele sehen. Viele Stra\u00dfensperrungen forderten den Fahrer heraus bevor er mit seinem Bus am Place du Trocade\u00e9ro Halt machte. Die einzigartige Sicht auf den imposanten Eiffelturm begeisterte alle und das Gruppenfoto durfte dabei nicht fehlen.<\/p>\n\n\n\n<figure class=\"wp-block-gallery has-nested-images columns-default is-cropped wp-block-gallery-3 is-layout-flex wp-block-gallery-is-layout-flex\">\n<figure class=\"wp-block-image size-large\"><img loading=\"lazy\" decoding=\"async\" width=\"640\" height=\"480\" data-id=\"2528\" src=\"https:\/\/dfc-freudenberg.de\/wp-content\/uploads\/2024\/06\/IMG_2700-Klein.jpg\" alt=\"\" class=\"wp-image-2528\" srcset=\"https:\/\/dfc-freudenberg.de\/wp-content\/uploads\/2024\/06\/IMG_2700-Klein.jpg 640w, https:\/\/dfc-freudenberg.de\/wp-content\/uploads\/2024\/06\/IMG_2700-Klein-300x225.jpg 300w\" sizes=\"(max-width: 640px) 100vw, 640px\" \/><figcaption>in den Passagen<\/figcaption><\/figure>\n\n\n\n<figure class=\"wp-block-image size-large\"><img loading=\"lazy\" decoding=\"async\" width=\"480\" height=\"640\" data-id=\"2530\" src=\"https:\/\/dfc-freudenberg.de\/wp-content\/uploads\/2024\/06\/IMG_3384-Klein-rotated.jpg\" alt=\"\" class=\"wp-image-2530\" srcset=\"https:\/\/dfc-freudenberg.de\/wp-content\/uploads\/2024\/06\/IMG_3384-Klein-rotated.jpg 480w, https:\/\/dfc-freudenberg.de\/wp-content\/uploads\/2024\/06\/IMG_3384-Klein-225x300.jpg 225w\" sizes=\"(max-width: 480px) 100vw, 480px\" \/><figcaption>interessante Auslagen<\/figcaption><\/figure>\n\n\n\n<figure class=\"wp-block-image size-large\"><img loading=\"lazy\" decoding=\"async\" width=\"640\" height=\"480\" data-id=\"2529\" src=\"https:\/\/dfc-freudenberg.de\/wp-content\/uploads\/2024\/06\/IMG_2730-Klein.jpg\" alt=\"\" class=\"wp-image-2529\" srcset=\"https:\/\/dfc-freudenberg.de\/wp-content\/uploads\/2024\/06\/IMG_2730-Klein.jpg 640w, https:\/\/dfc-freudenberg.de\/wp-content\/uploads\/2024\/06\/IMG_2730-Klein-300x225.jpg 300w\" sizes=\"(max-width: 640px) 100vw, 640px\" \/><figcaption>Mittagessen inmitten der Stadt<\/figcaption><\/figure>\n\n\n\n<figure class=\"wp-block-image size-large\"><img loading=\"lazy\" decoding=\"async\" width=\"640\" height=\"480\" data-id=\"2532\" src=\"https:\/\/dfc-freudenberg.de\/wp-content\/uploads\/2024\/06\/IMG_3392-Klein.jpg\" alt=\"\" class=\"wp-image-2532\" srcset=\"https:\/\/dfc-freudenberg.de\/wp-content\/uploads\/2024\/06\/IMG_3392-Klein.jpg 640w, https:\/\/dfc-freudenberg.de\/wp-content\/uploads\/2024\/06\/IMG_3392-Klein-300x225.jpg 300w\" sizes=\"(max-width: 640px) 100vw, 640px\" \/><figcaption>Jardin des Plantes<\/figcaption><\/figure>\n\n\n\n<figure class=\"wp-block-image size-large\"><img loading=\"lazy\" decoding=\"async\" width=\"640\" height=\"480\" data-id=\"2534\" src=\"https:\/\/dfc-freudenberg.de\/wp-content\/uploads\/2024\/06\/IMG_3425-Klein.jpg\" alt=\"\" class=\"wp-image-2534\" srcset=\"https:\/\/dfc-freudenberg.de\/wp-content\/uploads\/2024\/06\/IMG_3425-Klein.jpg 640w, https:\/\/dfc-freudenberg.de\/wp-content\/uploads\/2024\/06\/IMG_3425-Klein-300x225.jpg 300w\" sizes=\"(max-width: 640px) 100vw, 640px\" \/><figcaption>auf dem Weg zum Trocad\u00e9ro<\/figcaption><\/figure>\n\n\n\n<figure class=\"wp-block-image size-large\"><img loading=\"lazy\" decoding=\"async\" width=\"640\" height=\"480\" data-id=\"2536\" src=\"https:\/\/dfc-freudenberg.de\/wp-content\/uploads\/2024\/06\/IMG_2775-Klein.jpg\" alt=\"\" class=\"wp-image-2536\" srcset=\"https:\/\/dfc-freudenberg.de\/wp-content\/uploads\/2024\/06\/IMG_2775-Klein.jpg 640w, https:\/\/dfc-freudenberg.de\/wp-content\/uploads\/2024\/06\/IMG_2775-Klein-300x225.jpg 300w\" sizes=\"(max-width: 640px) 100vw, 640px\" \/><figcaption>\u00fcberall Eiffelt\u00fcrme<\/figcaption><\/figure>\n<\/figure>\n\n\n\n<p><\/p>\n\n\n\n<p>Den H\u00f6hepunkt des Tages bildete die Fahrt mit Abendessen auf der Seine auf einem der \u201eBateaux Mouches\u201c. Auf dem Deck des Schiffes hielten die B\u00fcrgermeister Joelle Jegat und Roger Henning ihre bewegenden Ansprachen. Sie betonten die Bedeutung der St\u00e4dtepartnerschaft f\u00fcr ein friedliches Europa und ermutigten dazu, die Partnerschaft lebendig zu halten.<\/p>\n\n\n\n<p><\/p>\n\n\n\n<figure class=\"wp-block-gallery has-nested-images columns-default is-cropped wp-block-gallery-4 is-layout-flex wp-block-gallery-is-layout-flex\">\n<figure class=\"wp-block-image size-large\"><img loading=\"lazy\" decoding=\"async\" width=\"640\" height=\"480\" data-id=\"2540\" src=\"https:\/\/dfc-freudenberg.de\/wp-content\/uploads\/2024\/06\/IMG_2776-Klein.jpg\" alt=\"\" class=\"wp-image-2540\" srcset=\"https:\/\/dfc-freudenberg.de\/wp-content\/uploads\/2024\/06\/IMG_2776-Klein.jpg 640w, https:\/\/dfc-freudenberg.de\/wp-content\/uploads\/2024\/06\/IMG_2776-Klein-300x225.jpg 300w\" sizes=\"(max-width: 640px) 100vw, 640px\" \/><figcaption>B\u00fcrgermeister und DFC-Vorsitzende<\/figcaption><\/figure>\n\n\n\n<figure class=\"wp-block-image size-large\"><img loading=\"lazy\" decoding=\"async\" width=\"480\" height=\"640\" data-id=\"2538\" src=\"https:\/\/dfc-freudenberg.de\/wp-content\/uploads\/2024\/06\/IMG_2789-Klein-rotated.jpg\" alt=\"\" class=\"wp-image-2538\" srcset=\"https:\/\/dfc-freudenberg.de\/wp-content\/uploads\/2024\/06\/IMG_2789-Klein-rotated.jpg 480w, https:\/\/dfc-freudenberg.de\/wp-content\/uploads\/2024\/06\/IMG_2789-Klein-225x300.jpg 225w\" sizes=\"(max-width: 480px) 100vw, 480px\" \/><figcaption>der B\u00fcrgermeister stimmt an<\/figcaption><\/figure>\n\n\n\n<figure class=\"wp-block-image size-large\"><img loading=\"lazy\" decoding=\"async\" width=\"640\" height=\"480\" data-id=\"2541\" src=\"https:\/\/dfc-freudenberg.de\/wp-content\/uploads\/2024\/06\/XWCS6938-Klein.jpg\" alt=\"\" class=\"wp-image-2541\" srcset=\"https:\/\/dfc-freudenberg.de\/wp-content\/uploads\/2024\/06\/XWCS6938-Klein.jpg 640w, https:\/\/dfc-freudenberg.de\/wp-content\/uploads\/2024\/06\/XWCS6938-Klein-300x225.jpg 300w\" sizes=\"(max-width: 640px) 100vw, 640px\" \/><figcaption>Joelle Jegat und Roger Henning<\/figcaption><\/figure>\n<\/figure>\n\n\n\n<p><\/p>\n\n\n\n<p>W\u00e4hrend der Fahrt auf der Seine bewunderten die Freunde die beleuchteten Wahrzeichen von Paris, darunter den strahlenden Eiffelturm, der zu jeder vollen Stunde in einer funkelten Lichtshow erstrahlte. Mit gro\u00dfer Freude und Dankbarkeit f\u00fcr den wunderbaren Abend kehrte die Gruppe nach Mitternacht zur\u00fcck.<\/p>\n\n\n\n<figure class=\"wp-block-gallery has-nested-images columns-default is-cropped wp-block-gallery-5 is-layout-flex wp-block-gallery-is-layout-flex\">\n<figure class=\"wp-block-image size-large\"><img loading=\"lazy\" decoding=\"async\" width=\"640\" height=\"480\" data-id=\"2542\" src=\"https:\/\/dfc-freudenberg.de\/wp-content\/uploads\/2024\/06\/IMG_2809-Klein.jpg\" alt=\"\" class=\"wp-image-2542\" srcset=\"https:\/\/dfc-freudenberg.de\/wp-content\/uploads\/2024\/06\/IMG_2809-Klein.jpg 640w, https:\/\/dfc-freudenberg.de\/wp-content\/uploads\/2024\/06\/IMG_2809-Klein-300x225.jpg 300w\" sizes=\"(max-width: 640px) 100vw, 640px\" \/><figcaption>Bateau Mouche<\/figcaption><\/figure>\n\n\n\n<figure class=\"wp-block-image size-large\"><img loading=\"lazy\" decoding=\"async\" width=\"480\" height=\"640\" data-id=\"2544\" src=\"https:\/\/dfc-freudenberg.de\/wp-content\/uploads\/2024\/06\/IMG_2806-Klein-rotated.jpg\" alt=\"\" class=\"wp-image-2544\" srcset=\"https:\/\/dfc-freudenberg.de\/wp-content\/uploads\/2024\/06\/IMG_2806-Klein-rotated.jpg 480w, https:\/\/dfc-freudenberg.de\/wp-content\/uploads\/2024\/06\/IMG_2806-Klein-225x300.jpg 225w\" sizes=\"(max-width: 480px) 100vw, 480px\" \/><figcaption>der Eiffelturm leuchtet<\/figcaption><\/figure>\n\n\n\n<figure class=\"wp-block-image size-large\"><img loading=\"lazy\" decoding=\"async\" width=\"853\" height=\"480\" data-id=\"2546\" src=\"https:\/\/dfc-freudenberg.de\/wp-content\/uploads\/2024\/06\/IMG_2867-Klein.jpg\" alt=\"\" class=\"wp-image-2546\" srcset=\"https:\/\/dfc-freudenberg.de\/wp-content\/uploads\/2024\/06\/IMG_2867-Klein.jpg 853w, https:\/\/dfc-freudenberg.de\/wp-content\/uploads\/2024\/06\/IMG_2867-Klein-300x169.jpg 300w, https:\/\/dfc-freudenberg.de\/wp-content\/uploads\/2024\/06\/IMG_2867-Klein-768x432.jpg 768w\" sizes=\"(max-width: 853px) 100vw, 853px\" \/><figcaption>alles am Fluss<\/figcaption><\/figure>\n<\/figure>\n\n\n\n<p><\/p>\n\n\n\n<p>Der Aufenthalt endete mit einem gemeinsamen Fr\u00fchst\u00fcck im Salle le Colombier. In diesem Rahmen \u00fcbergab die B\u00fcrgermeisterin Joelle Jegat f\u00fcnf \u201eFriedens-Rosenst\u00f6cke\u201c, welche in Saint-Arnoult gez\u00fcchtet wurden. Zuk\u00fcnftig soll nun in jedem Freudenberger Ortsteil ein Rosenstock als Zeichen unserer Freundschaft erbl\u00fchen. Der B\u00fcrgermeister Roger Henning sprach die Einladung f\u00fcr einen Gegenbesuch im Jahr 2025 aus, womit die Freundschaft zwischen den St\u00e4dten weiter gefestigt werden soll.<\/p>\n\n\n<div class=\"wp-block-image\">\n<figure class=\"aligncenter size-full is-resized\"><img loading=\"lazy\" decoding=\"async\" src=\"https:\/\/dfc-freudenberg.de\/wp-content\/uploads\/2024\/06\/PHVE5134-Klein.jpg\" alt=\"\" class=\"wp-image-2553\" width=\"718\" height=\"539\" srcset=\"https:\/\/dfc-freudenberg.de\/wp-content\/uploads\/2024\/06\/PHVE5134-Klein.jpg 640w, https:\/\/dfc-freudenberg.de\/wp-content\/uploads\/2024\/06\/PHVE5134-Klein-300x225.jpg 300w\" sizes=\"(max-width: 718px) 100vw, 718px\" \/><\/figure><\/div>\n\n\n<p class=\"has-small-font-size\">Text Michael Reising, Reinhild Reuter, Fotos Reinhild Reuter<\/p>\n\n\n\n<p><\/p>\n","protected":false},"excerpt":{"rendered":"<p>Deutsch-Franz\u00f6sischer Club Freudenberg erlebt unvergessliche Reise in seine Partnerstadt Saint-Arnoult-en-Yvelines Vom 9. bis zum 12. Mai 2024 begab sich der&hellip;<\/p>\n","protected":false},"author":1,"featured_media":0,"parent":0,"menu_order":0,"comment_status":"closed","ping_status":"closed","template":"","meta":{"footnotes":""},"class_list":["post-2513","page","type-page","status-publish","hentry"],"translation":{"provider":"WPGlobus","version":"3.0.0","language":"fr","enabled_languages":["en","de","fr"],"languages":{"en":{"title":true,"content":true,"excerpt":false},"de":{"title":false,"content":false,"excerpt":false},"fr":{"title":false,"content":false,"excerpt":false}}},"_links":{"self":[{"href":"https:\/\/dfc-freudenberg.de\/fr\/wp-json\/wp\/v2\/pages\/2513"}],"collection":[{"href":"https:\/\/dfc-freudenberg.de\/fr\/wp-json\/wp\/v2\/pages"}],"about":[{"href":"https:\/\/dfc-freudenberg.de\/fr\/wp-json\/wp\/v2\/types\/page"}],"author":[{"embeddable":true,"href":"https:\/\/dfc-freudenberg.de\/fr\/wp-json\/wp\/v2\/users\/1"}],"replies":[{"embeddable":true,"href":"https:\/\/dfc-freudenberg.de\/fr\/wp-json\/wp\/v2\/comments?post=2513"}],"version-history":[{"count":13,"href":"https:\/\/dfc-freudenberg.de\/fr\/wp-json\/wp\/v2\/pages\/2513\/revisions"}],"predecessor-version":[{"id":2561,"href":"https:\/\/dfc-freudenberg.de\/fr\/wp-json\/wp\/v2\/pages\/2513\/revisions\/2561"}],"wp:attachment":[{"href":"https:\/\/dfc-freudenberg.de\/fr\/wp-json\/wp\/v2\/media?parent=2513"}],"curies":[{"name":"wp","href":"https:\/\/api.w.org\/{rel}","templated":true}]}}