{"id":2495,"date":"2024-02-20T20:28:42","date_gmt":"2024-02-20T19:28:42","guid":{"rendered":"https:\/\/dfc-freudenberg.de\/?page_id=2495"},"modified":"2024-02-20T20:54:56","modified_gmt":"2024-02-20T19:54:56","slug":"freundschaftscafe-im-amtshaus","status":"publish","type":"page","link":"https:\/\/dfc-freudenberg.de\/fr\/freundschaftscafe-im-amtshaus\/","title":{"rendered":"Freundschaftscaf\u00e9 im Amtshaus"},"content":{"rendered":"\n<p><\/p>\n\n\n\n<p class=\"has-text-align-center has-text-color\" style=\"color:#f50626;font-size:22px\"><strong>Eine bunte Woche geht zu Ende<\/strong><\/p>\n\n\n\n<p>Den Schlusspunkt unter die bunte und ereignisreiche Deutsch-Franz\u00f6sische Woche setzte das Freundschaftscaf\u00e9 im Amtshaus am Sonntag, den 28. Januar 2024.<\/p>\n\n\n\n<p>Schon am Treppenaufgang war zu erkennen, dass es im Amtshaus Caf\u00e9 ein franz\u00f6sisches \u00c9v\u00e9nement gibt. Eine reichhaltige Kuchen- und Tortentafel mit selbstgebackenem deutschem und franz\u00f6sischem Backwerk wartete auf die G\u00e4ste. <\/p>\n\n\n\n<figure class=\"wp-block-gallery has-nested-images columns-default is-cropped wp-block-gallery-2 is-layout-flex wp-block-gallery-is-layout-flex\">\n<figure class=\"wp-block-image size-large\"><img loading=\"lazy\" decoding=\"async\" width=\"853\" height=\"480\" data-id=\"2499\" src=\"https:\/\/dfc-freudenberg.de\/wp-content\/uploads\/2024\/02\/Image-1-eingang-Klein.jpg\" alt=\"\" class=\"wp-image-2499\" srcset=\"https:\/\/dfc-freudenberg.de\/wp-content\/uploads\/2024\/02\/Image-1-eingang-Klein.jpg 853w, https:\/\/dfc-freudenberg.de\/wp-content\/uploads\/2024\/02\/Image-1-eingang-Klein-300x169.jpg 300w, https:\/\/dfc-freudenberg.de\/wp-content\/uploads\/2024\/02\/Image-1-eingang-Klein-768x432.jpg 768w\" sizes=\"(max-width: 853px) 100vw, 853px\" \/><\/figure>\n\n\n\n<figure class=\"wp-block-image size-large\"><img loading=\"lazy\" decoding=\"async\" width=\"853\" height=\"480\" data-id=\"2500\" src=\"https:\/\/dfc-freudenberg.de\/wp-content\/uploads\/2024\/02\/Image-1-3-Klein.jpg\" alt=\"\" class=\"wp-image-2500\" srcset=\"https:\/\/dfc-freudenberg.de\/wp-content\/uploads\/2024\/02\/Image-1-3-Klein.jpg 853w, https:\/\/dfc-freudenberg.de\/wp-content\/uploads\/2024\/02\/Image-1-3-Klein-300x169.jpg 300w, https:\/\/dfc-freudenberg.de\/wp-content\/uploads\/2024\/02\/Image-1-3-Klein-768x432.jpg 768w\" sizes=\"(max-width: 853px) 100vw, 853px\" \/><\/figure>\n<\/figure>\n\n\n\n<p><\/p>\n\n\n\n<p>Der DFC-Vorstand, der die gesamte Freundschaftswoche ausrichtete, freute sich \u00fcber zahlreiche BesucherInnen, die zum Teil auch schon eine Woche vorher bei der Vernissage da waren. Unsere Vorsitzende Elisabeth Huba-Mang konnte so wiederum auch VertreterInnen des Internationalen Partnerschaftsvereins Wertheim mit ihrer Vorsitzenden Lucy Weber sowie Mitglieder des Deutsch-Franz\u00f6sischen Clubs Miltenberg und deren Vorsitzende Brigitte Hartung-Bretz begr\u00fc\u00dfen. In lockerer Atmosph\u00e4re begegneten sich neugierige, interessierte, frankophile Menschen, plauderten, tauschten Erfahrungen \u00fcber Frankreich und ihre Partnerst\u00e4dte aus oder genossen einfach ein Gl\u00e4schen franz\u00f6sischen Wein aus unserer Partnerstadt Saint-Arnoult. Zeitweise reichten kaum die St\u00fchle aus um allen Besucherinnen und Besuchern einen Platz zu bieten. <\/p>\n\n\n\n<figure class=\"wp-block-gallery has-nested-images columns-default is-cropped wp-block-gallery-3 is-layout-flex wp-block-gallery-is-layout-flex\">\n<figure class=\"wp-block-image size-large\"><img loading=\"lazy\" decoding=\"async\" width=\"853\" height=\"480\" data-id=\"2502\" src=\"https:\/\/dfc-freudenberg.de\/wp-content\/uploads\/2024\/02\/Image-1-5-Klein.jpg\" alt=\"\" class=\"wp-image-2502\" srcset=\"https:\/\/dfc-freudenberg.de\/wp-content\/uploads\/2024\/02\/Image-1-5-Klein.jpg 853w, https:\/\/dfc-freudenberg.de\/wp-content\/uploads\/2024\/02\/Image-1-5-Klein-300x169.jpg 300w, https:\/\/dfc-freudenberg.de\/wp-content\/uploads\/2024\/02\/Image-1-5-Klein-768x432.jpg 768w\" sizes=\"(max-width: 853px) 100vw, 853px\" \/><\/figure>\n\n\n\n<figure class=\"wp-block-image size-large\"><img loading=\"lazy\" decoding=\"async\" width=\"640\" height=\"480\" data-id=\"2507\" src=\"https:\/\/dfc-freudenberg.de\/wp-content\/uploads\/2024\/02\/IMG_2748-Klein-1.jpg\" alt=\"\" class=\"wp-image-2507\" srcset=\"https:\/\/dfc-freudenberg.de\/wp-content\/uploads\/2024\/02\/IMG_2748-Klein-1.jpg 640w, https:\/\/dfc-freudenberg.de\/wp-content\/uploads\/2024\/02\/IMG_2748-Klein-1-300x225.jpg 300w\" sizes=\"(max-width: 640px) 100vw, 640px\" \/><\/figure>\n\n\n\n<figure class=\"wp-block-image size-large\"><img loading=\"lazy\" decoding=\"async\" width=\"853\" height=\"480\" data-id=\"2501\" src=\"https:\/\/dfc-freudenberg.de\/wp-content\/uploads\/2024\/02\/Image-1-4-Klein.jpg\" alt=\"\" class=\"wp-image-2501\" srcset=\"https:\/\/dfc-freudenberg.de\/wp-content\/uploads\/2024\/02\/Image-1-4-Klein.jpg 853w, https:\/\/dfc-freudenberg.de\/wp-content\/uploads\/2024\/02\/Image-1-4-Klein-300x169.jpg 300w, https:\/\/dfc-freudenberg.de\/wp-content\/uploads\/2024\/02\/Image-1-4-Klein-768x432.jpg 768w\" sizes=\"(max-width: 853px) 100vw, 853px\" \/><\/figure>\n<\/figure>\n\n\n\n<p><\/p>\n\n\n\n<p>Ein Wehmutstropfen war, dass erwartungsgem\u00e4\u00df an diesem Nachmittag keine Familien mit Kindern da waren \u2013 zeitgleich war in der Turnhalle der beliebte Kinderfaschingsnachmittag. Aber vielleicht konnte man dort eine Baskenm\u00fctze ersp\u00e4hen, &#8211; wer wei\u00df? Allerdings hatten wir ja schon bei unserem Kultur-Picknick in der Grundschule die Viertkl\u00e4ssler und auch zahlreiche Eltern erreicht.<\/p>\n\n\n\n<p>Die letzten G\u00e4ste verlie\u00dfen das Caf\u00e9 mit unserem \u201eKehraus\u201c, viele f\u00fchlten sich bereichert von den Eindr\u00fccken der beiden Sonntage, die die Freundschaftswoche einrahmten. Wir erhielten einige Dankesbriefe, die uns zeigen, dass die M\u00fche und der hohe Arbeitseinsatz der DFC-Vorst\u00e4nde mit ihren Angeh\u00f6rigen sich lohnten. Wir bedanken uns an dieser Stelle beim Deutsch-Franz\u00f6sischen B\u00fcrgerfonds, durch dessen F\u00f6rderung wir dieses vielf\u00e4ltige und bunte Programm in unserer \u201eKleinstadt mit Herz\u201c anbieten konnten.<\/p>\n\n\n\n<figure class=\"wp-block-gallery has-nested-images columns-default is-cropped wp-block-gallery-4 is-layout-flex wp-block-gallery-is-layout-flex\">\n<figure class=\"wp-block-image size-large\"><img loading=\"lazy\" decoding=\"async\" width=\"640\" height=\"480\" data-id=\"2505\" src=\"https:\/\/dfc-freudenberg.de\/wp-content\/uploads\/2024\/02\/IMG_2751-Klein.jpg\" alt=\"\" class=\"wp-image-2505\" srcset=\"https:\/\/dfc-freudenberg.de\/wp-content\/uploads\/2024\/02\/IMG_2751-Klein.jpg 640w, https:\/\/dfc-freudenberg.de\/wp-content\/uploads\/2024\/02\/IMG_2751-Klein-300x225.jpg 300w\" sizes=\"(max-width: 640px) 100vw, 640px\" \/><\/figure>\n\n\n\n<figure class=\"wp-block-image size-large\"><img loading=\"lazy\" decoding=\"async\" width=\"640\" height=\"480\" data-id=\"2506\" src=\"https:\/\/dfc-freudenberg.de\/wp-content\/uploads\/2024\/02\/IMG_2745-Klein-1.jpg\" alt=\"\" class=\"wp-image-2506\" srcset=\"https:\/\/dfc-freudenberg.de\/wp-content\/uploads\/2024\/02\/IMG_2745-Klein-1.jpg 640w, https:\/\/dfc-freudenberg.de\/wp-content\/uploads\/2024\/02\/IMG_2745-Klein-1-300x225.jpg 300w\" sizes=\"(max-width: 640px) 100vw, 640px\" \/><\/figure>\n<\/figure>\n\n\n\n<p><\/p>\n\n\n\n<p class=\"has-text-align-center has-quinary-background-color has-text-color has-background\" style=\"color:#0e1fd6\"><strong>Unsere St\u00e4dteverbindung Freudenberg am Main und Saint-Arnoult-en-Yvelines bleibt <\/strong><br><strong>bunt und lebendig.<\/strong><\/p>\n\n\n\n<p style=\"font-size:12px\">Text und Fotos Reinhild Reuter<\/p>\n","protected":false},"excerpt":{"rendered":"<p>Eine bunte Woche geht zu Ende Den Schlusspunkt unter die bunte und ereignisreiche Deutsch-Franz\u00f6sische Woche setzte das Freundschaftscaf\u00e9 im Amtshaus&hellip;<\/p>\n","protected":false},"author":1,"featured_media":0,"parent":0,"menu_order":0,"comment_status":"closed","ping_status":"closed","template":"","meta":{"footnotes":""},"class_list":["post-2495","page","type-page","status-publish","hentry"],"translation":{"provider":"WPGlobus","version":"3.0.0","language":"fr","enabled_languages":["en","de","fr"],"languages":{"en":{"title":true,"content":true,"excerpt":false},"de":{"title":false,"content":false,"excerpt":false},"fr":{"title":false,"content":false,"excerpt":false}}},"_links":{"self":[{"href":"https:\/\/dfc-freudenberg.de\/fr\/wp-json\/wp\/v2\/pages\/2495"}],"collection":[{"href":"https:\/\/dfc-freudenberg.de\/fr\/wp-json\/wp\/v2\/pages"}],"about":[{"href":"https:\/\/dfc-freudenberg.de\/fr\/wp-json\/wp\/v2\/types\/page"}],"author":[{"embeddable":true,"href":"https:\/\/dfc-freudenberg.de\/fr\/wp-json\/wp\/v2\/users\/1"}],"replies":[{"embeddable":true,"href":"https:\/\/dfc-freudenberg.de\/fr\/wp-json\/wp\/v2\/comments?post=2495"}],"version-history":[{"count":3,"href":"https:\/\/dfc-freudenberg.de\/fr\/wp-json\/wp\/v2\/pages\/2495\/revisions"}],"predecessor-version":[{"id":2510,"href":"https:\/\/dfc-freudenberg.de\/fr\/wp-json\/wp\/v2\/pages\/2495\/revisions\/2510"}],"wp:attachment":[{"href":"https:\/\/dfc-freudenberg.de\/fr\/wp-json\/wp\/v2\/media?parent=2495"}],"curies":[{"name":"wp","href":"https:\/\/api.w.org\/{rel}","templated":true}]}}