{"id":2471,"date":"2024-02-20T18:12:56","date_gmt":"2024-02-20T17:12:56","guid":{"rendered":"https:\/\/dfc-freudenberg.de\/?page_id=2471"},"modified":"2024-02-20T19:58:48","modified_gmt":"2024-02-20T18:58:48","slug":"kultur-picknick-in-der-grundschule","status":"publish","type":"page","link":"https:\/\/dfc-freudenberg.de\/fr\/kultur-picknick-in-der-grundschule\/","title":{"rendered":"Bunte Vielfalt beim Kultur-Picknick in der Grundschule"},"content":{"rendered":"\n<p><\/p>\n\n\n\n<p><\/p>\n\n\n\n<p class=\"has-text-color\" style=\"color:#63aaff\"><strong>Eine bunte Freundschaft f\u00fcr eine gemeinsame Zukunft<\/strong><\/p>\n\n\n\n<p>Singen, Tanzen, Geschichten lauschen, Bilderdomino erstellen, Zahlen lernen, franz\u00f6sische Canap\u00e9es zubereiten, ein Gemeinschaftsbild malen, \u2013 und dies fast alles in franz\u00f6sischer Sprache -, das konnten die Sch\u00fclerinnen und Sch\u00fcler der 4. Klasse am 26. Januar 2024 in der Lindtalschule in Freudenberg erleben.<\/p>\n\n\n\n<p>Einen Schulvormittag lang bot der DFC im Rahmen seiner Deutsch-Franz\u00f6sischen Freundschaftswoche den Viertkl\u00e4sslern dieses bunte Programm an.<br>Die Schulleiterin Katja Roth und die Klassenlehrerin Eva Kern standen dem Vorhaben, bereits die j\u00fcngeren Kinder zum Thema Deutsch-Franz\u00f6sische Freundschaft anzusprechen, auf Anhieb aufgeschlossen gegen\u00fcber. Die Sch\u00fcler wechseln im n\u00e4chsten Schuljahr in weiterf\u00fchrende Schulen und wir m\u00f6chten das Interesse wecken, die franz\u00f6sische Sprache zu erlernen.<\/p>\n\n\n\n<p>Die Vorbereitungen des DFC liefen auf Hochtouren, umso sch\u00f6ner, dass wir in der Durchf\u00fchrung auf erfahrene Helferinnen bauen konnten. So h\u00f6rten die Kinder nach den einf\u00fchrenden Worten der Vorsitzenden Elisabeth Huba-Mang neugierig Gabi W\u00f6rner zu. Die ehemalige Lehrerin an der Schule berichtete von zur\u00fcckliegenden Grundsch\u00fcler-Austauschen, bei denen schon Zweitkl\u00e4ssler mit ihren Eltern oder auch Gro\u00dfeltern nach Saint-Arnoult reisten um die dortigen Gleichaltrigen kennenzulernen. Sie erz\u00e4hlte, dass die Kinder zum Teil mutiger als ihre Eltern waren und keine Scheu hatten, sich auch ohne gegenseitige Sprachkenntnisse zu verstehen und Freundschaften zu schlie\u00dfen. Die Kinder fragten wie weit weg Saint-Arnoult sei (680 km), wie lange die Busfahrt dauere (ungef\u00e4hr 9 Stunden mit Pause) und welche Sehensw\u00fcrdigkeiten es dort g\u00e4be.&nbsp;<br>Zur Einstimmung in die franz\u00f6sische Sprache erkl\u00e4rte Dorothee Kern anschaulich das Lied &#8220;Fr\u00e8re Jaques&#8221;, woher es kommt und dass es hierzulande bekannt ist als &#8220;Bruder Jakob&#8221;. Nat\u00fcrlich wurde es im Kanon auf Franz\u00f6sisch und auf Deutsch gesungen.<\/p>\n\n\n\n<figure class=\"wp-block-gallery has-nested-images columns-default is-cropped wp-block-gallery-2 is-layout-flex wp-block-gallery-is-layout-flex\">\n<figure class=\"wp-block-image size-large\"><img loading=\"lazy\" decoding=\"async\" width=\"640\" height=\"480\" data-id=\"2476\" src=\"https:\/\/dfc-freudenberg.de\/wp-content\/uploads\/2024\/02\/IMG_2632-Klein.jpg\" alt=\"\" class=\"wp-image-2476\" srcset=\"https:\/\/dfc-freudenberg.de\/wp-content\/uploads\/2024\/02\/IMG_2632-Klein.jpg 640w, https:\/\/dfc-freudenberg.de\/wp-content\/uploads\/2024\/02\/IMG_2632-Klein-300x225.jpg 300w\" sizes=\"(max-width: 640px) 100vw, 640px\" \/><\/figure>\n\n\n\n<figure class=\"wp-block-image size-large\"><img loading=\"lazy\" decoding=\"async\" width=\"640\" height=\"480\" data-id=\"2475\" src=\"https:\/\/dfc-freudenberg.de\/wp-content\/uploads\/2024\/02\/IMG_2625-Klein.jpg\" alt=\"\" class=\"wp-image-2475\" srcset=\"https:\/\/dfc-freudenberg.de\/wp-content\/uploads\/2024\/02\/IMG_2625-Klein.jpg 640w, https:\/\/dfc-freudenberg.de\/wp-content\/uploads\/2024\/02\/IMG_2625-Klein-300x225.jpg 300w\" sizes=\"(max-width: 640px) 100vw, 640px\" \/><\/figure>\n<\/figure>\n\n\n\n<p><\/p>\n\n\n\n<p>In drei Gruppen gingen die Kinder dann an \u201edie Arbeit\u201c, jedes Kind durchlief alle drei Angebote. Die Malgruppe wurde von der K\u00fcnstlerin Sabine Stellrecht-Schmidt angeleitet, hier erstellten die Kinder ein Gemeinschaftsbild mit dem Thema \u201eLeben am Fluss\u201c, eine Gemeinsamkeit von Freudenberg und Saint-Arnoult. Freudenberg liegt am Main und durch Saint-Arnoult flie\u00dft das kleine Fl\u00fcsschen R\u00e9marde. Das fertiggestellte Bild aus sechs Platten, die aneinandergef\u00fcgt wurden, soll einen prominenten Platz in der Lindtalschule erhalten.<\/p>\n\n\n\n<figure class=\"wp-block-gallery has-nested-images columns-default is-cropped wp-block-gallery-3 is-layout-flex wp-block-gallery-is-layout-flex\">\n<figure class=\"wp-block-image size-large\"><img loading=\"lazy\" decoding=\"async\" width=\"329\" height=\"480\" data-id=\"2477\" src=\"https:\/\/dfc-freudenberg.de\/wp-content\/uploads\/2024\/02\/IMG_2664-Schule-Malen-Klein.jpg\" alt=\"\" class=\"wp-image-2477\" srcset=\"https:\/\/dfc-freudenberg.de\/wp-content\/uploads\/2024\/02\/IMG_2664-Schule-Malen-Klein.jpg 329w, https:\/\/dfc-freudenberg.de\/wp-content\/uploads\/2024\/02\/IMG_2664-Schule-Malen-Klein-206x300.jpg 206w\" sizes=\"(max-width: 329px) 100vw, 329px\" \/><\/figure>\n\n\n\n<figure class=\"wp-block-image size-large\"><img loading=\"lazy\" decoding=\"async\" width=\"717\" height=\"480\" data-id=\"2479\" src=\"https:\/\/dfc-freudenberg.de\/wp-content\/uploads\/2024\/02\/IMG_2662-Malen-geschnitten-Klein.jpg\" alt=\"\" class=\"wp-image-2479\" srcset=\"https:\/\/dfc-freudenberg.de\/wp-content\/uploads\/2024\/02\/IMG_2662-Malen-geschnitten-Klein.jpg 717w, https:\/\/dfc-freudenberg.de\/wp-content\/uploads\/2024\/02\/IMG_2662-Malen-geschnitten-Klein-300x201.jpg 300w\" sizes=\"(max-width: 717px) 100vw, 717px\" \/><\/figure>\n\n\n\n<figure class=\"wp-block-image size-large\"><img loading=\"lazy\" decoding=\"async\" width=\"640\" height=\"480\" data-id=\"2478\" src=\"https:\/\/dfc-freudenberg.de\/wp-content\/uploads\/2024\/02\/IMG_2665-Klein.jpg\" alt=\"\" class=\"wp-image-2478\" srcset=\"https:\/\/dfc-freudenberg.de\/wp-content\/uploads\/2024\/02\/IMG_2665-Klein.jpg 640w, https:\/\/dfc-freudenberg.de\/wp-content\/uploads\/2024\/02\/IMG_2665-Klein-300x225.jpg 300w\" sizes=\"(max-width: 640px) 100vw, 640px\" \/><\/figure>\n<\/figure>\n\n\n<div class=\"wp-block-image\">\n<figure class=\"aligncenter size-full\"><img loading=\"lazy\" decoding=\"async\" width=\"845\" height=\"381\" src=\"https:\/\/dfc-freudenberg.de\/wp-content\/uploads\/2024\/02\/Leben-am-Fluss-Klein.jpeg\" alt=\"\" class=\"wp-image-2488\" srcset=\"https:\/\/dfc-freudenberg.de\/wp-content\/uploads\/2024\/02\/Leben-am-Fluss-Klein.jpeg 845w, https:\/\/dfc-freudenberg.de\/wp-content\/uploads\/2024\/02\/Leben-am-Fluss-Klein-300x135.jpeg 300w, https:\/\/dfc-freudenberg.de\/wp-content\/uploads\/2024\/02\/Leben-am-Fluss-Klein-768x346.jpeg 768w\" sizes=\"(max-width: 845px) 100vw, 845px\" \/><\/figure><\/div>\n\n\n<p>Die Franz\u00f6sischlehrerin und Vorsitzende des DFC Miltenberg Brigitte Hartung-Bretz f\u00fchrte spielerisch in die franz\u00f6sische Sprache ein. Erfahren im Unterrichten von Fr\u00fchfranz\u00f6sisch brachte sie den Kindern die Zahlen bis 10 bei und beim W\u00f6rterlernen h\u00f6rten die Kinder, dass es deutsche und franz\u00f6sische Begriffe gibt, die ganz \u00e4hnlich sind, nur ein wenig anders ausgesprochen werden. Anhand von Bildkarten und Begriffen legten die Kinder ein Wortdomino und \u00fcbten dabei die Aussprache der W\u00f6rter.<\/p>\n\n\n\n<figure class=\"wp-block-gallery has-nested-images columns-default is-cropped wp-block-gallery-4 is-layout-flex wp-block-gallery-is-layout-flex\">\n<figure class=\"wp-block-image size-large\"><img loading=\"lazy\" decoding=\"async\" width=\"640\" height=\"480\" data-id=\"2480\" src=\"https:\/\/dfc-freudenberg.de\/wp-content\/uploads\/2024\/02\/IMG_2645-Klein.jpg\" alt=\"\" class=\"wp-image-2480\" srcset=\"https:\/\/dfc-freudenberg.de\/wp-content\/uploads\/2024\/02\/IMG_2645-Klein.jpg 640w, https:\/\/dfc-freudenberg.de\/wp-content\/uploads\/2024\/02\/IMG_2645-Klein-300x225.jpg 300w\" sizes=\"(max-width: 640px) 100vw, 640px\" \/><\/figure>\n\n\n\n<figure class=\"wp-block-image size-large\"><img loading=\"lazy\" decoding=\"async\" width=\"640\" height=\"480\" data-id=\"2481\" src=\"https:\/\/dfc-freudenberg.de\/wp-content\/uploads\/2024\/02\/IMG_2652-Klein.jpg\" alt=\"\" class=\"wp-image-2481\" srcset=\"https:\/\/dfc-freudenberg.de\/wp-content\/uploads\/2024\/02\/IMG_2652-Klein.jpg 640w, https:\/\/dfc-freudenberg.de\/wp-content\/uploads\/2024\/02\/IMG_2652-Klein-300x225.jpg 300w\" sizes=\"(max-width: 640px) 100vw, 640px\" \/><\/figure>\n\n\n\n<figure class=\"wp-block-image size-large\"><img loading=\"lazy\" decoding=\"async\" width=\"480\" height=\"480\" data-id=\"2482\" src=\"https:\/\/dfc-freudenberg.de\/wp-content\/uploads\/2024\/02\/IMG_2659-franzosisch-Klein.jpg\" alt=\"\" class=\"wp-image-2482\" srcset=\"https:\/\/dfc-freudenberg.de\/wp-content\/uploads\/2024\/02\/IMG_2659-franzosisch-Klein.jpg 480w, https:\/\/dfc-freudenberg.de\/wp-content\/uploads\/2024\/02\/IMG_2659-franzosisch-Klein-300x300.jpg 300w, https:\/\/dfc-freudenberg.de\/wp-content\/uploads\/2024\/02\/IMG_2659-franzosisch-Klein-150x150.jpg 150w\" sizes=\"(max-width: 480px) 100vw, 480px\" \/><\/figure>\n<\/figure>\n\n\n\n<p><\/p>\n\n\n\n<p>Parallel wurde in der Schulk\u00fcche geschmiert, manchmal auch probiert, geschnippelt und dekoriert. Schlie\u00dflich sollten die H\u00e4ppchen, in Frankreich nennt man sie \u201ecanap\u00e9\u201c, franz\u00f6sisch aussehen und auch so schmecken. Ein buntes Angebot von Pat\u00e9 auf Minitoastis, Salami &#8211; und Schinkenbaguettes, K\u00e4se, den man in Frankreich oft als Nachtisch isst und dort \u201efromage\u201c hei\u00dft, G\u00fcrkchen hei\u00dfen dort \u201ecornichons\u201c, und als beliebtes Getr\u00e4nk wurde \u201esiroup de grenadine\u201c eingeschenkt.<\/p>\n\n\n\n<figure class=\"wp-block-gallery has-nested-images columns-default is-cropped wp-block-gallery-5 is-layout-flex wp-block-gallery-is-layout-flex\">\n<figure class=\"wp-block-image size-large\"><img loading=\"lazy\" decoding=\"async\" width=\"627\" height=\"480\" data-id=\"2483\" src=\"https:\/\/dfc-freudenberg.de\/wp-content\/uploads\/2024\/02\/IMG_2642-canapes-Klein.jpg\" alt=\"\" class=\"wp-image-2483\" srcset=\"https:\/\/dfc-freudenberg.de\/wp-content\/uploads\/2024\/02\/IMG_2642-canapes-Klein.jpg 627w, https:\/\/dfc-freudenberg.de\/wp-content\/uploads\/2024\/02\/IMG_2642-canapes-Klein-300x230.jpg 300w\" sizes=\"(max-width: 627px) 100vw, 627px\" \/><\/figure>\n\n\n\n<figure class=\"wp-block-image size-large\"><img loading=\"lazy\" decoding=\"async\" width=\"792\" height=\"480\" data-id=\"2485\" src=\"https:\/\/dfc-freudenberg.de\/wp-content\/uploads\/2024\/02\/IMG_2670-Schule-Bufett-geschnitten-Klein.jpg\" alt=\"\" class=\"wp-image-2485\" srcset=\"https:\/\/dfc-freudenberg.de\/wp-content\/uploads\/2024\/02\/IMG_2670-Schule-Bufett-geschnitten-Klein.jpg 792w, https:\/\/dfc-freudenberg.de\/wp-content\/uploads\/2024\/02\/IMG_2670-Schule-Bufett-geschnitten-Klein-300x182.jpg 300w, https:\/\/dfc-freudenberg.de\/wp-content\/uploads\/2024\/02\/IMG_2670-Schule-Bufett-geschnitten-Klein-768x465.jpg 768w\" sizes=\"(max-width: 792px) 100vw, 792px\" \/><\/figure>\n\n\n\n<figure class=\"wp-block-image size-large\"><img loading=\"lazy\" decoding=\"async\" width=\"268\" height=\"480\" data-id=\"2484\" src=\"https:\/\/dfc-freudenberg.de\/wp-content\/uploads\/2024\/02\/IMG_2724-Schule-Bufett-Klein.jpg\" alt=\"\" class=\"wp-image-2484\" srcset=\"https:\/\/dfc-freudenberg.de\/wp-content\/uploads\/2024\/02\/IMG_2724-Schule-Bufett-Klein.jpg 268w, https:\/\/dfc-freudenberg.de\/wp-content\/uploads\/2024\/02\/IMG_2724-Schule-Bufett-Klein-168x300.jpg 168w\" sizes=\"(max-width: 268px) 100vw, 268px\" \/><\/figure>\n<\/figure>\n\n\n\n<p><\/p>\n\n\n\n<p>Ab zw\u00f6lf Uhr waren zahlreiche Eltern eingetroffen und sahen und h\u00f6rten was ihre Kinder am Vormittag erlebt hatten. Bevor jedoch die Tafel zum Verspeisen freigegeben wurde \u00fcbten die Kinder das bekannte Tanzlied \u201eSur le pont d\u2018Avignon\u201c auf franz\u00f6sisch und auf deutsch &#8220;Auf der Br\u00fccke von Avignon&#8221; ein. Wiederum von Dorothee Kern erl\u00e4utert und von ihrem Gitarrenspiel begleitet wurde das Lied mehrmals gesungen und ausgelassen tanzten und verbeugten sich die Kinder dazu.<\/p>\n\n\n\n<p>Brigitte Hartung-Bretz erz\u00e4hlte die Geschichte von Maman, die verschwunden und in keinem der zehn R\u00e4ume im Haus zu finden war, gl\u00fccklicherweise wurde sie am Ende von den Kindern doch noch entdeckt. Die ganze Geschichte auf Franz\u00f6sisch wurde von allen Kindern und Eltern, die inzwischen auch eingetroffen waren, einwandfrei verstanden.<\/p>\n\n\n\n<figure class=\"wp-block-gallery has-nested-images columns-default is-cropped wp-block-gallery-6 is-layout-flex wp-block-gallery-is-layout-flex\">\n<figure class=\"wp-block-image size-large\"><img loading=\"lazy\" decoding=\"async\" width=\"640\" height=\"480\" data-id=\"2486\" src=\"https:\/\/dfc-freudenberg.de\/wp-content\/uploads\/2024\/02\/IMG_2695-Klein.jpg\" alt=\"\" class=\"wp-image-2486\" srcset=\"https:\/\/dfc-freudenberg.de\/wp-content\/uploads\/2024\/02\/IMG_2695-Klein.jpg 640w, https:\/\/dfc-freudenberg.de\/wp-content\/uploads\/2024\/02\/IMG_2695-Klein-300x225.jpg 300w\" sizes=\"(max-width: 640px) 100vw, 640px\" \/><\/figure>\n\n\n\n<figure class=\"wp-block-image size-large\"><img loading=\"lazy\" decoding=\"async\" width=\"640\" height=\"480\" data-id=\"2487\" src=\"https:\/\/dfc-freudenberg.de\/wp-content\/uploads\/2024\/02\/IMG_2707-Klein.jpg\" alt=\"\" class=\"wp-image-2487\" srcset=\"https:\/\/dfc-freudenberg.de\/wp-content\/uploads\/2024\/02\/IMG_2707-Klein.jpg 640w, https:\/\/dfc-freudenberg.de\/wp-content\/uploads\/2024\/02\/IMG_2707-Klein-300x225.jpg 300w\" sizes=\"(max-width: 640px) 100vw, 640px\" \/><\/figure>\n<\/figure>\n\n\n\n<p><\/p>\n\n\n\n<p>Dann endlich wurde das bunte B\u00fcfett er\u00f6ffnet und von allen mit gro\u00dfem Hunger und einem \u201ebon app\u00e9tit\u201c verspeist. Ein bunter Vormittag im Zeichen der Deutsch-Franz\u00f6sischen Freundschaft ging zu Ende. Die Schulleiterin Frau Roth bedankte sich f\u00fcr den Einsatz des DFC und freut sich auf eine Wiederholung im n\u00e4chsten Jahr.<\/p>\n\n\n\n<p>Der DFC Freudenberg konnte dieses umfangreiche Programm durch die finanzielle F\u00f6rderung des Deutsch-Franz\u00f6sischen B\u00fcrgerfonds durchf\u00fchren.<\/p>\n\n\n\n<p><\/p>\n\n\n\n<p style=\"font-size:12px\">Text und Fotos Reinhild Reuter<\/p>\n\n\n\n<p><\/p>\n","protected":false},"excerpt":{"rendered":"<p>Eine bunte Freundschaft f\u00fcr eine gemeinsame Zukunft Singen, Tanzen, Geschichten lauschen, Bilderdomino erstellen, Zahlen lernen, franz\u00f6sische Canap\u00e9es zubereiten, ein Gemeinschaftsbild&hellip;<\/p>\n","protected":false},"author":1,"featured_media":0,"parent":0,"menu_order":0,"comment_status":"closed","ping_status":"closed","template":"","meta":{"footnotes":""},"class_list":["post-2471","page","type-page","status-publish","hentry"],"translation":{"provider":"WPGlobus","version":"3.0.0","language":"fr","enabled_languages":["en","de","fr"],"languages":{"en":{"title":true,"content":true,"excerpt":false},"de":{"title":false,"content":false,"excerpt":false},"fr":{"title":false,"content":false,"excerpt":false}}},"_links":{"self":[{"href":"https:\/\/dfc-freudenberg.de\/fr\/wp-json\/wp\/v2\/pages\/2471"}],"collection":[{"href":"https:\/\/dfc-freudenberg.de\/fr\/wp-json\/wp\/v2\/pages"}],"about":[{"href":"https:\/\/dfc-freudenberg.de\/fr\/wp-json\/wp\/v2\/types\/page"}],"author":[{"embeddable":true,"href":"https:\/\/dfc-freudenberg.de\/fr\/wp-json\/wp\/v2\/users\/1"}],"replies":[{"embeddable":true,"href":"https:\/\/dfc-freudenberg.de\/fr\/wp-json\/wp\/v2\/comments?post=2471"}],"version-history":[{"count":6,"href":"https:\/\/dfc-freudenberg.de\/fr\/wp-json\/wp\/v2\/pages\/2471\/revisions"}],"predecessor-version":[{"id":2494,"href":"https:\/\/dfc-freudenberg.de\/fr\/wp-json\/wp\/v2\/pages\/2471\/revisions\/2494"}],"wp:attachment":[{"href":"https:\/\/dfc-freudenberg.de\/fr\/wp-json\/wp\/v2\/media?parent=2471"}],"curies":[{"name":"wp","href":"https:\/\/api.w.org\/{rel}","templated":true}]}}