{"id":234,"date":"2021-05-25T10:02:28","date_gmt":"2021-05-25T10:02:28","guid":{"rendered":"http:\/\/dfcmr.noeud.de\/?page_id=234"},"modified":"2022-02-18T11:36:52","modified_gmt":"2022-02-18T10:36:52","slug":"20-jahre-dfc","status":"publish","type":"page","link":"https:\/\/dfc-freudenberg.de\/fr\/20-jahre-dfc\/","title":{"rendered":"20 Jahre DFC"},"content":{"rendered":"\n<p><strong>6. Dezember 2011<\/strong><\/p>\n\n\n\n<p><strong><u>Deutsch-Franz\u00f6sischer Club Freudenberg feiert sein 20-j\u00e4hriges Jubil\u00e4um<\/u><\/strong><\/p>\n\n\n\n<p>Am 6.Dezember 1991 wurde der Deutsch-Franz\u00f6sische Club Freudenberg e.V. (DFC) gegr\u00fcndet. Dieses Jubil\u00e4um begingen etwa zwei Dutzend Mitglieder in einem w\u00fcrdigen Rahmen im Restaurant Cafe Badesee. Vorsitzender Jakob Lang begr\u00fc\u00dfte die G\u00e4ste bei einem Sektempfang und hielt einen kurzen R\u00fcckblick auf die Aktivit\u00e4ten der vergangenen 20 Jahre, die vor allem der St\u00e4rkung der Beziehungen zur Partnerstadt Saint-Arnoult en Yvelelines gewidmet waren.<\/p>\n\n\n\n<p>Mit einem stillen Gedenken w\u00fcrdigte die Versammlung die verstorbenen Mitglieder des DFC.<\/p>\n\n\n\n<p>Nach dem gemeinsam eingenommenen Menue pr\u00e4sentierte Bernd Schr\u00f6ter als Mann der ersten Stunde in lockerer Art und mit vielen originalen Bildern und Zeitdokumenten die Ereignisse, die zur Gr\u00fcndung des Partnerschaftsvereins gef\u00fchrt haben. Die Voraussetzung f\u00fcr diese Entwicklung wurde schon am 22. Januar 1963 vom damaligen Bundeskanzler Konrad Adenauer und dem franz\u00f6sischen Staatspr\u00e4sidenten Charles de Gaulle geschaffen, als sie im Pariser \u00c9lys\u00e9e-Palast den Vertrag \u00fcber die deutsch-franz\u00f6sische Zusammenarbeit unterzeichneten. <\/p>\n\n\n\n<p>In Deutschland und Frankreich kam es in den folgenden Jahrzehnten zu einer gro\u00dfen Anzahl von Partnerschaften, schilderte Schr\u00f6ter die weiteren Ereignisse. Auch in Saint-Arnoult kristallisierte sich der Wunsch nach einer deutschen Partnerstadt heraus und so kam Freudenberg auf ihre Kandidatenliste. Das Ehepaar Linda und Andr\u00e9 Devaux, das Jahre zuvor bei der Firma Rauch gearbeitet und in Freudenberg gewohnt hatte, stellte die Verbindung her. In Freudenberg hatten B\u00fcrgermeister Heinzelmann und seine Stadtr\u00e4te ein offenes Ohr, man wollte eine aktive Partnerschaft, die aus den Herzen der B\u00fcrger und B\u00fcrgerinnen beider St\u00e4dte erwachsen sollte und nicht nur auf dem Papier dokumentiert ist.<\/p>\n<p>So kamen auf Anregung von Martin Reuter am 6. Dezember 1991 im Hotel Goldenes Fass 18 Saint-Arnoult-Freunde zur Gr\u00fcndungsversammlung des Deutsch-Franz\u00f6sischen Clubs zusammen. In der Satzung wird betont: \u201eDer Club ist ein Partnerschaftsverein. Er will die Beziehung seiner Mitglieder und der B\u00fcrger zur Partnerstadt Saint-Arnoult besonders f\u00f6rdern und pflegen. Durch die Pflege der Beziehungen zu Frankreich im allgemeinen soll zu einer besseren Verst\u00e4ndigung in Europa beigetragen werden.\u201c<\/p>\n<p>Zwei Jahre sp\u00e4ter wurde die Partnerschaft auch von politischer Seite besiegelt. Die Unterzeichnung der St\u00e4dtepartnerschafts-Urkunde erfolgte am 9. Oktober 1993 in Saint-Arnoult und am 3. Juni 1994 in Freudenberg. In einem feierlichen Akt wurde der Partnerschaftsvertrag von dem franz\u00f6sischen B\u00fcrgermeister Michel Dobremelle und seinem deutschen Kollegen Heinz Hofmann unterzeichnet und ein Partnerschaftseid geleistet.<\/p>\n\n\n\n<p>Mit einem Hochruf auf die deutsch-franz\u00f6sische Freundschaft schloss Bernd Schr\u00f6ter seinen R\u00fcckblick.<\/p>\n\n\n\n<figure class=\"wp-block-gallery has-nested-images columns-default is-cropped wp-block-gallery-2 is-layout-flex wp-block-gallery-is-layout-flex\">\n<figure class=\"wp-block-image size-large\"><img loading=\"lazy\" decoding=\"async\" width=\"640\" height=\"480\" data-id=\"788\" src=\"http:\/\/dfcmr.noeud.de\/wp-content\/uploads\/2021\/07\/20jahredfc202-Klein.jpg\" alt=\"\" class=\"wp-image-788\" srcset=\"https:\/\/dfc-freudenberg.de\/wp-content\/uploads\/2021\/07\/20jahredfc202-Klein.jpg 640w, https:\/\/dfc-freudenberg.de\/wp-content\/uploads\/2021\/07\/20jahredfc202-Klein-300x225.jpg 300w\" sizes=\"(max-width: 640px) 100vw, 640px\" \/><\/figure>\n\n\n\n<figure class=\"wp-block-image size-large\"><img loading=\"lazy\" decoding=\"async\" width=\"640\" height=\"480\" data-id=\"789\" src=\"http:\/\/dfcmr.noeud.de\/wp-content\/uploads\/2021\/07\/20jahredfc203-Klein.jpg\" alt=\"\" class=\"wp-image-789\" srcset=\"https:\/\/dfc-freudenberg.de\/wp-content\/uploads\/2021\/07\/20jahredfc203-Klein.jpg 640w, https:\/\/dfc-freudenberg.de\/wp-content\/uploads\/2021\/07\/20jahredfc203-Klein-300x225.jpg 300w\" sizes=\"(max-width: 640px) 100vw, 640px\" \/><figcaption>Vorsitzender Jakob Lang<\/figcaption><\/figure>\n\n\n\n<figure class=\"wp-block-image size-large\"><img loading=\"lazy\" decoding=\"async\" width=\"480\" height=\"593\" data-id=\"790\" src=\"http:\/\/dfcmr.noeud.de\/wp-content\/uploads\/2021\/07\/20jahredfc209-1-Klein.jpg\" alt=\"\" class=\"wp-image-790\" srcset=\"https:\/\/dfc-freudenberg.de\/wp-content\/uploads\/2021\/07\/20jahredfc209-1-Klein.jpg 480w, https:\/\/dfc-freudenberg.de\/wp-content\/uploads\/2021\/07\/20jahredfc209-1-Klein-243x300.jpg 243w\" sizes=\"(max-width: 480px) 100vw, 480px\" \/><figcaption>Bernd Schr\u00f6ter<\/figcaption><\/figure>\n<\/figure>\n\n\n\n<p><\/p>\n\n\n\n<p><\/p>\n","protected":false},"excerpt":{"rendered":"<p>6. Dezember 2011 Deutsch-Franz\u00f6sischer Club Freudenberg feiert sein 20-j\u00e4hriges Jubil\u00e4um Am 6.Dezember 1991 wurde der Deutsch-Franz\u00f6sische Club Freudenberg e.V. (DFC)&hellip;<\/p>\n","protected":false},"author":1,"featured_media":0,"parent":0,"menu_order":0,"comment_status":"closed","ping_status":"closed","template":"","meta":{"footnotes":""},"class_list":["post-234","page","type-page","status-publish","hentry"],"translation":{"provider":"WPGlobus","version":"3.0.0","language":"fr","enabled_languages":["en","de","fr"],"languages":{"en":{"title":true,"content":true,"excerpt":false},"de":{"title":false,"content":false,"excerpt":false},"fr":{"title":false,"content":false,"excerpt":false}}},"_links":{"self":[{"href":"https:\/\/dfc-freudenberg.de\/fr\/wp-json\/wp\/v2\/pages\/234"}],"collection":[{"href":"https:\/\/dfc-freudenberg.de\/fr\/wp-json\/wp\/v2\/pages"}],"about":[{"href":"https:\/\/dfc-freudenberg.de\/fr\/wp-json\/wp\/v2\/types\/page"}],"author":[{"embeddable":true,"href":"https:\/\/dfc-freudenberg.de\/fr\/wp-json\/wp\/v2\/users\/1"}],"replies":[{"embeddable":true,"href":"https:\/\/dfc-freudenberg.de\/fr\/wp-json\/wp\/v2\/comments?post=234"}],"version-history":[{"count":13,"href":"https:\/\/dfc-freudenberg.de\/fr\/wp-json\/wp\/v2\/pages\/234\/revisions"}],"predecessor-version":[{"id":1901,"href":"https:\/\/dfc-freudenberg.de\/fr\/wp-json\/wp\/v2\/pages\/234\/revisions\/1901"}],"wp:attachment":[{"href":"https:\/\/dfc-freudenberg.de\/fr\/wp-json\/wp\/v2\/media?parent=234"}],"curies":[{"name":"wp","href":"https:\/\/api.w.org\/{rel}","templated":true}]}}