{"id":2317,"date":"2024-01-14T20:34:43","date_gmt":"2024-01-14T19:34:43","guid":{"rendered":"https:\/\/dfc-freudenberg.de\/?page_id=2317"},"modified":"2024-09-27T12:43:49","modified_gmt":"2024-09-27T10:43:49","slug":"freundschaftswoche-21-bis-28-januar-2024","status":"publish","type":"page","link":"https:\/\/dfc-freudenberg.de\/fr\/freundschaftswoche-21-bis-28-januar-2024\/","title":{"rendered":"2024 &#8211; Jahr der Freundschaft"},"content":{"rendered":"\n<p><\/p>\n\n\n\n<p>Am 22. Januar 2003 wurde der Deutsch-Franz\u00f6sische Tag eingef\u00fchrt &#8220;um die bilateralen Beziehungen und die deutsch-franz\u00f6sische Freundschaft zu feiern.&#8221; In Freudenberg feiern wir diesen Tag seit 2015 nachdem unser Altb\u00fcrgermeister Heinz Hofmann die Freundschaftsfahne f\u00fcr beide St\u00e4dte gestiftet hat. <br>In diesem Jahr widmen wir der deutsch-franz\u00f6sischen Freundschaft eine ganze Woche und zwar vom 21. bis 28. Januar 2024. <\/p>\n","protected":false},"excerpt":{"rendered":"<p>Am 22. Januar 2003 wurde der Deutsch-Franz\u00f6sische Tag eingef\u00fchrt &#8220;um die bilateralen Beziehungen und die deutsch-franz\u00f6sische Freundschaft zu feiern.&#8221; In&hellip;<\/p>\n","protected":false},"author":1,"featured_media":0,"parent":0,"menu_order":0,"comment_status":"closed","ping_status":"closed","template":"","meta":{"footnotes":""},"class_list":["post-2317","page","type-page","status-publish","hentry"],"translation":{"provider":"WPGlobus","version":"3.0.0","language":"fr","enabled_languages":["en","de","fr"],"languages":{"en":{"title":true,"content":true,"excerpt":false},"de":{"title":false,"content":false,"excerpt":false},"fr":{"title":false,"content":false,"excerpt":false}}},"_links":{"self":[{"href":"https:\/\/dfc-freudenberg.de\/fr\/wp-json\/wp\/v2\/pages\/2317"}],"collection":[{"href":"https:\/\/dfc-freudenberg.de\/fr\/wp-json\/wp\/v2\/pages"}],"about":[{"href":"https:\/\/dfc-freudenberg.de\/fr\/wp-json\/wp\/v2\/types\/page"}],"author":[{"embeddable":true,"href":"https:\/\/dfc-freudenberg.de\/fr\/wp-json\/wp\/v2\/users\/1"}],"replies":[{"embeddable":true,"href":"https:\/\/dfc-freudenberg.de\/fr\/wp-json\/wp\/v2\/comments?post=2317"}],"version-history":[{"count":4,"href":"https:\/\/dfc-freudenberg.de\/fr\/wp-json\/wp\/v2\/pages\/2317\/revisions"}],"predecessor-version":[{"id":2579,"href":"https:\/\/dfc-freudenberg.de\/fr\/wp-json\/wp\/v2\/pages\/2317\/revisions\/2579"}],"wp:attachment":[{"href":"https:\/\/dfc-freudenberg.de\/fr\/wp-json\/wp\/v2\/media?parent=2317"}],"curies":[{"name":"wp","href":"https:\/\/api.w.org\/{rel}","templated":true}]}}