{"id":228,"date":"2021-05-25T09:47:44","date_gmt":"2021-05-25T09:47:44","guid":{"rendered":"http:\/\/dfcmr.noeud.de\/?page_id=228"},"modified":"2022-02-18T11:36:11","modified_gmt":"2022-02-18T10:36:11","slug":"25-jahre-dfc","status":"publish","type":"page","link":"https:\/\/dfc-freudenberg.de\/fr\/25-jahre-dfc\/","title":{"rendered":"25 Jahre DFC"},"content":{"rendered":"\n<p>4. Dezember 2016<\/p>\n\n\n\n<p><strong>25 Jahre Deutsch-Franz\u00f6sischer Club Freudenberg<\/strong><\/p>\n\n\n\n<p>Rund 60 G\u00e4ste trafen sich am Sonntag, 4. Dezember 2016 zur Geburtstagsfeier des DFC im Restaurant Caf\u00e9 Badesee. Unter den G\u00e4sten war neben den Mitgliedern des befreundeten DFC Miltenberg auch die Abordnung aus Saint-Arnoult.<\/p>\n\n\n\n<p>Nach dem Sektempfang stimmte Kassier Bernd Schr\u00f6ter die G\u00e4ste durch seine Gesangseinlage, die lautete: \u201eDie <em>Getr\u00e4nke<\/em> sind frei\u2026\u201c (zur Melodie \u201eDie Gedanken sind frei\u201c) auf den Abend ein.<\/p>\n\n\n\n<p>Auch die Geburtstagsreden durften nat\u00fcrlich auf einer solchen Feier nicht fehlen: Der erste Vorsitzende Robert Kern begr\u00fc\u00dfte alle G\u00e4ste und Ehreng\u00e4ste und nicht zuletzt die treuen Mitglieder, die die Basis f\u00fcr den Verein bilden. Es wurde der verstorbenen Mitglieder in Freudenberg und Saint-Arnoult gedacht. Robert Kern erinnerte an die<br>19 Frauen und M\u00e4nner, die am 6. Dezember 1991 im Hotel \u201eGoldenes Fass\u201c, den Stein zur Gr\u00fcndung des DFC ins Rollen brachten. Seither gab es unz\u00e4hlige Besuche in Saint-Arnoult und in Freudenberg und viele andere Aktivit\u00e4ten.<\/p>\n\n\n\n<p>Das zeigt, dass die \u201eJumelage\u201c, so unterstrich Robert Kern, eine vitale Partnerschaft ist, die durch die Mitglieder getragen wird. Der erste Vorsitzende dankte Herrn B\u00fcrgermeister Roger Henning und Herrn B\u00fcrgermeister a. D. Heinz Hofmann f\u00fcr die Unterst\u00fctzung des Vereins. Ebenfalls dankte er, stellvertretend f\u00fcr alle Vorstandsmitglieder, Herrn Jakob Lang und Herrn Martin Reuter f\u00fcr ihren Einsatz.<\/p>\n\n\n\n<p>Zum Schluss betonte Robert Kern noch einmal die Grundideen des Vereins: die deutsch-franz\u00f6sische Freundschaft und der Frieden in Europa.<\/p>\n\n\n\n<figure class=\"wp-block-gallery has-nested-images columns-default is-cropped wp-block-gallery-2 is-layout-flex wp-block-gallery-is-layout-flex\">\n<figure class=\"wp-block-image size-large\"><img loading=\"lazy\" decoding=\"async\" width=\"435\" height=\"435\" data-id=\"1656\" src=\"http:\/\/dfcmr.noeud.de\/wp-content\/uploads\/2022\/01\/dfc25_jahre2016_8-Robert-Klein.jpg\" alt=\"\" class=\"wp-image-1656\" srcset=\"https:\/\/dfc-freudenberg.de\/wp-content\/uploads\/2022\/01\/dfc25_jahre2016_8-Robert-Klein.jpg 435w, https:\/\/dfc-freudenberg.de\/wp-content\/uploads\/2022\/01\/dfc25_jahre2016_8-Robert-Klein-300x300.jpg 300w, https:\/\/dfc-freudenberg.de\/wp-content\/uploads\/2022\/01\/dfc25_jahre2016_8-Robert-Klein-150x150.jpg 150w\" sizes=\"(max-width: 435px) 100vw, 435px\" \/><figcaption>DFC Vorsitzender Robert Kern<\/figcaption><\/figure>\n\n\n\n<figure class=\"wp-block-image size-large\"><img loading=\"lazy\" decoding=\"async\" width=\"411\" height=\"435\" data-id=\"1657\" src=\"http:\/\/dfcmr.noeud.de\/wp-content\/uploads\/2022\/01\/dfc25_jahre2016_9-Burgermeister-Klein.jpg\" alt=\"\" class=\"wp-image-1657\" srcset=\"https:\/\/dfc-freudenberg.de\/wp-content\/uploads\/2022\/01\/dfc25_jahre2016_9-Burgermeister-Klein.jpg 411w, https:\/\/dfc-freudenberg.de\/wp-content\/uploads\/2022\/01\/dfc25_jahre2016_9-Burgermeister-Klein-283x300.jpg 283w\" sizes=\"(max-width: 411px) 100vw, 411px\" \/><figcaption>B\u00fcrgermeister Roger Henning<\/figcaption><\/figure>\n<\/figure>\n\n\n\n<p>Herr B\u00fcrgermeister Roger Henning ging zun\u00e4chst auf die politische Situation in Europa ein, den Brexit, die Wahlen in Italien und \u00d6sterreich. Angesichts dieser Entwicklungen hat der DFC, im Rahmen seiner M\u00f6glichkeiten, dieses Jahr w\u00e4hrend des Besuchs der Franzosen zwei Zeichen f\u00fcr den Frieden gesetzt. Zum einen die Reden der beiden B\u00fcrgermeister in der Frankfurter Paulskirche und zum anderen die Pflanzaktion der Kinder am Kriegerdenkmal. Diese beiden Aktionen bezeichnete Roger Henning als Highlights des Teils der \u201eJumelage\u201c, der seit seiner Amtszeit stattfand. Bedauert hat er, dass der Sch\u00fcleraustausch 2017 mangels Interesse nicht stattfinden wird. Jedoch lobte er die Bestrebungen, die Tischtennisabteilung des Sportvereins und den DFC zusammen zu bringen.<\/p>\n\n\n\n<p>G\u00e9rard Gallou, Vorsitzender des Comit\u00e9 de Jumelage aus Saint-Arnoult begr\u00fc\u00dfte alle G\u00e4ste. Er \u00fcberbrachte herzliche Gr\u00fc\u00dfe und Gl\u00fcckw\u00fcnsche des B\u00fcrgermeisters<br>Jean Claude Husson sowie aller Freunde aus Saint Arnoult.Gerne w\u00e4ren noch weitere Mitglieder des Comit\u00e9s zur Geburtstagsfeier nach Freudenberg gereist, allerdings fand zum gleichen Zeitpunkt ein Chorkonzert statt und einige Mitglieder singen in diesem Chor mit. <\/p>\n\n\n\n\n\n<p>Er sagte, dass es schwierig sei, beide Vereine zu verj\u00fcngen, aber es m\u00fcsse daran gearbeitet werden. Die Partnerschaft spiele ebenso eine wichtige Rolle wie vor 25 Jahren, betonte Herr Gallou, vielleicht noch mehr. Als starkes Symbol nannte G\u00e9rard Gallou die gleichzeitig aufgeh\u00e4ngten Fahnen am 22. Januar, dem Jahrestag des Elys\u00e9e-Vertrages. Zum Schluss erkl\u00e4rte er das franz\u00f6sische Sprichwort: \u201eL\u2019argent ne fait pas le bonheur\u201c (Geld bringt kein Gl\u00fcck) und sagte, dass der DFC heute Silberhochzeit feiern kann. Er \u00fcberreichte ein Geschenk an Robert Kern.<\/p>\n\n\n\n<p><\/p>\n\n\n\n<figure class=\"wp-block-gallery has-nested-images columns-default is-cropped wp-block-gallery-3 is-layout-flex wp-block-gallery-is-layout-flex\">\n<figure class=\"wp-block-image size-large\"><img loading=\"lazy\" decoding=\"async\" width=\"617\" height=\"480\" data-id=\"796\" src=\"http:\/\/dfcmr.noeud.de\/wp-content\/uploads\/2021\/07\/dfc25_jahre2016_10-Klein-1.jpg\" alt=\"\" class=\"wp-image-796\" srcset=\"https:\/\/dfc-freudenberg.de\/wp-content\/uploads\/2021\/07\/dfc25_jahre2016_10-Klein-1.jpg 617w, https:\/\/dfc-freudenberg.de\/wp-content\/uploads\/2021\/07\/dfc25_jahre2016_10-Klein-1-300x233.jpg 300w\" sizes=\"(max-width: 617px) 100vw, 617px\" \/><figcaption>Gerard Gallou und Robert Kern<\/figcaption><\/figure>\n\n\n\n<figure class=\"wp-block-image size-large\"><img loading=\"lazy\" decoding=\"async\" width=\"620\" height=\"480\" data-id=\"795\" src=\"http:\/\/dfcmr.noeud.de\/wp-content\/uploads\/2021\/07\/dfc25_jahre2016_11-Klein-1.jpg\" alt=\"\" class=\"wp-image-795\" srcset=\"https:\/\/dfc-freudenberg.de\/wp-content\/uploads\/2021\/07\/dfc25_jahre2016_11-Klein-1.jpg 620w, https:\/\/dfc-freudenberg.de\/wp-content\/uploads\/2021\/07\/dfc25_jahre2016_11-Klein-1-300x232.jpg 300w\" sizes=\"(max-width: 620px) 100vw, 620px\" \/><figcaption>Hildegard Rudat und Robert Kern<\/figcaption><\/figure>\n<\/figure>\n\n\n\n<p>Die erste Vorsitzende des DFC Miltenberg, Frau Hildegard Rudat \u00fcberreichte ebenfalls ein Geschenk an Robert Kern. In Europa sieht sie die &#8220;Deutsch-Franz\u00f6sischen Clubs\u201c als Puzzles der Deutsch-Franz\u00f6sischen Freundschaft.<br>2017 wird der DFC Miltenberg 30 Jahre. Dazu wird es noch ein gesondertes Programm geben. Doch schon jetzt l\u00e4dt Frau Rudat alle Mitglieder des DFC Freudenberg herzlich an den Aktivit\u00e4ten 2017 des DFC Miltenberg teilzunehmen.<\/p>\n\n\n\n<p>Nach dem obligatorischen Gru\u00df aus der K\u00fcche, konnten die Geburtstagsg\u00e4ste aus einer kleinen feinen Karte dann ganz nach Gusto ihr Abendessen ausw\u00e4hlen. Viel M\u00fche und Herzblut hatte Kassier Bernd Schr\u00f6ter in den anschlie\u00dfenden Filmvortrag investiert. \u00dcber Konrad Adenauer und Charles de Gaulle ging es bis zu den Anf\u00e4ngen des DFC in den 90er Jahren. Zu den Fotos gab es nat\u00fcrlich etliche Anekdoten zu berichten und Erlebnisse auszutauschen. So klang der Abend langsam aus.<\/p>\n\n\n\n<figure class=\"wp-block-gallery has-nested-images columns-default is-cropped wp-block-gallery-4 is-layout-flex wp-block-gallery-is-layout-flex\">\n<figure class=\"wp-block-image size-large\"><img loading=\"lazy\" decoding=\"async\" width=\"640\" height=\"480\" data-id=\"808\" src=\"http:\/\/dfcmr.noeud.de\/wp-content\/uploads\/2021\/07\/PC040096-Klein.jpg\" alt=\"\" class=\"wp-image-808\" srcset=\"https:\/\/dfc-freudenberg.de\/wp-content\/uploads\/2021\/07\/PC040096-Klein.jpg 640w, https:\/\/dfc-freudenberg.de\/wp-content\/uploads\/2021\/07\/PC040096-Klein-300x225.jpg 300w\" sizes=\"(max-width: 640px) 100vw, 640px\" \/><figcaption>Bernd Schr\u00f6ter<\/figcaption><\/figure>\n\n\n\n<figure class=\"wp-block-image size-large\"><img loading=\"lazy\" decoding=\"async\" width=\"640\" height=\"480\" data-id=\"806\" src=\"http:\/\/dfcmr.noeud.de\/wp-content\/uploads\/2021\/07\/PC040098-Klein.jpg\" alt=\"\" class=\"wp-image-806\" srcset=\"https:\/\/dfc-freudenberg.de\/wp-content\/uploads\/2021\/07\/PC040098-Klein.jpg 640w, https:\/\/dfc-freudenberg.de\/wp-content\/uploads\/2021\/07\/PC040098-Klein-300x225.jpg 300w\" sizes=\"(max-width: 640px) 100vw, 640px\" \/><figcaption>Bernd Schr\u00f6ter bei der Diashow<\/figcaption><\/figure>\n<\/figure>\n\n\n\n<figure class=\"wp-block-gallery has-nested-images columns-default is-cropped wp-block-gallery-5 is-layout-flex wp-block-gallery-is-layout-flex\">\n<figure class=\"wp-block-image size-large\"><img loading=\"lazy\" decoding=\"async\" width=\"640\" height=\"480\" data-id=\"801\" src=\"http:\/\/dfcmr.noeud.de\/wp-content\/uploads\/2021\/07\/dfc25_jahre2016_5-Klein-1.jpg\" alt=\"\" class=\"wp-image-801\" srcset=\"https:\/\/dfc-freudenberg.de\/wp-content\/uploads\/2021\/07\/dfc25_jahre2016_5-Klein-1.jpg 640w, https:\/\/dfc-freudenberg.de\/wp-content\/uploads\/2021\/07\/dfc25_jahre2016_5-Klein-1-300x225.jpg 300w\" sizes=\"(max-width: 640px) 100vw, 640px\" \/><figcaption>Blick in die Runde<\/figcaption><\/figure>\n\n\n\n<figure class=\"wp-block-image size-large\"><img loading=\"lazy\" decoding=\"async\" width=\"485\" height=\"480\" data-id=\"802\" src=\"http:\/\/dfcmr.noeud.de\/wp-content\/uploads\/2021\/07\/dfc25_jahre2016_6-Klein.jpg\" alt=\"\" class=\"wp-image-802\" srcset=\"https:\/\/dfc-freudenberg.de\/wp-content\/uploads\/2021\/07\/dfc25_jahre2016_6-Klein.jpg 485w, https:\/\/dfc-freudenberg.de\/wp-content\/uploads\/2021\/07\/dfc25_jahre2016_6-Klein-300x297.jpg 300w\" sizes=\"(max-width: 485px) 100vw, 485px\" \/><figcaption>Familie Hildenbrand<\/figcaption><\/figure>\n\n\n\n<figure class=\"wp-block-image size-large\"><img loading=\"lazy\" decoding=\"async\" width=\"636\" height=\"480\" data-id=\"803\" src=\"http:\/\/dfcmr.noeud.de\/wp-content\/uploads\/2021\/07\/dfc25_jahre2016_4-Klein.jpg\" alt=\"\" class=\"wp-image-803\" srcset=\"https:\/\/dfc-freudenberg.de\/wp-content\/uploads\/2021\/07\/dfc25_jahre2016_4-Klein.jpg 636w, https:\/\/dfc-freudenberg.de\/wp-content\/uploads\/2021\/07\/dfc25_jahre2016_4-Klein-300x226.jpg 300w\" sizes=\"(max-width: 636px) 100vw, 636px\" \/><figcaption>Gerard Gallou und Jakob Lang<\/figcaption><\/figure>\n<\/figure>\n\n\n\n<p class=\"has-small-font-size\">Text: Karin Turba-Hildenbrand, Bilder: Ralf Kern, Martin Reuter<br><\/p>\n\n\n\n<p><\/p>\n","protected":false},"excerpt":{"rendered":"<p>4. Dezember 2016 25 Jahre Deutsch-Franz\u00f6sischer Club Freudenberg Rund 60 G\u00e4ste trafen sich am Sonntag, 4. Dezember 2016 zur Geburtstagsfeier&hellip;<\/p>\n","protected":false},"author":1,"featured_media":0,"parent":0,"menu_order":0,"comment_status":"closed","ping_status":"closed","template":"","meta":{"footnotes":""},"class_list":["post-228","page","type-page","status-publish","hentry"],"translation":{"provider":"WPGlobus","version":"3.0.0","language":"fr","enabled_languages":["en","de","fr"],"languages":{"en":{"title":true,"content":true,"excerpt":false},"de":{"title":false,"content":false,"excerpt":false},"fr":{"title":false,"content":false,"excerpt":false}}},"_links":{"self":[{"href":"https:\/\/dfc-freudenberg.de\/fr\/wp-json\/wp\/v2\/pages\/228"}],"collection":[{"href":"https:\/\/dfc-freudenberg.de\/fr\/wp-json\/wp\/v2\/pages"}],"about":[{"href":"https:\/\/dfc-freudenberg.de\/fr\/wp-json\/wp\/v2\/types\/page"}],"author":[{"embeddable":true,"href":"https:\/\/dfc-freudenberg.de\/fr\/wp-json\/wp\/v2\/users\/1"}],"replies":[{"embeddable":true,"href":"https:\/\/dfc-freudenberg.de\/fr\/wp-json\/wp\/v2\/comments?post=228"}],"version-history":[{"count":13,"href":"https:\/\/dfc-freudenberg.de\/fr\/wp-json\/wp\/v2\/pages\/228\/revisions"}],"predecessor-version":[{"id":1900,"href":"https:\/\/dfc-freudenberg.de\/fr\/wp-json\/wp\/v2\/pages\/228\/revisions\/1900"}],"wp:attachment":[{"href":"https:\/\/dfc-freudenberg.de\/fr\/wp-json\/wp\/v2\/media?parent=228"}],"curies":[{"name":"wp","href":"https:\/\/api.w.org\/{rel}","templated":true}]}}