{"id":216,"date":"2021-05-25T09:23:46","date_gmt":"2021-05-25T09:23:46","guid":{"rendered":"http:\/\/dfcmr.noeud.de\/?page_id=216"},"modified":"2022-02-18T12:07:28","modified_gmt":"2022-02-18T11:07:28","slug":"freundschaftstag","status":"publish","type":"page","link":"https:\/\/dfc-freudenberg.de\/fr\/freundschaftstag\/","title":{"rendered":"Die Freundschaftsfahne"},"content":{"rendered":"\n<p><strong>Geschichte unserer Freundschaftsfahne<\/strong><br>In 2013 feierten unsere beiden Kommunen, zun\u00e4chst in Saint-Arnoult und 2014 in Freudenberg, das 20 j\u00e4hrige Jubil\u00e4um der Besiegelung der St\u00e4dtepartnerschaft. Bei den Festaktivit\u00e4ten in Freudenberg wurden vom damaligen Freudenberger B\u00fcrgermeister Heinz Hofmann zwei Freundschaftsfahnen \u00fcbergeben, eine f\u00fcr Saint-Arnoult und eine f\u00fcr Freudenberg. Fortan sollten diese Fahnen gleichzeitig am Freundschaftstag, so sein Wunsch, in beiden Gemeinden gehisst werden um an unsere Verbundenheit zu erinnern. <\/p>\n\n\n\n<figure class=\"wp-block-gallery has-nested-images columns-default is-cropped wp-block-gallery-2 is-layout-flex wp-block-gallery-is-layout-flex\">\n<figure class=\"wp-block-image size-large is-style-default\"><img loading=\"lazy\" decoding=\"async\" width=\"640\" height=\"480\" data-id=\"1462\" src=\"http:\/\/dfcmr.noeud.de\/wp-content\/uploads\/2021\/12\/Ansprache-Burgermeister-Klein.jpg\" alt=\"\" class=\"wp-image-1462\" srcset=\"https:\/\/dfc-freudenberg.de\/wp-content\/uploads\/2021\/12\/Ansprache-Burgermeister-Klein.jpg 640w, https:\/\/dfc-freudenberg.de\/wp-content\/uploads\/2021\/12\/Ansprache-Burgermeister-Klein-300x225.jpg 300w\" sizes=\"(max-width: 640px) 100vw, 640px\" \/><figcaption>B\u00fcrgermeister Hofmann \u00fcbergibt die Fahne<\/figcaption><\/figure>\n\n\n\n<figure class=\"wp-block-image size-large is-style-default\"><img loading=\"lazy\" decoding=\"async\" width=\"450\" height=\"600\" data-id=\"1467\" src=\"http:\/\/dfcmr.noeud.de\/wp-content\/uploads\/2021\/12\/besuch201429-1.jpg\" alt=\"\" class=\"wp-image-1467\" srcset=\"https:\/\/dfc-freudenberg.de\/wp-content\/uploads\/2021\/12\/besuch201429-1.jpg 450w, https:\/\/dfc-freudenberg.de\/wp-content\/uploads\/2021\/12\/besuch201429-1-225x300.jpg 225w\" sizes=\"(max-width: 450px) 100vw, 450px\" \/><figcaption>Die Fahne weht zum ersten Mal<\/figcaption><\/figure>\n<\/figure>\n\n\n\n<figure class=\"wp-block-gallery has-nested-images columns-default is-cropped wp-block-gallery-3 is-layout-flex wp-block-gallery-is-layout-flex\">\n<figure class=\"wp-block-image size-full is-style-default\"><img loading=\"lazy\" decoding=\"async\" width=\"681\" height=\"480\" data-id=\"1465\" src=\"http:\/\/dfcmr.noeud.de\/wp-content\/uploads\/2021\/12\/Freundschaftsfahne-fertig-Klein.jpg\" alt=\"\" class=\"wp-image-1465\" srcset=\"https:\/\/dfc-freudenberg.de\/wp-content\/uploads\/2021\/12\/Freundschaftsfahne-fertig-Klein.jpg 681w, https:\/\/dfc-freudenberg.de\/wp-content\/uploads\/2021\/12\/Freundschaftsfahne-fertig-Klein-300x211.jpg 300w\" sizes=\"(max-width: 681px) 100vw, 681px\" \/><figcaption>Gerard Gallou enth\u00fcllt die Freundschaftsfahne<\/figcaption><\/figure>\n<\/figure>\n\n\n\n<p><\/p>\n\n\n\n<p>Erstmalig versammelten sich am 30. Mai 2015 B\u00fcrger beider Kommunen zu einem freundschaftlichen Austausch per Videoschaltung. \u00dcber gro\u00dfe Monitore konnten alle  miteinander sprechen &#8211; und nat\u00fcrlich wurden auch die Freundschaftsfahnen gehisst, wie der untenstehende Bericht aus 2015 zeigt. Seitdem f\u00fchren die beiden Partnerschaftsvereine am 22. Januar zeit- und themengleich Veranstaltungen durch. <\/p>\n\n\n\n<p><strong>30. Mai 2015<\/strong> <strong>Freundschaft via Internet bekr\u00e4ftigt<\/strong><br>Eine au\u00dfergew\u00f6hnliche Begegnung fand am 30. Mai gleichzeitig in der Aula der Lindtal-Schule in Freudenberg und im Kinosaal \u201eLe Cratere\u201c in Saint Arnoult statt. Auch die Kinder und Jugendlichen vom Schulprojekt zwischen Freudenberg und Saint Arnoult waren zu diesem Ereignis eingeladen worden, damit sie sich wiedersehen k\u00f6nnten. Jedoch die meisten waren wegen anderer Aktivit\u00e4ten in beiden St\u00e4dten verhindert, und so waren nur etwa zwei Dutzend Erwachsene erschienen. Nachdem die Internet-Verbindung zwischen beiden Partnerst\u00e4dten aufgebaut war, konnten \u00fcber Kameras und Bildw\u00e4nde freundschaftliche Gr\u00fc\u00dfe ausgetauscht werden. So freuten sich die beiden Vorsitzenden der Partnerschaftsvereine, Robert Kern und Gerard Gallou \u00fcber das Wiedersehen so kurz nach dem realen Besuch in Frankreich.&nbsp;<\/p>\n\n\n\n<figure class=\"wp-block-gallery has-nested-images columns-default is-cropped wp-block-gallery-4 is-layout-flex wp-block-gallery-is-layout-flex\">\n<figure class=\"wp-block-image size-large is-style-default\"><img loading=\"lazy\" decoding=\"async\" width=\"600\" height=\"450\" data-id=\"1413\" src=\"http:\/\/dfcmr.noeud.de\/wp-content\/uploads\/2021\/11\/skype2015_7-Klein.jpg\" alt=\"\" class=\"wp-image-1413\" srcset=\"https:\/\/dfc-freudenberg.de\/wp-content\/uploads\/2021\/11\/skype2015_7-Klein.jpg 600w, https:\/\/dfc-freudenberg.de\/wp-content\/uploads\/2021\/11\/skype2015_7-Klein-300x225.jpg 300w\" sizes=\"(max-width: 600px) 100vw, 600px\" \/><\/figure>\n\n\n\n<figure class=\"wp-block-image size-large is-style-default\"><img loading=\"lazy\" decoding=\"async\" width=\"600\" height=\"450\" data-id=\"1415\" src=\"http:\/\/dfcmr.noeud.de\/wp-content\/uploads\/2021\/11\/skype2015_6-Klein.jpg\" alt=\"\" class=\"wp-image-1415\" srcset=\"https:\/\/dfc-freudenberg.de\/wp-content\/uploads\/2021\/11\/skype2015_6-Klein.jpg 600w, https:\/\/dfc-freudenberg.de\/wp-content\/uploads\/2021\/11\/skype2015_6-Klein-300x225.jpg 300w\" sizes=\"(max-width: 600px) 100vw, 600px\" \/><\/figure>\n\n\n\n<figure class=\"wp-block-image size-large is-style-default\"><img loading=\"lazy\" decoding=\"async\" width=\"600\" height=\"450\" data-id=\"1412\" src=\"http:\/\/dfcmr.noeud.de\/wp-content\/uploads\/2021\/11\/skype2015_5-Klein.jpg\" alt=\"\" class=\"wp-image-1412\" srcset=\"https:\/\/dfc-freudenberg.de\/wp-content\/uploads\/2021\/11\/skype2015_5-Klein.jpg 600w, https:\/\/dfc-freudenberg.de\/wp-content\/uploads\/2021\/11\/skype2015_5-Klein-300x225.jpg 300w\" sizes=\"(max-width: 600px) 100vw, 600px\" \/><\/figure>\n<\/figure>\n\n\n\n<p>Der Hauptanlass dieser Video-Konferenz waren die beiden Freundschaftsfahnen, die beim vorj\u00e4hrigen Besuch vom damals noch amtierenden B\u00fcrgermeister Heinz Hofmann gestiftet worden waren und die an das 20-j\u00e4hrige Bestehen der Partnerschaft erinnern.<br>Der B\u00fcrgermeister verband damit den Wunsch, dass die Fahnen zum gleichen Zeitpunkt in beiden St\u00e4dten gehisst werden sollten. Heinz Hofmann, nun im Ruhestand, war mit seiner Frau gekommen und zeigte sich erfreut, dass moderne Technologie es nun erm\u00f6glichte, seine Idee zu verwirklichen. Nachdem auch B\u00fcrgermeister Roger Henning und Daniel Viturat \u2013 er vertrat den&nbsp;B\u00fcrgermeister von Saint Arnoult \u2013 Gru\u00dfworte gesendet hatten, konnten sich einige B\u00fcrger der Partnerst\u00e4dte pers\u00f6nliche Worte der Wiedersehensfreude \u00fcbermitteln. Zum Abschluss prostete man sich fr\u00f6hlich zu \u2013 die Franzosen mit deutschem Bier und die Freudenberger mit franz\u00f6sischem Rotwein.<\/p>\n\n\n\n<p class=\"has-small-font-size\">Text: Ralf Kern, Reinhild Reuter \/ Fotos: DFC<\/p>\n\n\n\n<p><br><\/p>\n\n\n\n<p><br><\/p>\n","protected":false},"excerpt":{"rendered":"<p>Geschichte unserer FreundschaftsfahneIn 2013 feierten unsere beiden Kommunen, zun\u00e4chst in Saint-Arnoult und 2014 in Freudenberg, das 20 j\u00e4hrige Jubil\u00e4um der&hellip;<\/p>\n","protected":false},"author":1,"featured_media":0,"parent":0,"menu_order":0,"comment_status":"closed","ping_status":"closed","template":"","meta":{"footnotes":""},"class_list":["post-216","page","type-page","status-publish","hentry"],"translation":{"provider":"WPGlobus","version":"3.0.0","language":"fr","enabled_languages":["en","de","fr"],"languages":{"en":{"title":true,"content":true,"excerpt":false},"de":{"title":false,"content":false,"excerpt":false},"fr":{"title":false,"content":false,"excerpt":false}}},"_links":{"self":[{"href":"https:\/\/dfc-freudenberg.de\/fr\/wp-json\/wp\/v2\/pages\/216"}],"collection":[{"href":"https:\/\/dfc-freudenberg.de\/fr\/wp-json\/wp\/v2\/pages"}],"about":[{"href":"https:\/\/dfc-freudenberg.de\/fr\/wp-json\/wp\/v2\/types\/page"}],"author":[{"embeddable":true,"href":"https:\/\/dfc-freudenberg.de\/fr\/wp-json\/wp\/v2\/users\/1"}],"replies":[{"embeddable":true,"href":"https:\/\/dfc-freudenberg.de\/fr\/wp-json\/wp\/v2\/comments?post=216"}],"version-history":[{"count":25,"href":"https:\/\/dfc-freudenberg.de\/fr\/wp-json\/wp\/v2\/pages\/216\/revisions"}],"predecessor-version":[{"id":1917,"href":"https:\/\/dfc-freudenberg.de\/fr\/wp-json\/wp\/v2\/pages\/216\/revisions\/1917"}],"wp:attachment":[{"href":"https:\/\/dfc-freudenberg.de\/fr\/wp-json\/wp\/v2\/media?parent=216"}],"curies":[{"name":"wp","href":"https:\/\/api.w.org\/{rel}","templated":true}]}}