{"id":214,"date":"2021-05-25T09:19:48","date_gmt":"2021-05-25T09:19:48","guid":{"rendered":"http:\/\/dfcmr.noeud.de\/?page_id=214"},"modified":"2022-08-09T11:40:59","modified_gmt":"2022-08-09T09:40:59","slug":"wiederkehrende-ereignisse","status":"publish","type":"page","link":"https:\/\/dfc-freudenberg.de\/fr\/wiederkehrende-ereignisse\/","title":{"rendered":"Aktivit\u00e4ten"},"content":{"rendered":"\n<p>Seit der Gr\u00fcndung des Deutsch-Franz\u00f6sischen Clubs Freudenberg e.V. und des Comit\u00e9 de Jumelage Saint-Arnoult entwickelten beide Vereine vielf\u00e4ltige wiederkehrende Ereignisse, Aktivit\u00e4ten und Veranstaltungen. Die tragenden S\u00e4ulen waren und sind der j\u00e4hrliche St\u00e4dteaustausch und die gegenseitigen Besuche im Wechsel sowie die Pflege des Vereinslebens mit Angeboten f\u00fcr Jung und Alt. <br><\/p>\n\n\n\n<p><\/p>\n\n\n\n<p><\/p>\n","protected":false},"excerpt":{"rendered":"<p>Seit der Gr\u00fcndung des Deutsch-Franz\u00f6sischen Clubs Freudenberg e.V. und des Comit\u00e9 de Jumelage Saint-Arnoult entwickelten beide Vereine vielf\u00e4ltige wiederkehrende Ereignisse,&hellip;<\/p>\n","protected":false},"author":1,"featured_media":0,"parent":0,"menu_order":0,"comment_status":"closed","ping_status":"closed","template":"","meta":{"footnotes":""},"class_list":["post-214","page","type-page","status-publish","hentry"],"translation":{"provider":"WPGlobus","version":"3.0.0","language":"fr","enabled_languages":["en","de","fr"],"languages":{"en":{"title":true,"content":true,"excerpt":false},"de":{"title":false,"content":false,"excerpt":false},"fr":{"title":false,"content":false,"excerpt":false}}},"_links":{"self":[{"href":"https:\/\/dfc-freudenberg.de\/fr\/wp-json\/wp\/v2\/pages\/214"}],"collection":[{"href":"https:\/\/dfc-freudenberg.de\/fr\/wp-json\/wp\/v2\/pages"}],"about":[{"href":"https:\/\/dfc-freudenberg.de\/fr\/wp-json\/wp\/v2\/types\/page"}],"author":[{"embeddable":true,"href":"https:\/\/dfc-freudenberg.de\/fr\/wp-json\/wp\/v2\/users\/1"}],"replies":[{"embeddable":true,"href":"https:\/\/dfc-freudenberg.de\/fr\/wp-json\/wp\/v2\/comments?post=214"}],"version-history":[{"count":6,"href":"https:\/\/dfc-freudenberg.de\/fr\/wp-json\/wp\/v2\/pages\/214\/revisions"}],"predecessor-version":[{"id":2050,"href":"https:\/\/dfc-freudenberg.de\/fr\/wp-json\/wp\/v2\/pages\/214\/revisions\/2050"}],"wp:attachment":[{"href":"https:\/\/dfc-freudenberg.de\/fr\/wp-json\/wp\/v2\/media?parent=214"}],"curies":[{"name":"wp","href":"https:\/\/api.w.org\/{rel}","templated":true}]}}