{"id":212,"date":"2021-05-25T09:19:30","date_gmt":"2021-05-25T09:19:30","guid":{"rendered":"http:\/\/dfcmr.noeud.de\/?page_id=212"},"modified":"2022-02-18T11:35:37","modified_gmt":"2022-02-18T10:35:37","slug":"jubilaeen","status":"publish","type":"page","link":"https:\/\/dfc-freudenberg.de\/fr\/jubilaeen\/","title":{"rendered":"Jubil\u00e4en"},"content":{"rendered":"\n<p>Seit der Vereinsgr\u00fcndung im Dezember 1991 sind 30 Jahre vergangen. Bisher feierten wir den 10 j\u00e4hrigen Geburtstag und 20 Jahre Deutsch-Franz\u00f6sischer Club Freudenberg e.V.<br>Am 4. Dezember 2021 sollte unser Jubil\u00e4um im Rahmen des Jahresabschlusses gefeiert werden.<br>Die pandemische Situation erlaubt uns leider nicht, diese Feier durchzuf\u00fchren. Wir hoffen dies im n\u00e4chsten Jahr nachholen zu k\u00f6nnen.<\/p>\n\n\n\n<p><\/p>\n","protected":false},"excerpt":{"rendered":"<p>Seit der Vereinsgr\u00fcndung im Dezember 1991 sind 30 Jahre vergangen. Bisher feierten wir den 10 j\u00e4hrigen Geburtstag und 20 Jahre&hellip;<\/p>\n","protected":false},"author":1,"featured_media":0,"parent":0,"menu_order":0,"comment_status":"closed","ping_status":"closed","template":"","meta":{"footnotes":""},"class_list":["post-212","page","type-page","status-publish","hentry"],"translation":{"provider":"WPGlobus","version":"3.0.0","language":"fr","enabled_languages":["en","de","fr"],"languages":{"en":{"title":true,"content":true,"excerpt":false},"de":{"title":false,"content":false,"excerpt":false},"fr":{"title":false,"content":false,"excerpt":false}}},"_links":{"self":[{"href":"https:\/\/dfc-freudenberg.de\/fr\/wp-json\/wp\/v2\/pages\/212"}],"collection":[{"href":"https:\/\/dfc-freudenberg.de\/fr\/wp-json\/wp\/v2\/pages"}],"about":[{"href":"https:\/\/dfc-freudenberg.de\/fr\/wp-json\/wp\/v2\/types\/page"}],"author":[{"embeddable":true,"href":"https:\/\/dfc-freudenberg.de\/fr\/wp-json\/wp\/v2\/users\/1"}],"replies":[{"embeddable":true,"href":"https:\/\/dfc-freudenberg.de\/fr\/wp-json\/wp\/v2\/comments?post=212"}],"version-history":[{"count":8,"href":"https:\/\/dfc-freudenberg.de\/fr\/wp-json\/wp\/v2\/pages\/212\/revisions"}],"predecessor-version":[{"id":1442,"href":"https:\/\/dfc-freudenberg.de\/fr\/wp-json\/wp\/v2\/pages\/212\/revisions\/1442"}],"wp:attachment":[{"href":"https:\/\/dfc-freudenberg.de\/fr\/wp-json\/wp\/v2\/media?parent=212"}],"curies":[{"name":"wp","href":"https:\/\/api.w.org\/{rel}","templated":true}]}}