{"id":210,"date":"2021-05-25T09:20:05","date_gmt":"2021-05-25T09:20:05","guid":{"rendered":"http:\/\/dfcmr.noeud.de\/?page_id=210"},"modified":"2022-02-18T11:43:48","modified_gmt":"2022-02-18T10:43:48","slug":"staedteaustausch","status":"publish","type":"page","link":"https:\/\/dfc-freudenberg.de\/fr\/staedteaustausch\/","title":{"rendered":"St\u00e4dteaustausch"},"content":{"rendered":"\n<p>Die St\u00e4dtepartnerschaft wurde politisch von beiden St\u00e4dten 1993 in Saint-Arnoult-en-Yvelines und 1994 in Freudenberg besiegelt. Seither gibt es im j\u00e4hrlichen Wechsel gegenseitige Besuche der Gemeinden, traditionell \u00fcber das verl\u00e4ngerte Himmelfahrtswochenende. Alle Freudenberger und Kirschfurter B\u00fcrger sind willkommen an diesen Fahrten teilzunehmen. Die Unterbringung erfolgt in der Regel in Gastfamilien.<\/p>\n","protected":false},"excerpt":{"rendered":"<p>Die St\u00e4dtepartnerschaft wurde politisch von beiden St\u00e4dten 1993 in Saint-Arnoult-en-Yvelines und 1994 in Freudenberg besiegelt. Seither gibt es im j\u00e4hrlichen&hellip;<\/p>\n","protected":false},"author":1,"featured_media":0,"parent":0,"menu_order":0,"comment_status":"closed","ping_status":"closed","template":"","meta":{"footnotes":""},"class_list":["post-210","page","type-page","status-publish","hentry"],"translation":{"provider":"WPGlobus","version":"3.0.0","language":"fr","enabled_languages":["en","de","fr"],"languages":{"en":{"title":true,"content":true,"excerpt":false},"de":{"title":false,"content":false,"excerpt":false},"fr":{"title":false,"content":false,"excerpt":false}}},"_links":{"self":[{"href":"https:\/\/dfc-freudenberg.de\/fr\/wp-json\/wp\/v2\/pages\/210"}],"collection":[{"href":"https:\/\/dfc-freudenberg.de\/fr\/wp-json\/wp\/v2\/pages"}],"about":[{"href":"https:\/\/dfc-freudenberg.de\/fr\/wp-json\/wp\/v2\/types\/page"}],"author":[{"embeddable":true,"href":"https:\/\/dfc-freudenberg.de\/fr\/wp-json\/wp\/v2\/users\/1"}],"replies":[{"embeddable":true,"href":"https:\/\/dfc-freudenberg.de\/fr\/wp-json\/wp\/v2\/comments?post=210"}],"version-history":[{"count":4,"href":"https:\/\/dfc-freudenberg.de\/fr\/wp-json\/wp\/v2\/pages\/210\/revisions"}],"predecessor-version":[{"id":1226,"href":"https:\/\/dfc-freudenberg.de\/fr\/wp-json\/wp\/v2\/pages\/210\/revisions\/1226"}],"wp:attachment":[{"href":"https:\/\/dfc-freudenberg.de\/fr\/wp-json\/wp\/v2\/media?parent=210"}],"curies":[{"name":"wp","href":"https:\/\/api.w.org\/{rel}","templated":true}]}}