{"id":2072,"date":"2022-10-10T17:32:19","date_gmt":"2022-10-10T15:32:19","guid":{"rendered":"https:\/\/dfc-freudenberg.de\/?page_id=2072"},"modified":"2023-02-02T14:39:51","modified_gmt":"2023-02-02T13:39:51","slug":"2022-kinder-kochen-franzosisch","status":"publish","type":"page","link":"https:\/\/dfc-freudenberg.de\/fr\/2022-kinder-kochen-franzosisch\/","title":{"rendered":"2022 Kinder kochen franz\u00f6sisch"},"content":{"rendered":"\n<p><\/p>\n\n\n\n<p><strong>Eifrige K\u00f6chinnen und K\u00f6che in der Lindtalschule<\/strong><\/p>\n\n\n\n<p>Im Rahmen der Ferienspiele Freudenberg erlebten 21 M\u00e4dchen und Buben zwischen sechs und neun Jahren franz\u00f6sische Lebensart.<\/p>\n\n\n\n<p>In der K\u00fcche der Lindtalschule bereiteten sie ein umfangreiches franz\u00f6sisches Men\u00fc zu und erfuhren vieles \u00fcber das Leben in Frankreich und \u00fcber unsere Partnerstadt Saint-Arnoult en-Yvelines. Betreut wurden sie dabei von Helfern des Deutsch-Franz\u00f6sischen Clubs Freudenberg (DFC), von KEGL &#8211; Kochen Essen Geniessen Leben ( VdK Ortsverb\u00e4nde) und vom KidsTreff unter der Leitung von Gabi W\u00f6rner.<\/p>\n\n\n\n<p>In diesem Jahr konnten die Kinder die franz\u00f6sische Region Normandie n\u00e4her kennen lernen. So erfuhren sie vieles \u00fcber die dortigen Sehensw\u00fcrdigkeiten wie den Abteiberg Mont-Saint-Michel und den Maler Claude Monet. Zum Greifen nah konnten sie das von Wolfgang Sasse angefertigte Modell des Berges bestaunen. Zwischendurch konnten die Kinder im Nebenraum basteln, plaudern oder nach Vorlagen so malen wie Claude Monet. <\/p>\n\n\n\n<figure class=\"wp-block-gallery has-nested-images columns-default is-cropped wp-block-gallery-2 is-layout-flex wp-block-gallery-is-layout-flex\">\n<figure class=\"wp-block-image size-large\"><img loading=\"lazy\" decoding=\"async\" width=\"720\" height=\"480\" data-id=\"2081\" src=\"https:\/\/dfc-freudenberg.de\/wp-content\/uploads\/2022\/10\/1990248-Klein.jpg\" alt=\"\" class=\"wp-image-2081\" srcset=\"https:\/\/dfc-freudenberg.de\/wp-content\/uploads\/2022\/10\/1990248-Klein.jpg 720w, https:\/\/dfc-freudenberg.de\/wp-content\/uploads\/2022\/10\/1990248-Klein-300x200.jpg 300w\" sizes=\"(max-width: 720px) 100vw, 720px\" \/><\/figure>\n\n\n\n<figure class=\"wp-block-image size-large\"><img loading=\"lazy\" decoding=\"async\" width=\"714\" height=\"480\" data-id=\"2082\" src=\"https:\/\/dfc-freudenberg.de\/wp-content\/uploads\/2022\/10\/1990457-Klein.jpg\" alt=\"\" class=\"wp-image-2082\" srcset=\"https:\/\/dfc-freudenberg.de\/wp-content\/uploads\/2022\/10\/1990457-Klein.jpg 714w, https:\/\/dfc-freudenberg.de\/wp-content\/uploads\/2022\/10\/1990457-Klein-300x202.jpg 300w\" sizes=\"(max-width: 714px) 100vw, 714px\" \/><\/figure>\n\n\n\n<figure class=\"wp-block-image size-large\"><img loading=\"lazy\" decoding=\"async\" width=\"720\" height=\"480\" data-id=\"2080\" src=\"https:\/\/dfc-freudenberg.de\/wp-content\/uploads\/2022\/10\/1990222-Klein.jpg\" alt=\"\" class=\"wp-image-2080\" srcset=\"https:\/\/dfc-freudenberg.de\/wp-content\/uploads\/2022\/10\/1990222-Klein.jpg 720w, https:\/\/dfc-freudenberg.de\/wp-content\/uploads\/2022\/10\/1990222-Klein-300x200.jpg 300w\" sizes=\"(max-width: 720px) 100vw, 720px\" \/><\/figure>\n<\/figure>\n\n\n\n<p><\/p>\n\n\n\n<p>In der K\u00fcche erledigten die Kinder alle Zubereitungsarbeiten unter Anleitung der erwachsenen Helfer. Viele flei\u00dfige H\u00e4nde waren n\u00f6tig um das umfangreiche Men\u00fc zuzubereiten. <\/p>\n\n\n\n<figure class=\"wp-block-gallery has-nested-images columns-default is-cropped wp-block-gallery-3 is-layout-flex wp-block-gallery-is-layout-flex\">\n<figure class=\"wp-block-image size-large\"><img loading=\"lazy\" decoding=\"async\" width=\"720\" height=\"480\" data-id=\"2083\" src=\"https:\/\/dfc-freudenberg.de\/wp-content\/uploads\/2022\/10\/1990349-Klein.jpg\" alt=\"\" class=\"wp-image-2083\" srcset=\"https:\/\/dfc-freudenberg.de\/wp-content\/uploads\/2022\/10\/1990349-Klein.jpg 720w, https:\/\/dfc-freudenberg.de\/wp-content\/uploads\/2022\/10\/1990349-Klein-300x200.jpg 300w\" sizes=\"(max-width: 720px) 100vw, 720px\" \/><\/figure>\n\n\n\n<figure class=\"wp-block-image size-large\"><img loading=\"lazy\" decoding=\"async\" width=\"798\" height=\"480\" data-id=\"2086\" src=\"https:\/\/dfc-freudenberg.de\/wp-content\/uploads\/2022\/10\/1990440-Klein.jpg\" alt=\"\" class=\"wp-image-2086\" srcset=\"https:\/\/dfc-freudenberg.de\/wp-content\/uploads\/2022\/10\/1990440-Klein.jpg 798w, https:\/\/dfc-freudenberg.de\/wp-content\/uploads\/2022\/10\/1990440-Klein-300x180.jpg 300w, https:\/\/dfc-freudenberg.de\/wp-content\/uploads\/2022\/10\/1990440-Klein-768x462.jpg 768w\" sizes=\"(max-width: 798px) 100vw, 798px\" \/><\/figure>\n\n\n\n<figure class=\"wp-block-image size-large\"><img loading=\"lazy\" decoding=\"async\" width=\"737\" height=\"480\" data-id=\"2087\" src=\"https:\/\/dfc-freudenberg.de\/wp-content\/uploads\/2022\/10\/1990392-Klein.jpg\" alt=\"\" class=\"wp-image-2087\" srcset=\"https:\/\/dfc-freudenberg.de\/wp-content\/uploads\/2022\/10\/1990392-Klein.jpg 737w, https:\/\/dfc-freudenberg.de\/wp-content\/uploads\/2022\/10\/1990392-Klein-300x195.jpg 300w\" sizes=\"(max-width: 737px) 100vw, 737px\" \/><\/figure>\n<\/figure>\n\n\n\n<p><\/p>\n\n\n\n<p>So gab es zun\u00e4chst einen franz\u00f6sischen Aperitif mit Canap\u00e9s. Weitere Gruppen bereiteten einen bunten Maissalat als Vorspeise und eine Tarte Normande f\u00fcr den Hauptgang zu. Auch die typischen Cr\u00eapes durften nicht fehlen. Als Abschluss gab es einen bunten Obstsalat. <\/p>\n\n\n\n<figure class=\"wp-block-gallery has-nested-images columns-default is-cropped wp-block-gallery-4 is-layout-flex wp-block-gallery-is-layout-flex\">\n<figure class=\"wp-block-image size-large\"><img loading=\"lazy\" decoding=\"async\" width=\"480\" height=\"480\" data-id=\"2088\" src=\"https:\/\/dfc-freudenberg.de\/wp-content\/uploads\/2022\/10\/1990513-Klein.jpg\" alt=\"\" class=\"wp-image-2088\" srcset=\"https:\/\/dfc-freudenberg.de\/wp-content\/uploads\/2022\/10\/1990513-Klein.jpg 480w, https:\/\/dfc-freudenberg.de\/wp-content\/uploads\/2022\/10\/1990513-Klein-300x300.jpg 300w, https:\/\/dfc-freudenberg.de\/wp-content\/uploads\/2022\/10\/1990513-Klein-150x150.jpg 150w\" sizes=\"(max-width: 480px) 100vw, 480px\" \/><\/figure>\n\n\n\n<figure class=\"wp-block-image size-large\"><img loading=\"lazy\" decoding=\"async\" width=\"360\" height=\"480\" data-id=\"2090\" src=\"https:\/\/dfc-freudenberg.de\/wp-content\/uploads\/2022\/10\/1990381-IMG_20220906_124551-Klein.jpg\" alt=\"\" class=\"wp-image-2090\" srcset=\"https:\/\/dfc-freudenberg.de\/wp-content\/uploads\/2022\/10\/1990381-IMG_20220906_124551-Klein.jpg 360w, https:\/\/dfc-freudenberg.de\/wp-content\/uploads\/2022\/10\/1990381-IMG_20220906_124551-Klein-225x300.jpg 225w\" sizes=\"(max-width: 360px) 100vw, 360px\" \/><\/figure>\n\n\n\n<figure class=\"wp-block-image size-large\"><img loading=\"lazy\" decoding=\"async\" width=\"730\" height=\"480\" data-id=\"2089\" src=\"https:\/\/dfc-freudenberg.de\/wp-content\/uploads\/2022\/10\/1990405-Klein.jpg\" alt=\"\" class=\"wp-image-2089\" srcset=\"https:\/\/dfc-freudenberg.de\/wp-content\/uploads\/2022\/10\/1990405-Klein.jpg 730w, https:\/\/dfc-freudenberg.de\/wp-content\/uploads\/2022\/10\/1990405-Klein-300x197.jpg 300w\" sizes=\"(max-width: 730px) 100vw, 730px\" \/><\/figure>\n<\/figure>\n\n\n\n<figure class=\"wp-block-gallery has-nested-images columns-default is-cropped wp-block-gallery-5 is-layout-flex wp-block-gallery-is-layout-flex\">\n<figure class=\"wp-block-image size-large\"><img loading=\"lazy\" decoding=\"async\" width=\"720\" height=\"480\" data-id=\"2091\" src=\"https:\/\/dfc-freudenberg.de\/wp-content\/uploads\/2022\/10\/1990425-Klein.jpg\" alt=\"\" class=\"wp-image-2091\" srcset=\"https:\/\/dfc-freudenberg.de\/wp-content\/uploads\/2022\/10\/1990425-Klein.jpg 720w, https:\/\/dfc-freudenberg.de\/wp-content\/uploads\/2022\/10\/1990425-Klein-300x200.jpg 300w\" sizes=\"(max-width: 720px) 100vw, 720px\" \/><\/figure>\n\n\n\n<figure class=\"wp-block-image size-large\"><img loading=\"lazy\" decoding=\"async\" width=\"720\" height=\"480\" data-id=\"2092\" src=\"https:\/\/dfc-freudenberg.de\/wp-content\/uploads\/2022\/10\/1990418-Klein.jpg\" alt=\"\" class=\"wp-image-2092\" srcset=\"https:\/\/dfc-freudenberg.de\/wp-content\/uploads\/2022\/10\/1990418-Klein.jpg 720w, https:\/\/dfc-freudenberg.de\/wp-content\/uploads\/2022\/10\/1990418-Klein-300x200.jpg 300w\" sizes=\"(max-width: 720px) 100vw, 720px\" \/><\/figure>\n<\/figure>\n\n\n\n<figure class=\"wp-block-gallery has-nested-images columns-default is-cropped wp-block-gallery-6 is-layout-flex wp-block-gallery-is-layout-flex\">\n<figure class=\"wp-block-image size-large\"><img loading=\"lazy\" decoding=\"async\" width=\"720\" height=\"480\" data-id=\"2094\" src=\"https:\/\/dfc-freudenberg.de\/wp-content\/uploads\/2022\/10\/1990323-Klein.jpg\" alt=\"\" class=\"wp-image-2094\" srcset=\"https:\/\/dfc-freudenberg.de\/wp-content\/uploads\/2022\/10\/1990323-Klein.jpg 720w, https:\/\/dfc-freudenberg.de\/wp-content\/uploads\/2022\/10\/1990323-Klein-300x200.jpg 300w\" sizes=\"(max-width: 720px) 100vw, 720px\" \/><\/figure>\n\n\n\n<figure class=\"wp-block-image size-large\"><img loading=\"lazy\" decoding=\"async\" width=\"320\" height=\"480\" data-id=\"2095\" src=\"https:\/\/dfc-freudenberg.de\/wp-content\/uploads\/2022\/10\/1990504-Klein.jpg\" alt=\"\" class=\"wp-image-2095\" srcset=\"https:\/\/dfc-freudenberg.de\/wp-content\/uploads\/2022\/10\/1990504-Klein.jpg 320w, https:\/\/dfc-freudenberg.de\/wp-content\/uploads\/2022\/10\/1990504-Klein-200x300.jpg 200w\" sizes=\"(max-width: 320px) 100vw, 320px\" \/><\/figure>\n\n\n\n<figure class=\"wp-block-image size-large\"><img loading=\"lazy\" decoding=\"async\" width=\"720\" height=\"480\" data-id=\"2096\" src=\"https:\/\/dfc-freudenberg.de\/wp-content\/uploads\/2022\/10\/1990538-Klein.jpg\" alt=\"\" class=\"wp-image-2096\" srcset=\"https:\/\/dfc-freudenberg.de\/wp-content\/uploads\/2022\/10\/1990538-Klein.jpg 720w, https:\/\/dfc-freudenberg.de\/wp-content\/uploads\/2022\/10\/1990538-Klein-300x200.jpg 300w\" sizes=\"(max-width: 720px) 100vw, 720px\" \/><\/figure>\n<\/figure>\n\n\n\n<p><\/p>\n\n\n\n<p>Ganz nebenbei lernten die Kinder einige franz\u00f6sische Begriffe kennen und dekorierten ihre Speisen in den Landesfarben des franz\u00f6sischen Nachbarn.&nbsp;Das Rezeptheftchen zum Mitnehmen enthielt viele weitere Informationen \u00fcber das heute Erfahrene.<\/p>\n\n\n\n<p class=\"has-small-font-size\">Text: Ralf Kern, Bilder: Margarete Z\u00e4ngerlein<\/p>\n","protected":false},"excerpt":{"rendered":"<p>Eifrige K\u00f6chinnen und K\u00f6che in der Lindtalschule Im Rahmen der Ferienspiele Freudenberg erlebten 21 M\u00e4dchen und Buben zwischen sechs und&hellip;<\/p>\n","protected":false},"author":1,"featured_media":0,"parent":0,"menu_order":0,"comment_status":"closed","ping_status":"closed","template":"","meta":{"footnotes":""},"class_list":["post-2072","page","type-page","status-publish","hentry"],"translation":{"provider":"WPGlobus","version":"3.0.0","language":"fr","enabled_languages":["en","de","fr"],"languages":{"en":{"title":true,"content":true,"excerpt":false},"de":{"title":false,"content":false,"excerpt":false},"fr":{"title":false,"content":false,"excerpt":false}}},"_links":{"self":[{"href":"https:\/\/dfc-freudenberg.de\/fr\/wp-json\/wp\/v2\/pages\/2072"}],"collection":[{"href":"https:\/\/dfc-freudenberg.de\/fr\/wp-json\/wp\/v2\/pages"}],"about":[{"href":"https:\/\/dfc-freudenberg.de\/fr\/wp-json\/wp\/v2\/types\/page"}],"author":[{"embeddable":true,"href":"https:\/\/dfc-freudenberg.de\/fr\/wp-json\/wp\/v2\/users\/1"}],"replies":[{"embeddable":true,"href":"https:\/\/dfc-freudenberg.de\/fr\/wp-json\/wp\/v2\/comments?post=2072"}],"version-history":[{"count":8,"href":"https:\/\/dfc-freudenberg.de\/fr\/wp-json\/wp\/v2\/pages\/2072\/revisions"}],"predecessor-version":[{"id":2102,"href":"https:\/\/dfc-freudenberg.de\/fr\/wp-json\/wp\/v2\/pages\/2072\/revisions\/2102"}],"wp:attachment":[{"href":"https:\/\/dfc-freudenberg.de\/fr\/wp-json\/wp\/v2\/media?parent=2072"}],"curies":[{"name":"wp","href":"https:\/\/api.w.org\/{rel}","templated":true}]}}