{"id":1933,"date":"2022-02-18T12:31:04","date_gmt":"2022-02-18T11:31:04","guid":{"rendered":"http:\/\/dfcmr.noeud.de\/?page_id=1933"},"modified":"2026-03-26T12:01:14","modified_gmt":"2026-03-26T11:01:14","slug":"herzlich-willkommen-bienvenue","status":"publish","type":"page","link":"https:\/\/dfc-freudenberg.de\/fr\/","title":{"rendered":"Herzlich Willkommen, Bienvenue!"},"content":{"rendered":"\n<p><strong>Herzlich Willkommen, Bienvenue!<\/strong><\/p>\n\n\n\n<p class=\"has-primary-color has-text-color\">Der Deutsch-Franz\u00f6sische Club Freudenberg e.V. (DFC) ist ein Partnerschaftsverein, der die St\u00e4dtepartnerschaft zwischen den Gemeinden Freudenberg am Main und <a href=\"http:\/\/jumelae.cluster028.hosting.ovh.net\/\" target=\"_blank\" rel=\"noreferrer noopener\">Saint-Arnoult-en-Yvelines<\/a> seit mehr als 30 Jahren pflegt.<\/p>\n\n\n\n<p>Im Zuge der deutsch-franz\u00f6sischen Verst\u00e4ndigung nach dem Zweiten Weltkrieg wurde am 22. Januar 1963 der Deutsch-Franz\u00f6sische Freundschaftsvertrag vom franz\u00f6sischen Staatspr\u00e4sidenten Charles de Gaulle und Bundeskanzler Konrad Adenauer im Elys\u00e9e-Palast besiegelt. Dieses als Elysee-Vertrag benannte Abkommen sollte die beiden Nachbarn in Europa nach langer Erbfeindschaft vers\u00f6hnen und beide Regierungen zu Konsultationen in allen wichtigen Fragen der Au\u00dfen-, Sicherheits-, Jugend- und Kulturpolitik verpflichten. Dies war der Beginn vieler St\u00e4dtepartnerschaften, deren Ziel die F\u00f6rderung der deutsch-franz\u00f6sischen Freundschaft ist.<\/p>\n\n\n\n<p>Ende der 1980er Jahre fanden die ersten Konsultationen von B\u00fcrgern aus Saint-Arnoult und Freudenberg am Main mit dem Wunsch eine Verbindung zwischen den beiden St\u00e4dten aufzubauen, statt. Die beiden B\u00fcrgermeister Michelle Dobremelle und Wolfgang Heinzelmann f\u00f6rderten mit gro\u00dfem Engagement diese Idee. Es sollte eine mit Leben erf\u00fcllte St\u00e4dtepartnerschaft entstehen, die den B\u00fcrgern beider St\u00e4dte erm\u00f6glicht, die Kultur des anderen Landes kennenzulernen, sich auszutauschen und Freundschaften zu schlie\u00dfen.<\/p>\n\n\n\n<p>Um diese Freundschaft zu pflegen und mit Leben zu erf\u00fcllen wurde am 6. Dezember 1991 der Deutsch-Franz\u00f6sische Club von Freudenberger und Kirschfurter B\u00fcrgern gegr\u00fcndet. Seither finden zahlreiche, vielf\u00e4ltige und wiederkehrende Aktivit\u00e4ten, statt.<\/p>\n\n\n\n<p>In Kooperation mit der Stadt Freudenberg plant und gestaltet der DFC die j\u00e4hrlich im Wechsel stattfinden Austauschtreffen zwischen Freudenberg und unserer Partnerstadt Saint Arnoult en Yvelines. Zu diesen Fahrten sind alle B\u00fcrger Freudenbergs mit ihren Ortsteilen Boxtal, Ebenheid, Rauenberg und Wessental sowie B\u00fcrger aus dem benachbarten bayerischen Kirschfurt herzlich willkommen.<\/p>\n\n\n\n<p>Als gemeinn\u00fctziger Verein sind wir Mitglied in der Vereinigung Deutsch-Franz\u00f6sischer Gesellschaften f\u00fcr Europa e.V. (<a href=\"https:\/\/vdfg.de\/\" target=\"_blank\" rel=\"noreferrer noopener\">VDFG<\/a>).<\/p>\n","protected":false},"excerpt":{"rendered":"<p>Herzlich Willkommen, Bienvenue! Der Deutsch-Franz\u00f6sische Club Freudenberg e.V. (DFC) ist ein Partnerschaftsverein, der die St\u00e4dtepartnerschaft zwischen den Gemeinden Freudenberg am&hellip;<\/p>\n","protected":false},"author":1,"featured_media":0,"parent":0,"menu_order":0,"comment_status":"closed","ping_status":"closed","template":"","meta":{"footnotes":""},"class_list":["post-1933","page","type-page","status-publish","hentry"],"translation":{"provider":"WPGlobus","version":"3.0.0","language":"fr","enabled_languages":["en","de","fr"],"languages":{"en":{"title":true,"content":true,"excerpt":false},"de":{"title":false,"content":false,"excerpt":false},"fr":{"title":false,"content":false,"excerpt":false}}},"_links":{"self":[{"href":"https:\/\/dfc-freudenberg.de\/fr\/wp-json\/wp\/v2\/pages\/1933"}],"collection":[{"href":"https:\/\/dfc-freudenberg.de\/fr\/wp-json\/wp\/v2\/pages"}],"about":[{"href":"https:\/\/dfc-freudenberg.de\/fr\/wp-json\/wp\/v2\/types\/page"}],"author":[{"embeddable":true,"href":"https:\/\/dfc-freudenberg.de\/fr\/wp-json\/wp\/v2\/users\/1"}],"replies":[{"embeddable":true,"href":"https:\/\/dfc-freudenberg.de\/fr\/wp-json\/wp\/v2\/comments?post=1933"}],"version-history":[{"count":6,"href":"https:\/\/dfc-freudenberg.de\/fr\/wp-json\/wp\/v2\/pages\/1933\/revisions"}],"predecessor-version":[{"id":2622,"href":"https:\/\/dfc-freudenberg.de\/fr\/wp-json\/wp\/v2\/pages\/1933\/revisions\/2622"}],"wp:attachment":[{"href":"https:\/\/dfc-freudenberg.de\/fr\/wp-json\/wp\/v2\/media?parent=1933"}],"curies":[{"name":"wp","href":"https:\/\/api.w.org\/{rel}","templated":true}]}}