{"id":1720,"date":"2022-01-20T10:07:25","date_gmt":"2022-01-20T10:07:25","guid":{"rendered":"http:\/\/dfcmr.noeud.de\/?page_id=1720"},"modified":"2023-02-05T15:40:46","modified_gmt":"2023-02-05T14:40:46","slug":"30-jahre-dfc","status":"publish","type":"page","link":"https:\/\/dfc-freudenberg.de\/fr\/30-jahre-dfc\/","title":{"rendered":"30 Jahre DFC"},"content":{"rendered":"\n<p><strong>6. Dezember 2021<\/strong><\/p>\n\n\n\n<p><em>\u201eGr\u00fcndungsversammlung<\/em>&#8220;<\/p>\n\n\n\n<p>&#8220;<em>Freudenberger B\u00fcrger beabsichtigen die Gr\u00fcndung eines deutsch-franz\u00f6sischen Partnerschaftsvereins. Zu diesem Zweck wird am kommenden Freitag, dem 06. Dezember 1991, um 20.00 Uhr im Hotel \u201eGoldenes Fa\u00df\u201c, Fa\u00dfstube, eine Gr\u00fcndungsversammlung stattfinden.<\/em> <em>Interessierte Freudenberger sind herzlich eingeladen an dieser Versammlung teilzunehmen.\u201c  <\/em><\/p>\n\n\n\n<p>Mit dieser Bekanntmachung im Freudenberger Amtsblatt vom 05.12.1991 trat der neu zu gr\u00fcndende Verein erstmals an die \u00d6ffentlichkeit. Achtzehn \u201eFreunde Saint-Arnoults\u201c trafen am Abend des Nikolaustages in der Fa\u00dfstube bei Martin W\u00f6rg\u00f6tter zusammen. Alle Teilnehmer kannten Saint-Arnoult bereits aus einigen Besuchen, eine ganze Reihe von Aktivit\u00e4ten hatte seit 1989 stattgefunden. Beim letzten Besuch in der Kleinstadt Saint-Arnoult im Oktober 1991 festigte sich der Wunsch, gleich wie in Saint-Arnoult, eine offizielle Verbindung anzustreben. Es sollte ein Verein entstehen, der von Freudenberger B\u00fcrgern getragen und aktiv gestaltet wird. Wichtiges Ziel beider Gruppen, des \u201eComit\u00e9 de jumelage\u201c und des \u201eDeutsch-Franz\u00f6sischen Club\u201c, war es, die beiden St\u00e4dte im Aufbau einer St\u00e4dtepartnerschaft zu unterst\u00fctzen.<\/p>\n\n\n\n<p>Die achtzehn Frauen und M\u00e4nner w\u00e4hlten den Namen Deutsch-Franz\u00f6sischer Club Freudenberg in Anlehnung an den Deutsch-Franz\u00f6sischen Club Miltenberg, mit dem Kontakte bestanden und der schon seit \u00fcber zehn Jahren bestand.<\/p>\n\n\n\n<p>Alle achtzehn Anwesenden unterzeichneten das Gr\u00fcndungsbild, eine alte Stadtansicht von Freudenberg, und sind somit Gr\u00fcndungsmitglieder.<\/p>\n\n\n<div class=\"wp-block-image\">\n<figure class=\"aligncenter size-full\"><img loading=\"lazy\" decoding=\"async\" width=\"480\" height=\"679\" src=\"http:\/\/dfcmr.noeud.de\/wp-content\/uploads\/2022\/01\/DFC_Grundungsunterschriften-Klein-1-rotated.jpg\" alt=\"\" class=\"wp-image-1758\" srcset=\"https:\/\/dfc-freudenberg.de\/wp-content\/uploads\/2022\/01\/DFC_Grundungsunterschriften-Klein-1-rotated.jpg 480w, https:\/\/dfc-freudenberg.de\/wp-content\/uploads\/2022\/01\/DFC_Grundungsunterschriften-Klein-1-212x300.jpg 212w\" sizes=\"(max-width: 480px) 100vw, 480px\" \/><\/figure><\/div>\n\n\n<p>Zum ersten Vorstand wurden Martin Reuter zum Vorsitzenden, Gerhard Siegmann zum Stellvertreter, Jakob Lang zum Schatzmeister und Natalie Devaux zur Schriftf\u00fchrerin gew\u00e4hlt. Sechs Beisitzer und Beisitzerinnen geh\u00f6rten dem Vorstand an: Gabi W\u00f6rner, Beatrix Thomann, Bernd Schr\u00f6ter, Theo Kern, Bernd Strietzel und Herbert Br\u00fcning.<\/p>\n\n\n\n<p>Nun nach 30 Jahren Vereinsarbeit darf man auch Bilanz ziehen:<br>In den zur\u00fcckliegenden 30 Jahren haben zahlreiche Aktivit\u00e4ten stattgefunden, so gab es inzwischen mehr als 30mal den St\u00e4dteaustausch, es haben einige Hundert Freudenberger, Boxtaler, Rauenberger, Ebenheider und auch Kirschfurter teilgenommen. Viele Jahre gab es einen aktiven Sch\u00fcleraustausch mit Grundsch\u00fclern, \u00fcber die Jahre haben dadurch weit \u00fcber 100 Kinder die Partnerstadt kennengelernt. Vom Verein wurde mit Erwachsenen und Kindern franz\u00f6sisch gekocht und gegessen. Es gab Galaabende, Fr\u00fchjahrs- Herbst- und Weihnachtsm\u00e4rkte, wir kochten bei den Seeuferfesten, organisierten mehrere Kunstausstellungen und und und\u2026<\/p>\n\n\n\n<p>Auf der Grundlage der Zusammenstellungen von Reinhild Reuter und Bernd Schr\u00f6ter zu den vorigen Jubil\u00e4en schrieb unser langj\u00e4hriges Vorstandsmitglied Ralf Kern in einem Buch die Ereignisse und Aktivit\u00e4ten des DFC auf. Das Buch erstellte er 2018 mit den Inhalten der ersten Web-Seite des Vereins. Diese Seite wurde von Ralf Kern \u00fcber Jahre gepflegt. Jetzt hat er zum 30j\u00e4hrigen Vereinsjubil\u00e4um das Buch um die Aktivit\u00e4ten der letzten drei Jahre erg\u00e4nzt. <\/p>\n\n\n\n<figure class=\"wp-block-gallery has-nested-images columns-default is-cropped wp-block-gallery-2 is-layout-flex wp-block-gallery-is-layout-flex\">\n<figure class=\"wp-block-image size-large is-style-default\"><img loading=\"lazy\" decoding=\"async\" width=\"720\" height=\"480\" data-id=\"1940\" src=\"http:\/\/dfcmr.noeud.de\/wp-content\/uploads\/2022\/02\/1740342-Klein.jpg\" alt=\"\" class=\"wp-image-1940\" srcset=\"https:\/\/dfc-freudenberg.de\/wp-content\/uploads\/2022\/02\/1740342-Klein.jpg 720w, https:\/\/dfc-freudenberg.de\/wp-content\/uploads\/2022\/02\/1740342-Klein-300x200.jpg 300w\" sizes=\"(max-width: 720px) 100vw, 720px\" \/><\/figure>\n\n\n\n<figure class=\"wp-block-image size-large\"><img loading=\"lazy\" decoding=\"async\" width=\"691\" height=\"480\" data-id=\"1754\" src=\"http:\/\/dfcmr.noeud.de\/wp-content\/uploads\/2022\/01\/Buch-30-Jahre-Klein-1.jpg\" alt=\"\" class=\"wp-image-1754\" srcset=\"https:\/\/dfc-freudenberg.de\/wp-content\/uploads\/2022\/01\/Buch-30-Jahre-Klein-1.jpg 691w, https:\/\/dfc-freudenberg.de\/wp-content\/uploads\/2022\/01\/Buch-30-Jahre-Klein-1-300x208.jpg 300w\" sizes=\"(max-width: 691px) 100vw, 691px\" \/><\/figure>\n<\/figure>\n\n\n\n<p>Beim Galaabend im vergangenen Herbst anl\u00e4sslich des Besuchs unserer Freunde aus Saint-Arnoult \u00fcberreichte Ralf Kern einige Exemplare in franz\u00f6sischer Sprache an neue Teilnehmer des St\u00e4dteaustauschs: an die neue B\u00fcrgermeisterin aus Saint-Arnoult Joelle J\u00e9gat, den Stadtrat Michel Joly und Gattin sowie an Madame Grillard, die ihre Enkelin nach Freudenberg begleitete. Die \u00dcberraschung war gelungen.<\/p>\n\n\n\n<figure class=\"wp-block-gallery has-nested-images columns-default is-cropped wp-block-gallery-3 is-layout-flex wp-block-gallery-is-layout-flex\">\n<figure class=\"wp-block-image size-large\"><img loading=\"lazy\" decoding=\"async\" width=\"720\" height=\"480\" data-id=\"1751\" src=\"http:\/\/dfcmr.noeud.de\/wp-content\/uploads\/2022\/01\/1740363-Klein.jpg\" alt=\"\" class=\"wp-image-1751\" srcset=\"https:\/\/dfc-freudenberg.de\/wp-content\/uploads\/2022\/01\/1740363-Klein.jpg 720w, https:\/\/dfc-freudenberg.de\/wp-content\/uploads\/2022\/01\/1740363-Klein-300x200.jpg 300w\" sizes=\"(max-width: 720px) 100vw, 720px\" \/><figcaption>B\u00fcrgermeisterin Madame J\u00e9gat<\/figcaption><\/figure>\n\n\n\n<figure class=\"wp-block-image size-large\"><img loading=\"lazy\" decoding=\"async\" width=\"720\" height=\"480\" data-id=\"1753\" src=\"http:\/\/dfcmr.noeud.de\/wp-content\/uploads\/2022\/01\/1740367-Klein.jpg\" alt=\"\" class=\"wp-image-1753\" srcset=\"https:\/\/dfc-freudenberg.de\/wp-content\/uploads\/2022\/01\/1740367-Klein.jpg 720w, https:\/\/dfc-freudenberg.de\/wp-content\/uploads\/2022\/01\/1740367-Klein-300x200.jpg 300w\" sizes=\"(max-width: 720px) 100vw, 720px\" \/><figcaption>Monsieur et Madame Joly<\/figcaption><\/figure>\n\n\n\n<figure class=\"wp-block-image size-large\"><img loading=\"lazy\" decoding=\"async\" width=\"720\" height=\"480\" data-id=\"1752\" src=\"http:\/\/dfcmr.noeud.de\/wp-content\/uploads\/2022\/01\/1740375-Klein-1.jpg\" alt=\"\" class=\"wp-image-1752\" srcset=\"https:\/\/dfc-freudenberg.de\/wp-content\/uploads\/2022\/01\/1740375-Klein-1.jpg 720w, https:\/\/dfc-freudenberg.de\/wp-content\/uploads\/2022\/01\/1740375-Klein-1-300x200.jpg 300w\" sizes=\"(max-width: 720px) 100vw, 720px\" \/><figcaption>Madame Grillard und Ralf Kern<\/figcaption><\/figure>\n<\/figure>\n\n\n\n<p><\/p>\n\n\n\n<p>Der Deutsch-Franz\u00f6sische Club h\u00e4tte gerne am 6. Dezember 2021 sein 30j\u00e4hriges Jubil\u00e4um gefeiert. Es sollte ein gem\u00fctlicher Abend mit gutem Essen, Erz\u00e4hlen von Anekdoten und geselligem Beisammensein im Cafe Badesee stattfinden.<\/p>\n\n\n\n<p>Leider hat das erneute Aufflammen des Coronavirus einen Strich durch die Rechnung gemacht. Bis auf weiteres sind alle Veranstaltungen abgesagt, auch eine Veranstaltung am Deutsch-Franz\u00f6sischen Freundschaftstag am 22. Januar 2022. Aber unser Symbol f\u00fcr die Freundschaft mit Saint-Arnoult, die Freundschaftsfahne wird am Rathaus wehen.<\/p>\n","protected":false},"excerpt":{"rendered":"<p>6. Dezember 2021 \u201eGr\u00fcndungsversammlung&#8220; &#8220;Freudenberger B\u00fcrger beabsichtigen die Gr\u00fcndung eines deutsch-franz\u00f6sischen Partnerschaftsvereins. Zu diesem Zweck wird am kommenden Freitag, dem&hellip;<\/p>\n","protected":false},"author":1,"featured_media":0,"parent":0,"menu_order":0,"comment_status":"closed","ping_status":"closed","template":"","meta":{"footnotes":""},"class_list":["post-1720","page","type-page","status-publish","hentry"],"translation":{"provider":"WPGlobus","version":"3.0.0","language":"fr","enabled_languages":["en","de","fr"],"languages":{"en":{"title":true,"content":true,"excerpt":false},"de":{"title":false,"content":false,"excerpt":false},"fr":{"title":false,"content":false,"excerpt":false}}},"_links":{"self":[{"href":"https:\/\/dfc-freudenberg.de\/fr\/wp-json\/wp\/v2\/pages\/1720"}],"collection":[{"href":"https:\/\/dfc-freudenberg.de\/fr\/wp-json\/wp\/v2\/pages"}],"about":[{"href":"https:\/\/dfc-freudenberg.de\/fr\/wp-json\/wp\/v2\/types\/page"}],"author":[{"embeddable":true,"href":"https:\/\/dfc-freudenberg.de\/fr\/wp-json\/wp\/v2\/users\/1"}],"replies":[{"embeddable":true,"href":"https:\/\/dfc-freudenberg.de\/fr\/wp-json\/wp\/v2\/comments?post=1720"}],"version-history":[{"count":8,"href":"https:\/\/dfc-freudenberg.de\/fr\/wp-json\/wp\/v2\/pages\/1720\/revisions"}],"predecessor-version":[{"id":2173,"href":"https:\/\/dfc-freudenberg.de\/fr\/wp-json\/wp\/v2\/pages\/1720\/revisions\/2173"}],"wp:attachment":[{"href":"https:\/\/dfc-freudenberg.de\/fr\/wp-json\/wp\/v2\/media?parent=1720"}],"curies":[{"name":"wp","href":"https:\/\/api.w.org\/{rel}","templated":true}]}}