{"id":1560,"date":"2021-12-02T10:16:01","date_gmt":"2021-12-02T10:16:01","guid":{"rendered":"http:\/\/dfcmr.noeud.de\/?page_id=1560"},"modified":"2022-02-18T12:21:22","modified_gmt":"2022-02-18T11:21:22","slug":"2019-kulinarische-reise-nach-paris","status":"publish","type":"page","link":"https:\/\/dfc-freudenberg.de\/fr\/2019-kulinarische-reise-nach-paris\/","title":{"rendered":"2019 Kulinarische Reise nach Paris"},"content":{"rendered":"\n<p>Seit mehr als 20 Jahren gibt es das Kinderferienprogramm des DFC Freudenberg. <br>20 Kinder konnten teilnehmen als der DFC mit Unterst\u00fctzung des KidsTreff zum Kochen in der Grundschule aufrief. Gabi W\u00f6rner hatte diesmal f\u00fcr die kulinarische Reise Frankreichs Hauptstadt Paris ausgew\u00e4hlt. Die Kinder erfuhren, dass die Freudenberger Partnerstadt Saint-Arnoult hei\u00dft und nur 40 Kilometer von Paris entfernt liegt. Ber\u00fchmte Bauwerke in der Stadt, wie der Triumpfbogen &#8211; Arc de Triomphe, die Kathedrale  Notre Dame, das Museum Louvre und der allen bekannte Eiffelturm konnten im Rezeptheftchen ausgemalt werden. Neben dem Kochen gab es n\u00e4mlich auch h\u00fcbsche Besch\u00e4ftigungen f\u00fcr die Kinder, die sehr beliebt sind. <\/p>\n\n\n\n<figure class=\"wp-block-gallery has-nested-images columns-default is-cropped wp-block-gallery-2 is-layout-flex wp-block-gallery-is-layout-flex\">\n<figure class=\"wp-block-image size-large is-style-default\"><img loading=\"lazy\" decoding=\"async\" width=\"683\" height=\"480\" data-id=\"1777\" src=\"http:\/\/dfcmr.noeud.de\/wp-content\/uploads\/2022\/01\/00-Ubersicht-DFC-Feriensp-Deckblatt-Klein.jpg\" alt=\"\" class=\"wp-image-1777\" srcset=\"https:\/\/dfc-freudenberg.de\/wp-content\/uploads\/2022\/01\/00-Ubersicht-DFC-Feriensp-Deckblatt-Klein.jpg 683w, https:\/\/dfc-freudenberg.de\/wp-content\/uploads\/2022\/01\/00-Ubersicht-DFC-Feriensp-Deckblatt-Klein-300x211.jpg 300w\" sizes=\"(max-width: 683px) 100vw, 683px\" \/><\/figure>\n<\/figure>\n\n\n\n<figure class=\"wp-block-gallery has-nested-images columns-default is-cropped wp-block-gallery-3 is-layout-flex wp-block-gallery-is-layout-flex\">\n<figure class=\"wp-block-image size-large is-style-default\"><img loading=\"lazy\" decoding=\"async\" width=\"679\" height=\"480\" data-id=\"1589\" src=\"http:\/\/dfcmr.noeud.de\/wp-content\/uploads\/2021\/12\/Kinderkochen-Heftchen-2019-gedreht-Klein.jpg\" alt=\"\" class=\"wp-image-1589\" srcset=\"https:\/\/dfc-freudenberg.de\/wp-content\/uploads\/2021\/12\/Kinderkochen-Heftchen-2019-gedreht-Klein.jpg 679w, https:\/\/dfc-freudenberg.de\/wp-content\/uploads\/2021\/12\/Kinderkochen-Heftchen-2019-gedreht-Klein-300x212.jpg 300w\" sizes=\"(max-width: 679px) 100vw, 679px\" \/><\/figure>\n\n\n\n<figure class=\"wp-block-image size-large is-style-default\"><img loading=\"lazy\" decoding=\"async\" width=\"500\" height=\"333\" data-id=\"1616\" src=\"http:\/\/dfcmr.noeud.de\/wp-content\/uploads\/2021\/12\/eifelturm-Klein.jpg\" alt=\"\" class=\"wp-image-1616\" srcset=\"https:\/\/dfc-freudenberg.de\/wp-content\/uploads\/2021\/12\/eifelturm-Klein.jpg 500w, https:\/\/dfc-freudenberg.de\/wp-content\/uploads\/2021\/12\/eifelturm-Klein-300x200.jpg 300w\" sizes=\"(max-width: 500px) 100vw, 500px\" \/><\/figure>\n<\/figure>\n\n\n\n<p><\/p>\n\n\n\n<p>Und dann wurde folgendes Men\u00fc gekocht &#8230;..<\/p>\n\n\n\n<p class=\"has-text-align-center\"><em><strong>Ap\u00e9ritif<\/strong><br>Sirop de Grenadine avec l&#8217;eau minerale &#8211; Grenadinesirup mit Mineralwasser<br>Pommes Croustillantes &#8211; getrocknete Apfelscheiben<br> Canap\u00e9s avec P\u00e2t\u00e9 de foie o\u00f9 fromage &#8211; kleine Toasts mit Leberpastete oder K\u00e4se<br>Ap\u00e9ricubes &#8211; K\u00e4sew\u00fcrfel<\/em><br>***<br><em><strong>Entr\u00e9e &#8211; Vorspeise<\/strong><br>Croque Monsieur &#8211; &#8220;Knuspriger Herr&#8221;<\/em><br>***<br><em><strong>Plat &#8211; Hauptgericht<\/strong><br>Gratin Lorraine &#8211; Lothringer Auflauf<\/em><br>***<br><em><strong>Dessert &#8211; Nachtisch<\/strong><br>Cr\u00e8pes &#8211; Pfannkuchen<\/em><\/p>\n\n\n\n<figure class=\"wp-block-gallery has-nested-images columns-default is-cropped wp-block-gallery-4 is-layout-flex wp-block-gallery-is-layout-flex\">\n<figure class=\"wp-block-image size-large is-style-default\"><img loading=\"lazy\" decoding=\"async\" width=\"678\" height=\"480\" data-id=\"1594\" src=\"http:\/\/dfcmr.noeud.de\/wp-content\/uploads\/2021\/12\/Kinderkochen-Titelseite-fertig-2-Klein.jpg\" alt=\"\" class=\"wp-image-1594\" srcset=\"https:\/\/dfc-freudenberg.de\/wp-content\/uploads\/2021\/12\/Kinderkochen-Titelseite-fertig-2-Klein.jpg 678w, https:\/\/dfc-freudenberg.de\/wp-content\/uploads\/2021\/12\/Kinderkochen-Titelseite-fertig-2-Klein-300x212.jpg 300w\" sizes=\"(max-width: 678px) 100vw, 678px\" \/><\/figure>\n\n\n\n<figure class=\"wp-block-image size-large is-style-default\"><img loading=\"lazy\" decoding=\"async\" width=\"721\" height=\"480\" data-id=\"1791\" src=\"http:\/\/dfcmr.noeud.de\/wp-content\/uploads\/2022\/01\/P1010929-Klein.jpg\" alt=\"\" class=\"wp-image-1791\" srcset=\"https:\/\/dfc-freudenberg.de\/wp-content\/uploads\/2022\/01\/P1010929-Klein.jpg 721w, https:\/\/dfc-freudenberg.de\/wp-content\/uploads\/2022\/01\/P1010929-Klein-300x200.jpg 300w\" sizes=\"(max-width: 721px) 100vw, 721px\" \/><\/figure>\n\n\n\n<figure class=\"wp-block-image size-large is-style-default\"><img loading=\"lazy\" decoding=\"async\" width=\"415\" height=\"480\" data-id=\"1793\" src=\"http:\/\/dfcmr.noeud.de\/wp-content\/uploads\/2022\/01\/DFC-Ferienspiele2019-Brosch-S6-Klein.jpg\" alt=\"\" class=\"wp-image-1793\" srcset=\"https:\/\/dfc-freudenberg.de\/wp-content\/uploads\/2022\/01\/DFC-Ferienspiele2019-Brosch-S6-Klein.jpg 415w, https:\/\/dfc-freudenberg.de\/wp-content\/uploads\/2022\/01\/DFC-Ferienspiele2019-Brosch-S6-Klein-259x300.jpg 259w\" sizes=\"(max-width: 415px) 100vw, 415px\" \/><\/figure>\n<\/figure>\n\n\n\n<p>&#8230;.. und dann hie\u00df es bon app\u00e9tit!<\/p>\n\n\n\n<p>Der Croque Monsieur hei\u00dft so, weil man ein leises Krachen h\u00f6rt, wenn man diesen knusprigen Imbiss in den Mund schiebt. <\/p>\n\n\n\n<figure class=\"wp-block-gallery has-nested-images columns-default is-cropped wp-block-gallery-5 is-layout-flex wp-block-gallery-is-layout-flex\">\n<figure class=\"wp-block-image size-large is-style-default\"><img loading=\"lazy\" decoding=\"async\" width=\"720\" height=\"480\" data-id=\"1790\" src=\"http:\/\/dfcmr.noeud.de\/wp-content\/uploads\/2022\/01\/P1010814-Klein.jpg\" alt=\"\" class=\"wp-image-1790\" srcset=\"https:\/\/dfc-freudenberg.de\/wp-content\/uploads\/2022\/01\/P1010814-Klein.jpg 720w, https:\/\/dfc-freudenberg.de\/wp-content\/uploads\/2022\/01\/P1010814-Klein-300x200.jpg 300w\" sizes=\"(max-width: 720px) 100vw, 720px\" \/><\/figure>\n\n\n\n<figure class=\"wp-block-image size-large is-style-default\"><img loading=\"lazy\" decoding=\"async\" width=\"720\" height=\"480\" data-id=\"1779\" src=\"http:\/\/dfcmr.noeud.de\/wp-content\/uploads\/2022\/01\/P1010893-Klein.jpg\" alt=\"\" class=\"wp-image-1779\" srcset=\"https:\/\/dfc-freudenberg.de\/wp-content\/uploads\/2022\/01\/P1010893-Klein.jpg 720w, https:\/\/dfc-freudenberg.de\/wp-content\/uploads\/2022\/01\/P1010893-Klein-300x200.jpg 300w\" sizes=\"(max-width: 720px) 100vw, 720px\" \/><\/figure>\n\n\n\n<figure class=\"wp-block-image size-large is-style-default\"><img loading=\"lazy\" decoding=\"async\" width=\"720\" height=\"480\" data-id=\"1780\" src=\"http:\/\/dfcmr.noeud.de\/wp-content\/uploads\/2022\/01\/P1010904-Klein.jpg\" alt=\"\" class=\"wp-image-1780\" srcset=\"https:\/\/dfc-freudenberg.de\/wp-content\/uploads\/2022\/01\/P1010904-Klein.jpg 720w, https:\/\/dfc-freudenberg.de\/wp-content\/uploads\/2022\/01\/P1010904-Klein-300x200.jpg 300w\" sizes=\"(max-width: 720px) 100vw, 720px\" \/><\/figure>\n<\/figure>\n\n\n\n<p>Die Kinder konnten zwischen den G\u00e4ngen ein Quiz machen, lernten einige franz\u00f6sische W\u00f6rter und h\u00f6rten, dass in \u00fcber 50 L\u00e4ndern der Welt franz\u00f6sisch gesprochen wird. Als Preis gab es einen Schl\u00fcsselanh\u00e4nger in Form des Eiffelturms und als Geschenk durften die Kinder einen selbst gebackenen Eiffelturm mitnehmen.<\/p>\n\n\n\n<figure class=\"wp-block-gallery has-nested-images columns-default is-cropped wp-block-gallery-6 is-layout-flex wp-block-gallery-is-layout-flex\">\n<figure class=\"wp-block-image size-large is-style-default\"><img loading=\"lazy\" decoding=\"async\" width=\"720\" height=\"480\" data-id=\"1789\" src=\"http:\/\/dfcmr.noeud.de\/wp-content\/uploads\/2022\/01\/P1010750-Klein.jpg\" alt=\"\" class=\"wp-image-1789\" srcset=\"https:\/\/dfc-freudenberg.de\/wp-content\/uploads\/2022\/01\/P1010750-Klein.jpg 720w, https:\/\/dfc-freudenberg.de\/wp-content\/uploads\/2022\/01\/P1010750-Klein-300x200.jpg 300w\" sizes=\"(max-width: 720px) 100vw, 720px\" \/><\/figure>\n\n\n\n<figure class=\"wp-block-image size-large is-style-default\"><img loading=\"lazy\" decoding=\"async\" width=\"721\" height=\"480\" data-id=\"1787\" src=\"http:\/\/dfcmr.noeud.de\/wp-content\/uploads\/2022\/01\/P1010923-Klein.jpg\" alt=\"\" class=\"wp-image-1787\" srcset=\"https:\/\/dfc-freudenberg.de\/wp-content\/uploads\/2022\/01\/P1010923-Klein.jpg 721w, https:\/\/dfc-freudenberg.de\/wp-content\/uploads\/2022\/01\/P1010923-Klein-300x200.jpg 300w\" sizes=\"(max-width: 721px) 100vw, 721px\" \/><\/figure>\n\n\n\n<figure class=\"wp-block-image size-large is-style-default\"><img loading=\"lazy\" decoding=\"async\" width=\"720\" height=\"480\" data-id=\"1788\" src=\"http:\/\/dfcmr.noeud.de\/wp-content\/uploads\/2022\/01\/P1010899-Klein.jpg\" alt=\"\" class=\"wp-image-1788\" srcset=\"https:\/\/dfc-freudenberg.de\/wp-content\/uploads\/2022\/01\/P1010899-Klein.jpg 720w, https:\/\/dfc-freudenberg.de\/wp-content\/uploads\/2022\/01\/P1010899-Klein-300x200.jpg 300w\" sizes=\"(max-width: 720px) 100vw, 720px\" \/><\/figure>\n<\/figure>\n\n\n\n<p class=\"has-small-font-size\">Text: Reinhild Reuter, Fotos: Margarete Z\u00e4ngerlein<\/p>\n","protected":false},"excerpt":{"rendered":"<p>Seit mehr als 20 Jahren gibt es das Kinderferienprogramm des DFC Freudenberg. 20 Kinder konnten teilnehmen als der DFC mit&hellip;<\/p>\n","protected":false},"author":1,"featured_media":0,"parent":0,"menu_order":0,"comment_status":"closed","ping_status":"closed","template":"","meta":{"footnotes":""},"class_list":["post-1560","page","type-page","status-publish","hentry"],"translation":{"provider":"WPGlobus","version":"3.0.0","language":"fr","enabled_languages":["en","de","fr"],"languages":{"en":{"title":true,"content":true,"excerpt":false},"de":{"title":false,"content":false,"excerpt":false},"fr":{"title":false,"content":false,"excerpt":false}}},"_links":{"self":[{"href":"https:\/\/dfc-freudenberg.de\/fr\/wp-json\/wp\/v2\/pages\/1560"}],"collection":[{"href":"https:\/\/dfc-freudenberg.de\/fr\/wp-json\/wp\/v2\/pages"}],"about":[{"href":"https:\/\/dfc-freudenberg.de\/fr\/wp-json\/wp\/v2\/types\/page"}],"author":[{"embeddable":true,"href":"https:\/\/dfc-freudenberg.de\/fr\/wp-json\/wp\/v2\/users\/1"}],"replies":[{"embeddable":true,"href":"https:\/\/dfc-freudenberg.de\/fr\/wp-json\/wp\/v2\/comments?post=1560"}],"version-history":[{"count":17,"href":"https:\/\/dfc-freudenberg.de\/fr\/wp-json\/wp\/v2\/pages\/1560\/revisions"}],"predecessor-version":[{"id":1926,"href":"https:\/\/dfc-freudenberg.de\/fr\/wp-json\/wp\/v2\/pages\/1560\/revisions\/1926"}],"wp:attachment":[{"href":"https:\/\/dfc-freudenberg.de\/fr\/wp-json\/wp\/v2\/media?parent=1560"}],"curies":[{"name":"wp","href":"https:\/\/api.w.org\/{rel}","templated":true}]}}