{"id":1476,"date":"2021-12-01T11:25:00","date_gmt":"2021-12-01T11:25:00","guid":{"rendered":"http:\/\/dfcmr.noeud.de\/?page_id=1476"},"modified":"2023-02-02T14:36:54","modified_gmt":"2023-02-02T13:36:54","slug":"2017-ostermenu-aus-savoyen","status":"publish","type":"page","link":"https:\/\/dfc-freudenberg.de\/fr\/2017-ostermenu-aus-savoyen\/","title":{"rendered":"2017 Ostermen\u00fc aus Savoyen"},"content":{"rendered":"\n<p><strong>Ostern kann kommen<\/strong><\/p>\n\n\n\n<p class=\"has-text-align-left\">Ein Lammbraten z\u00e4hlt in vielen Familien zum klassischen Ostermen\u00fc und wird in Frankreich vielleicht noch h\u00e4ufiger gegessen als hierzulande. Rosi und Jakob Lang haben sich vorbereitet, ein leckeres Men\u00fc zusammengestellt und die Zutaten besorgt. Alles was im Vorfeld erledigt werden musste war gut organisiert. Viel Arbeit! Die Schulk\u00fcche der Lindtalschule war gerichtet als die Eingeladenen eintrafen und mit einem Cremant begr\u00fcsst wurden. Das angek\u00fcndigte Men\u00fc lie\u00df allen das Wasser im Munde zusammenlaufen.<\/p>\n\n\n\n<p class=\"has-text-align-center\"><strong>Men\u00fc<\/strong><\/p>\n\n\n\n<p class=\"has-text-align-center\">Eugenia-Salat &#8211; Salade Eugenie<br>***<br>Geschmorte Lammstelzen &#8211; Navarin d&#8217;agneau<br>Kartoffelgratin nach Art von Savoyen &#8211; Gratin Savoyard<br>Gr\u00fcne Bohnen mit Speck &#8211; Haricots verts<br>***<br>K\u00e4se &#8211; Fromage<br>***<br>Erdbeer-Schnitten &#8211;  Tranches de fraise<\/p>\n\n\n\n<p><\/p>\n\n\n\n<figure class=\"wp-block-gallery has-nested-images columns-default is-cropped wp-block-gallery-2 is-layout-flex wp-block-gallery-is-layout-flex\">\n<figure class=\"wp-block-image size-large is-style-default\"><img loading=\"lazy\" decoding=\"async\" width=\"640\" height=\"480\" data-id=\"1506\" src=\"http:\/\/dfcmr.noeud.de\/wp-content\/uploads\/2021\/12\/kochen32017_a-Klein.jpg\" alt=\"\" class=\"wp-image-1506\" srcset=\"https:\/\/dfc-freudenberg.de\/wp-content\/uploads\/2021\/12\/kochen32017_a-Klein.jpg 640w, https:\/\/dfc-freudenberg.de\/wp-content\/uploads\/2021\/12\/kochen32017_a-Klein-300x225.jpg 300w\" sizes=\"(max-width: 640px) 100vw, 640px\" \/><figcaption>Rosi Lang gibt Anweisungen<\/figcaption><\/figure>\n\n\n\n<figure class=\"wp-block-image size-large is-style-default\"><img loading=\"lazy\" decoding=\"async\" width=\"559\" height=\"480\" data-id=\"1508\" src=\"http:\/\/dfcmr.noeud.de\/wp-content\/uploads\/2021\/12\/kochen32017_h-Klein.jpg\" alt=\"\" class=\"wp-image-1508\" srcset=\"https:\/\/dfc-freudenberg.de\/wp-content\/uploads\/2021\/12\/kochen32017_h-Klein.jpg 559w, https:\/\/dfc-freudenberg.de\/wp-content\/uploads\/2021\/12\/kochen32017_h-Klein-300x258.jpg 300w\" sizes=\"(max-width: 559px) 100vw, 559px\" \/><figcaption>Jakob Lang schenkt Ap\u00e9ritif ein<\/figcaption><\/figure>\n\n\n\n<figure class=\"wp-block-image size-large is-style-default\"><img loading=\"lazy\" decoding=\"async\" width=\"459\" height=\"480\" data-id=\"1507\" src=\"http:\/\/dfcmr.noeud.de\/wp-content\/uploads\/2021\/12\/kochen32017_b-Klein.jpg\" alt=\"\" class=\"wp-image-1507\" srcset=\"https:\/\/dfc-freudenberg.de\/wp-content\/uploads\/2021\/12\/kochen32017_b-Klein.jpg 459w, https:\/\/dfc-freudenberg.de\/wp-content\/uploads\/2021\/12\/kochen32017_b-Klein-287x300.jpg 287w\" sizes=\"(max-width: 459px) 100vw, 459px\" \/><figcaption>Viel Schnippelarbeit<\/figcaption><\/figure>\n<\/figure>\n\n\n\n<figure class=\"wp-block-gallery has-nested-images columns-default is-cropped wp-block-gallery-3 is-layout-flex wp-block-gallery-is-layout-flex\">\n<figure class=\"wp-block-image size-large is-style-default\"><img loading=\"lazy\" decoding=\"async\" width=\"405\" height=\"480\" data-id=\"1509\" src=\"http:\/\/dfcmr.noeud.de\/wp-content\/uploads\/2021\/12\/kochen32017e-Klein.jpg\" alt=\"\" class=\"wp-image-1509\" srcset=\"https:\/\/dfc-freudenberg.de\/wp-content\/uploads\/2021\/12\/kochen32017e-Klein.jpg 405w, https:\/\/dfc-freudenberg.de\/wp-content\/uploads\/2021\/12\/kochen32017e-Klein-253x300.jpg 253w\" sizes=\"(max-width: 405px) 100vw, 405px\" \/><figcaption>Das Lamm schmort<\/figcaption><\/figure>\n\n\n\n<figure class=\"wp-block-image size-large is-style-default\"><img loading=\"lazy\" decoding=\"async\" width=\"640\" height=\"480\" data-id=\"1511\" src=\"http:\/\/dfcmr.noeud.de\/wp-content\/uploads\/2021\/12\/kochen32017_k-Klein.jpg\" alt=\"\" class=\"wp-image-1511\" srcset=\"https:\/\/dfc-freudenberg.de\/wp-content\/uploads\/2021\/12\/kochen32017_k-Klein.jpg 640w, https:\/\/dfc-freudenberg.de\/wp-content\/uploads\/2021\/12\/kochen32017_k-Klein-300x225.jpg 300w\" sizes=\"(max-width: 640px) 100vw, 640px\" \/><figcaption>Nur noch genie\u00dfen<\/figcaption><\/figure>\n\n\n\n<figure class=\"wp-block-image size-large is-style-default\"><img loading=\"lazy\" decoding=\"async\" width=\"360\" height=\"480\" data-id=\"1512\" src=\"http:\/\/dfcmr.noeud.de\/wp-content\/uploads\/2021\/12\/kochen32017_l-Klein-1.jpg\" alt=\"\" class=\"wp-image-1512\" srcset=\"https:\/\/dfc-freudenberg.de\/wp-content\/uploads\/2021\/12\/kochen32017_l-Klein-1.jpg 360w, https:\/\/dfc-freudenberg.de\/wp-content\/uploads\/2021\/12\/kochen32017_l-Klein-1-225x300.jpg 225w\" sizes=\"(max-width: 360px) 100vw, 360px\" \/><figcaption>Abtrocknen k\u00f6nnen die M\u00e4nner<\/figcaption><\/figure>\n<figcaption class=\"blocks-gallery-caption\">Vorbereitung, Rezepte und Durchf\u00fchrung: Rosemarie Lang, Text: Reinhild Reuter, Fotos: Ralf Kern<\/figcaption><\/figure>\n\n\n\n<pre id=\"tw-target-text\" class=\"wp-block-preformatted\"><\/pre>\n","protected":false},"excerpt":{"rendered":"<p>Ostern kann kommen Ein Lammbraten z\u00e4hlt in vielen Familien zum klassischen Ostermen\u00fc und wird in Frankreich vielleicht noch h\u00e4ufiger gegessen&hellip;<\/p>\n","protected":false},"author":1,"featured_media":0,"parent":0,"menu_order":0,"comment_status":"closed","ping_status":"closed","template":"","meta":{"footnotes":""},"class_list":["post-1476","page","type-page","status-publish","hentry"],"translation":{"provider":"WPGlobus","version":"3.0.0","language":"fr","enabled_languages":["en","de","fr"],"languages":{"en":{"title":true,"content":true,"excerpt":false},"de":{"title":false,"content":false,"excerpt":false},"fr":{"title":false,"content":false,"excerpt":false}}},"_links":{"self":[{"href":"https:\/\/dfc-freudenberg.de\/fr\/wp-json\/wp\/v2\/pages\/1476"}],"collection":[{"href":"https:\/\/dfc-freudenberg.de\/fr\/wp-json\/wp\/v2\/pages"}],"about":[{"href":"https:\/\/dfc-freudenberg.de\/fr\/wp-json\/wp\/v2\/types\/page"}],"author":[{"embeddable":true,"href":"https:\/\/dfc-freudenberg.de\/fr\/wp-json\/wp\/v2\/users\/1"}],"replies":[{"embeddable":true,"href":"https:\/\/dfc-freudenberg.de\/fr\/wp-json\/wp\/v2\/comments?post=1476"}],"version-history":[{"count":7,"href":"https:\/\/dfc-freudenberg.de\/fr\/wp-json\/wp\/v2\/pages\/1476\/revisions"}],"predecessor-version":[{"id":1922,"href":"https:\/\/dfc-freudenberg.de\/fr\/wp-json\/wp\/v2\/pages\/1476\/revisions\/1922"}],"wp:attachment":[{"href":"https:\/\/dfc-freudenberg.de\/fr\/wp-json\/wp\/v2\/media?parent=1476"}],"curies":[{"name":"wp","href":"https:\/\/api.w.org\/{rel}","templated":true}]}}