{"id":1474,"date":"2021-12-01T11:23:40","date_gmt":"2021-12-01T11:23:40","guid":{"rendered":"http:\/\/dfcmr.noeud.de\/?page_id=1474"},"modified":"2023-02-02T14:34:04","modified_gmt":"2023-02-02T13:34:04","slug":"2019-ostermenu-aus-dem-burgund","status":"publish","type":"page","link":"https:\/\/dfc-freudenberg.de\/fr\/2019-ostermenu-aus-dem-burgund\/","title":{"rendered":"2019 Ostermen\u00fc aus dem Burgund"},"content":{"rendered":"\n<p><strong>5. April 2019<\/strong><\/p>\n\n\n\n<p>Das Burgund ist vielen bekannt als ber\u00fchmte Weinregion. Fast jeder hat schon mal k\u00f6stlichen Vin de Bourgogne getrunken. <br>Ebenso bekannt ist auch das &#8220;H\u00f4tel-Dieu&#8221; in Beaune.<br>Wo es guten Wein gibt wird auch gut gekocht.<br><br>Nach einer einj\u00e4hrigen Pause haben Rosemarie und Jakob Lang ihre G\u00e4ste  eingeladen, diese k\u00f6stlichen Rezepte auszuprobieren. In der Schulk\u00fcche der Lindtalgrundschule kam eine Gruppe koch- und essbegeisterter Freudenberger zusammen um gemeinsam das von Rosi Lang ausgesuchte Men\u00fc zu kochen und nat\u00fcrlich auch zu vertilgen.<br><br>Nach dem obligatorischen Ap\u00e9ritif ging es an die Arbeit. <br>30 Minuten im Backofen brauchte der &#8220;Rogodon&#8221;, das ist ein Schinkenfladen, bevor er als Vorspeise auf die Teller kam. Ein Zitronenh\u00e4hnchen &#8220;Poulets au Citron&#8221; wurde als Hauptspeise zubereitet und die Abrundung machte die ber\u00fchmte &#8220;Mousse au chocolat&#8221;. <\/p>\n\n\n\n<p class=\"has-text-align-center\"><strong>Men\u00fc<\/strong><\/p>\n\n\n\n<p class=\"has-text-align-center\">Ap\u00e9ritif<br>***<br>Rogodon &#8211; Schinkenfladen aus Burgund<br>***<br>Poulets au Citron &#8211; Zitronenh\u00e4hnchen<br>***<br>Fromage &#8211; K\u00e4se<br>***<br>Mousse au chocolat &#8211; Schokoladenschaum<\/p>\n\n\n\n<p><\/p>\n\n\n\n<figure class=\"wp-block-gallery has-nested-images columns-default is-cropped wp-block-gallery-2 is-layout-flex wp-block-gallery-is-layout-flex\">\n<figure class=\"wp-block-image size-large is-style-default\"><img loading=\"lazy\" decoding=\"async\" width=\"270\" height=\"480\" data-id=\"1799\" src=\"http:\/\/dfcmr.noeud.de\/wp-content\/uploads\/2022\/01\/20190405_194704-Klein.jpg\" alt=\"\" class=\"wp-image-1799\" srcset=\"https:\/\/dfc-freudenberg.de\/wp-content\/uploads\/2022\/01\/20190405_194704-Klein.jpg 270w, https:\/\/dfc-freudenberg.de\/wp-content\/uploads\/2022\/01\/20190405_194704-Klein-169x300.jpg 169w\" sizes=\"(max-width: 270px) 100vw, 270px\" \/><figcaption>Rosi Lang beim Poulet au citron<\/figcaption><\/figure>\n\n\n\n<figure class=\"wp-block-image size-large is-style-default\"><img loading=\"lazy\" decoding=\"async\" width=\"853\" height=\"480\" data-id=\"1796\" src=\"http:\/\/dfcmr.noeud.de\/wp-content\/uploads\/2022\/01\/20190405_194807-Klein.jpg\" alt=\"\" class=\"wp-image-1796\" srcset=\"https:\/\/dfc-freudenberg.de\/wp-content\/uploads\/2022\/01\/20190405_194807-Klein.jpg 853w, https:\/\/dfc-freudenberg.de\/wp-content\/uploads\/2022\/01\/20190405_194807-Klein-300x169.jpg 300w, https:\/\/dfc-freudenberg.de\/wp-content\/uploads\/2022\/01\/20190405_194807-Klein-768x432.jpg 768w\" sizes=\"(max-width: 853px) 100vw, 853px\" \/><figcaption>Die Rogodon sind in der Form<\/figcaption><\/figure>\n\n\n\n<figure class=\"wp-block-image size-large is-style-default\"><img loading=\"lazy\" decoding=\"async\" width=\"853\" height=\"480\" data-id=\"1801\" src=\"http:\/\/dfcmr.noeud.de\/wp-content\/uploads\/2022\/01\/20190405_194735-Klein.jpg\" alt=\"\" class=\"wp-image-1801\" srcset=\"https:\/\/dfc-freudenberg.de\/wp-content\/uploads\/2022\/01\/20190405_194735-Klein.jpg 853w, https:\/\/dfc-freudenberg.de\/wp-content\/uploads\/2022\/01\/20190405_194735-Klein-300x169.jpg 300w, https:\/\/dfc-freudenberg.de\/wp-content\/uploads\/2022\/01\/20190405_194735-Klein-768x432.jpg 768w\" sizes=\"(max-width: 853px) 100vw, 853px\" \/><figcaption>Die M\u00e4nner beim Aperitif<\/figcaption><\/figure>\n<\/figure>\n\n\n\n<p><\/p>\n\n\n\n<p><em>\u00dcbrigens wussten Sie schon, dass das milde Klima im S\u00fcdwesten Baden-W\u00fcrttembergs von den s\u00fcdlichen Winden aus dem Rhonetal beeinflusst wird? Zwischen den Ausl\u00e4ufern der Vogesen und dem Jura liegt ein ca. 30 Kilometer weiter Sattel, durch den die warme Mittelmeerluft ins Oberrheintal flie\u00dft. Dieser Sattel bildet den \u00dcbergang vom Elsass ins Burgund, &nbsp;die \u201eBurgundische Pforte&#8221; hei\u00dft in Frankreich \u201eTrou\u00e9e de Belfort\u201c.<\/em><\/p>\n\n\n\n<p class=\"has-small-font-size\">Men\u00fc: Rosemarie Lang, Text: Reinhild Reuter, Fotos: Margarete Z\u00e4ngerlein<\/p>\n","protected":false},"excerpt":{"rendered":"<p>5. April 2019 Das Burgund ist vielen bekannt als ber\u00fchmte Weinregion. Fast jeder hat schon mal k\u00f6stlichen Vin de Bourgogne&hellip;<\/p>\n","protected":false},"author":1,"featured_media":0,"parent":0,"menu_order":0,"comment_status":"closed","ping_status":"closed","template":"","meta":{"footnotes":""},"class_list":["post-1474","page","type-page","status-publish","hentry"],"translation":{"provider":"WPGlobus","version":"3.0.0","language":"fr","enabled_languages":["en","de","fr"],"languages":{"en":{"title":true,"content":true,"excerpt":false},"de":{"title":false,"content":false,"excerpt":false},"fr":{"title":false,"content":false,"excerpt":false}}},"_links":{"self":[{"href":"https:\/\/dfc-freudenberg.de\/fr\/wp-json\/wp\/v2\/pages\/1474"}],"collection":[{"href":"https:\/\/dfc-freudenberg.de\/fr\/wp-json\/wp\/v2\/pages"}],"about":[{"href":"https:\/\/dfc-freudenberg.de\/fr\/wp-json\/wp\/v2\/types\/page"}],"author":[{"embeddable":true,"href":"https:\/\/dfc-freudenberg.de\/fr\/wp-json\/wp\/v2\/users\/1"}],"replies":[{"embeddable":true,"href":"https:\/\/dfc-freudenberg.de\/fr\/wp-json\/wp\/v2\/comments?post=1474"}],"version-history":[{"count":15,"href":"https:\/\/dfc-freudenberg.de\/fr\/wp-json\/wp\/v2\/pages\/1474\/revisions"}],"predecessor-version":[{"id":1920,"href":"https:\/\/dfc-freudenberg.de\/fr\/wp-json\/wp\/v2\/pages\/1474\/revisions\/1920"}],"wp:attachment":[{"href":"https:\/\/dfc-freudenberg.de\/fr\/wp-json\/wp\/v2\/media?parent=1474"}],"curies":[{"name":"wp","href":"https:\/\/api.w.org\/{rel}","templated":true}]}}