{"id":1264,"date":"2021-11-25T16:07:42","date_gmt":"2021-11-25T16:07:42","guid":{"rendered":"http:\/\/dfcmr.noeud.de\/?page_id=1264"},"modified":"2023-02-02T14:25:36","modified_gmt":"2023-02-02T13:25:36","slug":"2021-miltenberg-bei-nacht","status":"publish","type":"page","link":"https:\/\/dfc-freudenberg.de\/fr\/2021-miltenberg-bei-nacht\/","title":{"rendered":"2021 Miltenberg bei Nacht"},"content":{"rendered":"\n<p><strong>Von Apothekern, Henkern und Nachtw\u00e4chtern<\/strong> &#8211; <strong>Auf Nachtpatrouille durch Miltenberg<\/strong><\/p>\n\n\n\n<p>Knapp zwei Dutzend Mitglieder des Deutsch-Franz\u00f6sischen Clubs Freudenberg trafen sich am Samstagabend in Miltenberg im Schwarzviertel zum diesj\u00e4hrigen Herbstausflug.<br>Dort st\u00e4rkte man sich zuerst mit deftigen Speisen und Bier und Wein, um dann, nach Einbruch der Dunkelheit, auf \u201eNachtpatrouille\u201c zu gehen.<br>Empfangen wurden die Freudenberger nach dem Abendessen am Schnatterloch von Nachtw\u00e4chter Wolfgang Kuhn, der sich mit Hellebarde und Laterne f\u00fcr diese abendliche F\u00fchrung ausger\u00fcstet hatte.<\/p>\n\n\n\n<figure class=\"wp-block-gallery has-nested-images columns-default is-cropped wp-block-gallery-2 is-layout-flex wp-block-gallery-is-layout-flex\">\n<figure class=\"wp-block-image size-large is-style-default\"><img loading=\"lazy\" decoding=\"async\" width=\"720\" height=\"480\" data-id=\"1268\" src=\"http:\/\/dfcmr.noeud.de\/wp-content\/uploads\/2021\/11\/P1710674-Klein.jpg\" alt=\"\" class=\"wp-image-1268\" srcset=\"https:\/\/dfc-freudenberg.de\/wp-content\/uploads\/2021\/11\/P1710674-Klein.jpg 720w, https:\/\/dfc-freudenberg.de\/wp-content\/uploads\/2021\/11\/P1710674-Klein-300x200.jpg 300w\" sizes=\"(max-width: 720px) 100vw, 720px\" \/><\/figure>\n\n\n\n<figure class=\"wp-block-image size-large is-style-default\"><img loading=\"lazy\" decoding=\"async\" width=\"320\" height=\"480\" data-id=\"1270\" src=\"http:\/\/dfcmr.noeud.de\/wp-content\/uploads\/2021\/11\/P1710769-Klein.jpg\" alt=\"\" class=\"wp-image-1270\" srcset=\"https:\/\/dfc-freudenberg.de\/wp-content\/uploads\/2021\/11\/P1710769-Klein.jpg 320w, https:\/\/dfc-freudenberg.de\/wp-content\/uploads\/2021\/11\/P1710769-Klein-200x300.jpg 200w\" sizes=\"(max-width: 320px) 100vw, 320px\" \/><\/figure>\n\n\n\n<figure class=\"wp-block-image size-large is-style-default\"><img loading=\"lazy\" decoding=\"async\" width=\"480\" height=\"480\" data-id=\"1275\" src=\"http:\/\/dfcmr.noeud.de\/wp-content\/uploads\/2021\/11\/P1710788-2-Klein.jpg\" alt=\"\" class=\"wp-image-1275\" srcset=\"https:\/\/dfc-freudenberg.de\/wp-content\/uploads\/2021\/11\/P1710788-2-Klein.jpg 480w, https:\/\/dfc-freudenberg.de\/wp-content\/uploads\/2021\/11\/P1710788-2-Klein-300x300.jpg 300w, https:\/\/dfc-freudenberg.de\/wp-content\/uploads\/2021\/11\/P1710788-2-Klein-150x150.jpg 150w\" sizes=\"(max-width: 480px) 100vw, 480px\" \/><\/figure>\n<\/figure>\n\n\n\n<figure class=\"wp-block-gallery has-nested-images columns-default is-cropped wp-block-gallery-3 is-layout-flex wp-block-gallery-is-layout-flex\">\n<figure class=\"wp-block-image size-large is-style-default\"><img loading=\"lazy\" decoding=\"async\" width=\"720\" height=\"480\" data-id=\"1280\" src=\"http:\/\/dfcmr.noeud.de\/wp-content\/uploads\/2021\/11\/P1710700-Klein.jpg\" alt=\"\" class=\"wp-image-1280\" srcset=\"https:\/\/dfc-freudenberg.de\/wp-content\/uploads\/2021\/11\/P1710700-Klein.jpg 720w, https:\/\/dfc-freudenberg.de\/wp-content\/uploads\/2021\/11\/P1710700-Klein-300x200.jpg 300w\" sizes=\"(max-width: 720px) 100vw, 720px\" \/><\/figure>\n\n\n\n<figure class=\"wp-block-image size-large is-style-default\"><img loading=\"lazy\" decoding=\"async\" width=\"720\" height=\"480\" data-id=\"1281\" src=\"http:\/\/dfcmr.noeud.de\/wp-content\/uploads\/2021\/11\/P1710709-Klein.jpg\" alt=\"\" class=\"wp-image-1281\" srcset=\"https:\/\/dfc-freudenberg.de\/wp-content\/uploads\/2021\/11\/P1710709-Klein.jpg 720w, https:\/\/dfc-freudenberg.de\/wp-content\/uploads\/2021\/11\/P1710709-Klein-300x200.jpg 300w\" sizes=\"(max-width: 720px) 100vw, 720px\" \/><\/figure>\n<\/figure>\n\n\n\n<p>Zuerst f\u00fchrte er die Gruppe an die Stelle im Schwarzviertel, wo einst das Zoll-Tor gestanden hatte. Allerhand Anekdoten hatte der kundige Nachtw\u00e4chter hier zu berichten: von B\u00fcrgern, die zu sp\u00e4ter Stunde noch durch das \u201eMannloch\u201c in die Stadt gelassen wurden und von Leuten, die zu sp\u00e4t zum Tor kamen und dann die sogenannte \u201eTorschlusspanik\u201c hatten.<br>Am Schnatterloch vorbei, gab es in der Fischergasse spontan die erste St\u00e4rkung in Form von fruchtigem Schlehen- und Kirschlik\u00f6r f\u00fcr die Nachtschw\u00e4rmer.<br>Am Apotheken-G\u00e4rtchen, hinter der Stadt-Apotheke, lauschten die Freudenberger den gruseligen Erz\u00e4hlungen des Nachtw\u00e4chters \u00fcber Apotheker und Henker in vergangen Zeiten. Derb waren auch die Geschichten \u00fcber den Staffelbrunnen und die Wasserversorgung in dieser \u00c4ra.<\/p>\n\n\n\n<figure class=\"wp-block-gallery has-nested-images columns-default is-cropped wp-block-gallery-4 is-layout-flex wp-block-gallery-is-layout-flex\">\n<figure class=\"wp-block-image size-large is-style-default\"><img loading=\"lazy\" decoding=\"async\" width=\"720\" height=\"480\" data-id=\"1271\" src=\"http:\/\/dfcmr.noeud.de\/wp-content\/uploads\/2021\/11\/P1710780-Klein.jpg\" alt=\"\" class=\"wp-image-1271\" srcset=\"https:\/\/dfc-freudenberg.de\/wp-content\/uploads\/2021\/11\/P1710780-Klein.jpg 720w, https:\/\/dfc-freudenberg.de\/wp-content\/uploads\/2021\/11\/P1710780-Klein-300x200.jpg 300w\" sizes=\"(max-width: 720px) 100vw, 720px\" \/><\/figure>\n\n\n\n<figure class=\"wp-block-image size-large is-style-default\"><img loading=\"lazy\" decoding=\"async\" width=\"720\" height=\"480\" data-id=\"1272\" src=\"http:\/\/dfcmr.noeud.de\/wp-content\/uploads\/2021\/11\/P1710788-Klein.jpg\" alt=\"\" class=\"wp-image-1272\" srcset=\"https:\/\/dfc-freudenberg.de\/wp-content\/uploads\/2021\/11\/P1710788-Klein.jpg 720w, https:\/\/dfc-freudenberg.de\/wp-content\/uploads\/2021\/11\/P1710788-Klein-300x200.jpg 300w\" sizes=\"(max-width: 720px) 100vw, 720px\" \/><\/figure>\n<\/figure>\n\n\n\n<p>Nat\u00fcrlich durften die Machenschaften der Wirtsleute des Gasthauses \u201eZum Riesen\u201c in fr\u00fcheren Zeiten im Reigen der Erz\u00e4hlungen auch nicht fehlen. Sie bildeten den Abschluss der sehr kurzweiligen und sehr interessanten abendlichen F\u00fchrung durch Miltenberg.<\/p>\n\n\n\n<figure class=\"wp-block-gallery has-nested-images columns-default is-cropped wp-block-gallery-5 is-layout-flex wp-block-gallery-is-layout-flex\">\n<figure class=\"wp-block-image size-large is-style-default\"><img loading=\"lazy\" decoding=\"async\" width=\"480\" height=\"480\" data-id=\"1278\" src=\"http:\/\/dfcmr.noeud.de\/wp-content\/uploads\/2021\/11\/P1710756-Klein-1.jpg\" alt=\"\" class=\"wp-image-1278\" srcset=\"https:\/\/dfc-freudenberg.de\/wp-content\/uploads\/2021\/11\/P1710756-Klein-1.jpg 480w, https:\/\/dfc-freudenberg.de\/wp-content\/uploads\/2021\/11\/P1710756-Klein-1-300x300.jpg 300w, https:\/\/dfc-freudenberg.de\/wp-content\/uploads\/2021\/11\/P1710756-Klein-1-150x150.jpg 150w\" sizes=\"(max-width: 480px) 100vw, 480px\" \/><\/figure>\n\n\n\n<figure class=\"wp-block-image size-large is-style-default\"><img loading=\"lazy\" decoding=\"async\" width=\"720\" height=\"480\" data-id=\"1279\" src=\"http:\/\/dfcmr.noeud.de\/wp-content\/uploads\/2021\/11\/P1710788-Klein-1.jpg\" alt=\"\" class=\"wp-image-1279\" srcset=\"https:\/\/dfc-freudenberg.de\/wp-content\/uploads\/2021\/11\/P1710788-Klein-1.jpg 720w, https:\/\/dfc-freudenberg.de\/wp-content\/uploads\/2021\/11\/P1710788-Klein-1-300x200.jpg 300w\" sizes=\"(max-width: 720px) 100vw, 720px\" \/><\/figure>\n<\/figure>\n\n\n\n<p>Am Ende \u201ezauberte\u201c der Nachw\u00e4chter, zur \u00dcberraschung aller Beteiligten, einen 12-Kr\u00e4uter-Lik\u00f6r aus seiner Tasche und jeder der wollte, konnte den Trunk zusammen mit einen St\u00fcck Marzipan verkosten.<\/p>\n\n\n\n<figure class=\"wp-block-gallery has-nested-images columns-default is-cropped wp-block-gallery-6 is-layout-flex wp-block-gallery-is-layout-flex\">\n<figure class=\"wp-block-image size-large is-style-default\"><img loading=\"lazy\" decoding=\"async\" width=\"720\" height=\"480\" data-id=\"1277\" src=\"http:\/\/dfcmr.noeud.de\/wp-content\/uploads\/2021\/11\/P1710809-Klein-1.jpg\" alt=\"\" class=\"wp-image-1277\" srcset=\"https:\/\/dfc-freudenberg.de\/wp-content\/uploads\/2021\/11\/P1710809-Klein-1.jpg 720w, https:\/\/dfc-freudenberg.de\/wp-content\/uploads\/2021\/11\/P1710809-Klein-1-300x200.jpg 300w\" sizes=\"(max-width: 720px) 100vw, 720px\" \/><\/figure>\n\n\n\n<figure class=\"wp-block-image size-large is-style-default\"><img loading=\"lazy\" decoding=\"async\" width=\"720\" height=\"480\" data-id=\"1276\" src=\"http:\/\/dfcmr.noeud.de\/wp-content\/uploads\/2021\/11\/P1710806-Klein-1.jpg\" alt=\"\" class=\"wp-image-1276\" srcset=\"https:\/\/dfc-freudenberg.de\/wp-content\/uploads\/2021\/11\/P1710806-Klein-1.jpg 720w, https:\/\/dfc-freudenberg.de\/wp-content\/uploads\/2021\/11\/P1710806-Klein-1-300x200.jpg 300w\" sizes=\"(max-width: 720px) 100vw, 720px\" \/><\/figure>\n<\/figure>\n\n\n\n<p class=\"has-small-font-size\">Karin Turba-Hildenbrand\/Fotos: Margarete Z\u00e4ngerlein<\/p>\n","protected":false},"excerpt":{"rendered":"<p>Von Apothekern, Henkern und Nachtw\u00e4chtern &#8211; Auf Nachtpatrouille durch Miltenberg Knapp zwei Dutzend Mitglieder des Deutsch-Franz\u00f6sischen Clubs Freudenberg trafen sich&hellip;<\/p>\n","protected":false},"author":1,"featured_media":0,"parent":0,"menu_order":0,"comment_status":"closed","ping_status":"closed","template":"","meta":{"footnotes":""},"class_list":["post-1264","page","type-page","status-publish","hentry"],"translation":{"provider":"WPGlobus","version":"3.0.0","language":"fr","enabled_languages":["en","de","fr"],"languages":{"en":{"title":true,"content":true,"excerpt":false},"de":{"title":false,"content":false,"excerpt":false},"fr":{"title":false,"content":false,"excerpt":false}}},"_links":{"self":[{"href":"https:\/\/dfc-freudenberg.de\/fr\/wp-json\/wp\/v2\/pages\/1264"}],"collection":[{"href":"https:\/\/dfc-freudenberg.de\/fr\/wp-json\/wp\/v2\/pages"}],"about":[{"href":"https:\/\/dfc-freudenberg.de\/fr\/wp-json\/wp\/v2\/types\/page"}],"author":[{"embeddable":true,"href":"https:\/\/dfc-freudenberg.de\/fr\/wp-json\/wp\/v2\/users\/1"}],"replies":[{"embeddable":true,"href":"https:\/\/dfc-freudenberg.de\/fr\/wp-json\/wp\/v2\/comments?post=1264"}],"version-history":[{"count":6,"href":"https:\/\/dfc-freudenberg.de\/fr\/wp-json\/wp\/v2\/pages\/1264\/revisions"}],"predecessor-version":[{"id":1912,"href":"https:\/\/dfc-freudenberg.de\/fr\/wp-json\/wp\/v2\/pages\/1264\/revisions\/1912"}],"wp:attachment":[{"href":"https:\/\/dfc-freudenberg.de\/fr\/wp-json\/wp\/v2\/media?parent=1264"}],"curies":[{"name":"wp","href":"https:\/\/api.w.org\/{rel}","templated":true}]}}