{"id":498,"date":"2021-06-08T14:39:24","date_gmt":"2021-06-08T14:39:24","guid":{"rendered":"http:\/\/dfcmr.noeud.de\/?page_id=498"},"modified":"2022-02-18T12:24:07","modified_gmt":"2022-02-18T11:24:07","slug":"schueleraufenthalt-in-freudenberg-2018","status":"publish","type":"page","link":"https:\/\/dfc-freudenberg.de\/de\/schueleraufenthalt-in-freudenberg-2018\/","title":{"rendered":"2018 Von Klein bis Gro\u00df zu Gast in Freudenberg"},"content":{"rendered":"\n<p>Vom 7. bis 12. Juli besuchten 19 Kinder, begleitet von 12 Eltern oder Gro\u00dfeltern, Freudenberg. Sie wurden in Familien untergebracht, teilweise kannten sie sich schon. Erstmals in diesem Jahr war dies kein offizielles Schulprojekt mehr. Der Jugendaustausch wurde vom Deutsch-Franz\u00f6sischen Jugendwerk unterst\u00fctzt. Wie bereits in den Jahren zuvor wurde der Besuch vorbereitet und durchgef\u00fchrt unter Federf\u00fchrung von Gabi W\u00f6rner.<\/p>\n\n\n\n<p>Ein reichhaltiges Programm erwartete die Kinder, die Erwachsenen hatten manchmal eigene Programmpunkte. Es ging nach Aschaffenburg, dort erkundeten die Kinder die Stadt indem sie Stadtwappen finden sollten. Der Dienstag &#8222;war akademischer Arbeit gewidmet, da jeder mit dem Briefpartner oder der Briefpartnerin zu deren Schule gegangen sind, sei es zum Kindergarten, zur Grundschule (Lindtalschule) oder zu verschiedenen Realschulen in Wertheim oder Miltenberg, wo alle Sch\u00fcler empfangen wurden.&#8220; (aus dem Bericht der franz\u00f6sischen Kinder \u00fcber den Sch\u00fcleraufenthalt vom 7. bis 12. Juli 2018). <\/p>\n\n\n\n<p><strong>Kunstprojekt<\/strong><br>Ein besonderer Programmpunkt war das gemeinsame Kunstprojekt, das in der Sommerakademie des Kunstvereins im alten Schulhaus in Boxtal stattfand. Dort trafen sich die  franz\u00f6sischen und deutschen Kinder unter dem Motto &#8222;Kunst ist grenzenlos&#8220; um Bilder und Collagen anzufertigen. Mit gro\u00dfem Eifer scharten sich die Kinder um ausgelegtes Material, sie durften vom Kunstverein gespendete Bilder \u00fcbermalen oder ganz eigene Kreationen schaffen. <\/p>\n\n\n\n<figure class=\"wp-block-gallery has-nested-images columns-default is-cropped wp-block-gallery-2 is-layout-flex wp-block-gallery-is-layout-flex\">\n<figure class=\"wp-block-image size-large is-style-default\"><img loading=\"lazy\" decoding=\"async\" width=\"640\" height=\"480\" data-id=\"1143\" src=\"http:\/\/dfcmr.noeud.de\/wp-content\/uploads\/2021\/10\/2018-07-09-17.17.48-Klein.jpg\" alt=\"\" class=\"wp-image-1143\" srcset=\"https:\/\/dfc-freudenberg.de\/wp-content\/uploads\/2021\/10\/2018-07-09-17.17.48-Klein.jpg 640w, https:\/\/dfc-freudenberg.de\/wp-content\/uploads\/2021\/10\/2018-07-09-17.17.48-Klein-300x225.jpg 300w\" sizes=\"(max-width: 640px) 100vw, 640px\" \/><\/figure>\n\n\n\n<figure class=\"wp-block-image size-large is-style-default\"><img loading=\"lazy\" decoding=\"async\" width=\"640\" height=\"480\" data-id=\"1153\" src=\"http:\/\/dfcmr.noeud.de\/wp-content\/uploads\/2021\/10\/2018-07-09-15.25.16-Klein.jpg\" alt=\"\" class=\"wp-image-1153\" srcset=\"https:\/\/dfc-freudenberg.de\/wp-content\/uploads\/2021\/10\/2018-07-09-15.25.16-Klein.jpg 640w, https:\/\/dfc-freudenberg.de\/wp-content\/uploads\/2021\/10\/2018-07-09-15.25.16-Klein-300x225.jpg 300w\" sizes=\"(max-width: 640px) 100vw, 640px\" \/><\/figure>\n\n\n\n<figure class=\"wp-block-image size-large is-style-default\"><img loading=\"lazy\" decoding=\"async\" width=\"640\" height=\"480\" data-id=\"1154\" src=\"http:\/\/dfcmr.noeud.de\/wp-content\/uploads\/2021\/10\/2018-07-09-17.18.00-Klein.jpg\" alt=\"\" class=\"wp-image-1154\" srcset=\"https:\/\/dfc-freudenberg.de\/wp-content\/uploads\/2021\/10\/2018-07-09-17.18.00-Klein.jpg 640w, https:\/\/dfc-freudenberg.de\/wp-content\/uploads\/2021\/10\/2018-07-09-17.18.00-Klein-300x225.jpg 300w\" sizes=\"(max-width: 640px) 100vw, 640px\" \/><\/figure>\n<\/figure>\n\n\n\n<p>So entstanden Kunstwerke, die symbolisch die Partnerschaft zwischen Freudenberg und Saint-Arnoult aufgriffen und das angeleitete Thema, n\u00e4mlich eine neue Stadt zu erschaffen, kreativ umsetzten. Die Bilder gingen anschlie\u00dfend gut verpackt mit auf die Reise nach Saint-Arnoult.  Alle Werke wurden dort in der Herbstausstellung der &#8222;Soci\u00e9t\u00e9 historique&#8220; und dem Kunstverein &#8222;Art Passion&#8220; gezeigt. Nach der R\u00fcckholung nach Freudenberg konnten neugierige Besucher die Werke w\u00e4hrend des Weihnachtsmarktes in der Amtshausgalerie bestaunen.<\/p>\n\n\n\n<figure class=\"wp-block-gallery has-nested-images columns-default is-cropped wp-block-gallery-3 is-layout-flex wp-block-gallery-is-layout-flex\">\n<figure class=\"wp-block-image size-large is-style-default\"><img loading=\"lazy\" decoding=\"async\" width=\"640\" height=\"480\" data-id=\"1148\" src=\"http:\/\/dfcmr.noeud.de\/wp-content\/uploads\/2021\/10\/20180709_152716-Klein.jpg\" alt=\"\" class=\"wp-image-1148\" srcset=\"https:\/\/dfc-freudenberg.de\/wp-content\/uploads\/2021\/10\/20180709_152716-Klein.jpg 640w, https:\/\/dfc-freudenberg.de\/wp-content\/uploads\/2021\/10\/20180709_152716-Klein-300x225.jpg 300w\" sizes=\"(max-width: 640px) 100vw, 640px\" \/><\/figure>\n\n\n\n<figure class=\"wp-block-image size-large is-style-default\"><img loading=\"lazy\" decoding=\"async\" width=\"640\" height=\"480\" data-id=\"1155\" src=\"http:\/\/dfcmr.noeud.de\/wp-content\/uploads\/2021\/10\/20180709_151842-Klein-1.jpg\" alt=\"\" class=\"wp-image-1155\" srcset=\"https:\/\/dfc-freudenberg.de\/wp-content\/uploads\/2021\/10\/20180709_151842-Klein-1.jpg 640w, https:\/\/dfc-freudenberg.de\/wp-content\/uploads\/2021\/10\/20180709_151842-Klein-1-300x225.jpg 300w\" sizes=\"(max-width: 640px) 100vw, 640px\" \/><\/figure>\n\n\n\n<figure class=\"wp-block-image size-large is-style-default\"><img loading=\"lazy\" decoding=\"async\" width=\"640\" height=\"480\" data-id=\"1149\" src=\"http:\/\/dfcmr.noeud.de\/wp-content\/uploads\/2021\/10\/20180709_172130-Klein.jpg\" alt=\"\" class=\"wp-image-1149\" srcset=\"https:\/\/dfc-freudenberg.de\/wp-content\/uploads\/2021\/10\/20180709_172130-Klein.jpg 640w, https:\/\/dfc-freudenberg.de\/wp-content\/uploads\/2021\/10\/20180709_172130-Klein-300x225.jpg 300w\" sizes=\"(max-width: 640px) 100vw, 640px\" \/><\/figure>\n<\/figure>\n\n\n\n<p class=\"has-small-font-size\">Text und Fotos: Reinhild Reuter<\/p>\n","protected":false},"excerpt":{"rendered":"<p>Vom 7. bis 12. Juli besuchten 19 Kinder, begleitet von 12 Eltern oder Gro\u00dfeltern, Freudenberg. Sie wurden in Familien untergebracht,&hellip;<\/p>\n","protected":false},"author":1,"featured_media":0,"parent":0,"menu_order":0,"comment_status":"closed","ping_status":"closed","template":"","meta":{"footnotes":""},"class_list":["post-498","page","type-page","status-publish","hentry"],"translation":{"provider":"WPGlobus","version":"3.0.0","language":"de","enabled_languages":["en","de","fr"],"languages":{"en":{"title":true,"content":true,"excerpt":false},"de":{"title":false,"content":false,"excerpt":false},"fr":{"title":false,"content":false,"excerpt":false}}},"_links":{"self":[{"href":"https:\/\/dfc-freudenberg.de\/de\/wp-json\/wp\/v2\/pages\/498"}],"collection":[{"href":"https:\/\/dfc-freudenberg.de\/de\/wp-json\/wp\/v2\/pages"}],"about":[{"href":"https:\/\/dfc-freudenberg.de\/de\/wp-json\/wp\/v2\/types\/page"}],"author":[{"embeddable":true,"href":"https:\/\/dfc-freudenberg.de\/de\/wp-json\/wp\/v2\/users\/1"}],"replies":[{"embeddable":true,"href":"https:\/\/dfc-freudenberg.de\/de\/wp-json\/wp\/v2\/comments?post=498"}],"version-history":[{"count":12,"href":"https:\/\/dfc-freudenberg.de\/de\/wp-json\/wp\/v2\/pages\/498\/revisions"}],"predecessor-version":[{"id":1930,"href":"https:\/\/dfc-freudenberg.de\/de\/wp-json\/wp\/v2\/pages\/498\/revisions\/1930"}],"wp:attachment":[{"href":"https:\/\/dfc-freudenberg.de\/de\/wp-json\/wp\/v2\/media?parent=498"}],"curies":[{"name":"wp","href":"https:\/\/api.w.org\/{rel}","templated":true}]}}