{"id":325,"date":"2021-05-26T08:09:30","date_gmt":"2021-05-26T08:09:30","guid":{"rendered":"http:\/\/dfcmr.noeud.de\/?page_id=325"},"modified":"2022-02-18T12:12:13","modified_gmt":"2022-02-18T11:12:13","slug":"franzoesisch-kochen-fuer-erwachsene","status":"publish","type":"page","link":"https:\/\/dfc-freudenberg.de\/de\/franzoesisch-kochen-fuer-erwachsene\/","title":{"rendered":"Franz\u00f6sisch Kochen f\u00fcr Erwachsene"},"content":{"rendered":"\n<p>Der Deutsch-Franz\u00f6sische Club Freudenberg ist bestrebt, die deutsch-franz\u00f6sische Freundschaft zu pflegen und auf vielf\u00e4ltige Weise zu gestalten. Regelm\u00e4\u00dfige Aktivit\u00e4ten zur Erlangung dieses Ziels sind j\u00e4hrlich wechselnde gegenseitige Besuche, Austausch auf kultureller Ebene, die Besch\u00e4ftigung mit der Lebensart des Nachbarlandes, wozu auch geh\u00f6rt, die Essgewohnheiten unserer Freunde kennenzulernen.<br>Rosemarie und Jakob Lang haben \u00fcber viele Jahre &#8222;Franz\u00f6sisch Kochen f\u00fcr Erwachsene&#8220; durchgef\u00fchrt, sie haben Men\u00fcs aus Frankreichs Regionen zusammengestellt, Rezepthefte geschrieben und mit Leidenschaft manchen Freudenbergern die franz\u00f6sische K\u00fcche nahe gebracht. <\/p>\n","protected":false},"excerpt":{"rendered":"<p>Der Deutsch-Franz\u00f6sische Club Freudenberg ist bestrebt, die deutsch-franz\u00f6sische Freundschaft zu pflegen und auf vielf\u00e4ltige Weise zu gestalten. Regelm\u00e4\u00dfige Aktivit\u00e4ten zur&hellip;<\/p>\n","protected":false},"author":1,"featured_media":0,"parent":0,"menu_order":0,"comment_status":"closed","ping_status":"closed","template":"","meta":{"footnotes":""},"class_list":["post-325","page","type-page","status-publish","hentry"],"translation":{"provider":"WPGlobus","version":"3.0.0","language":"de","enabled_languages":["en","de","fr"],"languages":{"en":{"title":true,"content":true,"excerpt":false},"de":{"title":false,"content":false,"excerpt":false},"fr":{"title":false,"content":false,"excerpt":false}}},"_links":{"self":[{"href":"https:\/\/dfc-freudenberg.de\/de\/wp-json\/wp\/v2\/pages\/325"}],"collection":[{"href":"https:\/\/dfc-freudenberg.de\/de\/wp-json\/wp\/v2\/pages"}],"about":[{"href":"https:\/\/dfc-freudenberg.de\/de\/wp-json\/wp\/v2\/types\/page"}],"author":[{"embeddable":true,"href":"https:\/\/dfc-freudenberg.de\/de\/wp-json\/wp\/v2\/users\/1"}],"replies":[{"embeddable":true,"href":"https:\/\/dfc-freudenberg.de\/de\/wp-json\/wp\/v2\/comments?post=325"}],"version-history":[{"count":12,"href":"https:\/\/dfc-freudenberg.de\/de\/wp-json\/wp\/v2\/pages\/325\/revisions"}],"predecessor-version":[{"id":1578,"href":"https:\/\/dfc-freudenberg.de\/de\/wp-json\/wp\/v2\/pages\/325\/revisions\/1578"}],"wp:attachment":[{"href":"https:\/\/dfc-freudenberg.de\/de\/wp-json\/wp\/v2\/media?parent=325"}],"curies":[{"name":"wp","href":"https:\/\/api.w.org\/{rel}","templated":true}]}}