{"id":316,"date":"2021-05-25T13:54:21","date_gmt":"2021-05-25T13:54:21","guid":{"rendered":"http:\/\/dfcmr.noeud.de\/?page_id=316"},"modified":"2022-02-18T12:25:03","modified_gmt":"2022-02-18T11:25:03","slug":"franzoesische-schueler-in-freudenberg-2016","status":"publish","type":"page","link":"https:\/\/dfc-freudenberg.de\/de\/franzoesische-schueler-in-freudenberg-2016\/","title":{"rendered":"2016 Franz\u00f6sische Sch\u00fcler in Freudenberg"},"content":{"rendered":"\n<p><strong>06. bis 11. Juli 2016 &#8211; <strong>Fu\u00dfball, Kultur und Brezeln<\/strong><\/strong> &#8211; <strong>Franz\u00f6sische Sch\u00fcler und Jugendliche auf Gegenbesuch in Freudenberg<\/strong><br><strong>Facettenreiches Programm beim deutsch-franz\u00f6sischen Austausch<\/strong><\/p>\n\n\n\n<p>Mit einem herzlichen \u201eWillkommen\u201c wurden am Mittwoch, 06. Juli gegen Abend 13 Familien aus der franz\u00f6sischen Partnerstadt St. Arnoult-en-Yvelines in Freudenberg empfangen. Nach einer anstrengenden 12-st\u00fcndigen Busfahrt, bedingt durch Staus rund um Paris, lie\u00dfen sich die Franzosen abends bei ihren Gastfamilien verw\u00f6hnen.<\/p>\n\n\n\n<div class=\"wp-block-image\"><figure class=\"aligncenter size-large is-resized\"><img loading=\"lazy\" decoding=\"async\" src=\"http:\/\/dfcmr.noeud.de\/wp-content\/uploads\/2021\/07\/besuchkids2016_1-Klein-1.jpg\" alt=\"\" class=\"wp-image-830\" width=\"371\" height=\"278\" srcset=\"https:\/\/dfc-freudenberg.de\/wp-content\/uploads\/2021\/07\/besuchkids2016_1-Klein-1.jpg 640w, https:\/\/dfc-freudenberg.de\/wp-content\/uploads\/2021\/07\/besuchkids2016_1-Klein-1-300x225.jpg 300w\" sizes=\"(max-width: 371px) 100vw, 371px\" \/><\/figure><\/div>\n\n\n\n<p>Am Donnerstagvormittag stattete man der Lindtalschule Freudenberg und der Eichwald-Grundschule Rauenberg einen Besuch ab, verbunden mit einem Abstecher zum D\u00fcrrhof. Nachmittags bummelten die franz\u00f6sischen Familien durch Wertheim und besichtigten das Glasmuseum. Am Abend verfolgten Deutsche und Franzosen gemeinsam das spannende EM-Halbfinale.<\/p>\n\n\n\n<figure class=\"wp-block-gallery has-nested-images columns-default is-cropped wp-block-gallery-2 is-layout-flex wp-block-gallery-is-layout-flex\">\n<figure class=\"wp-block-image size-large is-style-default\"><img loading=\"lazy\" decoding=\"async\" width=\"640\" height=\"480\" data-id=\"812\" src=\"http:\/\/dfcmr.noeud.de\/wp-content\/uploads\/2021\/07\/besuchkids2016_2-Klein.jpg\" alt=\"\" class=\"wp-image-812\" srcset=\"https:\/\/dfc-freudenberg.de\/wp-content\/uploads\/2021\/07\/besuchkids2016_2-Klein.jpg 640w, https:\/\/dfc-freudenberg.de\/wp-content\/uploads\/2021\/07\/besuchkids2016_2-Klein-300x225.jpg 300w\" sizes=\"(max-width: 640px) 100vw, 640px\" \/><\/figure>\n\n\n\n<figure class=\"wp-block-image size-large is-style-default\"><img loading=\"lazy\" decoding=\"async\" width=\"668\" height=\"480\" data-id=\"814\" src=\"http:\/\/dfcmr.noeud.de\/wp-content\/uploads\/2021\/07\/besuchkids2016_5-Klein.jpg\" alt=\"\" class=\"wp-image-814\" srcset=\"https:\/\/dfc-freudenberg.de\/wp-content\/uploads\/2021\/07\/besuchkids2016_5-Klein.jpg 668w, https:\/\/dfc-freudenberg.de\/wp-content\/uploads\/2021\/07\/besuchkids2016_5-Klein-300x216.jpg 300w\" sizes=\"(max-width: 668px) 100vw, 668px\" \/><\/figure>\n\n\n\n<figure class=\"wp-block-image size-large is-style-default\"><img loading=\"lazy\" decoding=\"async\" width=\"640\" height=\"480\" data-id=\"813\" src=\"http:\/\/dfcmr.noeud.de\/wp-content\/uploads\/2021\/07\/besuchkids2016_3-Klein.jpg\" alt=\"\" class=\"wp-image-813\" srcset=\"https:\/\/dfc-freudenberg.de\/wp-content\/uploads\/2021\/07\/besuchkids2016_3-Klein.jpg 640w, https:\/\/dfc-freudenberg.de\/wp-content\/uploads\/2021\/07\/besuchkids2016_3-Klein-300x225.jpg 300w\" sizes=\"(max-width: 640px) 100vw, 640px\" \/><\/figure>\n<\/figure>\n\n\n\n<p>Freitags war Kultur in W\u00fcrzburg angesagt: Mit einer speziellen Kinderf\u00fchrung wurde den franz\u00f6sischen Kindern die Geschichte der Feste Marienberg erkl\u00e4rt. Nach einer St\u00e4rkung am Rande der Weinberge, folgte das Highlight des Tages: Die F\u00fchrung in der Residenz durch die Leiterin des Tourismus- und Kulturb\u00fcros Freudenberg Frau Caroline Becker und das in franz\u00f6sischer Sprache. Unsere G\u00e4ste staunten \u00fcber den Glanz der Residenz, die hier und da an Versailles erinnerte.<\/p>\n\n\n\n<p>Am Samstag wurde in einer symbolischen Aktion das Kriegerdenkmal in Freudenberg von 40 franz\u00f6sischen und deutschen Kindern auf Initiative von Herrn B\u00fcrgermeister Roger Henning bepflanzt. Die Vorleistung und Durchf\u00fchrung der Aktion \u00fcbernahm der Obst- und Gartenbauverein. In seiner Rede zitierte Herr B\u00fcrgermeister Roger Henning unter anderem Carl August Sandburg mit den Worten: \u201eStell\u2019 Dir vor es ist Krieg und keiner geht hin.\u201c Den Abschluss der Zeremonie bildete das Steigenlassen von Luftballons in den Farben der jeweiligen Stadtwappen rot\/gelb f\u00fcr St. Arnoult und blau\/gelb f\u00fcr Freudenberg.<\/p>\n\n\n\n<figure class=\"wp-block-gallery aligncenter has-nested-images columns-default is-cropped wp-block-gallery-3 is-layout-flex wp-block-gallery-is-layout-flex\">\n<figure class=\"wp-block-image size-large is-style-default\"><img loading=\"lazy\" decoding=\"async\" width=\"854\" height=\"443\" data-id=\"832\" src=\"http:\/\/dfcmr.noeud.de\/wp-content\/uploads\/2021\/07\/besuchkids2016_6-Klein-2.jpg\" alt=\"\" class=\"wp-image-832\" srcset=\"https:\/\/dfc-freudenberg.de\/wp-content\/uploads\/2021\/07\/besuchkids2016_6-Klein-2.jpg 854w, https:\/\/dfc-freudenberg.de\/wp-content\/uploads\/2021\/07\/besuchkids2016_6-Klein-2-300x156.jpg 300w, https:\/\/dfc-freudenberg.de\/wp-content\/uploads\/2021\/07\/besuchkids2016_6-Klein-2-768x398.jpg 768w\" sizes=\"(max-width: 854px) 100vw, 854px\" \/><\/figure>\n<\/figure>\n\n\n\n<figure class=\"wp-block-gallery has-nested-images columns-default is-cropped wp-block-gallery-4 is-layout-flex wp-block-gallery-is-layout-flex\">\n<figure class=\"wp-block-image size-large is-style-default\"><img loading=\"lazy\" decoding=\"async\" width=\"480\" height=\"645\" data-id=\"816\" src=\"http:\/\/dfcmr.noeud.de\/wp-content\/uploads\/2021\/07\/besuchkids2016_7-Klein.jpg\" alt=\"\" class=\"wp-image-816\" srcset=\"https:\/\/dfc-freudenberg.de\/wp-content\/uploads\/2021\/07\/besuchkids2016_7-Klein.jpg 480w, https:\/\/dfc-freudenberg.de\/wp-content\/uploads\/2021\/07\/besuchkids2016_7-Klein-223x300.jpg 223w\" sizes=\"(max-width: 480px) 100vw, 480px\" \/><\/figure>\n\n\n\n<figure class=\"wp-block-image size-large is-style-default\"><img loading=\"lazy\" decoding=\"async\" width=\"480\" height=\"601\" data-id=\"817\" src=\"http:\/\/dfcmr.noeud.de\/wp-content\/uploads\/2021\/07\/besuchkids2016_8-Klein.jpg\" alt=\"\" class=\"wp-image-817\" srcset=\"https:\/\/dfc-freudenberg.de\/wp-content\/uploads\/2021\/07\/besuchkids2016_8-Klein.jpg 480w, https:\/\/dfc-freudenberg.de\/wp-content\/uploads\/2021\/07\/besuchkids2016_8-Klein-240x300.jpg 240w\" sizes=\"(max-width: 480px) 100vw, 480px\" \/><\/figure>\n\n\n\n<figure class=\"wp-block-image size-large is-style-default\"><img loading=\"lazy\" decoding=\"async\" width=\"480\" height=\"640\" data-id=\"820\" src=\"http:\/\/dfcmr.noeud.de\/wp-content\/uploads\/2021\/07\/besuchkids2016_10-Klein-1.jpg\" alt=\"\" class=\"wp-image-820\" srcset=\"https:\/\/dfc-freudenberg.de\/wp-content\/uploads\/2021\/07\/besuchkids2016_10-Klein-1.jpg 480w, https:\/\/dfc-freudenberg.de\/wp-content\/uploads\/2021\/07\/besuchkids2016_10-Klein-1-225x300.jpg 225w\" sizes=\"(max-width: 480px) 100vw, 480px\" \/><\/figure>\n<\/figure>\n\n\n\n<p>Unterhalten wurden die Kinder durch den Zauberer Bennini aus Boxtal. In der Pizzeria \u201ePinocchio\u201c st\u00e4rkte man sich gemeinsam f\u00fcr die anschlie\u00dfende Stadtrallye. Bei strahlendem Sonnenschein gab es Nachtisch am Eis-Caf\u00e9 und nicht nur das leckere Eis k\u00fchlte, sondern auch das Quellwasser des Kneipp-Beckens im Rosengarten. Abends trafen sich alle in der Aula der Lindtalschule zum geselligen Abend bei typisch deutschen Schnitzeln.<\/p>\n\n\n\n<figure class=\"wp-block-gallery has-nested-images columns-default is-cropped wp-block-gallery-5 is-layout-flex wp-block-gallery-is-layout-flex\">\n<figure class=\"wp-block-image size-large is-style-default\"><img loading=\"lazy\" decoding=\"async\" width=\"640\" height=\"480\" data-id=\"821\" src=\"http:\/\/dfcmr.noeud.de\/wp-content\/uploads\/2021\/07\/besuchkids2016_12-Klein.jpg\" alt=\"\" class=\"wp-image-821\" srcset=\"https:\/\/dfc-freudenberg.de\/wp-content\/uploads\/2021\/07\/besuchkids2016_12-Klein.jpg 640w, https:\/\/dfc-freudenberg.de\/wp-content\/uploads\/2021\/07\/besuchkids2016_12-Klein-300x225.jpg 300w\" sizes=\"(max-width: 640px) 100vw, 640px\" \/><\/figure>\n\n\n\n<figure class=\"wp-block-image size-large is-style-default\"><img loading=\"lazy\" decoding=\"async\" width=\"640\" height=\"480\" data-id=\"827\" src=\"http:\/\/dfcmr.noeud.de\/wp-content\/uploads\/2021\/07\/besuchkids2016_11-Klein.jpg\" alt=\"\" class=\"wp-image-827\" srcset=\"https:\/\/dfc-freudenberg.de\/wp-content\/uploads\/2021\/07\/besuchkids2016_11-Klein.jpg 640w, https:\/\/dfc-freudenberg.de\/wp-content\/uploads\/2021\/07\/besuchkids2016_11-Klein-300x225.jpg 300w\" sizes=\"(max-width: 640px) 100vw, 640px\" \/><\/figure>\n<\/figure>\n\n\n\n<p>Der Sonntag stand den Familien mit ihren G\u00e4sten zur freien Verf\u00fcgung. So mancher sonnte sich im Badesee, ein Teil fuhr nach Bad Mergentheim in den Wildpark oder radelte nach B\u00fcrgstadt und Miltenberg. Nicht vers\u00e4umen wollten die Franzosen zusammen mit ihren deutschen Freunden nat\u00fcrlich das EM-Endspiel zwischen Frankreich und Portugal.Unvermeidbar waren hier &#8211; leider &#8211; die Tr\u00e4nen der franz\u00f6sischen Fu\u00dfball-Fans.<\/p>\n\n\n\n<p>Am Montag flossen wieder Tr\u00e4nen, denn der Abschied war da. Ein kleines Trostpflaster gab es f\u00fcr die G\u00e4ste in Form mehrerer T\u00fcten der beliebten Brezeln. Busfahrer Pedro hupte zur Abfahrt, noch schnell die obligatorischen K\u00fcsschen und es hie\u00df \u201eAuf Wiedersehen\u201c!<\/p>\n\n\n\n<figure class=\"wp-block-gallery has-nested-images columns-default is-cropped wp-block-gallery-6 is-layout-flex wp-block-gallery-is-layout-flex\">\n<figure class=\"wp-block-image size-large is-style-default\"><img loading=\"lazy\" decoding=\"async\" width=\"753\" height=\"480\" data-id=\"825\" src=\"http:\/\/dfcmr.noeud.de\/wp-content\/uploads\/2021\/07\/besuchkids2016_13-Klein-1.jpg\" alt=\"\" class=\"wp-image-825\" srcset=\"https:\/\/dfc-freudenberg.de\/wp-content\/uploads\/2021\/07\/besuchkids2016_13-Klein-1.jpg 753w, https:\/\/dfc-freudenberg.de\/wp-content\/uploads\/2021\/07\/besuchkids2016_13-Klein-1-300x191.jpg 300w\" sizes=\"(max-width: 753px) 100vw, 753px\" \/><\/figure>\n\n\n\n<figure class=\"wp-block-image size-large is-style-default\"><img loading=\"lazy\" decoding=\"async\" width=\"680\" height=\"480\" data-id=\"826\" src=\"http:\/\/dfcmr.noeud.de\/wp-content\/uploads\/2021\/07\/gruppeschueler2016-Klein-1.jpg\" alt=\"\" class=\"wp-image-826\" srcset=\"https:\/\/dfc-freudenberg.de\/wp-content\/uploads\/2021\/07\/gruppeschueler2016-Klein-1.jpg 680w, https:\/\/dfc-freudenberg.de\/wp-content\/uploads\/2021\/07\/gruppeschueler2016-Klein-1-300x212.jpg 300w\" sizes=\"(max-width: 680px) 100vw, 680px\" \/><\/figure>\n\n\n\n<figure class=\"wp-block-image size-large is-style-default\"><img loading=\"lazy\" decoding=\"async\" width=\"419\" height=\"480\" data-id=\"1636\" src=\"http:\/\/dfcmr.noeud.de\/wp-content\/uploads\/2021\/12\/besuchkids2016_16-Klein-1.jpg\" alt=\"\" class=\"wp-image-1636\" srcset=\"https:\/\/dfc-freudenberg.de\/wp-content\/uploads\/2021\/12\/besuchkids2016_16-Klein-1.jpg 419w, https:\/\/dfc-freudenberg.de\/wp-content\/uploads\/2021\/12\/besuchkids2016_16-Klein-1-262x300.jpg 262w\" sizes=\"(max-width: 419px) 100vw, 419px\" \/><\/figure>\n<\/figure>\n\n\n\n<figure class=\"wp-block-gallery has-nested-images columns-default is-cropped wp-block-gallery-7 is-layout-flex wp-block-gallery-is-layout-flex\"><\/figure>\n\n\n\n<p><\/p>\n\n\n\n<p class=\"has-small-font-size\">Text: Karin Turba-Hildenbrand, Bilder: Ralf Kern<\/p>\n","protected":false},"excerpt":{"rendered":"<p>06. bis 11. Juli 2016 &#8211; Fu\u00dfball, Kultur und Brezeln &#8211; Franz\u00f6sische Sch\u00fcler und Jugendliche auf Gegenbesuch in FreudenbergFacettenreiches Programm&hellip;<\/p>\n","protected":false},"author":1,"featured_media":0,"parent":0,"menu_order":0,"comment_status":"closed","ping_status":"closed","template":"","meta":{"footnotes":""},"class_list":["post-316","page","type-page","status-publish","hentry"],"translation":{"provider":"WPGlobus","version":"3.0.0","language":"de","enabled_languages":["en","de","fr"],"languages":{"en":{"title":true,"content":true,"excerpt":false},"de":{"title":false,"content":false,"excerpt":false},"fr":{"title":false,"content":false,"excerpt":false}}},"_links":{"self":[{"href":"https:\/\/dfc-freudenberg.de\/de\/wp-json\/wp\/v2\/pages\/316"}],"collection":[{"href":"https:\/\/dfc-freudenberg.de\/de\/wp-json\/wp\/v2\/pages"}],"about":[{"href":"https:\/\/dfc-freudenberg.de\/de\/wp-json\/wp\/v2\/types\/page"}],"author":[{"embeddable":true,"href":"https:\/\/dfc-freudenberg.de\/de\/wp-json\/wp\/v2\/users\/1"}],"replies":[{"embeddable":true,"href":"https:\/\/dfc-freudenberg.de\/de\/wp-json\/wp\/v2\/comments?post=316"}],"version-history":[{"count":12,"href":"https:\/\/dfc-freudenberg.de\/de\/wp-json\/wp\/v2\/pages\/316\/revisions"}],"predecessor-version":[{"id":1932,"href":"https:\/\/dfc-freudenberg.de\/de\/wp-json\/wp\/v2\/pages\/316\/revisions\/1932"}],"wp:attachment":[{"href":"https:\/\/dfc-freudenberg.de\/de\/wp-json\/wp\/v2\/media?parent=316"}],"curies":[{"name":"wp","href":"https:\/\/api.w.org\/{rel}","templated":true}]}}