{"id":308,"date":"2021-05-25T13:46:10","date_gmt":"2021-05-25T13:46:10","guid":{"rendered":"http:\/\/dfcmr.noeud.de\/?page_id=308"},"modified":"2022-02-18T12:23:30","modified_gmt":"2022-02-18T11:23:30","slug":"schueleraustausch","status":"publish","type":"page","link":"https:\/\/dfc-freudenberg.de\/de\/schueleraustausch\/","title":{"rendered":"Sch\u00fcleraustausch"},"content":{"rendered":"\n<p>Freundschaft zu einem Partnerland kann man auch bereits im zarten Erstklassalter pflegen. Dies praktizieren die Erstkl\u00e4ssler der Lindtalschule und die Kinder der Ecole \u00e9l\u00e9mentaire Guhermont in Saint-Arnoult mit der Leiterin, Mme. B\u00e9atrice Riom. Der Kontakt wurde hergestellt durch Mme. Francine Gallou und mit Unterst\u00fctzung des Leiters der Lindtalschule, Rektor Wilfried H\u00f6nl. So erfahren die Kinder in Saint-Arnoult z.B. vom Brauchtum an Sankt Martin, unsere Erstkl\u00e4ssler backen eine Galette des Rois, die Kinder in Saint-Arnoult besuchen den Salon d\u00b4Art du Colombier und betrachten die Bilder von Frau Walldorf, sie erhalten Bastelanleitungen f\u00fcr Masken, die sie am dortigen Fr\u00fchlingsfest tragen. Lehrerin Gabriele W\u00f6rner findet es toll, dass ganz viele Kinder unserer Lindtalschule die Partnergemeinde gut kennen &#8211; Frau Gallou ist eine bestens bekannte Vertreterin, die Schule und Kindergarten mehrfach besuchte und beim Einkaufen in Freudenberg angesprochen wurde: &#8222;Ach, Sie sind die Lehrerin aus Frankreich?&#8220;<\/p>\n\n\n\n<figure class=\"wp-block-gallery has-nested-images columns-default is-cropped wp-block-gallery-2 is-layout-flex wp-block-gallery-is-layout-flex\">\n<figure class=\"wp-block-image size-large is-style-default\"><img loading=\"lazy\" decoding=\"async\" width=\"626\" height=\"423\" data-id=\"1435\" src=\"http:\/\/dfcmr.noeud.de\/wp-content\/uploads\/2021\/11\/schulkontakt-Klein-1.jpg\" alt=\"\" class=\"wp-image-1435\" srcset=\"https:\/\/dfc-freudenberg.de\/wp-content\/uploads\/2021\/11\/schulkontakt-Klein-1.jpg 626w, https:\/\/dfc-freudenberg.de\/wp-content\/uploads\/2021\/11\/schulkontakt-Klein-1-300x203.jpg 300w\" sizes=\"(max-width: 626px) 100vw, 626px\" \/><figcaption>&#8222;Portraits&#8220; der Sch\u00fcler aus Saint-Arnoult<\/figcaption><\/figure>\n<\/figure>\n\n\n\n<p><\/p>\n\n\n\n<p>Unser Gr\u00fcndungsmitglied Gabriele W\u00f6rner hat ma\u00dfgeblich dazu beigetragen, dass dieses Projekt 2011 bei der Jahrestagung des Deutsch-Franz\u00f6sischen Ausschusses in der Franz\u00f6sischen Botschaft in Berlin vorgestellt und ausgezeichnet wurde.<\/p>\n\n\n\n<p>Nichts ist f\u00fcr die Ewigkeit und so bedauern wir vom DFC sehr, dass dieser erfolgreiche Austausch mit Grundsch\u00fclern zwischen der Lindtal Grundschule Freudenberg und der \u00c9cole maternelle Guhermont in Saint-Arnoult nicht mehr stattfindet.<br><\/p>\n","protected":false},"excerpt":{"rendered":"<p>Freundschaft zu einem Partnerland kann man auch bereits im zarten Erstklassalter pflegen. Dies praktizieren die Erstkl\u00e4ssler der Lindtalschule und die&hellip;<\/p>\n","protected":false},"author":1,"featured_media":0,"parent":0,"menu_order":0,"comment_status":"closed","ping_status":"closed","template":"","meta":{"footnotes":""},"class_list":["post-308","page","type-page","status-publish","hentry"],"translation":{"provider":"WPGlobus","version":"3.0.0","language":"de","enabled_languages":["en","de","fr"],"languages":{"en":{"title":true,"content":true,"excerpt":false},"de":{"title":false,"content":false,"excerpt":false},"fr":{"title":false,"content":false,"excerpt":false}}},"_links":{"self":[{"href":"https:\/\/dfc-freudenberg.de\/de\/wp-json\/wp\/v2\/pages\/308"}],"collection":[{"href":"https:\/\/dfc-freudenberg.de\/de\/wp-json\/wp\/v2\/pages"}],"about":[{"href":"https:\/\/dfc-freudenberg.de\/de\/wp-json\/wp\/v2\/types\/page"}],"author":[{"embeddable":true,"href":"https:\/\/dfc-freudenberg.de\/de\/wp-json\/wp\/v2\/users\/1"}],"replies":[{"embeddable":true,"href":"https:\/\/dfc-freudenberg.de\/de\/wp-json\/wp\/v2\/comments?post=308"}],"version-history":[{"count":6,"href":"https:\/\/dfc-freudenberg.de\/de\/wp-json\/wp\/v2\/pages\/308\/revisions"}],"predecessor-version":[{"id":1929,"href":"https:\/\/dfc-freudenberg.de\/de\/wp-json\/wp\/v2\/pages\/308\/revisions\/1929"}],"wp:attachment":[{"href":"https:\/\/dfc-freudenberg.de\/de\/wp-json\/wp\/v2\/media?parent=308"}],"curies":[{"name":"wp","href":"https:\/\/api.w.org\/{rel}","templated":true}]}}