{"id":294,"date":"2021-05-25T13:35:27","date_gmt":"2021-05-25T13:35:27","guid":{"rendered":"http:\/\/dfcmr.noeud.de\/?page_id=294"},"modified":"2022-02-18T12:18:01","modified_gmt":"2022-02-18T11:18:01","slug":"metz-oktober-2015","status":"publish","type":"page","link":"https:\/\/dfc-freudenberg.de\/de\/metz-oktober-2015\/","title":{"rendered":"2015 Metz"},"content":{"rendered":"\n<p><strong>St\u00e4dtepartnerschaft Freudenberg\/Saint-Arnoult auf \u201eFrischzellenkur\u201c Gemeinsame Sitzung der erweiterten Vorstandschaften in Metz am <\/strong><br><strong>24. und 25. Oktober 2015<\/strong> &#8211; <\/p>\n\n\n\n<p>\u201eWas bleiben soll, muss sich \u00e4ndern.\u201c Unter diesem Motto trafen sich zu einem arbeitsreichen Wochenende die erweiterten Vorstandschaften der deutsch\/franz\u00f6sischen Partnerschaftsvereine von Freudenberg und Saint-Arnoult auf halbem Wege in Metz. Die 22 Teilnehmer hatten sich vorgenommen, gemeinsam dar\u00fcber nachzudenken, wie man die inzwischen \u00fcber 20 Jahre bestehende &nbsp;Partnerschaft zwischen Freudenberg und Saint-Arnoult mit neuen Impulsen attraktiver gestalten k\u00f6nnte.<\/p>\n\n\n\n<p>Die organisatorische Vorbereitung bez\u00fcglich \u00dcbernachtung, Verpflegung und Tagungslokal hatte die Vorstandschaft des Comit\u00e9 de Jumelage von Saint-Arnoult \u00fcbernommen, die programmatischen \u00dcberlegungen zum Ablauf des Seminars oblagen den Freudenbergern. Sehr zielf\u00fchrend aber dennoch offen moderierten Martin Reuter und Annette Schmidt die zweisprachig gef\u00fchrte Diskussion, bei der es nach einer kurzen Vorstellungsrunde zun\u00e4chst um die Feststellung des Ist-Zustandes der Partnerschaft ging. Die darauffolgende Auswertung des Themenspeichers ergab drei Fragestellungen: Wie k\u00f6nnen junge Familien f\u00fcr die Partnerschaft begeistert werden, was kann unternommen werden, dass die Begegnungen nicht in Routine erstarren und schlie\u00dflich, haben wir nicht als deutsch-franz\u00f6sische Partner die Pflicht, einer in vielen europ\u00e4ischen Staaten zu beobachtenden Destabilisierung Europas entgegen zu wirken? Letzteres wurde von den Teilnehmern ernsthaft diskutiert, doch war man der Meinung, dass die St\u00e4dtepartnerschaft als solche schon einen guten Beitrag f\u00fcr den Frieden in Europa leistet. So befassten sich die Teilnehmer in zwei Gruppen mit der Sammlung von Vorschl\u00e4gen zu den beiden ersten Fragen. Die Ergebnisse der Arbeitsgruppen trugen Jakob Lang und Karin Turba-Hildenbrand am zweiten Sitzungstag vor, wobei man die Umsetzung der Vorschl\u00e4ge den jeweiligen Vorstandschaften \u00fcberlassen wollte. In der Schlussrunde freute man sich \u00fcber den freundschaftlichen und herzlichen Geist dieses Treffens, auch dass man ein solches Treffen unbedingt wiederholen sollte, ja dass man dies schon vor Jahren h\u00e4tte beginnen sollen.<\/p>\n\n\n\n<p>Es wurde au\u00dferdem beschlossen, die gemeinsam gefertigten Protokolle den beiden B\u00fcrgermeistern der Partnerst\u00e4dte vorzulegen. In der guten Hoffnung auf einen Fortbestand der St\u00e4dtepartnerschaft nahmen alle ein gemeinsames Mittagessen ein, bevor man sich auf die Heimreise machte.<\/p>\n\n\n\n<figure class=\"wp-block-gallery has-nested-images columns-default is-cropped wp-block-gallery-2 is-layout-flex wp-block-gallery-is-layout-flex\">\n<figure class=\"wp-block-image size-large is-style-default\"><img loading=\"lazy\" decoding=\"async\" width=\"600\" height=\"383\" data-id=\"1545\" src=\"http:\/\/dfcmr.noeud.de\/wp-content\/uploads\/2021\/12\/metz5-Klein.jpg\" alt=\"\" class=\"wp-image-1545\" srcset=\"https:\/\/dfc-freudenberg.de\/wp-content\/uploads\/2021\/12\/metz5-Klein.jpg 600w, https:\/\/dfc-freudenberg.de\/wp-content\/uploads\/2021\/12\/metz5-Klein-300x192.jpg 300w\" sizes=\"(max-width: 600px) 100vw, 600px\" \/><\/figure>\n\n\n\n<figure class=\"wp-block-image size-large is-style-default\"><img loading=\"lazy\" decoding=\"async\" width=\"600\" height=\"291\" data-id=\"1550\" src=\"http:\/\/dfcmr.noeud.de\/wp-content\/uploads\/2021\/12\/metz2-Klein.jpg\" alt=\"\" class=\"wp-image-1550\" srcset=\"https:\/\/dfc-freudenberg.de\/wp-content\/uploads\/2021\/12\/metz2-Klein.jpg 600w, https:\/\/dfc-freudenberg.de\/wp-content\/uploads\/2021\/12\/metz2-Klein-300x146.jpg 300w\" sizes=\"(max-width: 600px) 100vw, 600px\" \/><\/figure>\n\n\n\n<figure class=\"wp-block-image size-large is-style-default\"><img loading=\"lazy\" decoding=\"async\" width=\"600\" height=\"446\" data-id=\"1548\" src=\"http:\/\/dfcmr.noeud.de\/wp-content\/uploads\/2021\/12\/metz6-Klein.jpg\" alt=\"\" class=\"wp-image-1548\" srcset=\"https:\/\/dfc-freudenberg.de\/wp-content\/uploads\/2021\/12\/metz6-Klein.jpg 600w, https:\/\/dfc-freudenberg.de\/wp-content\/uploads\/2021\/12\/metz6-Klein-300x223.jpg 300w\" sizes=\"(max-width: 600px) 100vw, 600px\" \/><\/figure>\n\n\n\n<figure class=\"wp-block-image size-large is-style-default\"><img loading=\"lazy\" decoding=\"async\" width=\"600\" height=\"450\" data-id=\"1544\" src=\"http:\/\/dfcmr.noeud.de\/wp-content\/uploads\/2021\/12\/metz1-Klein.jpg\" alt=\"\" class=\"wp-image-1544\" srcset=\"https:\/\/dfc-freudenberg.de\/wp-content\/uploads\/2021\/12\/metz1-Klein.jpg 600w, https:\/\/dfc-freudenberg.de\/wp-content\/uploads\/2021\/12\/metz1-Klein-300x225.jpg 300w\" sizes=\"(max-width: 600px) 100vw, 600px\" \/><\/figure>\n\n\n\n<figure class=\"wp-block-image size-large is-style-default\"><img loading=\"lazy\" decoding=\"async\" width=\"600\" height=\"450\" data-id=\"1547\" src=\"http:\/\/dfcmr.noeud.de\/wp-content\/uploads\/2021\/12\/metz9-Klein.jpg\" alt=\"\" class=\"wp-image-1547\" srcset=\"https:\/\/dfc-freudenberg.de\/wp-content\/uploads\/2021\/12\/metz9-Klein.jpg 600w, https:\/\/dfc-freudenberg.de\/wp-content\/uploads\/2021\/12\/metz9-Klein-300x225.jpg 300w\" sizes=\"(max-width: 600px) 100vw, 600px\" \/><\/figure>\n\n\n\n<figure class=\"wp-block-image size-large is-style-default\"><img loading=\"lazy\" decoding=\"async\" width=\"600\" height=\"434\" data-id=\"1549\" src=\"http:\/\/dfcmr.noeud.de\/wp-content\/uploads\/2021\/12\/metz10-Klein.jpg\" alt=\"\" class=\"wp-image-1549\" srcset=\"https:\/\/dfc-freudenberg.de\/wp-content\/uploads\/2021\/12\/metz10-Klein.jpg 600w, https:\/\/dfc-freudenberg.de\/wp-content\/uploads\/2021\/12\/metz10-Klein-300x217.jpg 300w\" sizes=\"(max-width: 600px) 100vw, 600px\" \/><\/figure>\n<\/figure>\n\n\n\n<p class=\"has-small-font-size\">Text und Fotos: Ralf Kern<\/p>\n","protected":false},"excerpt":{"rendered":"<p>St\u00e4dtepartnerschaft Freudenberg\/Saint-Arnoult auf \u201eFrischzellenkur\u201c Gemeinsame Sitzung der erweiterten Vorstandschaften in Metz am 24. und 25. Oktober 2015 &#8211; \u201eWas bleiben&hellip;<\/p>\n","protected":false},"author":1,"featured_media":0,"parent":0,"menu_order":0,"comment_status":"closed","ping_status":"closed","template":"","meta":{"footnotes":""},"class_list":["post-294","page","type-page","status-publish","hentry"],"translation":{"provider":"WPGlobus","version":"3.0.0","language":"de","enabled_languages":["en","de","fr"],"languages":{"en":{"title":true,"content":true,"excerpt":false},"de":{"title":false,"content":false,"excerpt":false},"fr":{"title":false,"content":false,"excerpt":false}}},"_links":{"self":[{"href":"https:\/\/dfc-freudenberg.de\/de\/wp-json\/wp\/v2\/pages\/294"}],"collection":[{"href":"https:\/\/dfc-freudenberg.de\/de\/wp-json\/wp\/v2\/pages"}],"about":[{"href":"https:\/\/dfc-freudenberg.de\/de\/wp-json\/wp\/v2\/types\/page"}],"author":[{"embeddable":true,"href":"https:\/\/dfc-freudenberg.de\/de\/wp-json\/wp\/v2\/users\/1"}],"replies":[{"embeddable":true,"href":"https:\/\/dfc-freudenberg.de\/de\/wp-json\/wp\/v2\/comments?post=294"}],"version-history":[{"count":7,"href":"https:\/\/dfc-freudenberg.de\/de\/wp-json\/wp\/v2\/pages\/294\/revisions"}],"predecessor-version":[{"id":1924,"href":"https:\/\/dfc-freudenberg.de\/de\/wp-json\/wp\/v2\/pages\/294\/revisions\/1924"}],"wp:attachment":[{"href":"https:\/\/dfc-freudenberg.de\/de\/wp-json\/wp\/v2\/media?parent=294"}],"curies":[{"name":"wp","href":"https:\/\/api.w.org\/{rel}","templated":true}]}}