{"id":283,"date":"2021-05-25T13:16:38","date_gmt":"2021-05-25T13:16:38","guid":{"rendered":"http:\/\/dfcmr.noeud.de\/?page_id=283"},"modified":"2022-02-18T12:04:28","modified_gmt":"2022-02-18T11:04:28","slug":"sonntagsausflug-am-10-september-2017","status":"publish","type":"page","link":"https:\/\/dfc-freudenberg.de\/de\/sonntagsausflug-am-10-september-2017\/","title":{"rendered":"2017 Auf den Spuren Julius Echters"},"content":{"rendered":"\n<p><strong>Sonntagsausflug am 10. 09.2017<\/strong><\/p>\n\n\n\n<p>Ziel des diesj\u00e4hrigen Jahresausfluges des Deutsch-Franz\u00f6sischen Clubs Freudenberg war die hochkar\u00e4tige Ausstellung unter dem Titel \u201eJulius Echter \u2013 Patron der K\u00fcnste\u201c des Martin von Wagner Museums in W\u00fcrzburg. Der geb\u00fcrtige Freudenberger, Dr. Markus Maier, Kurator der Ausstellung, begr\u00fc\u00dfte die Mitglieder des Clubs und ihre G\u00e4ste recht herzlich.<\/p>\n\n\n\n<p>Anl\u00e4sslich des 400. Todestages von F\u00fcrstbischof Julius Echter von Mespelbrunn (1545 \u2013 1617) waren hier rund 200 Exponate zu bestaunen. Einen sehr guten Einblick in das Wirken von Julius Echter gab Dr. Markus Maier in seiner sehr interessanten und aufschlussreichen F\u00fchrung. Sogar ein Bildstock aus Freudenberg, wenn auch leider nur als Fotografie, zierte die Ausstellung.<\/p>\n\n\n\n<figure class=\"wp-block-gallery has-nested-images columns-default is-cropped wp-block-gallery-2 is-layout-flex wp-block-gallery-is-layout-flex\">\n<figure class=\"wp-block-image size-large is-style-default\"><img loading=\"lazy\" decoding=\"async\" width=\"640\" height=\"480\" data-id=\"1183\" src=\"http:\/\/dfcmr.noeud.de\/wp-content\/uploads\/2021\/10\/echter2017_2-Klein.jpg\" alt=\"\" class=\"wp-image-1183\" srcset=\"https:\/\/dfc-freudenberg.de\/wp-content\/uploads\/2021\/10\/echter2017_2-Klein.jpg 640w, https:\/\/dfc-freudenberg.de\/wp-content\/uploads\/2021\/10\/echter2017_2-Klein-300x225.jpg 300w\" sizes=\"(max-width: 640px) 100vw, 640px\" \/><\/figure>\n\n\n\n<figure class=\"wp-block-image size-large is-style-default\"><img loading=\"lazy\" decoding=\"async\" width=\"413\" height=\"480\" data-id=\"1184\" src=\"http:\/\/dfcmr.noeud.de\/wp-content\/uploads\/2021\/10\/echter2017_4-Klein.jpg\" alt=\"\" class=\"wp-image-1184\" srcset=\"https:\/\/dfc-freudenberg.de\/wp-content\/uploads\/2021\/10\/echter2017_4-Klein.jpg 413w, https:\/\/dfc-freudenberg.de\/wp-content\/uploads\/2021\/10\/echter2017_4-Klein-258x300.jpg 258w\" sizes=\"(max-width: 413px) 100vw, 413px\" \/><\/figure>\n\n\n\n<figure class=\"wp-block-image size-large is-style-default\"><img loading=\"lazy\" decoding=\"async\" width=\"360\" height=\"480\" data-id=\"1185\" src=\"http:\/\/dfcmr.noeud.de\/wp-content\/uploads\/2021\/10\/echter2017_10-Klein.jpg\" alt=\"\" class=\"wp-image-1185\" srcset=\"https:\/\/dfc-freudenberg.de\/wp-content\/uploads\/2021\/10\/echter2017_10-Klein.jpg 360w, https:\/\/dfc-freudenberg.de\/wp-content\/uploads\/2021\/10\/echter2017_10-Klein-225x300.jpg 225w\" sizes=\"(max-width: 360px) 100vw, 360px\" \/><\/figure>\n<\/figure>\n\n\n\n<p>Zum Abschluss des Ausfluges kehrten die Freudenberger in den W\u00fcrzburger Hofbr\u00e4u Keller ein, genossen typische fr\u00e4nkische Spezialit\u00e4ten und das eine oder andere Julius-Echter-Bier.<\/p>\n\n\n\n<p><\/p>\n","protected":false},"excerpt":{"rendered":"<p>Sonntagsausflug am 10. 09.2017 Ziel des diesj\u00e4hrigen Jahresausfluges des Deutsch-Franz\u00f6sischen Clubs Freudenberg war die hochkar\u00e4tige Ausstellung unter dem Titel \u201eJulius&hellip;<\/p>\n","protected":false},"author":1,"featured_media":0,"parent":0,"menu_order":0,"comment_status":"closed","ping_status":"closed","template":"","meta":{"footnotes":""},"class_list":["post-283","page","type-page","status-publish","hentry"],"translation":{"provider":"WPGlobus","version":"3.0.0","language":"de","enabled_languages":["en","de","fr"],"languages":{"en":{"title":true,"content":true,"excerpt":false},"de":{"title":false,"content":false,"excerpt":false},"fr":{"title":false,"content":false,"excerpt":false}}},"_links":{"self":[{"href":"https:\/\/dfc-freudenberg.de\/de\/wp-json\/wp\/v2\/pages\/283"}],"collection":[{"href":"https:\/\/dfc-freudenberg.de\/de\/wp-json\/wp\/v2\/pages"}],"about":[{"href":"https:\/\/dfc-freudenberg.de\/de\/wp-json\/wp\/v2\/types\/page"}],"author":[{"embeddable":true,"href":"https:\/\/dfc-freudenberg.de\/de\/wp-json\/wp\/v2\/users\/1"}],"replies":[{"embeddable":true,"href":"https:\/\/dfc-freudenberg.de\/de\/wp-json\/wp\/v2\/comments?post=283"}],"version-history":[{"count":8,"href":"https:\/\/dfc-freudenberg.de\/de\/wp-json\/wp\/v2\/pages\/283\/revisions"}],"predecessor-version":[{"id":1915,"href":"https:\/\/dfc-freudenberg.de\/de\/wp-json\/wp\/v2\/pages\/283\/revisions\/1915"}],"wp:attachment":[{"href":"https:\/\/dfc-freudenberg.de\/de\/wp-json\/wp\/v2\/media?parent=283"}],"curies":[{"name":"wp","href":"https:\/\/api.w.org\/{rel}","templated":true}]}}