{"id":266,"date":"2021-05-25T11:31:08","date_gmt":"2021-05-25T11:31:08","guid":{"rendered":"http:\/\/dfcmr.noeud.de\/?page_id=266"},"modified":"2023-02-02T14:18:17","modified_gmt":"2023-02-02T13:18:17","slug":"2020-2","status":"publish","type":"page","link":"https:\/\/dfc-freudenberg.de\/de\/2020-2\/","title":{"rendered":"2020 Bonjour nach Saint-Arnoult"},"content":{"rendered":"\n<p><strong>Ein au\u00dfergew\u00f6hnliches Jahr &#8211; kein Besuch aus Saint Arnoult &#8211; <\/strong><\/p>\n\n\n\n<p>Auch in diesem Jahr h\u00e4tten wir turnusm\u00e4\u00dfig sehr gerne unsere franz\u00f6sischen Freunde aus Saint Arnoult in Freudenberg willkommen gehei\u00dfen. Zum ersten Mal in unserer fast 30 j\u00e4hrigen Geschichte muss das Partnerschaftstreffen ausfallen &#8211;  Corona macht alles anders. Seit M\u00e4rz befinden sich Deutschland und Frankreich in einem Lookdown. Grenzen, die wir \u00fcberwunden glaubten, sind geschlossen. Pers\u00f6nliche Kontakte k\u00f6nnen nur mit maximal f\u00fcnf Personen stattfinden. In Abstimmung mit unseren Partnern in Saint-Arnoult haben wir das Treffen auf das n\u00e4chste Jahr verschoben. <\/p>\n\n\n\n<p>Statt der Begr\u00fc\u00dfung aller unserer Freunde haben sich die Vereinsvorsitzende Elli Beck und ihr Stellvertreter Martin Reuter zur Uhrzeit der vorgesehenen Ankunft an der Lindtalschule getroffen um symbolisch mit einem Gl\u00e4schen Freudenberger Stadtsekt auf die Deutsch-Franz\u00f6sische Freundschaft anzusto\u00dfen.<\/p>\n\n\n\n<figure class=\"wp-block-gallery has-nested-images columns-default is-cropped wp-block-gallery-2 is-layout-flex wp-block-gallery-is-layout-flex\">\n<figure class=\"wp-block-image size-large\"><img loading=\"lazy\" decoding=\"async\" width=\"640\" height=\"480\" data-id=\"2163\" src=\"https:\/\/dfc-freudenberg.de\/wp-content\/uploads\/2023\/02\/P5210018-Klein.jpg\" alt=\"\" class=\"wp-image-2163\" srcset=\"https:\/\/dfc-freudenberg.de\/wp-content\/uploads\/2023\/02\/P5210018-Klein.jpg 640w, https:\/\/dfc-freudenberg.de\/wp-content\/uploads\/2023\/02\/P5210018-Klein-300x225.jpg 300w\" sizes=\"(max-width: 640px) 100vw, 640px\" \/><figcaption>Elli Beck und Martin Reuter<\/figcaption><\/figure>\n<\/figure>\n\n\n\n<p style=\"font-size:10px\">Foto und Text: Reinhild Reuter<\/p>\n","protected":false},"excerpt":{"rendered":"<p>Ein au\u00dfergew\u00f6hnliches Jahr &#8211; kein Besuch aus Saint Arnoult &#8211; Auch in diesem Jahr h\u00e4tten wir turnusm\u00e4\u00dfig sehr gerne unsere&hellip;<\/p>\n","protected":false},"author":1,"featured_media":0,"parent":0,"menu_order":0,"comment_status":"closed","ping_status":"closed","template":"","meta":{"footnotes":""},"class_list":["post-266","page","type-page","status-publish","hentry"],"translation":{"provider":"WPGlobus","version":"3.0.0","language":"de","enabled_languages":["en","de","fr"],"languages":{"en":{"title":true,"content":true,"excerpt":false},"de":{"title":false,"content":false,"excerpt":false},"fr":{"title":false,"content":false,"excerpt":false}}},"_links":{"self":[{"href":"https:\/\/dfc-freudenberg.de\/de\/wp-json\/wp\/v2\/pages\/266"}],"collection":[{"href":"https:\/\/dfc-freudenberg.de\/de\/wp-json\/wp\/v2\/pages"}],"about":[{"href":"https:\/\/dfc-freudenberg.de\/de\/wp-json\/wp\/v2\/types\/page"}],"author":[{"embeddable":true,"href":"https:\/\/dfc-freudenberg.de\/de\/wp-json\/wp\/v2\/users\/1"}],"replies":[{"embeddable":true,"href":"https:\/\/dfc-freudenberg.de\/de\/wp-json\/wp\/v2\/comments?post=266"}],"version-history":[{"count":10,"href":"https:\/\/dfc-freudenberg.de\/de\/wp-json\/wp\/v2\/pages\/266\/revisions"}],"predecessor-version":[{"id":2170,"href":"https:\/\/dfc-freudenberg.de\/de\/wp-json\/wp\/v2\/pages\/266\/revisions\/2170"}],"wp:attachment":[{"href":"https:\/\/dfc-freudenberg.de\/de\/wp-json\/wp\/v2\/media?parent=266"}],"curies":[{"name":"wp","href":"https:\/\/api.w.org\/{rel}","templated":true}]}}