{"id":2596,"date":"2024-09-27T13:57:16","date_gmt":"2024-09-27T11:57:16","guid":{"rendered":"https:\/\/dfc-freudenberg.de\/?page_id=2596"},"modified":"2024-09-27T14:59:56","modified_gmt":"2024-09-27T12:59:56","slug":"vereinsnachrichten","status":"publish","type":"page","link":"https:\/\/dfc-freudenberg.de\/de\/vereinsnachrichten\/","title":{"rendered":"Vereinsnachrichten 2021-2022"},"content":{"rendered":"\n<ul class=\"wp-block-list\"><li><strong>Neuer DFC-Vorstand gew\u00e4hlt<\/strong><br>Am 1. April 2022 fand die Mitgliederversammlung statt. Turnusgem\u00e4\u00df standen Neuwahlen an. Aus dem bisherigen Vorstand schieden drei Mitglieder aus: Constanze Lazarus als Beisitzerin, Karin Turba-Hildenbrand als Schriftf\u00fchrerin und Martin Reuter als 2. Vorsitzender. Ebenso schied Robert Kern als Kassenpr\u00fcfer aus. Als Dank f\u00fcr ihre Arbeit in der Vorstandschaft erhielten die Ausscheidenden ein Pr\u00e4sent. Der ehemalige Vorsitzende Robert Kern w\u00fcrdigte anschlie\u00dfend Martin Reuter f\u00fcr seine 30-j\u00e4hrige Arbeit im Vorstand des DFC. Neu gew\u00e4hlt wurden:<br>1. Vorsitzende: Elisabeth Huba-Mang<br>2. Vorsitzende: Reinhild Reuter<br>Schriftf\u00fchrer: Michael Reising<br>Kassiererin: Ulrike Kern<br>Beisitzende: Martina Lazarus, Eva Kern, Doroth\u00e9e Kern und Ralf Kern<br>Kassenpr\u00fcfer: Hans Dyroff und Hans-G\u00fcnther Kern<br>B\u00fcrgermeister Roger Henning ist kraft seines Amtes Vorstandsmitglied<\/li><\/ul>\n\n\n\n<p><strong>Dezember 2021<\/strong><\/p>\n\n\n\n<ul class=\"wp-block-list\"><li><strong>Vereinsjubil\u00e4um<\/strong><br>Am 06.12.2021 besteht der Deutsch-Franz\u00f6sische Club seit 30 Jahren. Leider kann die Feier, die zusammen mit dem Jahresabschluss gefeiert werden sollte, nicht stattfinden.<\/li><li><strong>Jahresabschlussbrief<\/strong><br>Liebe Mitglieder und Freunde des DFC,<br>war es nicht ein gro\u00dfes Gl\u00fcck, dass wir unsere Freunde wiedersehen konnten? Bei allen Einschr\u00e4nkungen der Vergangenheit und der Ungewissheit, die nun wieder vor uns liegt: wir hatten den richtigen Zeitpunkt getroffen, um eine fr\u00f6hliche, anregende und bereichernde Begegnung zu erm\u00f6glichen. An dieser Stelle noch einmal ganz herzlichen Dank an alle helfenden H\u00e4nde.<br>Jetzt ist es schon wieder schwieriger geworden, sich in gr\u00f6\u00dferem Kreis zusammen zu finden. Und leider trifft es uns dieses Mal besonders hart, weil wir das gewohnte Treffen zum Jahresabschluss nicht abhalten k\u00f6nnen &#8211; und es w\u00e4re doch ein ganz besonderes gewesen.<br>In diesem Jahr wollten wir das drei\u00dfigj\u00e4hrige Bestehen des Deutsch-Franz\u00f6sischen Clubs feiern, denn es war am 6. Dezember 1991, dass sich 18 Freudenberger im \u201aGoldenen Fass\u2018 zur Gr\u00fcndungsversammlung zusammengefunden hatten. Nicht lange danach, im Herbst 1993, konnte der Partnerschaftsvertrag zwischen den St\u00e4dten Saint-Arnoult-en-Yvelines und Freudenberg am Main, auf unsere Initiative hin, geschlossen werden.<br>Allen Unkenrufen aus den Anf\u00e4ngen zum Trotz, hat unser Verein bis heute Bestand und dem h\u00e4tten wir gerne besondere Aufmerksamkeit geschenkt.<br>Als Veranstalter besteht f\u00fcr die Vorstandschaft eine besondere Verantwortung gegen\u00fcber seinen Mitgliedern. Wir wollten eine Gef\u00e4hrdung einfach nicht riskieren, deshalb bitte ich um Verst\u00e4ndnis, dass wir den Jahresabschluss ausfallen lassen und die Jubil\u00e4umsfeier auf das n\u00e4chste Jahr verschieben m\u00fcssen.<br>F\u00fcr die kommende Vorweihnachtszeit w\u00fcnsche ich euch allen gen\u00fcgend Mu\u00dfe f\u00fcr und Orientierung auf eure Kinder und Enkel, auf eure Gesundheit und auf das Sch\u00f6ne, das euch umgibt.<br>Euer Martin Reuter<\/li><\/ul>\n\n\n\n<p><strong>November 2021<\/strong><\/p>\n\n\n\n<ul class=\"wp-block-list\"><li><strong>Alle Veranstaltungen abgesagt<\/strong><br>Aufgrund der neuerlichen schwierigen Coronalage und der extrem steigenden Infektionszahlen in Deutschland hat sich der Vorstand entschieden, alle weiteren Veranstaltungen in diesem Jahr abzusagen. Besonders bedauert der Vorstand das<br>30 j\u00e4hrige Vereinsjubil\u00e4um nicht im geplanten Rahmen feiern zu k\u00f6nnen. Am 6. Dezember 1991 wurde der Deutsch-Franz\u00f6sische Club gegr\u00fcndet.<\/li><\/ul>\n\n\n\n<p><strong>Oktober 2021<\/strong><\/p>\n\n\n\n<ul class=\"wp-block-list\"><li><strong>St\u00e4dteaustausch findet statt<\/strong><br>Nach zweieinhalbj\u00e4hriger Unterbrechung freuen wir uns sehr unsere Freunde aus der Partnerstadt vom 29. Oktober bis zum 1. November bei uns zu Gast zu haben.<\/li><\/ul>\n\n\n\n<p><strong>September 2021<\/strong><\/p>\n\n\n\n<ul class=\"wp-block-list\"><li><strong>Herbstausflug f\u00fcr Mitglieder<\/strong><br>Am 18. September findet unser diesj\u00e4hriger Vereinsausflug statt. Nach einem Abendessen im Kaltlochbr\u00e4ust\u00fcble in Miltenberg nehmen wir an der Stadtf\u00fchrung &#8222;Auf Nachtpatrouille durch Miltenberg&#8220; teil.<\/li><li><strong>Ferienspiele finden wieder statt<\/strong><br>Am 7. September 2021 ist es wieder soweit: ab 11 Uhr bietet der DFC unter Federf\u00fchrung von Gabi W\u00f6rner &#8222;Franz\u00f6sisch Kochen f\u00fcr Kids&#8220; in der Schulk\u00fcche der Lindtalschule an. Das diesj\u00e4hrige Thema ist die Provence.<\/li><\/ul>\n\n\n\n<p><strong>Juni 2021<\/strong><\/p>\n\n\n\n<ul class=\"wp-block-list\"><li><strong>Wechsel in der Vorstandschaft<\/strong><br>Die erste Vorsitzende des DFC Elisabeth Beck hat mit Wirkung zum 9. Juni 2021 ihr Amt aus pers\u00f6nlichen Gr\u00fcnden zur Verf\u00fcgung gestellt. Entsprechend der Satzung unseres Vereins \u00fcbernimmt der Stellvertreter Martin Reuter die Amtsgesch\u00e4fte bis zur n\u00e4chsten Wahl.<\/li><\/ul>\n\n\n\n<p><strong>Mai 2021<\/strong><\/p>\n\n\n\n<ul class=\"wp-block-list\"><li><strong>Neue B\u00fcrgermeisterin in Saint-Arnoult gew\u00e4hlt<\/strong><br>Nach dem R\u00fccktritt des B\u00fcrgermeisters Sylvain Guignard wurde am 25. Mai 2021 Madame Joelle J\u00e9gat zur neuen B\u00fcrgermeisterin gew\u00e4hlt. Sie geh\u00f6rte bereits dem Stadtrat und der konservativen Liste an.<\/li><li><strong>\u00dcberraschender R\u00fccktritt des B\u00fcrgermeisters in Saint-Arnoult<\/strong><br>Der im vergangenen Jahr gew\u00e4hlte neue B\u00fcrgermeister von Saint-Arnoult-en-Yvelines, Sylvain Guignard, hat am 10. Mai seinen R\u00fccktritt erkl\u00e4rt. Zehn Monate nach seiner Wahl wirft der B\u00fcrgermeister von Saint-Arnoult-en-Yvelines das Handtuch. Die Nachfolge von Sylvain Guignard wird am 25. Mai aus den Reihen des aktuellen Gemeinderates bestimmt.<\/li><li><strong>Himmelfahrtstreffen erneut abgesagt<\/strong><br>Ein weiteres deutsch-franz\u00f6sisches Treffen war f\u00fcr Mai 2021 in Freudenberg geplant. Seit rund drei\u00dfig Jahren begegnen sich B\u00fcrgerinnen und B\u00fcrger von Freudenberg am Main und Saint-Arnoult-en-Yvelines im Rahmen der St\u00e4dtepartnerschaft. \u00dcber Himmelfahrt und das darauffolgende Wochenende war auch im vergangenen Jahr ein Treffen vorbereitet worden \u2013 es konnte wegen der Einschr\u00e4nkungen durch die Corona-Pandemie leider nicht stattfinden. Es blieb die Hoffnung, dass der Deutsch-Franz\u00f6sische Club Freudenberg sein Programm in diesem Jahr wird vorstellen k\u00f6nnen: mit seinen Freunden ins Museum nach Sinsheim fahren, ein Bouleturnier abhalten und in Gespr\u00e4chen bei gutem Essen die Beziehungen vertiefen. Leider konnte die Begegnung mit den franz\u00f6sischen Freunden auch in diesem Jahr nicht zum gewohnten Termin an Himmelfahrt stattfinden. Zum zweiten Mal in Folge musste der St\u00e4dteaustausch bis auf weiteres verschoben werden. Wir hoffen auf einen Nachholtermin im Herbst 2021.<\/li><\/ul>\n\n\n\n<p><strong>M\u00e4rz 2020<\/strong><\/p>\n\n\n\n<ul class=\"wp-block-list\"><li><strong>Generalversammlung und Neuwahlen<\/strong><br>Bei der Generalversammlung am 14. M\u00e4rz 2020 fanden Neuwahlen der Vorstandschaft statt. Robert Kern, der das Amt des Vorstandsvorsitzenden seit 2012 ausgef\u00fchrt hatte, trat nicht mehr an. Ebenso schied Gabi W\u00f6rner nach 28 j\u00e4hriger Vorstandst\u00e4tigkeit aus. Bernd Schr\u00f6ter, Gr\u00fcndungsmitglied und seither im Vorstand stellte sich nicht mehr zur Wahl. Ersatz gefunden werden musste auch f\u00fcr Annette Schmitt, die insgesamt zehn Jahre in der Vorstandschaft mitgearbeitet hatte.<\/li><\/ul>\n\n\n\n<p><strong>Der neue Vorstand<\/strong>:<br>Vorsitzende: Elisabeth Beck<br>Stellvertreter: Martin Reuter<br>Schatzmeisterin: Martina Lazarus<br>Schriftf\u00fchrerin: Karin Turba-Hildenbrand<br>BeisitzerInnen: Ralf Kern, Ulrike Kern, Konstanze Lazarus, Reinhild Reuter<br>Kassenpr\u00fcfer: Hans Dyroff und Robert Kern<br>Vorstandsmitglied kraft Amtes: B\u00fcrgermeister Roger Henning<\/p>\n\n\n\n<p><strong>Ehrungen<\/strong><br>Im Rahmen der Generalversammlung 2020 wurden vom bisherigen Vorsitzenden Robert Kern die ausscheidenden Vorstandsmitglieder geehrt:<br>Gabi W\u00f6rner war seit Vereinsgr\u00fcndung zun\u00e4chst Beisitzende, von 2012 bis 2018 stellvertretende Vorsitzende , danach wieder Beisitzerin. Sie hat federf\u00fchrend das Schulprojekt, die Sch\u00fcler- und Jugendaustausche und die Ferienspiele mit Franz\u00f6sisch Kochen f\u00fcr Kinder geleitet.<br>Bernd Schr\u00f6ter ist Gr\u00fcndungsmitglied und war Beisitzer im Vorstand von 1991 bis 2012, seither Kassier des DFC. Er hat sich als Vereinschronist bew\u00e4hrt und mit filmischen Zusammenstellungen viele Festabende untermalt.<br>Annette Schmidt wurde f\u00fcr zehn Jahre Vorstandst\u00e4tigkeit geehrt. Sie war Schriftf\u00fchrerin von 2006 bis 2008 und Beisitzerin ab 2012 bis heute. Dank ihrer Franz\u00f6sisch-Kenntnisse war sie Mit\u00fcbersetzerin bei Veranstaltungen.<\/p>\n\n\n\n<p>Leo W\u00f6rner war Kassenpr\u00fcfer von 2006 bis heute, daf\u00fcr erhielt er den Dank und ein Pr\u00e4sent von Robert Kern.<br>Als neu gew\u00e4hlte Vorsitzende dankte und ehrte Elli Beck den ausgeschiedenen Vorsitzenden Robert Kern. Auch er ist Gr\u00fcndungsmitglied und seither aktives Vorstandsmitglied. Von 1991 bis 2006 war er Kassenpr\u00fcfer, 2006 bis 2012 Kassier und von 2012 bis 2020 erster Vorsitzender des Vereins. Er nahm an allen Fahrten der Kinder als &#8222;Opa vom Dienst&#8220; nach Saint-Arnoult teil.<\/p>\n\n\n\n<p>Eine weitere Ehrung wurde Rosi Lang f\u00fcr ihre Organisation und Durchf\u00fchrung &#8222;Franz\u00f6sisch Kochen&#8220; zuteil, das seit 2006 j\u00e4hrlich ein bis zwei mal stattfand. Die Auswahl ihrer Men\u00fcs, quer durch franz\u00f6sische Regionen, Ihre Kochanleitungen und das gemeinsame Essen wird vielen in Erinnerung bleiben.<\/p>\n\n\n\n<p>F\u00fcr 25 Jahre Mitgliedschaft und Mitarbeit wurden mit einer Anstecknadel und Urkunde zahlreiche Mitglieder geehrt: Beck Eugen, Dyroff Hans und Hilde, Fuchs Guntram und Spurk-Fuchs Klaudia, Haamann Notburga, Hartmann Fred, Hofmann Heinz und Lucia, Kern Dorothee und Hans-G\u00fcnter, Kern Irmhid und Ralf, Kern Robert und Ulrike, Kern Theo, Kessler Marion, Kraich Rudolf, Lang Jakob und Rosemarie, M\u00fcller Roland, Reuter Martin und Reinhild, Schr\u00f6ter Bernd, Strietzel Edeltraut, W\u00f6rner Gabi und Leo.<\/p>\n\n\n\n<p><\/p>\n","protected":false},"excerpt":{"rendered":"<p>Neuer DFC-Vorstand gew\u00e4hltAm 1. April 2022 fand die Mitgliederversammlung statt. Turnusgem\u00e4\u00df standen Neuwahlen an. Aus dem bisherigen Vorstand schieden drei&hellip;<\/p>\n","protected":false},"author":1,"featured_media":0,"parent":0,"menu_order":0,"comment_status":"closed","ping_status":"closed","template":"","meta":{"footnotes":""},"class_list":["post-2596","page","type-page","status-publish","hentry"],"translation":{"provider":"WPGlobus","version":"3.0.0","language":"de","enabled_languages":["en","de","fr"],"languages":{"en":{"title":true,"content":true,"excerpt":false},"de":{"title":false,"content":false,"excerpt":false},"fr":{"title":false,"content":false,"excerpt":false}}},"_links":{"self":[{"href":"https:\/\/dfc-freudenberg.de\/de\/wp-json\/wp\/v2\/pages\/2596"}],"collection":[{"href":"https:\/\/dfc-freudenberg.de\/de\/wp-json\/wp\/v2\/pages"}],"about":[{"href":"https:\/\/dfc-freudenberg.de\/de\/wp-json\/wp\/v2\/types\/page"}],"author":[{"embeddable":true,"href":"https:\/\/dfc-freudenberg.de\/de\/wp-json\/wp\/v2\/users\/1"}],"replies":[{"embeddable":true,"href":"https:\/\/dfc-freudenberg.de\/de\/wp-json\/wp\/v2\/comments?post=2596"}],"version-history":[{"count":3,"href":"https:\/\/dfc-freudenberg.de\/de\/wp-json\/wp\/v2\/pages\/2596\/revisions"}],"predecessor-version":[{"id":2606,"href":"https:\/\/dfc-freudenberg.de\/de\/wp-json\/wp\/v2\/pages\/2596\/revisions\/2606"}],"wp:attachment":[{"href":"https:\/\/dfc-freudenberg.de\/de\/wp-json\/wp\/v2\/media?parent=2596"}],"curies":[{"name":"wp","href":"https:\/\/api.w.org\/{rel}","templated":true}]}}