{"id":2583,"date":"2024-09-27T13:21:05","date_gmt":"2024-09-27T11:21:05","guid":{"rendered":"https:\/\/dfc-freudenberg.de\/?page_id=2583"},"modified":"2024-09-27T13:31:01","modified_gmt":"2024-09-27T11:31:01","slug":"am-nationalfeiertag-in-der-grundschule","status":"publish","type":"page","link":"https:\/\/dfc-freudenberg.de\/de\/am-nationalfeiertag-in-der-grundschule\/","title":{"rendered":"2022  Am Nationalfeiertag in der Grundschule"},"content":{"rendered":"\n<p><\/p>\n\n\n\n<p><strong>Frau W\u00f6rner mit Franzosen in der Lindtal-Grundschule<\/strong><\/p>\n\n\n\n<p><br>Auf Initiative und Einladung von Gabi W\u00f6rner, ehemalige Lehrerin der Lindtal-Grundschule und Mitglied des Deutsch-Franz\u00f6sischen Clubs, besuchten G\u00e9rard und Francine Gallou vom franz\u00f6sischen Partnerschaftsverein Saint-Arnoult die Schule. Vor einem sehr aufmerksamen Publikum von 76 Sch\u00fclern und Sch\u00fclerinnen stellten sie ihr Land vor und beantworteten viele Fragen. Da dieser Besuch am 14. Juli stattfand, war dies eine gute Gelegenheit, den franz\u00f6sischen Nationalfeiertag zu erw\u00e4hnen.<br>Den untenstehenden Bericht verfassten die beiden Sch\u00fclerinnen Leonie Weimer und Samira Hofmann aus der 4. Klasse.<br>\u201cAm 14.07.2022 besuchte uns Frau W\u00f6rner mit einem Ehepaar aus Saint Arnoult-en-Yvelines in Frankreich.<br>Alle Grundsch\u00fcler versammelten sich in der Aula. Als erstes begr\u00fc\u00dfte sie uns und erz\u00e4hlte vom Kidstreff, von den letzten Aktionen und Spenden, die ins Ahrtal gingen. Frau W\u00f6rner lobte uns alle, dass wir Pl\u00e4tzchen gebacken haben, die sie dann verkauft hat und damit 1500 \u20ac spenden konnte.<br>Dann erkl\u00e4rte sie, dass sie heute Deutschland und Frankreich \u201cdabei hatte\u201d, denn in Freudenberg gibt es einen deutsch-franz\u00f6sischen Club und Freudenberg hat eine Partnerstadt in Frankreich \u2013 Saint Arnoult-en-Yvelines. Sie erz\u00e4hlte von dem Krieg zwischen den beiden L\u00e4ndern, und dass sich am Ende die beiden Regierungschefs Konrad Adenauer und Charles de Gaulle die Hand sch\u00fcttelten. Seitdem sind sie Partnerl\u00e4nder.<br>Nun stellte Frau W\u00f6rner die G\u00e4ste aus der Partnerstadt Freudenbergs vor: Herr und Frau Gallou. Die Franzosen sprachen \u00fcber sich und Frankreich. Die Frau sprach franz\u00f6sisch, der Mann \u00fcbersetzte auf Deutsch. Die Kinder stellten Fragen zum Krieg und zu Frankreich. Herr Gallou erz\u00e4hlte von den Feiern zum Nationalfeiertag am 13. und 14. Juli am Eiffelturm in Paris. Dort gibt es ein Konzert und danach ein Feuerwerk.<br>Zum Schluss bekamen wir Geschenke von dem franz\u00f6sischen Ehepaar: franz\u00f6sische F\u00e4hnchen, Laternen, Kekse, Sirup und Ausmalbilder \u2013 alle riefen \u201cMerci!\u201d<\/p>\n","protected":false},"excerpt":{"rendered":"<p>Frau W\u00f6rner mit Franzosen in der Lindtal-Grundschule Auf Initiative und Einladung von Gabi W\u00f6rner, ehemalige Lehrerin der Lindtal-Grundschule und Mitglied&hellip;<\/p>\n","protected":false},"author":1,"featured_media":0,"parent":0,"menu_order":0,"comment_status":"closed","ping_status":"closed","template":"","meta":{"footnotes":""},"class_list":["post-2583","page","type-page","status-publish","hentry"],"translation":{"provider":"WPGlobus","version":"3.0.0","language":"de","enabled_languages":["en","de","fr"],"languages":{"en":{"title":true,"content":true,"excerpt":false},"de":{"title":false,"content":false,"excerpt":false},"fr":{"title":false,"content":false,"excerpt":false}}},"_links":{"self":[{"href":"https:\/\/dfc-freudenberg.de\/de\/wp-json\/wp\/v2\/pages\/2583"}],"collection":[{"href":"https:\/\/dfc-freudenberg.de\/de\/wp-json\/wp\/v2\/pages"}],"about":[{"href":"https:\/\/dfc-freudenberg.de\/de\/wp-json\/wp\/v2\/types\/page"}],"author":[{"embeddable":true,"href":"https:\/\/dfc-freudenberg.de\/de\/wp-json\/wp\/v2\/users\/1"}],"replies":[{"embeddable":true,"href":"https:\/\/dfc-freudenberg.de\/de\/wp-json\/wp\/v2\/comments?post=2583"}],"version-history":[{"count":3,"href":"https:\/\/dfc-freudenberg.de\/de\/wp-json\/wp\/v2\/pages\/2583\/revisions"}],"predecessor-version":[{"id":2591,"href":"https:\/\/dfc-freudenberg.de\/de\/wp-json\/wp\/v2\/pages\/2583\/revisions\/2591"}],"wp:attachment":[{"href":"https:\/\/dfc-freudenberg.de\/de\/wp-json\/wp\/v2\/media?parent=2583"}],"curies":[{"name":"wp","href":"https:\/\/api.w.org\/{rel}","templated":true}]}}