{"id":242,"date":"2021-05-25T10:08:33","date_gmt":"2021-05-25T10:08:33","guid":{"rendered":"http:\/\/dfcmr.noeud.de\/?page_id=242"},"modified":"2023-02-05T15:39:04","modified_gmt":"2023-02-05T14:39:04","slug":"vereinsgruendung","status":"publish","type":"page","link":"https:\/\/dfc-freudenberg.de\/de\/vereinsgruendung\/","title":{"rendered":"Vereinsgr\u00fcndung"},"content":{"rendered":"\n<p>Der Wunsch und die Suche nach einer deutschen Partnerstadt kristallisierte sich zuerst in Saint-Arnoult-en-Yvelines heraus, und so wurde dort im Jahre 1989 ein eigenes Partnerschaftsb\u00fcro errichtet. Der Umstand, dass in Saint-Arnoult eine Niederlassung der Rauch-M\u00f6belwerke existierte, dass diese von Andr\u00e9 Devaux geleitet wurde, dass er und seine Ehefrau Linda Devaux gute Kontakte zum Firmenchef G\u00fcnter Rauch hatten, f\u00fchrten in der Folge dazu, dass Delegationen aus Frankreich und Deutschland sich wechselweise in den beiden angestrebten Partnerst\u00e4dten Besuche abstatteten. Der damalige B\u00fcrgermeister Wolfgang Heinzelmann hatte von Beginn an ein offenes Ohr f\u00fcr die W\u00fcnsche der franz\u00f6sischen G\u00e4ste aus Saint-Arnoult. Als eine Abordnung am 8. Juli 1989 in Freudenberg weilte, empfing er diese freundlich und stellte eine Partnerschaft in Aussicht, eine Partnerschaft allerdings, die aus den Herzen der B\u00fcrger und B\u00fcrgerinnen beider St\u00e4dte erwachsen sollte und nicht nur auf dem Papier dokumentiert ist.<\/p>\n\n\n\n<p>Bei gegenseitigen Kennenlernbesuchen entstanden erste Freundschaften und der Wunsch auch in Freudenberg einen von B\u00fcrgern getragenen Verein zu gr\u00fcnden wurde immer deutlicher. In Saint-Arnoult existierte bereits ein Comit\u00e9 de jumelage. So kamen auf Anregung von Martin Reuter am 6. Dezember 1991 im Hotel Goldenes Fass 18 Saint-Arnoult-Freunde zur Gr\u00fcndungsversammlung des Deutsch-Franz\u00f6sischen Clubs zusammen. <\/p>\n\n\n\n<p>In der Satzung wird betont:<br>\u201eDer Club ist ein Partnerschaftsverein. Er will die Beziehung seiner Mitglieder und der B\u00fcrger zur Partnerstadt St. Arnoult besonders f\u00f6rdern und pflegen. Durch die Pflege der Beziehungen zu Frankreich im allgemeinen soll zu einer besseren Verst\u00e4ndigung in Europa beigetragen werden.\u201c <br>  <br>Diese Personen haben am 6. Dezember 1991 den Verein ins Leben gerufen:<br>Herbert Br\u00fcning, Natalie Devaux, Hans und Hilde Dyroff, Robert und Ulrike Kern, Theo Kern, Jakob und Rosemarie Lang, Martin und Reinhild Reuter, Bernd Schr\u00f6ter, Gerhard und Ilse Siegmann, Bernd und Edeltraut Strietzel, Beatrix Thomann und Gabriele W\u00f6rner. <\/p>\n\n\n\n<figure class=\"wp-block-gallery aligncenter has-nested-images columns-default is-cropped wp-block-gallery-2 is-layout-flex wp-block-gallery-is-layout-flex\">\n<figure class=\"wp-block-image size-large\"><img loading=\"lazy\" decoding=\"async\" width=\"720\" height=\"480\" data-id=\"1730\" src=\"http:\/\/dfcmr.noeud.de\/wp-content\/uploads\/2022\/01\/Vorstand-1993-geschnitten-2-Klein.jpg\" alt=\"\" class=\"wp-image-1730\" srcset=\"https:\/\/dfc-freudenberg.de\/wp-content\/uploads\/2022\/01\/Vorstand-1993-geschnitten-2-Klein.jpg 720w, https:\/\/dfc-freudenberg.de\/wp-content\/uploads\/2022\/01\/Vorstand-1993-geschnitten-2-Klein-300x200.jpg 300w\" sizes=\"(max-width: 720px) 100vw, 720px\" \/><\/figure>\n\n\n\n<figure class=\"wp-block-image size-large\"><img loading=\"lazy\" decoding=\"async\" width=\"725\" height=\"480\" data-id=\"1744\" src=\"http:\/\/dfcmr.noeud.de\/wp-content\/uploads\/2022\/01\/Zum-ersten-Vorstand-wurden-gewahlt-Foto-Klein-1.jpg\" alt=\"\" class=\"wp-image-1744\" srcset=\"https:\/\/dfc-freudenberg.de\/wp-content\/uploads\/2022\/01\/Zum-ersten-Vorstand-wurden-gewahlt-Foto-Klein-1.jpg 725w, https:\/\/dfc-freudenberg.de\/wp-content\/uploads\/2022\/01\/Zum-ersten-Vorstand-wurden-gewahlt-Foto-Klein-1-300x199.jpg 300w\" sizes=\"(max-width: 725px) 100vw, 725px\" \/><\/figure>\n<\/figure>\n\n\n\n<p><span data-mce-type=\"bookmark\" id=\"mce_1_start\" data-mce-style=\"overflow:hidden;line-height:0px\" style=\"overflow:hidden;line-height:0px\"><span data-mce-type=\"bookmark\" id=\"mce_1_start\" data-mce-style=\"overflow:hidden;line-height:0px\" style=\"overflow:hidden;line-height:0px\"><\/span> Zwei Jahre sp\u00e4ter wurde die Partnerschaft auch von politischer Seite besiegelt. Die Unterzeichnung der St\u00e4dtepartnerschafts-Urkunde erfolgte am 9. Oktober 1993 in Saint-Arnoult und am 3. Juni 1994 in Freudenberg. In einem feierlichen Akt wurde der Partnerschaftsvertrag von dem franz\u00f6sischen B\u00fcrgermeister Michel Dobremelle und seinem deutschen Kollegen Heinz Hofmann unterzeichnet und ein Partnerschaftseid geleistet. <\/p>\n\n\n\n<figure class=\"wp-block-gallery has-nested-images columns-default is-cropped wp-block-gallery-3 is-layout-flex wp-block-gallery-is-layout-flex\"><\/figure>\n\n\n\n<p><\/p>\n\n\n\n<figure class=\"wp-block-gallery has-nested-images columns-default is-cropped wp-block-gallery-4 is-layout-flex wp-block-gallery-is-layout-flex\"><\/figure>\n\n\n\n<div class=\"wp-block-columns is-layout-flex wp-container-core-columns-is-layout-1 wp-block-columns-is-layout-flex\">\n<div class=\"wp-block-column is-layout-flow wp-block-column-is-layout-flow\" style=\"flex-basis:100%\">\n<p><\/p>\n<\/div>\n<\/div>\n\n\n\n<p class=\"has-text-align-left\"><\/p>\n","protected":false},"excerpt":{"rendered":"<p>Der Wunsch und die Suche nach einer deutschen Partnerstadt kristallisierte sich zuerst in Saint-Arnoult-en-Yvelines heraus, und so wurde dort im&hellip;<\/p>\n","protected":false},"author":1,"featured_media":0,"parent":0,"menu_order":0,"comment_status":"closed","ping_status":"closed","template":"","meta":{"footnotes":""},"class_list":["post-242","page","type-page","status-publish","hentry"],"translation":{"provider":"WPGlobus","version":"3.0.0","language":"de","enabled_languages":["en","de","fr"],"languages":{"en":{"title":true,"content":true,"excerpt":false},"de":{"title":false,"content":false,"excerpt":false},"fr":{"title":false,"content":false,"excerpt":false}}},"_links":{"self":[{"href":"https:\/\/dfc-freudenberg.de\/de\/wp-json\/wp\/v2\/pages\/242"}],"collection":[{"href":"https:\/\/dfc-freudenberg.de\/de\/wp-json\/wp\/v2\/pages"}],"about":[{"href":"https:\/\/dfc-freudenberg.de\/de\/wp-json\/wp\/v2\/types\/page"}],"author":[{"embeddable":true,"href":"https:\/\/dfc-freudenberg.de\/de\/wp-json\/wp\/v2\/users\/1"}],"replies":[{"embeddable":true,"href":"https:\/\/dfc-freudenberg.de\/de\/wp-json\/wp\/v2\/comments?post=242"}],"version-history":[{"count":30,"href":"https:\/\/dfc-freudenberg.de\/de\/wp-json\/wp\/v2\/pages\/242\/revisions"}],"predecessor-version":[{"id":1948,"href":"https:\/\/dfc-freudenberg.de\/de\/wp-json\/wp\/v2\/pages\/242\/revisions\/1948"}],"wp:attachment":[{"href":"https:\/\/dfc-freudenberg.de\/de\/wp-json\/wp\/v2\/media?parent=242"}],"curies":[{"name":"wp","href":"https:\/\/api.w.org\/{rel}","templated":true}]}}