{"id":2320,"date":"2024-01-14T20:56:38","date_gmt":"2024-01-14T19:56:38","guid":{"rendered":"https:\/\/dfc-freudenberg.de\/?page_id=2320"},"modified":"2024-09-27T17:06:26","modified_gmt":"2024-09-27T15:06:26","slug":"bunte-freundschaft-fur-eine-gemeinsame-zukunft-une-amitie-multicoloree-pour-un-avenir-commun","status":"publish","type":"page","link":"https:\/\/dfc-freudenberg.de\/de\/bunte-freundschaft-fur-eine-gemeinsame-zukunft-une-amitie-multicoloree-pour-un-avenir-commun\/","title":{"rendered":"Bunte Freundschaft f\u00fcr eine gemeinsame Zukunft \u2013 Une amiti\u00e9 multicolor\u00e9e pour un avenir commun"},"content":{"rendered":"<div class=\"wp-block-image\">\n<figure class=\"aligncenter size-full\"><img loading=\"lazy\" decoding=\"async\" width=\"480\" height=\"679\" src=\"https:\/\/dfc-freudenberg.de\/wp-content\/uploads\/2024\/01\/Plakat-DFC-Freundschaftswoche-Klein-rotated.jpg\" alt=\"\" class=\"wp-image-2401\" srcset=\"https:\/\/dfc-freudenberg.de\/wp-content\/uploads\/2024\/01\/Plakat-DFC-Freundschaftswoche-Klein-rotated.jpg 480w, https:\/\/dfc-freudenberg.de\/wp-content\/uploads\/2024\/01\/Plakat-DFC-Freundschaftswoche-Klein-212x300.jpg 212w\" sizes=\"(max-width: 480px) 100vw, 480px\" \/><\/figure><\/div>\n\n\n<p class=\"has-text-align-center has-medium-font-size\"><strong>Deutsch-Franz\u00f6sische Freundschaftswoche vom 21. bis 28. Januar 2024<\/strong><\/p>\n\n\n\n<p>Bereits seit mehreren Jahren bieten wir um den 22. Januar \u2013 dem Deutsch-Franz\u00f6sischen Tag und Jahrestag der Unterzeichnung des \u00c8lys\u00e9e-Vertrages &#8211; \u00f6ffentliche Veranstaltungen an. Es gab Filme und Vortr\u00e4ge, Podiumsdiskussionen, Freundschaftscaf\u00e9s und wie immer das Hissen der Freundschaftsfahne. <\/p>\n\n\n\n<p>In diesem Jahr werden wir eine ganze Woche, vom 21. bis 28. Januar 2024, die Deutsch-Franz\u00f6sische Freundschaft feiern. M\u00f6glich wird dies durch eine F\u00f6rderung des Deutsch-Franz\u00f6sischen B\u00fcrgerfonds. Unter dem Titel<strong> <em>\u201eBunte Freundschaft f\u00fcr eine gemeinsame Zukunft \u2013 Une amiti\u00e9 multicolor\u00e9e pour un avenir commun\u201c <\/em><\/strong>reichte der Deutsch-Franz\u00f6sische Club Freudenberg e.V. einen Projektantrag beim B\u00fcrgerfond ein, der bewilligt wurde.<\/p>\n\n\n\n<ul class=\"wp-block-list\"><li>Wir starten in die Woche mit einer <strong>Vernissage in der Amtshausgalerie<\/strong> in Freudenberg. Die Er\u00f6ffnung der interaktiven Ausstellung <strong>\u201eVom \u00c9lys\u00e9e-Vertrag zum Aachener Vertrag\u201c <\/strong>ist am <strong>Sonntag, 21. Januar um 15 Uhr<\/strong>. Sie zeigt die Entwicklung der deutsch-franz\u00f6sischen Beziehungen im Zusammenhang mit dem Aufbau des europ\u00e4ischen Hauses auf.<br>Dazu gibt es <strong>franz\u00f6sische Livemusik <\/strong>von der Gruppe Caf\u00e9 Panam \u0301 aus W\u00fcrzburg und Weisswein, der aus einem Weinberg in unserer Partnerstadt Saint-Arnoult-en-Yvelines stammt. Die Ausstellung kann bis 19:00 Uhr besucht werden.<br>Auch w\u00e4hrend der folgenden Woche wird sie am Montag, den 22. und am Donnerstag, den 25.Januar von 16 bis 18 Uhr ge\u00f6ffnet sein. Ebenso kann die Ausstellung letztmals am Sonntag, 28. Januar von 15 bis 18 Uhr besucht werden. Die \u00d6ffnungszeiten k\u00f6nnen im Amtsblatt, in der lokalen Presse und an den Aush\u00e4ngen an Amtshausgalerie, Amtshaus und im Schaufenster des Hauses Hauptstra\u00dfe 105 eingesehen werden.<br><br><\/li><li>Am <strong>Mittwoch, 24. Januar 2024<\/strong> l\u00e4dt der Deutsch-Franz\u00f6sische Club Miltenberg e.V. in Kooperation mit der VHS Miltenberg um 19 Uhr im <strong>Alten Rathaus Miltenberg <\/strong>zu einem Vortrag von <strong>Dr. Julien Bobineau: <\/strong>eine kulturhistorische Einf\u00fchrung zum literarischen Widerstand w\u00e4hrend des 2. Weltkrieges in Frankreich und die symbolische Bedeutung des Widerstandes gegen das Nazi-Regime am Beispiel von <strong>Vercors &#8222;Das Schweigen des Meeres&#8220;. <\/strong>Der Vortrag findet in deutscher Sprache statt.<\/li><\/ul>\n\n\n\n<ul class=\"wp-block-list\"><li>Am <strong>Freitag, 26. Januar 2024<\/strong> findet in Zusammenarbeit mit der Lindtal-Schule ein <strong>Kultur-Picknick<\/strong> mit Kindern und Eltern der 4. Klasse statt. Die Kinder erfahren etwas \u00fcber unsere Partnerstadt, singen, malen und bereiten franz\u00f6sische H\u00e4ppchen vor. F\u00fcr den kreativen Teil haben wir die Miltenberger K\u00fcnstlerin Sabine Stellrecht-Schmidt von der Kreativ Agentur Miltenberg gewonnen. Brigitte Hartung-Bretz, Vorsitzende des Deutsch-Franz\u00f6sischen Club Miltenberg und Franz\u00f6sischlehrerin gibt eine Einf\u00fchrung in Fr\u00fchfranz\u00f6sisch, dabei lernen die Kinder spielerisch erste franz\u00f6sische Begriffe. In einer weiteren Gruppe bereiten die Kinder franz\u00f6sische H\u00e4ppchen vor, die sp\u00e4ter gemeinsam mit den Eltern verkostet werden d\u00fcrfen.&nbsp; Das Rahmenprogramm wird durch Mitglieder des DFC Freudenberg gestaltet. Diese Veranstaltung ist nicht \u00f6ffentlich.<\/li><\/ul>\n\n\n\n<ul class=\"wp-block-list\"><li>Am <strong>Sonntag, 28. Januar 2024 <\/strong>laden wir um <strong>15 Uhr <\/strong>zum Deutsch-Franz\u00f6sischen Freundschafts-Caf\u00e9 ins <strong>Amtshauscaf\u00e9<\/strong> in Freudenberg mit deutschem und franz\u00f6sischem Backwerk ein. Bei Kaffee und Kuchen, wer mag auch einem Gl\u00e4schen Wein, wollen wir an diesem Nachmittag gesellig beieinander sein, mit Ihnen ins Gespr\u00e4ch kommen und unsere Ideen zur Zukunft unserer St\u00e4dtepartnerschaften mit Ihnen austauschen.<\/li><\/ul>\n\n\n\n<p>Wir laden Sie alle ein an unseren \u00f6ffentlichen Veranstaltungen teilzunehmen und freuen uns auf eine rege Beteiligung!<\/p>\n\n\n<div class=\"wp-block-image\">\n<figure class=\"aligncenter size-full is-resized\"><img loading=\"lazy\" decoding=\"async\" src=\"https:\/\/dfc-freudenberg.de\/wp-content\/uploads\/2024\/01\/logo_dfbfonds_rgb-Klein-1.jpeg\" alt=\"\" class=\"wp-image-2395\" width=\"298\" height=\"220\" srcset=\"https:\/\/dfc-freudenberg.de\/wp-content\/uploads\/2024\/01\/logo_dfbfonds_rgb-Klein-1.jpeg 648w, https:\/\/dfc-freudenberg.de\/wp-content\/uploads\/2024\/01\/logo_dfbfonds_rgb-Klein-1-300x222.jpeg 300w\" sizes=\"(max-width: 298px) 100vw, 298px\" \/><\/figure><\/div>\n\n\n<div class=\"wp-block-columns is-layout-flex wp-container-core-columns-is-layout-1 wp-block-columns-is-layout-flex\">\n<div class=\"wp-block-column is-layout-flow wp-block-column-is-layout-flow\">\n<div class=\"wp-block-group\"><div class=\"wp-block-group__inner-container is-layout-flow wp-block-group-is-layout-flow\">\n<p class=\"has-text-align-center\" style=\"font-size:12px\"><strong>Der Deutsch-Franz\u00f6sische B\u00fcrgerfonds ber\u00e4t, vernetzt und finanziert Projekte, die die deutsch-franz\u00f6sische Freundschaft und Europa in der Breite der Bev\u00f6lkerung erlebbar machen. Er f\u00f6rdert eine Vielzahl an Formaten und Themen, ist niedrigschwellig und steht allen Akteuren der Zivilgesellschaft offen. <br>Der B\u00fcrgerfonds geht auf den im Jahr 2019 zwischen Deutschland und Frankreich geschlossenen Vertrag von Aachen zur\u00fcck und wurde im April 2020 errichtet. Er wird vom Deutsch-Franz\u00f6sischen Jugendwerk (DFJW) umgesetzt und wird zu gleichen Teilen von der Bundesregierung und der franz\u00f6sischen Regierung finanziert.<\/strong><\/p>\n<\/div><\/div>\n<\/div>\n<\/div>\n\n\n\n<p><\/p>\n","protected":false},"excerpt":{"rendered":"<p>Deutsch-Franz\u00f6sische Freundschaftswoche vom 21. bis 28. Januar 2024 Bereits seit mehreren Jahren bieten wir um den 22. Januar \u2013 dem&hellip;<\/p>\n","protected":false},"author":1,"featured_media":0,"parent":0,"menu_order":0,"comment_status":"closed","ping_status":"closed","template":"","meta":{"footnotes":""},"class_list":["post-2320","page","type-page","status-publish","hentry"],"translation":{"provider":"WPGlobus","version":"3.0.0","language":"de","enabled_languages":["en","de","fr"],"languages":{"en":{"title":true,"content":true,"excerpt":false},"de":{"title":false,"content":false,"excerpt":false},"fr":{"title":false,"content":false,"excerpt":false}}},"_links":{"self":[{"href":"https:\/\/dfc-freudenberg.de\/de\/wp-json\/wp\/v2\/pages\/2320"}],"collection":[{"href":"https:\/\/dfc-freudenberg.de\/de\/wp-json\/wp\/v2\/pages"}],"about":[{"href":"https:\/\/dfc-freudenberg.de\/de\/wp-json\/wp\/v2\/types\/page"}],"author":[{"embeddable":true,"href":"https:\/\/dfc-freudenberg.de\/de\/wp-json\/wp\/v2\/users\/1"}],"replies":[{"embeddable":true,"href":"https:\/\/dfc-freudenberg.de\/de\/wp-json\/wp\/v2\/comments?post=2320"}],"version-history":[{"count":20,"href":"https:\/\/dfc-freudenberg.de\/de\/wp-json\/wp\/v2\/pages\/2320\/revisions"}],"predecessor-version":[{"id":2624,"href":"https:\/\/dfc-freudenberg.de\/de\/wp-json\/wp\/v2\/pages\/2320\/revisions\/2624"}],"wp:attachment":[{"href":"https:\/\/dfc-freudenberg.de\/de\/wp-json\/wp\/v2\/media?parent=2320"}],"curies":[{"name":"wp","href":"https:\/\/api.w.org\/{rel}","templated":true}]}}