{"id":1992,"date":"2022-06-10T10:52:57","date_gmt":"2022-06-10T08:52:57","guid":{"rendered":"https:\/\/dfc-freudenberg.de\/?page_id=1992"},"modified":"2023-02-02T14:17:37","modified_gmt":"2023-02-02T13:17:37","slug":"2022-mosaikstein-fur-ein-friedliches-europa","status":"publish","type":"page","link":"https:\/\/dfc-freudenberg.de\/de\/2022-mosaikstein-fur-ein-friedliches-europa\/","title":{"rendered":"2022  Mosaikstein f\u00fcr ein friedliches Europa"},"content":{"rendered":"\n<p><\/p>\n\n\n\n<p><strong>Besuch des DFC bei seinen Freunden in Saint-Arnoult<\/strong><\/p>\n\n\n\n<p>Mit gro\u00dfer Vorfreude machten sich nach drei Jahren coronabedingter Pause 26 Mitglieder und Freunde des Deutsch-Franz\u00f6sischen Club Freudenberg e.V. an Christi Himmelfahrt (26.05.2022) um 6:30 Uhr auf um ihre Freunde in der knapp 700 km entfernten Partnerstadt Saint-Arnoult-en-Yvelines in Frankreich zu besuchen.<\/p>\n\n\n\n<p>Gerastet wurde zum Mittagspicknick in einem Park in Nancy. Hier hatten die Teilnehmer die M\u00f6glichkeit sich die Beine zu vertreten und \u00fcber den Place Stanislas, der ein UNESCO-Weltkulturerbe ist, zu schlendern.<\/p>\n\n\n\n<figure class=\"wp-block-gallery has-nested-images columns-default is-cropped wp-block-gallery-2 is-layout-flex wp-block-gallery-is-layout-flex\">\n<figure class=\"wp-block-image size-large\"><img loading=\"lazy\" decoding=\"async\" width=\"640\" height=\"480\" data-id=\"1999\" src=\"https:\/\/dfc-freudenberg.de\/wp-content\/uploads\/2022\/06\/P5260070-Klein.jpg\" alt=\"\" class=\"wp-image-1999\" srcset=\"https:\/\/dfc-freudenberg.de\/wp-content\/uploads\/2022\/06\/P5260070-Klein.jpg 640w, https:\/\/dfc-freudenberg.de\/wp-content\/uploads\/2022\/06\/P5260070-Klein-300x225.jpg 300w\" sizes=\"(max-width: 640px) 100vw, 640px\" \/><figcaption>Picknick im Park<\/figcaption><\/figure>\n\n\n\n<figure class=\"wp-block-image size-large\"><img loading=\"lazy\" decoding=\"async\" width=\"854\" height=\"348\" data-id=\"1998\" src=\"https:\/\/dfc-freudenberg.de\/wp-content\/uploads\/2022\/06\/Nancy-Klein.jpg\" alt=\"\" class=\"wp-image-1998\" srcset=\"https:\/\/dfc-freudenberg.de\/wp-content\/uploads\/2022\/06\/Nancy-Klein.jpg 854w, https:\/\/dfc-freudenberg.de\/wp-content\/uploads\/2022\/06\/Nancy-Klein-300x122.jpg 300w, https:\/\/dfc-freudenberg.de\/wp-content\/uploads\/2022\/06\/Nancy-Klein-768x313.jpg 768w\" sizes=\"(max-width: 854px) 100vw, 854px\" \/><figcaption>Place Stanislas in Nancy<\/figcaption><\/figure>\n\n\n\n<figure class=\"wp-block-image size-large\"><img loading=\"lazy\" decoding=\"async\" width=\"853\" height=\"480\" data-id=\"2000\" src=\"https:\/\/dfc-freudenberg.de\/wp-content\/uploads\/2022\/06\/SaintArnoult-Klein.jpg\" alt=\"\" class=\"wp-image-2000\" srcset=\"https:\/\/dfc-freudenberg.de\/wp-content\/uploads\/2022\/06\/SaintArnoult-Klein.jpg 853w, https:\/\/dfc-freudenberg.de\/wp-content\/uploads\/2022\/06\/SaintArnoult-Klein-300x169.jpg 300w, https:\/\/dfc-freudenberg.de\/wp-content\/uploads\/2022\/06\/SaintArnoult-Klein-768x432.jpg 768w\" sizes=\"(max-width: 853px) 100vw, 853px\" \/><figcaption>Begr\u00fc\u00dfung im Colombier<\/figcaption><\/figure>\n<\/figure>\n\n\n\n<p><\/p>\n\n\n\n<p>Gegen 19:30 Uhr erreichte der Bus endlich die Partnerstadt und die Freunde konnten sich endlich wieder begr\u00fc\u00dfen.<\/p>\n\n\n\n<p>Nach der kurzen aber herzlichen Begr\u00fc\u00dfung ging es in die privaten Unterk\u00fcnfte der Gastgeber. In den Familien wurden die Freudenberger wie \u00fcblich mit einem Abendessen der franz\u00f6sischen Art mit vier bis sechs G\u00e4ngen ausgiebig willkommen gehei\u00dfen.<\/p>\n\n\n\n<p>Am Freitagmorgen ging es nach einer kurzen Nacht gemeinsam mit den franz\u00f6sischen Freunden in unserem Bus zu einem Tagesausflug nach Fontainebleau. Hier war f\u00fcr uns eine gef\u00fchrte Schlossbesichtigung geboten. In diesem UNESCO-Weltkulturerbe aus dem 13. Jahrhundert erfuhren wir viel \u00fcber die franz\u00f6sischen Kaiser und K\u00f6nige, die in diesen Geb\u00e4uden gelebt haben.<\/p>\n\n\n\n<figure class=\"wp-block-gallery has-nested-images columns-default is-cropped wp-block-gallery-3 is-layout-flex wp-block-gallery-is-layout-flex\">\n<figure class=\"wp-block-image size-large\"><img loading=\"lazy\" decoding=\"async\" width=\"853\" height=\"480\" data-id=\"2001\" src=\"https:\/\/dfc-freudenberg.de\/wp-content\/uploads\/2022\/06\/Fontainebleau-Klein.jpg\" alt=\"\" class=\"wp-image-2001\" srcset=\"https:\/\/dfc-freudenberg.de\/wp-content\/uploads\/2022\/06\/Fontainebleau-Klein.jpg 853w, https:\/\/dfc-freudenberg.de\/wp-content\/uploads\/2022\/06\/Fontainebleau-Klein-300x169.jpg 300w, https:\/\/dfc-freudenberg.de\/wp-content\/uploads\/2022\/06\/Fontainebleau-Klein-768x432.jpg 768w\" sizes=\"(max-width: 853px) 100vw, 853px\" \/><figcaption>Schloss Fontainebleau<\/figcaption><\/figure>\n\n\n\n<figure class=\"wp-block-image size-large\"><img loading=\"lazy\" decoding=\"async\" width=\"640\" height=\"480\" data-id=\"2003\" src=\"https:\/\/dfc-freudenberg.de\/wp-content\/uploads\/2022\/06\/P5270102-Klein.jpg\" alt=\"\" class=\"wp-image-2003\" srcset=\"https:\/\/dfc-freudenberg.de\/wp-content\/uploads\/2022\/06\/P5270102-Klein.jpg 640w, https:\/\/dfc-freudenberg.de\/wp-content\/uploads\/2022\/06\/P5270102-Klein-300x225.jpg 300w\" sizes=\"(max-width: 640px) 100vw, 640px\" \/><figcaption>Schlossmodell<\/figcaption><\/figure>\n\n\n\n<figure class=\"wp-block-image size-large\"><img loading=\"lazy\" decoding=\"async\" width=\"640\" height=\"480\" data-id=\"2002\" src=\"https:\/\/dfc-freudenberg.de\/wp-content\/uploads\/2022\/06\/20220527_115844-Klein.jpg\" alt=\"\" class=\"wp-image-2002\" srcset=\"https:\/\/dfc-freudenberg.de\/wp-content\/uploads\/2022\/06\/20220527_115844-Klein.jpg 640w, https:\/\/dfc-freudenberg.de\/wp-content\/uploads\/2022\/06\/20220527_115844-Klein-300x225.jpg 300w\" sizes=\"(max-width: 640px) 100vw, 640px\" \/><figcaption>In der Kapelle<\/figcaption><\/figure>\n<\/figure>\n\n\n\n<figure class=\"wp-block-gallery has-nested-images columns-default is-cropped wp-block-gallery-4 is-layout-flex wp-block-gallery-is-layout-flex\">\n<figure class=\"wp-block-image size-large\"><img loading=\"lazy\" decoding=\"async\" width=\"640\" height=\"480\" data-id=\"2004\" src=\"https:\/\/dfc-freudenberg.de\/wp-content\/uploads\/2022\/06\/P5270209-Klein.jpg\" alt=\"\" class=\"wp-image-2004\" srcset=\"https:\/\/dfc-freudenberg.de\/wp-content\/uploads\/2022\/06\/P5270209-Klein.jpg 640w, https:\/\/dfc-freudenberg.de\/wp-content\/uploads\/2022\/06\/P5270209-Klein-300x225.jpg 300w\" sizes=\"(max-width: 640px) 100vw, 640px\" \/><figcaption>Fahrt mit der Bimmelbahn<\/figcaption><\/figure>\n\n\n\n<figure class=\"wp-block-image size-large\"><img loading=\"lazy\" decoding=\"async\" width=\"640\" height=\"480\" data-id=\"2005\" src=\"https:\/\/dfc-freudenberg.de\/wp-content\/uploads\/2022\/06\/P5270257-Klein.jpg\" alt=\"\" class=\"wp-image-2005\" srcset=\"https:\/\/dfc-freudenberg.de\/wp-content\/uploads\/2022\/06\/P5270257-Klein.jpg 640w, https:\/\/dfc-freudenberg.de\/wp-content\/uploads\/2022\/06\/P5270257-Klein-300x225.jpg 300w\" sizes=\"(max-width: 640px) 100vw, 640px\" \/><figcaption>Parkanlage <\/figcaption><\/figure>\n<\/figure>\n\n\n\n<figure class=\"wp-block-gallery has-nested-images columns-default is-cropped wp-block-gallery-5 is-layout-flex wp-block-gallery-is-layout-flex\">\n<figure class=\"wp-block-image size-large\"><img loading=\"lazy\" decoding=\"async\" width=\"640\" height=\"480\" data-id=\"2022\" src=\"https:\/\/dfc-freudenberg.de\/wp-content\/uploads\/2022\/06\/P5270288-Klein-1.jpg\" alt=\"\" class=\"wp-image-2022\" srcset=\"https:\/\/dfc-freudenberg.de\/wp-content\/uploads\/2022\/06\/P5270288-Klein-1.jpg 640w, https:\/\/dfc-freudenberg.de\/wp-content\/uploads\/2022\/06\/P5270288-Klein-1-300x225.jpg 300w\" sizes=\"(max-width: 640px) 100vw, 640px\" \/><figcaption>Alle auf der Treppe<\/figcaption><\/figure>\n<\/figure>\n\n\n\n<p><\/p>\n\n\n\n<p>Nach dem Mittagessen und einer Rundfahrt durch den Schlosspark mit einer \u201eBimmelbahn\u201c ging es weiter in das ber\u00fchmte K\u00fcnstlerdorf Barbizon. Hier hatten wir ausreichend Zeit zur freien Verf\u00fcgung um durch die lebhaften Stra\u00dfen zu spazieren, in den K\u00fcnstlerkellern zu st\u00f6bern oder ein K\u00fcnstlermuseum zu besuchen.<\/p>\n\n\n\n<figure class=\"wp-block-gallery has-nested-images columns-default is-cropped wp-block-gallery-6 is-layout-flex wp-block-gallery-is-layout-flex\">\n<figure class=\"wp-block-image size-large\"><img loading=\"lazy\" decoding=\"async\" width=\"640\" height=\"480\" data-id=\"2015\" src=\"https:\/\/dfc-freudenberg.de\/wp-content\/uploads\/2022\/06\/P5270352-Klein.jpg\" alt=\"\" class=\"wp-image-2015\" srcset=\"https:\/\/dfc-freudenberg.de\/wp-content\/uploads\/2022\/06\/P5270352-Klein.jpg 640w, https:\/\/dfc-freudenberg.de\/wp-content\/uploads\/2022\/06\/P5270352-Klein-300x225.jpg 300w\" sizes=\"(max-width: 640px) 100vw, 640px\" \/><figcaption>Barbizon<\/figcaption><\/figure>\n\n\n\n<figure class=\"wp-block-image size-large\"><img loading=\"lazy\" decoding=\"async\" width=\"640\" height=\"480\" data-id=\"2012\" src=\"https:\/\/dfc-freudenberg.de\/wp-content\/uploads\/2022\/06\/P5270312-Klein.jpg\" alt=\"\" class=\"wp-image-2012\" srcset=\"https:\/\/dfc-freudenberg.de\/wp-content\/uploads\/2022\/06\/P5270312-Klein.jpg 640w, https:\/\/dfc-freudenberg.de\/wp-content\/uploads\/2022\/06\/P5270312-Klein-300x225.jpg 300w\" sizes=\"(max-width: 640px) 100vw, 640px\" \/><figcaption>K\u00fcnstlermuseum<\/figcaption><\/figure>\n\n\n\n<figure class=\"wp-block-image size-large\"><img loading=\"lazy\" decoding=\"async\" width=\"640\" height=\"480\" data-id=\"2014\" src=\"https:\/\/dfc-freudenberg.de\/wp-content\/uploads\/2022\/06\/P5270348-Klein.jpg\" alt=\"\" class=\"wp-image-2014\" srcset=\"https:\/\/dfc-freudenberg.de\/wp-content\/uploads\/2022\/06\/P5270348-Klein.jpg 640w, https:\/\/dfc-freudenberg.de\/wp-content\/uploads\/2022\/06\/P5270348-Klein-300x225.jpg 300w\" sizes=\"(max-width: 640px) 100vw, 640px\" \/><figcaption>Garteneinblick <\/figcaption><\/figure>\n<\/figure>\n\n\n\n<p><\/p>\n\n\n\n<p>Der Samstag stand f\u00fcr fast alle unter dem Zeichen PARIS! <br>In kleinen Gruppen besuchten wir mit unseren Freunden die franz\u00f6sische Hauptstadt. Einige fuhren mit der Metro in die Stadt, eine Kleingruppe machte eine Schiffsfahrt auf der Seine, manche streiften an der in Sanierung und Wiederaufbau befindlichen Cathedrale Notre Dame vor\u00fcber oder stiegen auf den Mont Martre &#8211; und nat\u00fcrlich war der Eiffelturm f\u00fcr einige der H\u00f6hepunkt. In jedem Fall war es f\u00fcr alle ein bleibendes Erlebnis.<\/p>\n\n\n\n<figure class=\"wp-block-gallery has-nested-images columns-default is-cropped wp-block-gallery-7 is-layout-flex wp-block-gallery-is-layout-flex\">\n<figure class=\"wp-block-image size-large\"><img loading=\"lazy\" decoding=\"async\" width=\"270\" height=\"480\" data-id=\"2007\" src=\"https:\/\/dfc-freudenberg.de\/wp-content\/uploads\/2022\/06\/Eifelturm-Klein.jpg\" alt=\"\" class=\"wp-image-2007\" srcset=\"https:\/\/dfc-freudenberg.de\/wp-content\/uploads\/2022\/06\/Eifelturm-Klein.jpg 270w, https:\/\/dfc-freudenberg.de\/wp-content\/uploads\/2022\/06\/Eifelturm-Klein-169x300.jpg 169w\" sizes=\"(max-width: 270px) 100vw, 270px\" \/><figcaption>Eiffelturm von der Seine <\/figcaption><\/figure>\n\n\n\n<figure class=\"wp-block-image size-large\"><img loading=\"lazy\" decoding=\"async\" width=\"360\" height=\"480\" data-id=\"2024\" src=\"https:\/\/dfc-freudenberg.de\/wp-content\/uploads\/2022\/06\/IMG-20220529-WA0006-Klein.jpg\" alt=\"\" class=\"wp-image-2024\" srcset=\"https:\/\/dfc-freudenberg.de\/wp-content\/uploads\/2022\/06\/IMG-20220529-WA0006-Klein.jpg 360w, https:\/\/dfc-freudenberg.de\/wp-content\/uploads\/2022\/06\/IMG-20220529-WA0006-Klein-225x300.jpg 225w\" sizes=\"(max-width: 360px) 100vw, 360px\" \/><figcaption>Schmalste Pariser Stra\u00dfe<\/figcaption><\/figure>\n\n\n\n<figure class=\"wp-block-image size-large\"><img loading=\"lazy\" decoding=\"async\" width=\"360\" height=\"480\" data-id=\"2009\" src=\"https:\/\/dfc-freudenberg.de\/wp-content\/uploads\/2022\/06\/IMG-20220529-WA0008-Klein.jpg\" alt=\"\" class=\"wp-image-2009\" srcset=\"https:\/\/dfc-freudenberg.de\/wp-content\/uploads\/2022\/06\/IMG-20220529-WA0008-Klein.jpg 360w, https:\/\/dfc-freudenberg.de\/wp-content\/uploads\/2022\/06\/IMG-20220529-WA0008-Klein-225x300.jpg 225w\" sizes=\"(max-width: 360px) 100vw, 360px\" \/><figcaption>vor Notre Dame<\/figcaption><\/figure>\n\n\n\n<figure class=\"wp-block-image size-large\"><img loading=\"lazy\" decoding=\"async\" width=\"853\" height=\"480\" data-id=\"2010\" src=\"https:\/\/dfc-freudenberg.de\/wp-content\/uploads\/2022\/06\/Louvre-Klein.jpg\" alt=\"\" class=\"wp-image-2010\" srcset=\"https:\/\/dfc-freudenberg.de\/wp-content\/uploads\/2022\/06\/Louvre-Klein.jpg 853w, https:\/\/dfc-freudenberg.de\/wp-content\/uploads\/2022\/06\/Louvre-Klein-300x169.jpg 300w, https:\/\/dfc-freudenberg.de\/wp-content\/uploads\/2022\/06\/Louvre-Klein-768x432.jpg 768w\" sizes=\"(max-width: 853px) 100vw, 853px\" \/><figcaption>Pyramide im Louvrehof<\/figcaption><\/figure>\n<\/figure>\n\n\n\n<p><\/p>\n\n\n\n<p>Am Abend fand der obligatorische Gala-Abend im Festsaal Colombier statt.<br>Die beiden B\u00fcrgermeister, Madame Jo\u00eblle J\u00e9gat und Roger Henning wiesen in ihren Reden eindr\u00fccklich auf die Bedeutung unserer St\u00e4dtefreundschaft f\u00fcr ein geeintes und friedliches Europa hin. Roger Henning sprach in diesem Rahmen an Madame J\u00e9gat, die anwesenden sechs Stadtr\u00e4te aus Saint-Arnoult-en-Yvelines und alle B\u00fcrger die offizielle Einladung zum Gegenbesuchin Freudenberg am Main im Jahr 2023 aus. Die St\u00e4dtepartnerschaft wird dann den 30. Geburtstag feiern.<\/p>\n\n\n\n<figure class=\"wp-block-gallery has-nested-images columns-default is-cropped wp-block-gallery-8 is-layout-flex wp-block-gallery-is-layout-flex\">\n<figure class=\"wp-block-image size-large\"><img loading=\"lazy\" decoding=\"async\" width=\"853\" height=\"480\" data-id=\"2011\" src=\"https:\/\/dfc-freudenberg.de\/wp-content\/uploads\/2022\/06\/Gala-Klein.jpg\" alt=\"\" class=\"wp-image-2011\" srcset=\"https:\/\/dfc-freudenberg.de\/wp-content\/uploads\/2022\/06\/Gala-Klein.jpg 853w, https:\/\/dfc-freudenberg.de\/wp-content\/uploads\/2022\/06\/Gala-Klein-300x169.jpg 300w, https:\/\/dfc-freudenberg.de\/wp-content\/uploads\/2022\/06\/Gala-Klein-768x432.jpg 768w\" sizes=\"(max-width: 853px) 100vw, 853px\" \/><figcaption>die B\u00fcrgermeister bei ihren Ansprachen<\/figcaption><\/figure>\n<\/figure>\n\n\n\n<p><\/p>\n\n\n\n<p>In einer Videobotschaft richtete auch die 1. Vorsitzende des DFC, Elisabeth Huba-Mang, die aus beruflichen Gr\u00fcnden nicht mit nach Saint-Arnoult reisen konnte, ein Gru\u00dfwort an alle Anwesenden.<\/p>\n\n\n\n<p>Nach dem offiziellen Teil und einem ausgiebigen Abendessen wurde zu franz\u00f6sischen Chansons gesungen, getanzt und gelacht bis in die Nacht.<\/p>\n\n\n\n<p>Am Sonntagmorgen hie\u00df es nach dem gemeinsamen Fr\u00fchst\u00fcck im Colombier schon wieder Abschied nehmen und der Bus fuhr Richtung Freudenberg.<br>Wie immer verging die Zeit viel zu schnell und wir alle sehen schon dem Besuch unserer Freunde aus Saint-Arnoult voraussichtlich im Mai 2023 entgegen.<\/p>\n\n\n\n<p style=\"font-size:12px\">Text Michael Reising, Fotos DFC<\/p>\n","protected":false},"excerpt":{"rendered":"<p>Besuch des DFC bei seinen Freunden in Saint-Arnoult Mit gro\u00dfer Vorfreude machten sich nach drei Jahren coronabedingter Pause 26 Mitglieder&hellip;<\/p>\n","protected":false},"author":1,"featured_media":0,"parent":0,"menu_order":0,"comment_status":"closed","ping_status":"closed","template":"","meta":{"footnotes":""},"class_list":["post-1992","page","type-page","status-publish","hentry"],"translation":{"provider":"WPGlobus","version":"3.0.0","language":"de","enabled_languages":["en","de","fr"],"languages":{"en":{"title":true,"content":true,"excerpt":false},"de":{"title":false,"content":false,"excerpt":false},"fr":{"title":false,"content":false,"excerpt":false}}},"_links":{"self":[{"href":"https:\/\/dfc-freudenberg.de\/de\/wp-json\/wp\/v2\/pages\/1992"}],"collection":[{"href":"https:\/\/dfc-freudenberg.de\/de\/wp-json\/wp\/v2\/pages"}],"about":[{"href":"https:\/\/dfc-freudenberg.de\/de\/wp-json\/wp\/v2\/types\/page"}],"author":[{"embeddable":true,"href":"https:\/\/dfc-freudenberg.de\/de\/wp-json\/wp\/v2\/users\/1"}],"replies":[{"embeddable":true,"href":"https:\/\/dfc-freudenberg.de\/de\/wp-json\/wp\/v2\/comments?post=1992"}],"version-history":[{"count":10,"href":"https:\/\/dfc-freudenberg.de\/de\/wp-json\/wp\/v2\/pages\/1992\/revisions"}],"predecessor-version":[{"id":2029,"href":"https:\/\/dfc-freudenberg.de\/de\/wp-json\/wp\/v2\/pages\/1992\/revisions\/2029"}],"wp:attachment":[{"href":"https:\/\/dfc-freudenberg.de\/de\/wp-json\/wp\/v2\/media?parent=1992"}],"curies":[{"name":"wp","href":"https:\/\/api.w.org\/{rel}","templated":true}]}}