{"id":1861,"date":"2022-02-17T18:33:47","date_gmt":"2022-02-17T17:33:47","guid":{"rendered":"http:\/\/dfcmr.noeud.de\/?page_id=1861"},"modified":"2024-09-27T16:05:51","modified_gmt":"2024-09-27T14:05:51","slug":"sitemap","status":"publish","type":"page","link":"https:\/\/dfc-freudenberg.de\/de\/sitemap\/","title":{"rendered":"Sitemap"},"content":{"rendered":"\n<ul class=\"has-text-color has-small-font-size wp-block-list\" style=\"color:#fe3936\"><li><a href=\"https:\/\/dfc-freudenberg.de\/\" data-type=\"URL\" data-id=\"https:\/\/dfc-freudenberg.de\/\"><strong>Herzlich Willkommen, Bienvenue !<\/strong><\/a><ul><li><a href=\"https:\/\/dfc-freudenberg.de\/vereinsgruendung\/\" data-type=\"URL\" data-id=\"https:\/\/dfc-freudenberg.de\/vereinsgruendung\/\">Vereinsgr\u00fcndung<\/a><ul><li><a href=\"https:\/\/dfc-freudenberg.de\/jubilaeen\/\" data-type=\"URL\" data-id=\"https:\/\/dfc-freudenberg.de\/jubilaeen\/\">Jubil\u00e4en<\/a><ul><li><a href=\"https:\/\/dfc-freudenberg.de\/30-jahre-dfc\/\">30 Jahre DFC<\/a><\/li><li><a href=\"https:\/\/dfc-freudenberg.de\/25-jahre-dfc\/\">25 Jahre DFC<\/a><\/li><li><a href=\"https:\/\/dfc-freudenberg.de\/20-jahre-dfc\/\">20 Jahre DFC<\/a><\/li><\/ul><\/li><\/ul><\/li><li><a href=\"https:\/\/dfc-freudenberg.de\/die-partnerstaedte\/\" data-type=\"URL\" data-id=\"https:\/\/dfc-freudenberg.de\/die-partnerstaedte\/\">Die Partnerst\u00e4dte<\/a><ul><li><a href=\"https:\/\/dfc-freudenberg.de\/geschichte-unserer-partnerschaft\/\">Geschichte unserer Partnerschaft<\/a><\/li><li>Jubil\u00e4umsjahr 2023<\/li><\/ul><\/li><li>Die B\u00fcrgermeister und B\u00fcrgermeisterinnen der St\u00e4dtepartnerschaft<\/li><\/ul><\/li><li><a href=\"https:\/\/dfc-freudenberg.de\/staedteaustausch\/\" data-type=\"URL\" data-id=\"https:\/\/dfc-freudenberg.de\/staedteaustausch\/\"><strong>St\u00e4dteaustausch<\/strong><\/a><ul><li>2024 Eine unvergessliche Reise in die Partnerstadt<\/li><li>2023 Auf dem Fundament der Vergangenheit eine gemeinsame Zukunft gestalten<\/li><\/ul><ul><li>2022 Mosaikstein f\u00fcr ein friedliches Europa<\/li><\/ul><ul><li><a href=\"https:\/\/dfc-freudenberg.de\/2021-endlich-ein-wiedersehen\/\" data-type=\"URL\" data-id=\"https:\/\/dfc-freudenberg.de\/2021-endlich-ein-wiedersehen\/\">2021 Endlich ein Wiedersehen<\/a><\/li><\/ul><ul><li><a href=\"https:\/\/dfc-freudenberg.de\/2020-2\/\" data-type=\"URL\" data-id=\"https:\/\/dfc-freudenberg.de\/2020-2\/\">2020 Bonjour nach Saint-Arnoult<\/a><\/li><\/ul><ul><li><a href=\"https:\/\/dfc-freudenberg.de\/2019-2\/\" data-type=\"URL\" data-id=\"https:\/\/dfc-freudenberg.de\/2019-2\/\">2019 Im Zeichen von Jeanne d\u2019Arc<\/a><\/li><\/ul><ul><li><a href=\"https:\/\/dfc-freudenberg.de\/2018-2\/\" data-type=\"URL\" data-id=\"https:\/\/dfc-freudenberg.de\/2018-2\/\">2018 Wein \u2013 Kultur \u2013 Sport<\/a><\/li><\/ul><ul><li><a href=\"https:\/\/dfc-freudenberg.de\/2017-2\/\" data-type=\"URL\" data-id=\"https:\/\/dfc-freudenberg.de\/2017-2\/\">2017 Wo Freundschaft ist w\u00e4chst Frieden<\/a><\/li><\/ul><ul><li><a href=\"https:\/\/dfc-freudenberg.de\/2016-2\/\" data-type=\"URL\" data-id=\"https:\/\/dfc-freudenberg.de\/2016-2\/\">2016 Wiege der Deutschen Demokratie<\/a><\/li><\/ul><\/li><li><strong>2024 Jahr der Freundschaft<\/strong><ul><li>Rose des Friedens &#8211; Symbol der St\u00e4dtefreundschaft<\/li><\/ul><ul><li>Bunte Freundschaft f\u00fcr eine gemeinsame Zukunft &#8211; Une amiti\u00e9e multicolor\u00e9e pour un avenir commun<\/li><li>Vernissage am 21. Januar 2024 &#8222;Vom \u00c8lys\u00e9e-Vertrag zum Aachener Vertrag&#8220;<\/li><li>Bunte Vielfalt beim Kultur-Picknick in der Grundschule<\/li><li>Freundschaftscaf\u00e9 im Amtshaus<\/li><\/ul><\/li><li><a href=\"https:\/\/dfc-freudenberg.de\/wiederkehrende-ereignisse\/\" data-type=\"URL\" data-id=\"https:\/\/dfc-freudenberg.de\/wiederkehrende-ereignisse\/\"><strong>Aktivit\u00e4ten<\/strong><\/a><ul><li><a href=\"https:\/\/dfc-freudenberg.de\/vereinsausfluege\/\" data-type=\"URL\" data-id=\"https:\/\/dfc-freudenberg.de\/vereinsausfluege\/\">Vereinsausfl\u00fcge<\/a><ul><li><a href=\"https:\/\/dfc-freudenberg.de\/2021-miltenberg-bei-nacht\/\" data-type=\"URL\" data-id=\"https:\/\/dfc-freudenberg.de\/2021-miltenberg-bei-nacht\/\">2021 Miltenberg bei Nacht<\/a><\/li><\/ul><ul><li><a href=\"https:\/\/dfc-freudenberg.de\/2020-4\/\" data-type=\"URL\" data-id=\"https:\/\/dfc-freudenberg.de\/2020-4\/\">2020 Auf dem Europa-Kulturweg<\/a><\/li><\/ul><ul><li><a href=\"https:\/\/dfc-freudenberg.de\/2019-sandstein-und-schifffahrt\/\" data-type=\"URL\" data-id=\"https:\/\/dfc-freudenberg.de\/2019-sandstein-und-schifffahrt\/\">2019 Sandstein und Schifffahrt<\/a><\/li><\/ul><ul><li><a href=\"https:\/\/dfc-freudenberg.de\/2018-flammkuchen-satt\/\" data-type=\"URL\" data-id=\"https:\/\/dfc-freudenberg.de\/2018-flammkuchen-satt\/\">2018 Flammkuchen satt<\/a><\/li><\/ul><ul><li><a href=\"https:\/\/dfc-freudenberg.de\/sonntagsausflug-am-10-september-2017\/\" data-type=\"URL\" data-id=\"https:\/\/dfc-freudenberg.de\/sonntagsausflug-am-10-september-2017\/\">2017 Auf den Spuren von Julius Echter<\/a><\/li><\/ul><ul><li><a href=\"https:\/\/dfc-freudenberg.de\/ausflug-zur-anderen-mainseite\/\" data-type=\"URL\" data-id=\"https:\/\/dfc-freudenberg.de\/ausflug-zur-anderen-mainseite\/\">2016 Auf der anderen Mainseite<\/a><\/li><\/ul><\/li><\/ul><ul><li><a href=\"https:\/\/dfc-freudenberg.de\/freundschaftstag-2\/\" data-type=\"URL\" data-id=\"https:\/\/dfc-freudenberg.de\/freundschaftstag-2\/\">Freundschaftstag<\/a><ul><li><a href=\"https:\/\/dfc-freudenberg.de\/freundschaftstag\/\" data-type=\"URL\" data-id=\"https:\/\/dfc-freudenberg.de\/freundschaftstag\/\">Die Freundschaftsfahne<\/a><\/li><\/ul><ul><li><a href=\"https:\/\/dfc-freudenberg.de\/2021-2\/\" data-type=\"URL\" data-id=\"https:\/\/dfc-freudenberg.de\/2021-2\/\">2021 Neue Wege \u2013 Videokonferenz<\/a><\/li><\/ul><ul><li><a href=\"https:\/\/dfc-freudenberg.de\/2020-3\/\" data-type=\"URL\" data-id=\"https:\/\/dfc-freudenberg.de\/2020-3\/\">2020 Autorenlesung<\/a><\/li><\/ul><ul><li><a href=\"https:\/\/dfc-freudenberg.de\/2019-2-2\/\" data-type=\"URL\" data-id=\"https:\/\/dfc-freudenberg.de\/2019-2-2\/\">2019 Filmabend<\/a><\/li><\/ul><ul><li><a href=\"https:\/\/dfc-freudenberg.de\/2017-3\/\" data-type=\"URL\" data-id=\"https:\/\/dfc-freudenberg.de\/2017-3\/\">2017 Zeichen der Deutsch-Franz\u00f6sischen Freundschaft<\/a><\/li><\/ul><\/li><li>D<a href=\"https:\/\/dfc-freudenberg.de\/der-boule-platz\/\" data-type=\"URL\" data-id=\"https:\/\/dfc-freudenberg.de\/der-boule-platz\/\">er Boule-Platz<\/a><\/li><\/ul><\/li><li><a href=\"https:\/\/dfc-freudenberg.de\/jugendarbeit\/\" data-type=\"URL\" data-id=\"https:\/\/dfc-freudenberg.de\/jugendarbeit\/\"><strong>Jugendarbeit<\/strong><\/a><ul><li>Am Nationalfeiertag in der Grundschule<\/li><li><a href=\"https:\/\/dfc-freudenberg.de\/ferienspiele-2017\/\" data-type=\"URL\" data-id=\"https:\/\/dfc-freudenberg.de\/ferienspiele-2017\/\">Ferienspiele \u2013 Franz\u00f6sisch Kochen f\u00fcr Kinder<\/a><ul><li>2022 Kinder kochen franz\u00f6sisch<\/li><li><a href=\"https:\/\/dfc-freudenberg.de\/2021-franzosisches-flair\/\" data-type=\"URL\" data-id=\"https:\/\/dfc-freudenberg.de\/2021-franzosisches-flair\/\">2021 Franz\u00f6sisches Flair<\/a><\/li><li><a href=\"https:\/\/dfc-freudenberg.de\/2019-kulinarische-reise-nach-paris\/\" data-type=\"URL\" data-id=\"https:\/\/dfc-freudenberg.de\/2019-kulinarische-reise-nach-paris\/\">2019 Kulinarische Reise nach Paris<\/a><\/li><li><a href=\"https:\/\/dfc-freudenberg.de\/2018-was-isst-man-im-elsass\/\" data-type=\"URL\" data-id=\"https:\/\/dfc-freudenberg.de\/2018-was-isst-man-im-elsass\/\">2018 Was man im Elsass isst<\/a><\/li><li><a href=\"https:\/\/dfc-freudenberg.de\/2017-in-der-normandie\/\" type=\"URL\" id=\"https:\/\/dfc-freudenberg.de\/2017-in-der-normandie\/\" class=\"broken_link\">2017 In der Normandie<\/a><\/li><\/ul><\/li><li><a href=\"https:\/\/dfc-freudenberg.de\/schueleraustausch\/\" data-type=\"URL\" data-id=\"https:\/\/dfc-freudenberg.de\/schueleraustausch\/\">Sch\u00fcleraustausch<\/a><ul><li><a href=\"https:\/\/dfc-freudenberg.de\/schueleraufenthalt-in-freudenberg-2018\/\" data-type=\"URL\" data-id=\"https:\/\/dfc-freudenberg.de\/schueleraufenthalt-in-freudenberg-2018\/\">2018 Von Klein bis Gro\u00df<\/a><\/li><li><a href=\"https:\/\/dfc-freudenberg.de\/franzoesisch-vis-a-vis-2017\/\" data-type=\"URL\" data-id=\"https:\/\/dfc-freudenberg.de\/franzoesisch-vis-a-vis-2017\/\">2017 Franz\u00f6sisch vis-\u00e0-vis<\/a><\/li><li><a href=\"https:\/\/dfc-freudenberg.de\/franzoesische-schueler-in-freudenberg-2016\/\" data-type=\"URL\" data-id=\"https:\/\/dfc-freudenberg.de\/franzoesische-schueler-in-freudenberg-2016\/\">2016 Fu\u00dfball \u2013 Kultur und Brezeln<\/a><\/li><\/ul><\/li><\/ul><\/li><li><strong>Archiv <\/strong><ul><li>Vereinsnachrichten 2021-2022<\/li><\/ul><ul><li>In der Franz\u00f6sischen Botschaft 2020<\/li><li><a href=\"https:\/\/dfc-freudenberg.de\/metz-oktober-2015\/\">Metz Oktober 2015<\/a><\/li><li>Franz\u00f6sisch Kochen f\u00fcr Erwachsene <ul><li>2019 Von der terrine bis zur Torte<\/li><li>2019 ostermen\u00fc aus dem Burgund<\/li><li>2017 kastanien in der Ard\u00e8che<\/li><li>2017 Ostermen\u00fc aus Savoyen<\/li><\/ul><\/li><\/ul><\/li><\/ul>\n","protected":false},"excerpt":{"rendered":"<p>Herzlich Willkommen, Bienvenue ! Vereinsgr\u00fcndung Jubil\u00e4en 30 Jahre DFC 25 Jahre DFC 20 Jahre DFC Die Partnerst\u00e4dte Geschichte unserer Partnerschaft&hellip;<\/p>\n","protected":false},"author":1,"featured_media":0,"parent":0,"menu_order":0,"comment_status":"closed","ping_status":"closed","template":"","meta":{"footnotes":""},"class_list":["post-1861","page","type-page","status-publish","hentry"],"translation":{"provider":"WPGlobus","version":"3.0.0","language":"de","enabled_languages":["en","de","fr"],"languages":{"en":{"title":true,"content":true,"excerpt":false},"de":{"title":false,"content":false,"excerpt":false},"fr":{"title":false,"content":false,"excerpt":false}}},"_links":{"self":[{"href":"https:\/\/dfc-freudenberg.de\/de\/wp-json\/wp\/v2\/pages\/1861"}],"collection":[{"href":"https:\/\/dfc-freudenberg.de\/de\/wp-json\/wp\/v2\/pages"}],"about":[{"href":"https:\/\/dfc-freudenberg.de\/de\/wp-json\/wp\/v2\/types\/page"}],"author":[{"embeddable":true,"href":"https:\/\/dfc-freudenberg.de\/de\/wp-json\/wp\/v2\/users\/1"}],"replies":[{"embeddable":true,"href":"https:\/\/dfc-freudenberg.de\/de\/wp-json\/wp\/v2\/comments?post=1861"}],"version-history":[{"count":15,"href":"https:\/\/dfc-freudenberg.de\/de\/wp-json\/wp\/v2\/pages\/1861\/revisions"}],"predecessor-version":[{"id":2617,"href":"https:\/\/dfc-freudenberg.de\/de\/wp-json\/wp\/v2\/pages\/1861\/revisions\/2617"}],"wp:attachment":[{"href":"https:\/\/dfc-freudenberg.de\/de\/wp-json\/wp\/v2\/media?parent=1861"}],"curies":[{"name":"wp","href":"https:\/\/api.w.org\/{rel}","templated":true}]}}