{"id":1810,"date":"2022-01-27T18:26:08","date_gmt":"2022-01-27T18:26:08","guid":{"rendered":"http:\/\/dfcmr.noeud.de\/?page_id=1810"},"modified":"2023-02-02T14:38:24","modified_gmt":"2023-02-02T13:38:24","slug":"2020-in-der-deutsch-franzosischen-botschaft","status":"publish","type":"page","link":"https:\/\/dfc-freudenberg.de\/de\/2020-in-der-deutsch-franzosischen-botschaft\/","title":{"rendered":"2020 In der Franz\u00f6sischen Botschaft"},"content":{"rendered":"\n<p><strong>Einladung nach Berlin<\/strong><\/p>\n\n\n\n<p>Am 25. Januar 2020 fand der \u201eTag der Deutsch-Franz\u00f6sischen Gesellschaften\u201c in Berlin statt. Die franz\u00f6sische Botschafterin I.E. Anne-Marie Desc\u00f4tes lud in die Franz\u00f6siche Botschaft am Pariser Platz ein. Der DFC Freudenberg erhielt eine Einladung um an der Verleihung des \u201ePrix Joseph Rovan 2020\u201c teilzunehmen. <br>Der nach einem der wichtigsten F\u00f6rderer der deutsch-franz\u00f6sischen Beziehungen seit den 1950er Jahren benannte Preis -Joseph Rovan wird seit 2006 j\u00e4hrlich verliehen. Es werden Projekte ausgezeichnet, die den deutsch-franz\u00f6sichen Dialog f\u00f6rdern, vor allem in der <em>binationalen<\/em> Jugendarbeit. <br>Ein reichhaltiges Programm mit Impulsvortr\u00e4gen zum Thema \u201eEine europ\u00e4ische Generation, was meinen wir damit?\u201c sowie die Pr\u00e4sentation der 16 Bewerbungen f\u00fcr den Prix Rovan 2020 boten einen anregenden und abwechslungsreichen Tag in der Botschaft. Martin Reuter, als Vertreter des DFC Freudenberg nahm gemeinsam mit der Vorsitzenden des DFC Miltenberg, Brigitte Hartung-Bretz, an der Veranstaltung teil. Der DFC Miltenberg hatte ein eigenes Projekt eingereicht. Als Preistr\u00e4ger wurde die DFG Marburg f\u00fcr ihr Projekt &#8222;La Journ\u00e9e Franco-Allemande&#8220; an der Martin-Luther-Schule Marburg ausgezeichnet.<\/p>\n\n\n\n<figure class=\"wp-block-gallery has-nested-images columns-default is-cropped wp-block-gallery-2 is-layout-flex wp-block-gallery-is-layout-flex\">\n<figure class=\"wp-block-image size-large\"><img loading=\"lazy\" decoding=\"async\" width=\"640\" height=\"480\" data-id=\"1815\" src=\"http:\/\/dfcmr.noeud.de\/wp-content\/uploads\/2022\/01\/20200125_124006-Klein.jpg\" alt=\"\" class=\"wp-image-1815\" srcset=\"https:\/\/dfc-freudenberg.de\/wp-content\/uploads\/2022\/01\/20200125_124006-Klein.jpg 640w, https:\/\/dfc-freudenberg.de\/wp-content\/uploads\/2022\/01\/20200125_124006-Klein-300x225.jpg 300w\" sizes=\"(max-width: 640px) 100vw, 640px\" \/><figcaption>Franz\u00f6sische Botschafterin I.E. Desc\u00f4tes<\/figcaption><\/figure>\n\n\n\n<figure class=\"wp-block-image size-large\"><img loading=\"lazy\" decoding=\"async\" width=\"640\" height=\"480\" data-id=\"1816\" src=\"http:\/\/dfcmr.noeud.de\/wp-content\/uploads\/2022\/01\/20200125_130827-Klein.jpg\" alt=\"\" class=\"wp-image-1816\" srcset=\"https:\/\/dfc-freudenberg.de\/wp-content\/uploads\/2022\/01\/20200125_130827-Klein.jpg 640w, https:\/\/dfc-freudenberg.de\/wp-content\/uploads\/2022\/01\/20200125_130827-Klein-300x225.jpg 300w\" sizes=\"(max-width: 640px) 100vw, 640px\" \/><figcaption>Martin Reuter und Brigitte Hartung-Bretz mit der Botschafterin<\/figcaption><\/figure>\n<\/figure>\n","protected":false},"excerpt":{"rendered":"<p>Einladung nach Berlin Am 25. Januar 2020 fand der \u201eTag der Deutsch-Franz\u00f6sischen Gesellschaften\u201c in Berlin statt. Die franz\u00f6sische Botschafterin I.E.&hellip;<\/p>\n","protected":false},"author":1,"featured_media":0,"parent":0,"menu_order":0,"comment_status":"closed","ping_status":"closed","template":"","meta":{"footnotes":""},"class_list":["post-1810","page","type-page","status-publish","hentry"],"translation":{"provider":"WPGlobus","version":"3.0.0","language":"de","enabled_languages":["en","de","fr"],"languages":{"en":{"title":true,"content":true,"excerpt":false},"de":{"title":false,"content":false,"excerpt":false},"fr":{"title":false,"content":false,"excerpt":false}}},"_links":{"self":[{"href":"https:\/\/dfc-freudenberg.de\/de\/wp-json\/wp\/v2\/pages\/1810"}],"collection":[{"href":"https:\/\/dfc-freudenberg.de\/de\/wp-json\/wp\/v2\/pages"}],"about":[{"href":"https:\/\/dfc-freudenberg.de\/de\/wp-json\/wp\/v2\/types\/page"}],"author":[{"embeddable":true,"href":"https:\/\/dfc-freudenberg.de\/de\/wp-json\/wp\/v2\/users\/1"}],"replies":[{"embeddable":true,"href":"https:\/\/dfc-freudenberg.de\/de\/wp-json\/wp\/v2\/comments?post=1810"}],"version-history":[{"count":3,"href":"https:\/\/dfc-freudenberg.de\/de\/wp-json\/wp\/v2\/pages\/1810\/revisions"}],"predecessor-version":[{"id":1831,"href":"https:\/\/dfc-freudenberg.de\/de\/wp-json\/wp\/v2\/pages\/1810\/revisions\/1831"}],"wp:attachment":[{"href":"https:\/\/dfc-freudenberg.de\/de\/wp-json\/wp\/v2\/media?parent=1810"}],"curies":[{"name":"wp","href":"https:\/\/api.w.org\/{rel}","templated":true}]}}