{"id":1687,"date":"2022-01-19T13:44:14","date_gmt":"2022-01-19T13:44:14","guid":{"rendered":"http:\/\/dfcmr.noeud.de\/?page_id=1687"},"modified":"2023-01-15T20:10:14","modified_gmt":"2023-01-15T19:10:14","slug":"freundschaftstag-2","status":"publish","type":"page","link":"https:\/\/dfc-freudenberg.de\/de\/freundschaftstag-2\/","title":{"rendered":"Freundschaftstag"},"content":{"rendered":"\n<p>Am 22. Januar 1963 unterzeichneten unser damaliger Bundeskanzler Konrad Adenauer und der franz\u00f6sische Staatspr\u00e4sident Charles de Gaulle im \u00c9lys\u00e9e-Palast in Paris den Deutsch-Franz\u00f6sischen Freundschaftsvertrag. 40 Jahre sp\u00e4ter, am 22. Januar 2003 initiierten Staatspr\u00e4sident Jaques Chirac und Bundeskanzler Gerhard Schr\u00f6der aus Anlass dieses Jubil\u00e4ums der Unterzeichnung des \u00c9lys\u00e9e-Vertrags den Deutsch-Franz\u00f6sischen Freundschaftstag. Seither wird diesem Tag, in Frankreich Journ\u00e9e franco-allemande genannt, in beiden L\u00e4ndern gedacht. Besonders die Jugendlichen sollen durch Projekte, die vom Deutsch-Franz\u00f6sischen Jugendwerk gef\u00f6rdert werden, angesprochen werden.<\/p>\n\n\n\n<p>Unser Verein versucht j\u00e4hrlich an diesem Tag eine besondere Veranstaltung durchzuf\u00fchren. Gemeinsam mit unseren Freunden aus Saint-Arnoult stimmen wir uns \u00fcber ein Thema ab, sodass an beiden Orten zur gleichen Zeit m\u00f6glichst das Gleiche angeboten wird.<\/p>\n","protected":false},"excerpt":{"rendered":"<p>Am 22. Januar 1963 unterzeichneten unser damaliger Bundeskanzler Konrad Adenauer und der franz\u00f6sische Staatspr\u00e4sident Charles de Gaulle im \u00c9lys\u00e9e-Palast in&hellip;<\/p>\n","protected":false},"author":1,"featured_media":0,"parent":0,"menu_order":0,"comment_status":"closed","ping_status":"closed","template":"","meta":{"footnotes":""},"class_list":["post-1687","page","type-page","status-publish","hentry"],"translation":{"provider":"WPGlobus","version":"3.0.0","language":"de","enabled_languages":["en","de","fr"],"languages":{"en":{"title":true,"content":true,"excerpt":false},"de":{"title":false,"content":false,"excerpt":false},"fr":{"title":false,"content":false,"excerpt":false}}},"_links":{"self":[{"href":"https:\/\/dfc-freudenberg.de\/de\/wp-json\/wp\/v2\/pages\/1687"}],"collection":[{"href":"https:\/\/dfc-freudenberg.de\/de\/wp-json\/wp\/v2\/pages"}],"about":[{"href":"https:\/\/dfc-freudenberg.de\/de\/wp-json\/wp\/v2\/types\/page"}],"author":[{"embeddable":true,"href":"https:\/\/dfc-freudenberg.de\/de\/wp-json\/wp\/v2\/users\/1"}],"replies":[{"embeddable":true,"href":"https:\/\/dfc-freudenberg.de\/de\/wp-json\/wp\/v2\/comments?post=1687"}],"version-history":[{"count":2,"href":"https:\/\/dfc-freudenberg.de\/de\/wp-json\/wp\/v2\/pages\/1687\/revisions"}],"predecessor-version":[{"id":1691,"href":"https:\/\/dfc-freudenberg.de\/de\/wp-json\/wp\/v2\/pages\/1687\/revisions\/1691"}],"wp:attachment":[{"href":"https:\/\/dfc-freudenberg.de\/de\/wp-json\/wp\/v2\/media?parent=1687"}],"curies":[{"name":"wp","href":"https:\/\/api.w.org\/{rel}","templated":true}]}}