{"id":1572,"date":"2021-12-02T14:22:36","date_gmt":"2021-12-02T14:22:36","guid":{"rendered":"http:\/\/dfcmr.noeud.de\/?page_id=1572"},"modified":"2022-02-18T12:21:47","modified_gmt":"2022-02-18T11:21:47","slug":"2018-was-isst-man-im-elsass","status":"publish","type":"page","link":"https:\/\/dfc-freudenberg.de\/de\/2018-was-isst-man-im-elsass\/","title":{"rendered":"2018 Was man im Elsass isst"},"content":{"rendered":"\n<p><strong>Franz\u00f6sisch Kochen <strong>f\u00fcr Kinder<\/strong><\/strong> <strong>bei den Ferienspielen <\/strong><\/p>\n\n\n\n<p>Schnell war die Anmeldeliste wieder voll und 20 Kinder kochten und backten unter Anleitung der Erwachsenen vom DFC und den Freien W\u00e4hlern. Jedes Jahr gibt es was anderes aus Frankreichs Regionen zu kochen.<br>Nach der Begr\u00fc\u00dfung erhielten die Kinder eine Einf\u00fchrung in die diesj\u00e4hrige Region, das Elsass. Als erstes erz\u00e4hlt Gabi W\u00f6rner aber immer dar\u00fcber, dass Freudenberg seit 1993 eine Partnerstadt in Frankreich hat &#8211; Saint-Arnoult. Die Kinder h\u00f6ren manchmal zum ersten mal davon, dass die Stadt in der N\u00e4he von Paris liegt und man mehrere Stunden f\u00e4hrt, bis man dort ist. Viel n\u00e4her liegt ein anderer Teil von Frankreich &#8211; Alsace, das ist das Elsass. Das Elsass ist jener Teil Ostfrankreichs, der an Deutschland grenzt, nur der Rhein trennt dort unsere beiden L\u00e4nder. Im Elsass wird els\u00e4ssisch gesprochen, wenn man gut aufpasst versteht man einiges, denn es klingt fast ein bisschen deutsch, so auch Bernd Schr\u00f6ter, der die Ferienspiele seit Anfang an begleitet. Bekannt ist auch das Essen aus dem Elsass: dort wird wie hier z.B. Sauerkraut gegessen, das choucroute. Oder es gibt den ber\u00fchmten &#8222;Flammekuche&#8220;, den hatte Gabi W\u00f6rner auf die Speisekarte gesetzt als es mal wieder hie\u00df: &#8222;In der Schulk\u00fcche wird franz\u00f6sisch Kochen f\u00fcr Kinder angeboten&#8220;.<\/p>\n\n\n\n<p>Aber eines bleibt gleich und ist bei den Kindern sehr beliebt: der Ap\u00e9ritiv! Er besteht aus Sirop de Grenadine mit Mineralwasser, kleinen Canap\u00e9s mit Leberpastete und K\u00e4se bestrichen und den Ap\u00e9ricubes, das sind kleine h\u00fcbsch verpackte K\u00e4sew\u00fcrfel.<\/p>\n\n\n\n<p>Als Vorspeise bereiteten einige Kinder einen &#8222;Salade de fusillis \u00e0 l&#8217;alsacienne&#8220; zu, w\u00e4hrend in einer anderen Gruppe die &#8222;Tarte flamb\u00e9e&#8220;, bekannt als Flammkuchen, belegt wurde. Eine weitere Kindergruppe r\u00fchrte den Teig f\u00fcr die sehr beliebten Cr\u00e8pes an &#8211; jeder darf auch mal die Pfanne schwenken. Die kleinen els\u00e4ssischen Pl\u00e4tzchen wurden ausgestochen und viel Obst f\u00fcr den erfrischenden Obstsalat &#8211; &#8222;Salade des fruits&#8220; wurde noch geschnippelt.<\/p>\n\n\n\n<figure class=\"wp-block-gallery has-nested-images columns-default is-cropped wp-block-gallery-2 is-layout-flex wp-block-gallery-is-layout-flex\">\n<figure class=\"wp-block-image size-large is-style-default\"><img loading=\"lazy\" decoding=\"async\" width=\"720\" height=\"480\" data-id=\"1600\" src=\"http:\/\/dfcmr.noeud.de\/wp-content\/uploads\/2021\/12\/1700650-Klein.jpg\" alt=\"\" class=\"wp-image-1600\" srcset=\"https:\/\/dfc-freudenberg.de\/wp-content\/uploads\/2021\/12\/1700650-Klein.jpg 720w, https:\/\/dfc-freudenberg.de\/wp-content\/uploads\/2021\/12\/1700650-Klein-300x200.jpg 300w\" sizes=\"(max-width: 720px) 100vw, 720px\" \/><\/figure>\n\n\n\n<figure class=\"wp-block-image size-large is-style-default\"><img loading=\"lazy\" decoding=\"async\" width=\"746\" height=\"480\" data-id=\"1602\" src=\"http:\/\/dfcmr.noeud.de\/wp-content\/uploads\/2021\/12\/kochenkids2017_9-Klein.jpg\" alt=\"\" class=\"wp-image-1602\" srcset=\"https:\/\/dfc-freudenberg.de\/wp-content\/uploads\/2021\/12\/kochenkids2017_9-Klein.jpg 746w, https:\/\/dfc-freudenberg.de\/wp-content\/uploads\/2021\/12\/kochenkids2017_9-Klein-300x193.jpg 300w\" sizes=\"(max-width: 746px) 100vw, 746px\" \/><\/figure>\n<\/figure>\n\n\n\n<p>In den Pausen zwischendurch durften die Kinder Armb\u00e4nder kn\u00fcpfen, ein Poster mit franz\u00f6sischen Motiven gestalten, R\u00e4tsel l\u00f6sen oder sich in das Rezeptheftchen vertiefen. Inspiriert von der franz\u00f6sischen Lebensart wurde das leckere Essen nach dem &#8222;Bon app\u00e9tit&#8220; genossen. <\/p>\n\n\n\n<p>Gest\u00e4rkt von soviel gutem selbsgemachten Essen nahmen die Kinder noch ihre kleinen Geschenke in Empfang, die beliebten Rezeptheftchen und die s\u00fc\u00dfen Pl\u00e4tzchen durften mitgenommen werden. <\/p>\n\n\n\n<p class=\"has-small-font-size\">Text: Reinhild Reuter, Fotos: DFC<\/p>\n","protected":false},"excerpt":{"rendered":"<p>Franz\u00f6sisch Kochen f\u00fcr Kinder bei den Ferienspielen Schnell war die Anmeldeliste wieder voll und 20 Kinder kochten und backten unter&hellip;<\/p>\n","protected":false},"author":1,"featured_media":0,"parent":0,"menu_order":0,"comment_status":"closed","ping_status":"closed","template":"","meta":{"footnotes":""},"class_list":["post-1572","page","type-page","status-publish","hentry"],"translation":{"provider":"WPGlobus","version":"3.0.0","language":"de","enabled_languages":["en","de","fr"],"languages":{"en":{"title":true,"content":true,"excerpt":false},"de":{"title":false,"content":false,"excerpt":false},"fr":{"title":false,"content":false,"excerpt":false}}},"_links":{"self":[{"href":"https:\/\/dfc-freudenberg.de\/de\/wp-json\/wp\/v2\/pages\/1572"}],"collection":[{"href":"https:\/\/dfc-freudenberg.de\/de\/wp-json\/wp\/v2\/pages"}],"about":[{"href":"https:\/\/dfc-freudenberg.de\/de\/wp-json\/wp\/v2\/types\/page"}],"author":[{"embeddable":true,"href":"https:\/\/dfc-freudenberg.de\/de\/wp-json\/wp\/v2\/users\/1"}],"replies":[{"embeddable":true,"href":"https:\/\/dfc-freudenberg.de\/de\/wp-json\/wp\/v2\/comments?post=1572"}],"version-history":[{"count":7,"href":"https:\/\/dfc-freudenberg.de\/de\/wp-json\/wp\/v2\/pages\/1572\/revisions"}],"predecessor-version":[{"id":1927,"href":"https:\/\/dfc-freudenberg.de\/de\/wp-json\/wp\/v2\/pages\/1572\/revisions\/1927"}],"wp:attachment":[{"href":"https:\/\/dfc-freudenberg.de\/de\/wp-json\/wp\/v2\/media?parent=1572"}],"curies":[{"name":"wp","href":"https:\/\/api.w.org\/{rel}","templated":true}]}}