{"id":1284,"date":"2021-11-25T16:47:29","date_gmt":"2021-11-25T16:47:29","guid":{"rendered":"http:\/\/dfcmr.noeud.de\/?page_id=1284"},"modified":"2022-02-18T11:44:28","modified_gmt":"2022-02-18T10:44:28","slug":"2021-endlich-ein-wiedersehen","status":"publish","type":"page","link":"https:\/\/dfc-freudenberg.de\/de\/2021-endlich-ein-wiedersehen\/","title":{"rendered":"2021 Endlich ein Wiedersehen"},"content":{"rendered":"\n<p><a><strong>Flugzeuge im Bauch<\/strong><\/a><br><strong>Deutsch-Franz\u00f6sischer Club bekommt Besuch aus Frankreich<\/strong><\/p>\n\n\n\n<p>Nicht ganz allt\u00e4glichen Besuch aus Frankreich erhielt der Deutsch- Franz\u00f6sische Club dieser Tage aus Frankreich. Nachdem der Besuch aus St. Arnoult-en-Yvelines aufgrund der Pandemie schon zweimal verschoben werden musste, reiste Ende Oktober nun die Delegation aus der Partnerstadt an.<\/p>\n\n\n\n<figure class=\"wp-block-gallery has-nested-images columns-default is-cropped wp-block-gallery-2 is-layout-flex wp-block-gallery-is-layout-flex\">\n<figure class=\"wp-block-image size-large\"><img loading=\"lazy\" decoding=\"async\" width=\"721\" height=\"480\" data-id=\"1293\" src=\"http:\/\/dfcmr.noeud.de\/wp-content\/uploads\/2021\/11\/P1730018-Klein.jpg\" alt=\"\" class=\"wp-image-1293\" srcset=\"https:\/\/dfc-freudenberg.de\/wp-content\/uploads\/2021\/11\/P1730018-Klein.jpg 721w, https:\/\/dfc-freudenberg.de\/wp-content\/uploads\/2021\/11\/P1730018-Klein-300x200.jpg 300w\" sizes=\"(max-width: 721px) 100vw, 721px\" \/><\/figure>\n\n\n\n<figure class=\"wp-block-image size-large\"><img loading=\"lazy\" decoding=\"async\" width=\"721\" height=\"480\" data-id=\"1312\" src=\"http:\/\/dfcmr.noeud.de\/wp-content\/uploads\/2021\/11\/P1730041-Klein-1.jpg\" alt=\"\" class=\"wp-image-1312\" srcset=\"https:\/\/dfc-freudenberg.de\/wp-content\/uploads\/2021\/11\/P1730041-Klein-1.jpg 721w, https:\/\/dfc-freudenberg.de\/wp-content\/uploads\/2021\/11\/P1730041-Klein-1-300x200.jpg 300w\" sizes=\"(max-width: 721px) 100vw, 721px\" \/><\/figure>\n\n\n\n<figure class=\"wp-block-image size-large\"><img loading=\"lazy\" decoding=\"async\" width=\"721\" height=\"480\" data-id=\"1306\" src=\"http:\/\/dfcmr.noeud.de\/wp-content\/uploads\/2021\/11\/P1730043-Klein.jpg\" alt=\"\" class=\"wp-image-1306\" srcset=\"https:\/\/dfc-freudenberg.de\/wp-content\/uploads\/2021\/11\/P1730043-Klein.jpg 721w, https:\/\/dfc-freudenberg.de\/wp-content\/uploads\/2021\/11\/P1730043-Klein-300x200.jpg 300w\" sizes=\"(max-width: 721px) 100vw, 721px\" \/><\/figure>\n<\/figure>\n\n\n\n<p>Am Freitagabend war es dann soweit und die Freudenberger konnten endlich ihre Freunde aus Frankreich am Rathaus in Empfang nehmen. Die Freude war riesengro\u00df, so manche Freudentr\u00e4ne floss, man hatte sich schlie\u00dflich seit Mai 2019 nicht mehr gesehen. <\/p>\n\n\n\n<figure class=\"wp-block-gallery has-nested-images columns-default is-cropped wp-block-gallery-3 is-layout-flex wp-block-gallery-is-layout-flex\">\n<figure class=\"wp-block-image size-large\"><img loading=\"lazy\" decoding=\"async\" width=\"721\" height=\"480\" data-id=\"1297\" src=\"http:\/\/dfcmr.noeud.de\/wp-content\/uploads\/2021\/11\/P1730029-Klein.jpg\" alt=\"\" class=\"wp-image-1297\" srcset=\"https:\/\/dfc-freudenberg.de\/wp-content\/uploads\/2021\/11\/P1730029-Klein.jpg 721w, https:\/\/dfc-freudenberg.de\/wp-content\/uploads\/2021\/11\/P1730029-Klein-300x200.jpg 300w\" sizes=\"(max-width: 721px) 100vw, 721px\" \/><\/figure>\n\n\n\n<figure class=\"wp-block-image size-large\"><img loading=\"lazy\" decoding=\"async\" width=\"731\" height=\"480\" data-id=\"1298\" src=\"http:\/\/dfcmr.noeud.de\/wp-content\/uploads\/2021\/11\/P1730038-Klein.jpg\" alt=\"\" class=\"wp-image-1298\" srcset=\"https:\/\/dfc-freudenberg.de\/wp-content\/uploads\/2021\/11\/P1730038-Klein.jpg 731w, https:\/\/dfc-freudenberg.de\/wp-content\/uploads\/2021\/11\/P1730038-Klein-300x197.jpg 300w\" sizes=\"(max-width: 731px) 100vw, 731px\" \/><\/figure>\n\n\n\n<figure class=\"wp-block-image size-large\"><img loading=\"lazy\" decoding=\"async\" width=\"721\" height=\"480\" data-id=\"1309\" src=\"http:\/\/dfcmr.noeud.de\/wp-content\/uploads\/2021\/11\/P1730039-Klein.jpg\" alt=\"\" class=\"wp-image-1309\" srcset=\"https:\/\/dfc-freudenberg.de\/wp-content\/uploads\/2021\/11\/P1730039-Klein.jpg 721w, https:\/\/dfc-freudenberg.de\/wp-content\/uploads\/2021\/11\/P1730039-Klein-300x200.jpg 300w\" sizes=\"(max-width: 721px) 100vw, 721px\" \/><\/figure>\n<\/figure>\n\n\n\n<figure class=\"wp-block-gallery has-nested-images columns-default is-cropped wp-block-gallery-4 is-layout-flex wp-block-gallery-is-layout-flex\">\n<figure class=\"wp-block-image size-large\"><img loading=\"lazy\" decoding=\"async\" width=\"721\" height=\"480\" data-id=\"1307\" src=\"http:\/\/dfcmr.noeud.de\/wp-content\/uploads\/2021\/11\/P1730078-Klein.jpg\" alt=\"\" class=\"wp-image-1307\" srcset=\"https:\/\/dfc-freudenberg.de\/wp-content\/uploads\/2021\/11\/P1730078-Klein.jpg 721w, https:\/\/dfc-freudenberg.de\/wp-content\/uploads\/2021\/11\/P1730078-Klein-300x200.jpg 300w\" sizes=\"(max-width: 721px) 100vw, 721px\" \/><\/figure>\n\n\n\n<figure class=\"wp-block-image size-large\"><img loading=\"lazy\" decoding=\"async\" width=\"721\" height=\"480\" data-id=\"1327\" src=\"http:\/\/dfcmr.noeud.de\/wp-content\/uploads\/2021\/11\/P1730034-Klein.jpg\" alt=\"\" class=\"wp-image-1327\" srcset=\"https:\/\/dfc-freudenberg.de\/wp-content\/uploads\/2021\/11\/P1730034-Klein.jpg 721w, https:\/\/dfc-freudenberg.de\/wp-content\/uploads\/2021\/11\/P1730034-Klein-300x200.jpg 300w\" sizes=\"(max-width: 721px) 100vw, 721px\" \/><\/figure>\n\n\n\n<figure class=\"wp-block-image size-large\"><img loading=\"lazy\" decoding=\"async\" width=\"719\" height=\"480\" data-id=\"1310\" src=\"http:\/\/dfcmr.noeud.de\/wp-content\/uploads\/2021\/11\/P1730062-Klein-1.jpg\" alt=\"\" class=\"wp-image-1310\" srcset=\"https:\/\/dfc-freudenberg.de\/wp-content\/uploads\/2021\/11\/P1730062-Klein-1.jpg 719w, https:\/\/dfc-freudenberg.de\/wp-content\/uploads\/2021\/11\/P1730062-Klein-1-300x200.jpg 300w\" sizes=\"(max-width: 719px) 100vw, 719px\" \/><\/figure>\n<\/figure>\n\n\n\n<figure class=\"wp-block-gallery has-nested-images columns-default is-cropped wp-block-gallery-5 is-layout-flex wp-block-gallery-is-layout-flex\">\n<figure class=\"wp-block-image size-large\"><img loading=\"lazy\" decoding=\"async\" width=\"721\" height=\"480\" data-id=\"1308\" src=\"http:\/\/dfcmr.noeud.de\/wp-content\/uploads\/2021\/11\/P1730105-Klein.jpg\" alt=\"\" class=\"wp-image-1308\" srcset=\"https:\/\/dfc-freudenberg.de\/wp-content\/uploads\/2021\/11\/P1730105-Klein.jpg 721w, https:\/\/dfc-freudenberg.de\/wp-content\/uploads\/2021\/11\/P1730105-Klein-300x200.jpg 300w\" sizes=\"(max-width: 721px) 100vw, 721px\" \/><\/figure>\n\n\n\n<figure class=\"wp-block-image size-large\"><img loading=\"lazy\" decoding=\"async\" width=\"721\" height=\"480\" data-id=\"1324\" src=\"http:\/\/dfcmr.noeud.de\/wp-content\/uploads\/2021\/11\/P1730142-Klein.jpg\" alt=\"\" class=\"wp-image-1324\" srcset=\"https:\/\/dfc-freudenberg.de\/wp-content\/uploads\/2021\/11\/P1730142-Klein.jpg 721w, https:\/\/dfc-freudenberg.de\/wp-content\/uploads\/2021\/11\/P1730142-Klein-300x200.jpg 300w\" sizes=\"(max-width: 721px) 100vw, 721px\" \/><\/figure>\n\n\n\n<figure class=\"wp-block-image size-large\"><img loading=\"lazy\" decoding=\"async\" width=\"737\" height=\"480\" data-id=\"1326\" src=\"http:\/\/dfcmr.noeud.de\/wp-content\/uploads\/2021\/11\/P1730205-Klein-1.jpg\" alt=\"\" class=\"wp-image-1326\" srcset=\"https:\/\/dfc-freudenberg.de\/wp-content\/uploads\/2021\/11\/P1730205-Klein-1.jpg 737w, https:\/\/dfc-freudenberg.de\/wp-content\/uploads\/2021\/11\/P1730205-Klein-1-300x195.jpg 300w\" sizes=\"(max-width: 737px) 100vw, 737px\" \/><\/figure>\n<\/figure>\n\n\n\n<p>Den restlichen Abend verbrachten die Franzosen bei ihrer jeweiligen Gastfamilie, es gab viel zu erz\u00e4hlen. Doch bereits am Samstagvormittag startete dann der Ausflug nach Sinsheim ins Technikmuseum. Vom Lanz-Bulldog \u00fcber die Tin-Lizzy gab es hier allerhand zu bestaunen. Eindeutiger H\u00f6hepunkt der Besichtigung war das Erklettern der Concorde, da waren sich alle einig.<\/p>\n\n\n\n<figure class=\"wp-block-gallery has-nested-images columns-default is-cropped wp-block-gallery-6 is-layout-flex wp-block-gallery-is-layout-flex\">\n<figure class=\"wp-block-image size-large\"><img loading=\"lazy\" decoding=\"async\" width=\"719\" height=\"480\" data-id=\"1318\" src=\"http:\/\/dfcmr.noeud.de\/wp-content\/uploads\/2021\/11\/P1730269-Klein.jpg\" alt=\"\" class=\"wp-image-1318\" srcset=\"https:\/\/dfc-freudenberg.de\/wp-content\/uploads\/2021\/11\/P1730269-Klein.jpg 719w, https:\/\/dfc-freudenberg.de\/wp-content\/uploads\/2021\/11\/P1730269-Klein-300x200.jpg 300w\" sizes=\"(max-width: 719px) 100vw, 719px\" \/><\/figure>\n\n\n\n<figure class=\"wp-block-image size-large\"><img loading=\"lazy\" decoding=\"async\" width=\"742\" height=\"480\" data-id=\"1319\" src=\"http:\/\/dfcmr.noeud.de\/wp-content\/uploads\/2021\/11\/P1730323-Klein.jpg\" alt=\"\" class=\"wp-image-1319\" srcset=\"https:\/\/dfc-freudenberg.de\/wp-content\/uploads\/2021\/11\/P1730323-Klein.jpg 742w, https:\/\/dfc-freudenberg.de\/wp-content\/uploads\/2021\/11\/P1730323-Klein-300x194.jpg 300w\" sizes=\"(max-width: 742px) 100vw, 742px\" \/><\/figure>\n\n\n\n<figure class=\"wp-block-image size-large\"><img loading=\"lazy\" decoding=\"async\" width=\"728\" height=\"480\" data-id=\"1336\" src=\"http:\/\/dfcmr.noeud.de\/wp-content\/uploads\/2021\/11\/P1730321-Klein-1.jpg\" alt=\"\" class=\"wp-image-1336\" srcset=\"https:\/\/dfc-freudenberg.de\/wp-content\/uploads\/2021\/11\/P1730321-Klein-1.jpg 728w, https:\/\/dfc-freudenberg.de\/wp-content\/uploads\/2021\/11\/P1730321-Klein-1-300x198.jpg 300w\" sizes=\"(max-width: 728px) 100vw, 728px\" \/><\/figure>\n<\/figure>\n\n\n\n<figure class=\"wp-block-gallery has-nested-images columns-default is-cropped wp-block-gallery-7 is-layout-flex wp-block-gallery-is-layout-flex\">\n<figure class=\"wp-block-image size-large\"><img loading=\"lazy\" decoding=\"async\" width=\"719\" height=\"480\" data-id=\"1341\" src=\"http:\/\/dfcmr.noeud.de\/wp-content\/uploads\/2021\/11\/P1730555-Klein-3.jpg\" alt=\"\" class=\"wp-image-1341\" srcset=\"https:\/\/dfc-freudenberg.de\/wp-content\/uploads\/2021\/11\/P1730555-Klein-3.jpg 719w, https:\/\/dfc-freudenberg.de\/wp-content\/uploads\/2021\/11\/P1730555-Klein-3-300x200.jpg 300w\" sizes=\"(max-width: 719px) 100vw, 719px\" \/><\/figure>\n\n\n\n<figure class=\"wp-block-image size-large\"><img loading=\"lazy\" decoding=\"async\" width=\"716\" height=\"480\" data-id=\"1342\" src=\"http:\/\/dfcmr.noeud.de\/wp-content\/uploads\/2021\/11\/P1730566-Klein-3.jpg\" alt=\"\" class=\"wp-image-1342\" srcset=\"https:\/\/dfc-freudenberg.de\/wp-content\/uploads\/2021\/11\/P1730566-Klein-3.jpg 716w, https:\/\/dfc-freudenberg.de\/wp-content\/uploads\/2021\/11\/P1730566-Klein-3-300x201.jpg 300w\" sizes=\"(max-width: 716px) 100vw, 716px\" \/><\/figure>\n<\/figure>\n\n\n\n<figure class=\"wp-block-gallery has-nested-images columns-default is-cropped wp-block-gallery-8 is-layout-flex wp-block-gallery-is-layout-flex\">\n<figure class=\"wp-block-image size-large\"><img loading=\"lazy\" decoding=\"async\" width=\"455\" height=\"305\" data-id=\"1314\" src=\"http:\/\/dfcmr.noeud.de\/wp-content\/uploads\/2021\/11\/P1730305-Klein.jpg\" alt=\"\" class=\"wp-image-1314\" srcset=\"https:\/\/dfc-freudenberg.de\/wp-content\/uploads\/2021\/11\/P1730305-Klein.jpg 455w, https:\/\/dfc-freudenberg.de\/wp-content\/uploads\/2021\/11\/P1730305-Klein-300x201.jpg 300w\" sizes=\"(max-width: 455px) 100vw, 455px\" \/><\/figure>\n\n\n\n<figure class=\"wp-block-image size-large\"><img loading=\"lazy\" decoding=\"async\" width=\"720\" height=\"480\" data-id=\"1315\" src=\"http:\/\/dfcmr.noeud.de\/wp-content\/uploads\/2021\/11\/P1730386-Klein.jpg\" alt=\"\" class=\"wp-image-1315\" srcset=\"https:\/\/dfc-freudenberg.de\/wp-content\/uploads\/2021\/11\/P1730386-Klein.jpg 720w, https:\/\/dfc-freudenberg.de\/wp-content\/uploads\/2021\/11\/P1730386-Klein-300x200.jpg 300w\" sizes=\"(max-width: 720px) 100vw, 720px\" \/><\/figure>\n<\/figure>\n\n\n\n<figure class=\"wp-block-gallery has-nested-images columns-default is-cropped wp-block-gallery-9 is-layout-flex wp-block-gallery-is-layout-flex\">\n<figure class=\"wp-block-image size-large\"><img loading=\"lazy\" decoding=\"async\" width=\"720\" height=\"480\" data-id=\"1329\" src=\"http:\/\/dfcmr.noeud.de\/wp-content\/uploads\/2021\/11\/P1730425-Klein.jpg\" alt=\"\" class=\"wp-image-1329\" srcset=\"https:\/\/dfc-freudenberg.de\/wp-content\/uploads\/2021\/11\/P1730425-Klein.jpg 720w, https:\/\/dfc-freudenberg.de\/wp-content\/uploads\/2021\/11\/P1730425-Klein-300x200.jpg 300w\" sizes=\"(max-width: 720px) 100vw, 720px\" \/><\/figure>\n\n\n\n<figure class=\"wp-block-image size-large\"><img loading=\"lazy\" decoding=\"async\" width=\"740\" height=\"480\" data-id=\"1345\" src=\"http:\/\/dfcmr.noeud.de\/wp-content\/uploads\/2021\/11\/P1730352-Klein-1.jpg\" alt=\"\" class=\"wp-image-1345\" srcset=\"https:\/\/dfc-freudenberg.de\/wp-content\/uploads\/2021\/11\/P1730352-Klein-1.jpg 740w, https:\/\/dfc-freudenberg.de\/wp-content\/uploads\/2021\/11\/P1730352-Klein-1-300x195.jpg 300w\" sizes=\"(max-width: 740px) 100vw, 740px\" \/><\/figure>\n\n\n\n<figure class=\"wp-block-image size-large\"><img loading=\"lazy\" decoding=\"async\" width=\"725\" height=\"480\" data-id=\"1347\" src=\"http:\/\/dfcmr.noeud.de\/wp-content\/uploads\/2021\/11\/P1730320-Klein-1.jpg\" alt=\"\" class=\"wp-image-1347\" srcset=\"https:\/\/dfc-freudenberg.de\/wp-content\/uploads\/2021\/11\/P1730320-Klein-1.jpg 725w, https:\/\/dfc-freudenberg.de\/wp-content\/uploads\/2021\/11\/P1730320-Klein-1-300x199.jpg 300w\" sizes=\"(max-width: 725px) 100vw, 725px\" \/><\/figure>\n<\/figure>\n\n\n\n<p>Eine lange Exkursion macht hungrig und auf der R\u00fcckfahrt kehrten alle in der H\u00e4cke in B\u00fcrgstadt ein und genossen die regionalen Speisen und Getr\u00e4nke. Dort gab es au\u00dferdem einen \u201eOhrenschmaus\u201c, denn Altb\u00fcrgermeister Heinz Hofmann \u00fcberraschte die G\u00e4ste und Gastgeber mit einer Gesangseinlage. So ging ein aufregender Tag zu Ende.<\/p>\n\n\n\n<figure class=\"wp-block-gallery has-nested-images columns-default is-cropped wp-block-gallery-10 is-layout-flex wp-block-gallery-is-layout-flex\">\n<figure class=\"wp-block-image size-large\"><img loading=\"lazy\" decoding=\"async\" width=\"854\" height=\"384\" data-id=\"1380\" src=\"http:\/\/dfcmr.noeud.de\/wp-content\/uploads\/2021\/11\/20211030_201019-Klein.jpg\" alt=\"\" class=\"wp-image-1380\" srcset=\"https:\/\/dfc-freudenberg.de\/wp-content\/uploads\/2021\/11\/20211030_201019-Klein.jpg 854w, https:\/\/dfc-freudenberg.de\/wp-content\/uploads\/2021\/11\/20211030_201019-Klein-300x135.jpg 300w, https:\/\/dfc-freudenberg.de\/wp-content\/uploads\/2021\/11\/20211030_201019-Klein-768x345.jpg 768w\" sizes=\"(max-width: 854px) 100vw, 854px\" \/><\/figure>\n\n\n\n<figure class=\"wp-block-image size-large\"><img loading=\"lazy\" decoding=\"async\" width=\"478\" height=\"480\" data-id=\"1382\" src=\"http:\/\/dfcmr.noeud.de\/wp-content\/uploads\/2021\/11\/P1730675-Klein.jpg\" alt=\"\" class=\"wp-image-1382\" srcset=\"https:\/\/dfc-freudenberg.de\/wp-content\/uploads\/2021\/11\/P1730675-Klein.jpg 478w, https:\/\/dfc-freudenberg.de\/wp-content\/uploads\/2021\/11\/P1730675-Klein-300x300.jpg 300w, https:\/\/dfc-freudenberg.de\/wp-content\/uploads\/2021\/11\/P1730675-Klein-150x150.jpg 150w\" sizes=\"(max-width: 478px) 100vw, 478px\" \/><\/figure>\n\n\n\n<figure class=\"wp-block-image size-large\"><img loading=\"lazy\" decoding=\"async\" width=\"720\" height=\"480\" data-id=\"1387\" src=\"http:\/\/dfcmr.noeud.de\/wp-content\/uploads\/2021\/11\/P1730705-Klein.jpg\" alt=\"\" class=\"wp-image-1387\" srcset=\"https:\/\/dfc-freudenberg.de\/wp-content\/uploads\/2021\/11\/P1730705-Klein.jpg 720w, https:\/\/dfc-freudenberg.de\/wp-content\/uploads\/2021\/11\/P1730705-Klein-300x200.jpg 300w\" sizes=\"(max-width: 720px) 100vw, 720px\" \/><\/figure>\n\n\n\n<figure class=\"wp-block-image size-large\"><img loading=\"lazy\" decoding=\"async\" width=\"854\" height=\"384\" data-id=\"1388\" src=\"http:\/\/dfcmr.noeud.de\/wp-content\/uploads\/2021\/11\/20211030_201128-Klein.jpg\" alt=\"\" class=\"wp-image-1388\" srcset=\"https:\/\/dfc-freudenberg.de\/wp-content\/uploads\/2021\/11\/20211030_201128-Klein.jpg 854w, https:\/\/dfc-freudenberg.de\/wp-content\/uploads\/2021\/11\/20211030_201128-Klein-300x135.jpg 300w, https:\/\/dfc-freudenberg.de\/wp-content\/uploads\/2021\/11\/20211030_201128-Klein-768x345.jpg 768w\" sizes=\"(max-width: 854px) 100vw, 854px\" \/><figcaption>Unsere unerm\u00fcdliche Fotografin&#8230;.<\/figcaption><\/figure>\n\n\n\n<figure class=\"wp-block-image size-large\"><img loading=\"lazy\" decoding=\"async\" width=\"834\" height=\"480\" data-id=\"1389\" src=\"http:\/\/dfcmr.noeud.de\/wp-content\/uploads\/2021\/11\/20211030_201157-Klein.jpg\" alt=\"\" class=\"wp-image-1389\" srcset=\"https:\/\/dfc-freudenberg.de\/wp-content\/uploads\/2021\/11\/20211030_201157-Klein.jpg 834w, https:\/\/dfc-freudenberg.de\/wp-content\/uploads\/2021\/11\/20211030_201157-Klein-300x173.jpg 300w, https:\/\/dfc-freudenberg.de\/wp-content\/uploads\/2021\/11\/20211030_201157-Klein-768x442.jpg 768w\" sizes=\"(max-width: 834px) 100vw, 834px\" \/><figcaption>&#8230;..Margarete Z\u00e4ngerlein<\/figcaption><\/figure>\n<\/figure>\n\n\n\n<p>F\u00fcr den Sonntag hatten die Verantwortlichen einen Tag zu freien Verf\u00fcgung eingeplant. Doch langweilig wurde es dabei niemandem: Vielf\u00e4ltig waren die Unternehmungen von Franzosen und Deutschen. Bei strahlendem Sonnenschein wurde zum Engelberg gewandert, man traf sich zum Einkaufen in Miltenberg, zum Besuch der Gamburg, zur Fahrt nach Frankfurt oder zum kleinen Stadtspaziergang durch Freudenberg.<\/p>\n\n\n\n<p>Fehlen durfte bei der Begegnung nicht der obligatorische Galaabend im Caf\u00e9 Badesee. Eine spontane Tanzeinlage der franz\u00f6sischen Kinder sorgte f\u00fcr Begeisterung. Bis um Mitternacht feierten alle gemeinsam die deutsch-franz\u00f6sische Freundschaft.<\/p>\n\n\n\n<figure class=\"wp-block-gallery has-nested-images columns-default is-cropped wp-block-gallery-11 is-layout-flex wp-block-gallery-is-layout-flex\">\n<figure class=\"wp-block-image size-large\"><img loading=\"lazy\" decoding=\"async\" width=\"721\" height=\"480\" data-id=\"1663\" src=\"http:\/\/dfcmr.noeud.de\/wp-content\/uploads\/2022\/01\/1740261-Klein.jpg\" alt=\"\" class=\"wp-image-1663\" srcset=\"https:\/\/dfc-freudenberg.de\/wp-content\/uploads\/2022\/01\/1740261-Klein.jpg 721w, https:\/\/dfc-freudenberg.de\/wp-content\/uploads\/2022\/01\/1740261-Klein-300x200.jpg 300w\" sizes=\"(max-width: 721px) 100vw, 721px\" \/><\/figure>\n\n\n\n<figure class=\"wp-block-image size-large\"><img loading=\"lazy\" decoding=\"async\" width=\"746\" height=\"480\" data-id=\"1664\" src=\"http:\/\/dfcmr.noeud.de\/wp-content\/uploads\/2022\/01\/1740283-Klein.jpg\" alt=\"\" class=\"wp-image-1664\" srcset=\"https:\/\/dfc-freudenberg.de\/wp-content\/uploads\/2022\/01\/1740283-Klein.jpg 746w, https:\/\/dfc-freudenberg.de\/wp-content\/uploads\/2022\/01\/1740283-Klein-300x193.jpg 300w\" sizes=\"(max-width: 746px) 100vw, 746px\" \/><\/figure>\n\n\n\n<figure class=\"wp-block-image size-large\"><img loading=\"lazy\" decoding=\"async\" width=\"736\" height=\"480\" data-id=\"1665\" src=\"http:\/\/dfcmr.noeud.de\/wp-content\/uploads\/2022\/01\/1740537-Klein.jpg\" alt=\"\" class=\"wp-image-1665\" srcset=\"https:\/\/dfc-freudenberg.de\/wp-content\/uploads\/2022\/01\/1740537-Klein.jpg 736w, https:\/\/dfc-freudenberg.de\/wp-content\/uploads\/2022\/01\/1740537-Klein-300x196.jpg 300w\" sizes=\"(max-width: 736px) 100vw, 736px\" \/><\/figure>\n<\/figure>\n\n\n\n<figure class=\"wp-block-gallery has-nested-images columns-default is-cropped wp-block-gallery-12 is-layout-flex wp-block-gallery-is-layout-flex\">\n<figure class=\"wp-block-image size-large\"><img loading=\"lazy\" decoding=\"async\" width=\"720\" height=\"480\" data-id=\"1666\" src=\"http:\/\/dfcmr.noeud.de\/wp-content\/uploads\/2022\/01\/1740489-Klein.jpg\" alt=\"\" class=\"wp-image-1666\" srcset=\"https:\/\/dfc-freudenberg.de\/wp-content\/uploads\/2022\/01\/1740489-Klein.jpg 720w, https:\/\/dfc-freudenberg.de\/wp-content\/uploads\/2022\/01\/1740489-Klein-300x200.jpg 300w\" sizes=\"(max-width: 720px) 100vw, 720px\" \/><\/figure>\n\n\n\n<figure class=\"wp-block-image size-large\"><img loading=\"lazy\" decoding=\"async\" width=\"1024\" height=\"683\" data-id=\"1667\" src=\"http:\/\/dfcmr.noeud.de\/wp-content\/uploads\/2022\/01\/1740462-1024x683.jpg\" alt=\"\" class=\"wp-image-1667\" srcset=\"https:\/\/dfc-freudenberg.de\/wp-content\/uploads\/2022\/01\/1740462-1024x683.jpg 1024w, https:\/\/dfc-freudenberg.de\/wp-content\/uploads\/2022\/01\/1740462-300x200.jpg 300w, https:\/\/dfc-freudenberg.de\/wp-content\/uploads\/2022\/01\/1740462-768x512.jpg 768w, https:\/\/dfc-freudenberg.de\/wp-content\/uploads\/2022\/01\/1740462-1536x1024.jpg 1536w, https:\/\/dfc-freudenberg.de\/wp-content\/uploads\/2022\/01\/1740462-2048x1365.jpg 2048w, https:\/\/dfc-freudenberg.de\/wp-content\/uploads\/2022\/01\/1740462-1600x1067.jpg 1600w\" sizes=\"(max-width: 1024px) 100vw, 1024px\" \/><\/figure>\n\n\n\n<figure class=\"wp-block-image size-large\"><img loading=\"lazy\" decoding=\"async\" width=\"720\" height=\"480\" data-id=\"1669\" src=\"http:\/\/dfcmr.noeud.de\/wp-content\/uploads\/2022\/01\/1740197-Klein-1-1.jpg\" alt=\"\" class=\"wp-image-1669\" srcset=\"https:\/\/dfc-freudenberg.de\/wp-content\/uploads\/2022\/01\/1740197-Klein-1-1.jpg 720w, https:\/\/dfc-freudenberg.de\/wp-content\/uploads\/2022\/01\/1740197-Klein-1-1-300x200.jpg 300w\" sizes=\"(max-width: 720px) 100vw, 720px\" \/><\/figure>\n<\/figure>\n\n\n\n<figure class=\"wp-block-gallery has-nested-images columns-default is-cropped wp-block-gallery-13 is-layout-flex wp-block-gallery-is-layout-flex\">\n<figure class=\"wp-block-image size-large\"><img loading=\"lazy\" decoding=\"async\" width=\"720\" height=\"480\" data-id=\"1670\" src=\"http:\/\/dfcmr.noeud.de\/wp-content\/uploads\/2022\/01\/1740445-Klein.jpg\" alt=\"\" class=\"wp-image-1670\" srcset=\"https:\/\/dfc-freudenberg.de\/wp-content\/uploads\/2022\/01\/1740445-Klein.jpg 720w, https:\/\/dfc-freudenberg.de\/wp-content\/uploads\/2022\/01\/1740445-Klein-300x200.jpg 300w\" sizes=\"(max-width: 720px) 100vw, 720px\" \/><\/figure>\n\n\n\n<figure class=\"wp-block-image size-large\"><img loading=\"lazy\" decoding=\"async\" width=\"747\" height=\"480\" data-id=\"1390\" src=\"http:\/\/dfcmr.noeud.de\/wp-content\/uploads\/2021\/11\/1740437-Klein.jpg\" alt=\"\" class=\"wp-image-1390\" srcset=\"https:\/\/dfc-freudenberg.de\/wp-content\/uploads\/2021\/11\/1740437-Klein.jpg 747w, https:\/\/dfc-freudenberg.de\/wp-content\/uploads\/2021\/11\/1740437-Klein-300x193.jpg 300w\" sizes=\"(max-width: 747px) 100vw, 747px\" \/><\/figure>\n\n\n\n<figure class=\"wp-block-image size-large\"><img loading=\"lazy\" decoding=\"async\" width=\"720\" height=\"480\" data-id=\"1391\" src=\"http:\/\/dfcmr.noeud.de\/wp-content\/uploads\/2021\/11\/1740344-Klein.jpg\" alt=\"\" class=\"wp-image-1391\" srcset=\"https:\/\/dfc-freudenberg.de\/wp-content\/uploads\/2021\/11\/1740344-Klein.jpg 720w, https:\/\/dfc-freudenberg.de\/wp-content\/uploads\/2021\/11\/1740344-Klein-300x200.jpg 300w\" sizes=\"(max-width: 720px) 100vw, 720px\" \/><\/figure>\n<\/figure>\n\n\n\n<p>Am Montagfr\u00fch war nun die Verabschiedung gekommen. Zwar freuten sich alle \u00fcber das gelungene Wochenende, aber hier und da w\u00e4re der eine oder andere Gast gerne noch l\u00e4nger bei seinen deutschen Freunden geblieben.<\/p>\n\n\n\n<p class=\"has-small-font-size\">Text: Karin Turba-Hildenbrand, Fotos: Margarete Z\u00e4ngerlein<\/p>\n","protected":false},"excerpt":{"rendered":"<p>Flugzeuge im BauchDeutsch-Franz\u00f6sischer Club bekommt Besuch aus Frankreich Nicht ganz allt\u00e4glichen Besuch aus Frankreich erhielt der Deutsch- Franz\u00f6sische Club dieser&hellip;<\/p>\n","protected":false},"author":1,"featured_media":0,"parent":0,"menu_order":0,"comment_status":"closed","ping_status":"closed","template":"","meta":{"footnotes":""},"class_list":["post-1284","page","type-page","status-publish","hentry"],"translation":{"provider":"WPGlobus","version":"3.0.0","language":"de","enabled_languages":["en","de","fr"],"languages":{"en":{"title":true,"content":true,"excerpt":false},"de":{"title":false,"content":false,"excerpt":false},"fr":{"title":false,"content":false,"excerpt":false}}},"_links":{"self":[{"href":"https:\/\/dfc-freudenberg.de\/de\/wp-json\/wp\/v2\/pages\/1284"}],"collection":[{"href":"https:\/\/dfc-freudenberg.de\/de\/wp-json\/wp\/v2\/pages"}],"about":[{"href":"https:\/\/dfc-freudenberg.de\/de\/wp-json\/wp\/v2\/types\/page"}],"author":[{"embeddable":true,"href":"https:\/\/dfc-freudenberg.de\/de\/wp-json\/wp\/v2\/users\/1"}],"replies":[{"embeddable":true,"href":"https:\/\/dfc-freudenberg.de\/de\/wp-json\/wp\/v2\/comments?post=1284"}],"version-history":[{"count":14,"href":"https:\/\/dfc-freudenberg.de\/de\/wp-json\/wp\/v2\/pages\/1284\/revisions"}],"predecessor-version":[{"id":1903,"href":"https:\/\/dfc-freudenberg.de\/de\/wp-json\/wp\/v2\/pages\/1284\/revisions\/1903"}],"wp:attachment":[{"href":"https:\/\/dfc-freudenberg.de\/de\/wp-json\/wp\/v2\/media?parent=1284"}],"curies":[{"name":"wp","href":"https:\/\/api.w.org\/{rel}","templated":true}]}}