{"id":1038,"date":"2021-09-14T10:42:47","date_gmt":"2021-09-14T10:42:47","guid":{"rendered":"http:\/\/dfcmr.noeud.de\/?page_id=1038"},"modified":"2022-02-18T12:19:55","modified_gmt":"2022-02-18T11:19:55","slug":"2021-franzosisches-flair","status":"publish","type":"page","link":"https:\/\/dfc-freudenberg.de\/de\/2021-franzosisches-flair\/","title":{"rendered":"2021 Franz\u00f6sisches Flair"},"content":{"rendered":"\n<p><strong>Franz\u00f6sisches Flair in Freudenberg<\/strong><\/p>\n\n\n\n<p>Ein fester Bestandteil der Freudenberger Ferienspiele ist das franz\u00f6sische Kochen f\u00fcr Kinder in der Schulk\u00fcche der Lindtalschule.<br>Ausgerichtet in diesem Jahr wie immer vom Deutsch-Franz\u00f6sischen Club Freudenberg, erstmals in Zusammenarbeit mit dem Kids-Treff.<\/p>\n\n\n\n<p>Ein Dutzend Kinder im Alter von 6 bis 12 trafen sich am Dienstagvormittag, um gemeinsam zu kochen. Nat\u00fcrlich unter Anleitung von den Helferinnen und Helfern beider Vereine. Der Fokus lag dieses Mal auf der franz\u00f6sischen Region Provence.<\/p>\n\n\n\n<figure class=\"wp-block-gallery has-nested-images columns-default is-cropped wp-block-gallery-2 is-layout-flex wp-block-gallery-is-layout-flex\">\n<figure class=\"wp-block-image size-large is-style-default\"><img loading=\"lazy\" decoding=\"async\" width=\"720\" height=\"480\" data-id=\"1077\" src=\"http:\/\/dfcmr.noeud.de\/wp-content\/uploads\/2021\/09\/1700654-Klein-1.jpg\" alt=\"\" class=\"wp-image-1077\" srcset=\"https:\/\/dfc-freudenberg.de\/wp-content\/uploads\/2021\/09\/1700654-Klein-1.jpg 720w, https:\/\/dfc-freudenberg.de\/wp-content\/uploads\/2021\/09\/1700654-Klein-1-300x200.jpg 300w\" sizes=\"(max-width: 720px) 100vw, 720px\" \/><\/figure>\n\n\n\n<figure class=\"wp-block-image size-large is-style-default\"><img loading=\"lazy\" decoding=\"async\" width=\"720\" height=\"480\" data-id=\"1080\" src=\"http:\/\/dfcmr.noeud.de\/wp-content\/uploads\/2021\/09\/1700651-Klein-1.jpg\" alt=\"\" class=\"wp-image-1080\" srcset=\"https:\/\/dfc-freudenberg.de\/wp-content\/uploads\/2021\/09\/1700651-Klein-1.jpg 720w, https:\/\/dfc-freudenberg.de\/wp-content\/uploads\/2021\/09\/1700651-Klein-1-300x200.jpg 300w\" sizes=\"(max-width: 720px) 100vw, 720px\" \/><\/figure>\n<\/figure>\n\n\n\n<p>Ganz gem\u00e4\u00df der franz\u00f6sischen Tradition kochten die Kinder ein Men\u00fc, welches sich aus f\u00fcnf Bestandteilen zusammensetzte.<\/p>\n\n\n\n<p>Die Kinder \u201earbeiteten\u201c daher in f\u00fcnf Gruppen, um alle G\u00e4nge vom Ap\u00e9ritif bis zur Nachspeise zusammenzustellen. Dazu wurden eifrig kleine Canap\u00e9s gemacht, Gem\u00fcse klein geschnitten und ged\u00fcnstet, Eier mit dem Eierschneider in Scheiben geschnitten, Obst gew\u00fcrfelt, Teig ger\u00fchrt und vieles mehr. Es gab viel zu tun f\u00fcr die kleinen K\u00f6chinnen und K\u00f6che, bis es endlich zum Essen ging.<\/p>\n\n\n\n<p>Unter den Vorspeisen befanden sich die bereits in Freudenberg ber\u00fchmten ap\u00e9ricubes (kleine K\u00e4sew\u00fcrfel), die die Kinder und auch mancher Erwachsenen gerne naschten.<\/p>\n\n\n\n<figure class=\"wp-block-gallery has-nested-images columns-default is-cropped wp-block-gallery-3 is-layout-flex wp-block-gallery-is-layout-flex\">\n<figure class=\"wp-block-image size-large is-style-default\"><img loading=\"lazy\" decoding=\"async\" width=\"1024\" height=\"768\" data-id=\"1092\" src=\"http:\/\/dfcmr.noeud.de\/wp-content\/uploads\/2021\/09\/20210907_123712-1024x768.jpg\" alt=\"\" class=\"wp-image-1092\" srcset=\"https:\/\/dfc-freudenberg.de\/wp-content\/uploads\/2021\/09\/20210907_123712-1024x768.jpg 1024w, https:\/\/dfc-freudenberg.de\/wp-content\/uploads\/2021\/09\/20210907_123712-300x225.jpg 300w, https:\/\/dfc-freudenberg.de\/wp-content\/uploads\/2021\/09\/20210907_123712-768x576.jpg 768w, https:\/\/dfc-freudenberg.de\/wp-content\/uploads\/2021\/09\/20210907_123712-1536x1152.jpg 1536w, https:\/\/dfc-freudenberg.de\/wp-content\/uploads\/2021\/09\/20210907_123712-2048x1536.jpg 2048w, https:\/\/dfc-freudenberg.de\/wp-content\/uploads\/2021\/09\/20210907_123712-1600x1200.jpg 1600w\" sizes=\"(max-width: 1024px) 100vw, 1024px\" \/><\/figure>\n\n\n\n<figure class=\"wp-block-image size-large is-style-default\"><img loading=\"lazy\" decoding=\"async\" width=\"720\" height=\"480\" data-id=\"1093\" src=\"http:\/\/dfcmr.noeud.de\/wp-content\/uploads\/2021\/09\/1700869-Klein-1.jpg\" alt=\"\" class=\"wp-image-1093\" srcset=\"https:\/\/dfc-freudenberg.de\/wp-content\/uploads\/2021\/09\/1700869-Klein-1.jpg 720w, https:\/\/dfc-freudenberg.de\/wp-content\/uploads\/2021\/09\/1700869-Klein-1-300x200.jpg 300w\" sizes=\"(max-width: 720px) 100vw, 720px\" \/><\/figure>\n<\/figure>\n\n\n\n<p>Bei den beiden Nachspeisen, Obstsalat und Cr\u00eapes, waren eindeutig die franz\u00f6sischen Pfannkuchen der Renner. Bestrichen mit Nutella, rundeten sie das Men\u00fc ab.<\/p>\n\n\n\n<figure class=\"wp-block-gallery has-nested-images columns-default is-cropped wp-block-gallery-4 is-layout-flex wp-block-gallery-is-layout-flex\">\n<figure class=\"wp-block-image size-large is-style-default\"><img loading=\"lazy\" decoding=\"async\" width=\"320\" height=\"480\" data-id=\"1086\" src=\"http:\/\/dfcmr.noeud.de\/wp-content\/uploads\/2021\/09\/1700665-Klein.jpg\" alt=\"\" class=\"wp-image-1086\" srcset=\"https:\/\/dfc-freudenberg.de\/wp-content\/uploads\/2021\/09\/1700665-Klein.jpg 320w, https:\/\/dfc-freudenberg.de\/wp-content\/uploads\/2021\/09\/1700665-Klein-200x300.jpg 200w\" sizes=\"(max-width: 320px) 100vw, 320px\" \/><\/figure>\n\n\n\n<figure class=\"wp-block-image size-large is-style-default\"><img loading=\"lazy\" decoding=\"async\" width=\"683\" height=\"1024\" data-id=\"1085\" src=\"http:\/\/dfcmr.noeud.de\/wp-content\/uploads\/2021\/09\/1700674-683x1024.jpg\" alt=\"\" class=\"wp-image-1085\" srcset=\"https:\/\/dfc-freudenberg.de\/wp-content\/uploads\/2021\/09\/1700674-683x1024.jpg 683w, https:\/\/dfc-freudenberg.de\/wp-content\/uploads\/2021\/09\/1700674-200x300.jpg 200w, https:\/\/dfc-freudenberg.de\/wp-content\/uploads\/2021\/09\/1700674-768x1152.jpg 768w, https:\/\/dfc-freudenberg.de\/wp-content\/uploads\/2021\/09\/1700674-1024x1536.jpg 1024w, https:\/\/dfc-freudenberg.de\/wp-content\/uploads\/2021\/09\/1700674-1366x2048.jpg 1366w, https:\/\/dfc-freudenberg.de\/wp-content\/uploads\/2021\/09\/1700674-1600x2400.jpg 1600w, https:\/\/dfc-freudenberg.de\/wp-content\/uploads\/2021\/09\/1700674-scaled.jpg 1707w\" sizes=\"(max-width: 683px) 100vw, 683px\" \/><\/figure>\n<\/figure>\n\n\n\n<p>Zur Tradition geh\u00f6rt selbstverst\u00e4ndlich auch, dass die Kinder nicht nur den Teig r\u00fchren, sondern anschlie\u00dfend auch die Cr\u00eapes beim Backen in die H\u00f6he werfen.<br>Das machte besonders viel Spa\u00df.<\/p>\n\n\n\n<figure class=\"wp-block-gallery has-nested-images columns-default is-cropped wp-block-gallery-5 is-layout-flex wp-block-gallery-is-layout-flex\">\n<figure class=\"wp-block-image size-large is-style-default\"><img loading=\"lazy\" decoding=\"async\" width=\"774\" height=\"480\" data-id=\"1054\" src=\"http:\/\/dfcmr.noeud.de\/wp-content\/uploads\/2021\/09\/P1710051-bearb-2-Klein-1.jpg\" alt=\"\" class=\"wp-image-1054\" srcset=\"https:\/\/dfc-freudenberg.de\/wp-content\/uploads\/2021\/09\/P1710051-bearb-2-Klein-1.jpg 774w, https:\/\/dfc-freudenberg.de\/wp-content\/uploads\/2021\/09\/P1710051-bearb-2-Klein-1-300x186.jpg 300w, https:\/\/dfc-freudenberg.de\/wp-content\/uploads\/2021\/09\/P1710051-bearb-2-Klein-1-768x476.jpg 768w\" sizes=\"(max-width: 774px) 100vw, 774px\" \/><\/figure>\n\n\n\n<figure class=\"wp-block-image size-large is-style-default\"><img loading=\"lazy\" decoding=\"async\" width=\"613\" height=\"480\" data-id=\"1055\" src=\"http:\/\/dfcmr.noeud.de\/wp-content\/uploads\/2021\/09\/P1710043-bearb-Klein-1.jpg\" alt=\"\" class=\"wp-image-1055\" srcset=\"https:\/\/dfc-freudenberg.de\/wp-content\/uploads\/2021\/09\/P1710043-bearb-Klein-1.jpg 613w, https:\/\/dfc-freudenberg.de\/wp-content\/uploads\/2021\/09\/P1710043-bearb-Klein-1-300x235.jpg 300w\" sizes=\"(max-width: 613px) 100vw, 613px\" \/><\/figure>\n\n\n\n<figure class=\"wp-block-image size-large is-style-default\"><img loading=\"lazy\" decoding=\"async\" width=\"1024\" height=\"682\" data-id=\"1069\" src=\"http:\/\/dfcmr.noeud.de\/wp-content\/uploads\/2021\/09\/1710083-1024x682.jpg\" alt=\"\" class=\"wp-image-1069\" srcset=\"https:\/\/dfc-freudenberg.de\/wp-content\/uploads\/2021\/09\/1710083-1024x682.jpg 1024w, https:\/\/dfc-freudenberg.de\/wp-content\/uploads\/2021\/09\/1710083-300x200.jpg 300w, https:\/\/dfc-freudenberg.de\/wp-content\/uploads\/2021\/09\/1710083-768x512.jpg 768w, https:\/\/dfc-freudenberg.de\/wp-content\/uploads\/2021\/09\/1710083.jpg 1280w\" sizes=\"(max-width: 1024px) 100vw, 1024px\" \/><\/figure>\n<\/figure>\n\n\n\n<p>Auch diese Mal durfte sich jedes Kind in den Kochpausen im Nebenraum eine gro\u00dfe T\u00fcte mit Spezialit\u00e4ten der Provence f\u00fcllen: Kr\u00e4uter der Provence, Meersalz, Lavendel und Seife von Marseille. Alle konnten sich die gew\u00fcnschte Menge in die entsprechenden Beh\u00e4lter und Beutel abf\u00fcllen und anschlie\u00dfend beschriften. Nat\u00fcrlich erfolgte die Beschriftung auf franz\u00f6sisch. Und auch das obligatorische Rezeptheft zum Nachkochen durfte in der T\u00fcte nicht fehlen.<\/p>\n\n\n\n<figure class=\"wp-block-gallery has-nested-images columns-default is-cropped wp-block-gallery-6 is-layout-flex wp-block-gallery-is-layout-flex\">\n<figure class=\"wp-block-image size-large is-style-default\"><img loading=\"lazy\" decoding=\"async\" width=\"720\" height=\"480\" data-id=\"1078\" src=\"http:\/\/dfcmr.noeud.de\/wp-content\/uploads\/2021\/09\/1700837-Klein.jpg\" alt=\"\" class=\"wp-image-1078\" srcset=\"https:\/\/dfc-freudenberg.de\/wp-content\/uploads\/2021\/09\/1700837-Klein.jpg 720w, https:\/\/dfc-freudenberg.de\/wp-content\/uploads\/2021\/09\/1700837-Klein-300x200.jpg 300w\" sizes=\"(max-width: 720px) 100vw, 720px\" \/><\/figure>\n\n\n\n<figure class=\"wp-block-image size-large is-style-default\"><img loading=\"lazy\" decoding=\"async\" width=\"727\" height=\"480\" data-id=\"1098\" src=\"http:\/\/dfcmr.noeud.de\/wp-content\/uploads\/2021\/09\/1700686-Klein.jpg\" alt=\"\" class=\"wp-image-1098\" srcset=\"https:\/\/dfc-freudenberg.de\/wp-content\/uploads\/2021\/09\/1700686-Klein.jpg 727w, https:\/\/dfc-freudenberg.de\/wp-content\/uploads\/2021\/09\/1700686-Klein-300x198.jpg 300w\" sizes=\"(max-width: 727px) 100vw, 727px\" \/><\/figure>\n\n\n\n<figure class=\"wp-block-image size-large is-style-default\"><img loading=\"lazy\" decoding=\"async\" width=\"1024\" height=\"683\" data-id=\"1081\" src=\"http:\/\/dfcmr.noeud.de\/wp-content\/uploads\/2021\/09\/1710112-1024x683.jpg\" alt=\"\" class=\"wp-image-1081\" srcset=\"https:\/\/dfc-freudenberg.de\/wp-content\/uploads\/2021\/09\/1710112-1024x683.jpg 1024w, https:\/\/dfc-freudenberg.de\/wp-content\/uploads\/2021\/09\/1710112-300x200.jpg 300w, https:\/\/dfc-freudenberg.de\/wp-content\/uploads\/2021\/09\/1710112-768x512.jpg 768w, https:\/\/dfc-freudenberg.de\/wp-content\/uploads\/2021\/09\/1710112-1536x1024.jpg 1536w, https:\/\/dfc-freudenberg.de\/wp-content\/uploads\/2021\/09\/1710112-2048x1365.jpg 2048w, https:\/\/dfc-freudenberg.de\/wp-content\/uploads\/2021\/09\/1710112-1600x1067.jpg 1600w\" sizes=\"(max-width: 1024px) 100vw, 1024px\" \/><\/figure>\n<\/figure>\n\n\n\n<p>Zum Abschluss sangen alle gemeinsam das Lied \u201eAuf der Br\u00fccke vom Avignon\u201c auf deutsch und nat\u00fcrlich auch auf franz\u00f6sisch.<\/p>\n\n\n\n<p class=\"has-small-font-size\">Text: Karin Turba-Hildebrandt, Fotos: Margarete Z\u00e4ngerlein<\/p>\n","protected":false},"excerpt":{"rendered":"<p>Franz\u00f6sisches Flair in Freudenberg Ein fester Bestandteil der Freudenberger Ferienspiele ist das franz\u00f6sische Kochen f\u00fcr Kinder in der Schulk\u00fcche der&hellip;<\/p>\n","protected":false},"author":1,"featured_media":0,"parent":0,"menu_order":0,"comment_status":"closed","ping_status":"closed","template":"","meta":{"footnotes":""},"class_list":["post-1038","page","type-page","status-publish","hentry"],"translation":{"provider":"WPGlobus","version":"3.0.0","language":"de","enabled_languages":["en","de","fr"],"languages":{"en":{"title":true,"content":true,"excerpt":false},"de":{"title":false,"content":false,"excerpt":false},"fr":{"title":false,"content":false,"excerpt":false}}},"_links":{"self":[{"href":"https:\/\/dfc-freudenberg.de\/de\/wp-json\/wp\/v2\/pages\/1038"}],"collection":[{"href":"https:\/\/dfc-freudenberg.de\/de\/wp-json\/wp\/v2\/pages"}],"about":[{"href":"https:\/\/dfc-freudenberg.de\/de\/wp-json\/wp\/v2\/types\/page"}],"author":[{"embeddable":true,"href":"https:\/\/dfc-freudenberg.de\/de\/wp-json\/wp\/v2\/users\/1"}],"replies":[{"embeddable":true,"href":"https:\/\/dfc-freudenberg.de\/de\/wp-json\/wp\/v2\/comments?post=1038"}],"version-history":[{"count":9,"href":"https:\/\/dfc-freudenberg.de\/de\/wp-json\/wp\/v2\/pages\/1038\/revisions"}],"predecessor-version":[{"id":1925,"href":"https:\/\/dfc-freudenberg.de\/de\/wp-json\/wp\/v2\/pages\/1038\/revisions\/1925"}],"wp:attachment":[{"href":"https:\/\/dfc-freudenberg.de\/de\/wp-json\/wp\/v2\/media?parent=1038"}],"curies":[{"name":"wp","href":"https:\/\/api.w.org\/{rel}","templated":true}]}}